{"id":190,"date":"2021-06-07T13:23:38","date_gmt":"2021-06-07T13:23:38","guid":{"rendered":"https:\/\/executivesiena.ms.decms.eu\/camere\/"},"modified":"2024-10-28T15:41:36","modified_gmt":"2024-10-28T15:41:36","slug":"zimmer","status":"publish","type":"page","link":"https:\/\/www.executivehotelsiena.com\/de\/zimmer\/","title":{"rendered":"Zimmer"},"content":{"rendered":"<p>Das Hotel Executive verf\u00fcgt \u00fcber 70 Zimmer, darunter einige mit barrierefreier Ausstattung. Die Liebe zum Detail und zu jeder Einzelheit garantiert unseren G\u00e4sten eine individuelle, ma\u00dfgeschneiderte Aufmerksamkeit.<\/p>\n<p><strong>Dienstleistungen im Zimmer<\/strong><br \/>\nFr\u00fcher Check-out &#8211; Minibar im Zimmer &#8211; WLAN-Internetzugang &#8211; LCD-Fernseher mit Sat-Empfang &#8211; Babybetten &#8211;<br \/>\nBarrierefreie Zimmer &#8211; Raucherzimmer auf Anfrage &#8211; Zimmerservice &#8211; W\u00e4sche-Service<\/p>\n","protected":false},"excerpt":{"rendered":"<p>Das Hotel Executive verf\u00fcgt \u00fcber 70 Zimmer, darunter einige mit barrierefreier Ausstattung. Die Liebe zum Detail und zu jeder Einzelheit garantiert unseren G\u00e4sten eine individuelle, ma\u00dfgeschneiderte Aufmerksamkeit. Dienstleistungen im Zimmer Fr\u00fcher Check-out &#8211; Minibar im Zimmer &#8211; WLAN-Internetzugang &#8211; LCD-Fernseher mit Sat-Empfang &#8211; Babybetten &#8211; Barrierefreie Zimmer &#8211; Raucherzimmer auf Anfrage &#8211; Zimmerservice &#8211; W\u00e4sche-Service<\/p>\n","protected":false},"author":6,"featured_media":0,"parent":0,"menu_order":10,"comment_status":"closed","ping_status":"closed","template":"template-rooms.php","meta":{"footnotes":""},"class_list":["post-190","page","type-page","status-publish","hentry"],"yoast_head":"<!-- This site is optimized with the Yoast SEO plugin v26.9 - https:\/\/yoast.com\/product\/yoast-seo-wordpress\/ -->\n<title>Zimmer - Executive Hotel Siena<\/title>\n<meta name=\"description\" content=\"Hotel Executive, 4 stelle a 300 metri dall&#039;ospedale di Siena e a pochi minuti dal centro storico. Approfitta del parcheggio gratuito e del nostro ristorante.\" \/>\n<meta name=\"robots\" content=\"index, follow, max-snippet:-1, max-image-preview:large, max-video-preview:-1\" \/>\n<link rel=\"canonical\" href=\"https:\/\/www.executivehotelsiena.com\/de\/zimmer\/\" \/>\n<meta property=\"og:locale\" content=\"de_DE\" \/>\n<meta property=\"og:type\" content=\"article\" \/>\n<meta property=\"og:title\" content=\"Zimmer - Executive Hotel Siena\" \/>\n<meta property=\"og:description\" content=\"Hotel Executive, 4 stelle a 300 metri dall&#039;ospedale di Siena e a pochi minuti dal centro storico. Approfitta del parcheggio gratuito e del nostro ristorante.\" \/>\n<meta property=\"og:url\" content=\"https:\/\/www.executivehotelsiena.com\/de\/zimmer\/\" \/>\n<meta property=\"og:site_name\" content=\"Executive Hotel Siena\" \/>\n<meta property=\"article:modified_time\" content=\"2024-10-28T15:41:36+00:00\" \/>\n<meta name=\"twitter:card\" content=\"summary_large_image\" \/>\n<meta name=\"twitter:label1\" content=\"Gesch\u00e4tzte Lesezeit\" \/>\n\t<meta name=\"twitter:data1\" content=\"1 Minute\" \/>\n<script type=\"application\/ld+json\" class=\"yoast-schema-graph\">{\"@context\":\"https:\/\/schema.org\",\"@graph\":[{\"@type\":\"WebPage\",\"@id\":\"https:\/\/www.executivehotelsiena.com\/de\/zimmer\/\",\"url\":\"https:\/\/www.executivehotelsiena.com\/de\/zimmer\/\",\"name\":\"Zimmer - Executive Hotel Siena\",\"isPartOf\":{\"@id\":\"https:\/\/www.executivehotelsiena.com\/de\/#website\"},\"datePublished\":\"2021-06-07T13:23:38+00:00\",\"dateModified\":\"2024-10-28T15:41:36+00:00\",\"description\":\"Hotel Executive, 4 stelle a 300 metri dall'ospedale di Siena e a pochi minuti dal centro storico. Approfitta del parcheggio gratuito e del nostro ristorante.\",\"breadcrumb\":{\"@id\":\"https:\/\/www.executivehotelsiena.com\/de\/zimmer\/#breadcrumb\"},\"inLanguage\":\"de-DE\",\"potentialAction\":[{\"@type\":\"ReadAction\",\"target\":[\"https:\/\/www.executivehotelsiena.com\/de\/zimmer\/\"]}]},{\"@type\":\"BreadcrumbList\",\"@id\":\"https:\/\/www.executivehotelsiena.com\/de\/zimmer\/#breadcrumb\",\"itemListElement\":[{\"@type\":\"ListItem\",\"position\":1,\"name\":\"Home\",\"item\":\"https:\/\/www.executivehotelsiena.com\/de\/\"},{\"@type\":\"ListItem\",\"position\":2,\"name\":\"Zimmer\"}]},{\"@type\":\"WebSite\",\"@id\":\"https:\/\/www.executivehotelsiena.com\/de\/#website\",\"url\":\"https:\/\/www.executivehotelsiena.com\/de\/\",\"name\":\"Executive Hotel Siena\",\"description\":\"Just another ms.decms.eu site\",\"potentialAction\":[{\"@type\":\"SearchAction\",\"target\":{\"@type\":\"EntryPoint\",\"urlTemplate\":\"https:\/\/www.executivehotelsiena.com\/de\/?s={search_term_string}\"},\"query-input\":{\"@type\":\"PropertyValueSpecification\",\"valueRequired\":true,\"valueName\":\"search_term_string\"}}],\"inLanguage\":\"de-DE\"}]}<\/script>\n<!-- \/ Yoast SEO plugin. -->","yoast_head_json":{"title":"Zimmer - Executive Hotel Siena","description":"Hotel Executive, 4 stelle a 300 metri dall'ospedale di Siena e a pochi minuti dal centro storico. Approfitta del parcheggio gratuito e del nostro ristorante.","robots":{"index":"index","follow":"follow","max-snippet":"max-snippet:-1","max-image-preview":"max-image-preview:large","max-video-preview":"max-video-preview:-1"},"canonical":"https:\/\/www.executivehotelsiena.com\/de\/zimmer\/","og_locale":"de_DE","og_type":"article","og_title":"Zimmer - Executive Hotel Siena","og_description":"Hotel Executive, 4 stelle a 300 metri dall'ospedale di Siena e a pochi minuti dal centro storico. Approfitta del parcheggio gratuito e del nostro ristorante.","og_url":"https:\/\/www.executivehotelsiena.com\/de\/zimmer\/","og_site_name":"Executive Hotel Siena","article_modified_time":"2024-10-28T15:41:36+00:00","twitter_card":"summary_large_image","twitter_misc":{"Gesch\u00e4tzte Lesezeit":"1 Minute"},"schema":{"@context":"https:\/\/schema.org","@graph":[{"@type":"WebPage","@id":"https:\/\/www.executivehotelsiena.com\/de\/zimmer\/","url":"https:\/\/www.executivehotelsiena.com\/de\/zimmer\/","name":"Zimmer - Executive Hotel Siena","isPartOf":{"@id":"https:\/\/www.executivehotelsiena.com\/de\/#website"},"datePublished":"2021-06-07T13:23:38+00:00","dateModified":"2024-10-28T15:41:36+00:00","description":"Hotel Executive, 4 stelle a 300 metri dall'ospedale di Siena e a pochi minuti dal centro storico. Approfitta del parcheggio gratuito e del nostro ristorante.","breadcrumb":{"@id":"https:\/\/www.executivehotelsiena.com\/de\/zimmer\/#breadcrumb"},"inLanguage":"de-DE","potentialAction":[{"@type":"ReadAction","target":["https:\/\/www.executivehotelsiena.com\/de\/zimmer\/"]}]},{"@type":"BreadcrumbList","@id":"https:\/\/www.executivehotelsiena.com\/de\/zimmer\/#breadcrumb","itemListElement":[{"@type":"ListItem","position":1,"name":"Home","item":"https:\/\/www.executivehotelsiena.com\/de\/"},{"@type":"ListItem","position":2,"name":"Zimmer"}]},{"@type":"WebSite","@id":"https:\/\/www.executivehotelsiena.com\/de\/#website","url":"https:\/\/www.executivehotelsiena.com\/de\/","name":"Executive Hotel Siena","description":"Just another ms.decms.eu site","potentialAction":[{"@type":"SearchAction","target":{"@type":"EntryPoint","urlTemplate":"https:\/\/www.executivehotelsiena.com\/de\/?s={search_term_string}"},"query-input":{"@type":"PropertyValueSpecification","valueRequired":true,"valueName":"search_term_string"}}],"inLanguage":"de-DE"}]}},"acf":[],"_links":{"self":[{"href":"https:\/\/www.executivehotelsiena.com\/de\/wp-json\/wp\/v2\/pages\/190","targetHints":{"allow":["GET"]}}],"collection":[{"href":"https:\/\/www.executivehotelsiena.com\/de\/wp-json\/wp\/v2\/pages"}],"about":[{"href":"https:\/\/www.executivehotelsiena.com\/de\/wp-json\/wp\/v2\/types\/page"}],"author":[{"embeddable":true,"href":"https:\/\/www.executivehotelsiena.com\/de\/wp-json\/wp\/v2\/users\/6"}],"replies":[{"embeddable":true,"href":"https:\/\/www.executivehotelsiena.com\/de\/wp-json\/wp\/v2\/comments?post=190"}],"version-history":[{"count":0,"href":"https:\/\/www.executivehotelsiena.com\/de\/wp-json\/wp\/v2\/pages\/190\/revisions"}],"wp:attachment":[{"href":"https:\/\/www.executivehotelsiena.com\/de\/wp-json\/wp\/v2\/media?parent=190"}],"curies":[{"name":"wp","href":"https:\/\/api.w.org\/{rel}","templated":true}]}}