{"id":198,"date":"2021-06-07T13:27:27","date_gmt":"2021-06-07T13:27:27","guid":{"rendered":"https:\/\/executivesiena.ms.decms.eu\/camere\/camere-superior\/"},"modified":"2025-05-08T08:22:23","modified_gmt":"2025-05-08T08:22:23","slug":"superior-zimmer","status":"publish","type":"page","link":"https:\/\/www.executivehotelsiena.com\/de\/zimmer\/superior-zimmer\/","title":{"rendered":"Superior-Zimmer"},"content":{"rendered":"<p>22 qm, <strong>Doppelbett oder zwei Einzelbetten, Bad mit Dusche oder Bad. Einige sind mit einem Balkon ausgestattet.<\/strong><\/p>\n<p>Dieses elegante Zimmer ist mit neuen B\u00e4dern, dekoriert mit eleganten M\u00f6beln und ausgestattet mit Bad oder Dusche und einem Doppelbett oder zwei Einzelbetten, komplett renoviert. Das Zimmer verf\u00fcgt \u00fcber einen kleinen Balkon mit Tisch und St\u00fchlen.<\/p>\n<p>Das Zimmer bietet Auswahl an Tee und Kaffee mit Wasserkocher , hochwertige Badelinie in Oliven\u00f6l, Badem\u00e4ntel und Hausschuhe .<\/p>\n<p>Zimmergr\u00f6\u00dfe: 22 Quadratmeter Typ der Bett: 1 Doppelbett oder zwei Einzelbetten auf Anfrage<\/p>\n<p>Die <strong>Superior-Zimmer mit Balkon<\/strong> sind ger\u00e4umig, modern und elegant, mit Parkettboden , erneuert v\u00f6llig in den B\u00e4dern wie im Inneren.<\/p>\n<p>Dieser Zimmertyp kann als Zweibett- oder Doppelzimmer sowie zur Alleinbenutzung gebucht werden.<br \/>\nEs besteht die M\u00f6glichkeit, Raucherzimmer anzufragen.<\/p>\n","protected":false},"excerpt":{"rendered":"<p>22 qm, Doppelbett oder zwei Einzelbetten, Bad mit Dusche oder Bad. Einige sind mit einem Balkon ausgestattet. Dieses elegante Zimmer ist mit neuen B\u00e4dern, dekoriert mit eleganten M\u00f6beln und ausgestattet mit Bad oder Dusche und einem Doppelbett oder zwei Einzelbetten, komplett renoviert. Das Zimmer verf\u00fcgt \u00fcber einen kleinen Balkon mit Tisch und St\u00fchlen. Das Zimmer [&hellip;]<\/p>\n","protected":false},"author":6,"featured_media":0,"parent":190,"menu_order":12,"comment_status":"closed","ping_status":"closed","template":"template-single-room.php","meta":{"footnotes":""},"class_list":["post-198","page","type-page","status-publish","hentry"],"yoast_head":"<!-- This site is optimized with the Yoast SEO plugin v26.9 - https:\/\/yoast.com\/product\/yoast-seo-wordpress\/ -->\n<title>Superior-Zimmer - Executive Hotel Siena<\/title>\n<meta name=\"description\" content=\"22 qm, Doppelbett oder zwei Einzelbetten, Bad mit Dusche oder Bad. Einige sind mit einem Balkon ausgestattet.  Dieses elegante Zimmer ist mit neuen B\u00e4dern, dekoriert mit eleganten M\u00f6beln und ausgestattet mit Bad oder Dusche und einem Doppelbett oder zwei Einzelbetten, komplett renoviert\" \/>\n<meta name=\"robots\" content=\"index, follow, max-snippet:-1, max-image-preview:large, max-video-preview:-1\" \/>\n<link rel=\"canonical\" href=\"https:\/\/www.executivehotelsiena.com\/de\/zimmer\/superior-zimmer\/\" \/>\n<meta property=\"og:locale\" content=\"de_DE\" \/>\n<meta property=\"og:type\" content=\"article\" \/>\n<meta property=\"og:title\" content=\"Superior-Zimmer - Executive Hotel Siena\" \/>\n<meta property=\"og:description\" content=\"22 qm, Doppelbett oder zwei Einzelbetten, Bad mit Dusche oder Bad. Einige sind mit einem Balkon ausgestattet.  Dieses elegante Zimmer ist mit neuen B\u00e4dern, dekoriert mit eleganten M\u00f6beln und ausgestattet mit Bad oder Dusche und einem Doppelbett oder zwei Einzelbetten, komplett renoviert\" \/>\n<meta property=\"og:url\" content=\"https:\/\/www.executivehotelsiena.com\/de\/zimmer\/superior-zimmer\/\" \/>\n<meta property=\"og:site_name\" content=\"Executive Hotel Siena\" \/>\n<meta property=\"article:modified_time\" content=\"2025-05-08T08:22:23+00:00\" \/>\n<meta name=\"twitter:card\" content=\"summary_large_image\" \/>\n<meta name=\"twitter:label1\" content=\"Gesch\u00e4tzte Lesezeit\" \/>\n\t<meta name=\"twitter:data1\" content=\"1 Minute\" \/>\n<script type=\"application\/ld+json\" class=\"yoast-schema-graph\">{\"@context\":\"https:\/\/schema.org\",\"@graph\":[{\"@type\":\"WebPage\",\"@id\":\"https:\/\/www.executivehotelsiena.com\/de\/zimmer\/superior-zimmer\/\",\"url\":\"https:\/\/www.executivehotelsiena.com\/de\/zimmer\/superior-zimmer\/\",\"name\":\"Superior-Zimmer - Executive Hotel Siena\",\"isPartOf\":{\"@id\":\"https:\/\/www.executivehotelsiena.com\/de\/#website\"},\"datePublished\":\"2021-06-07T13:27:27+00:00\",\"dateModified\":\"2025-05-08T08:22:23+00:00\",\"description\":\"22 qm, Doppelbett oder zwei Einzelbetten, Bad mit Dusche oder Bad. Einige sind mit einem Balkon ausgestattet. Dieses elegante Zimmer ist mit neuen B\u00e4dern, dekoriert mit eleganten M\u00f6beln und ausgestattet mit Bad oder Dusche und einem Doppelbett oder zwei Einzelbetten, komplett renoviert\",\"breadcrumb\":{\"@id\":\"https:\/\/www.executivehotelsiena.com\/de\/zimmer\/superior-zimmer\/#breadcrumb\"},\"inLanguage\":\"de-DE\",\"potentialAction\":[{\"@type\":\"ReadAction\",\"target\":[\"https:\/\/www.executivehotelsiena.com\/de\/zimmer\/superior-zimmer\/\"]}]},{\"@type\":\"BreadcrumbList\",\"@id\":\"https:\/\/www.executivehotelsiena.com\/de\/zimmer\/superior-zimmer\/#breadcrumb\",\"itemListElement\":[{\"@type\":\"ListItem\",\"position\":1,\"name\":\"Home\",\"item\":\"https:\/\/www.executivehotelsiena.com\/de\/\"},{\"@type\":\"ListItem\",\"position\":2,\"name\":\"Zimmer\",\"item\":\"https:\/\/www.executivehotelsiena.com\/de\/zimmer\/\"},{\"@type\":\"ListItem\",\"position\":3,\"name\":\"Superior-Zimmer\"}]},{\"@type\":\"WebSite\",\"@id\":\"https:\/\/www.executivehotelsiena.com\/de\/#website\",\"url\":\"https:\/\/www.executivehotelsiena.com\/de\/\",\"name\":\"Executive Hotel Siena\",\"description\":\"Just another ms.decms.eu site\",\"potentialAction\":[{\"@type\":\"SearchAction\",\"target\":{\"@type\":\"EntryPoint\",\"urlTemplate\":\"https:\/\/www.executivehotelsiena.com\/de\/?s={search_term_string}\"},\"query-input\":{\"@type\":\"PropertyValueSpecification\",\"valueRequired\":true,\"valueName\":\"search_term_string\"}}],\"inLanguage\":\"de-DE\"}]}<\/script>\n<!-- \/ Yoast SEO plugin. -->","yoast_head_json":{"title":"Superior-Zimmer - Executive Hotel Siena","description":"22 qm, Doppelbett oder zwei Einzelbetten, Bad mit Dusche oder Bad. Einige sind mit einem Balkon ausgestattet.  Dieses elegante Zimmer ist mit neuen B\u00e4dern, dekoriert mit eleganten M\u00f6beln und ausgestattet mit Bad oder Dusche und einem Doppelbett oder zwei Einzelbetten, komplett renoviert","robots":{"index":"index","follow":"follow","max-snippet":"max-snippet:-1","max-image-preview":"max-image-preview:large","max-video-preview":"max-video-preview:-1"},"canonical":"https:\/\/www.executivehotelsiena.com\/de\/zimmer\/superior-zimmer\/","og_locale":"de_DE","og_type":"article","og_title":"Superior-Zimmer - Executive Hotel Siena","og_description":"22 qm, Doppelbett oder zwei Einzelbetten, Bad mit Dusche oder Bad. Einige sind mit einem Balkon ausgestattet.  Dieses elegante Zimmer ist mit neuen B\u00e4dern, dekoriert mit eleganten M\u00f6beln und ausgestattet mit Bad oder Dusche und einem Doppelbett oder zwei Einzelbetten, komplett renoviert","og_url":"https:\/\/www.executivehotelsiena.com\/de\/zimmer\/superior-zimmer\/","og_site_name":"Executive Hotel Siena","article_modified_time":"2025-05-08T08:22:23+00:00","twitter_card":"summary_large_image","twitter_misc":{"Gesch\u00e4tzte Lesezeit":"1 Minute"},"schema":{"@context":"https:\/\/schema.org","@graph":[{"@type":"WebPage","@id":"https:\/\/www.executivehotelsiena.com\/de\/zimmer\/superior-zimmer\/","url":"https:\/\/www.executivehotelsiena.com\/de\/zimmer\/superior-zimmer\/","name":"Superior-Zimmer - Executive Hotel Siena","isPartOf":{"@id":"https:\/\/www.executivehotelsiena.com\/de\/#website"},"datePublished":"2021-06-07T13:27:27+00:00","dateModified":"2025-05-08T08:22:23+00:00","description":"22 qm, Doppelbett oder zwei Einzelbetten, Bad mit Dusche oder Bad. Einige sind mit einem Balkon ausgestattet. Dieses elegante Zimmer ist mit neuen B\u00e4dern, dekoriert mit eleganten M\u00f6beln und ausgestattet mit Bad oder Dusche und einem Doppelbett oder zwei Einzelbetten, komplett renoviert","breadcrumb":{"@id":"https:\/\/www.executivehotelsiena.com\/de\/zimmer\/superior-zimmer\/#breadcrumb"},"inLanguage":"de-DE","potentialAction":[{"@type":"ReadAction","target":["https:\/\/www.executivehotelsiena.com\/de\/zimmer\/superior-zimmer\/"]}]},{"@type":"BreadcrumbList","@id":"https:\/\/www.executivehotelsiena.com\/de\/zimmer\/superior-zimmer\/#breadcrumb","itemListElement":[{"@type":"ListItem","position":1,"name":"Home","item":"https:\/\/www.executivehotelsiena.com\/de\/"},{"@type":"ListItem","position":2,"name":"Zimmer","item":"https:\/\/www.executivehotelsiena.com\/de\/zimmer\/"},{"@type":"ListItem","position":3,"name":"Superior-Zimmer"}]},{"@type":"WebSite","@id":"https:\/\/www.executivehotelsiena.com\/de\/#website","url":"https:\/\/www.executivehotelsiena.com\/de\/","name":"Executive Hotel Siena","description":"Just another ms.decms.eu site","potentialAction":[{"@type":"SearchAction","target":{"@type":"EntryPoint","urlTemplate":"https:\/\/www.executivehotelsiena.com\/de\/?s={search_term_string}"},"query-input":{"@type":"PropertyValueSpecification","valueRequired":true,"valueName":"search_term_string"}}],"inLanguage":"de-DE"}]}},"acf":[],"_links":{"self":[{"href":"https:\/\/www.executivehotelsiena.com\/de\/wp-json\/wp\/v2\/pages\/198","targetHints":{"allow":["GET"]}}],"collection":[{"href":"https:\/\/www.executivehotelsiena.com\/de\/wp-json\/wp\/v2\/pages"}],"about":[{"href":"https:\/\/www.executivehotelsiena.com\/de\/wp-json\/wp\/v2\/types\/page"}],"author":[{"embeddable":true,"href":"https:\/\/www.executivehotelsiena.com\/de\/wp-json\/wp\/v2\/users\/6"}],"replies":[{"embeddable":true,"href":"https:\/\/www.executivehotelsiena.com\/de\/wp-json\/wp\/v2\/comments?post=198"}],"version-history":[{"count":0,"href":"https:\/\/www.executivehotelsiena.com\/de\/wp-json\/wp\/v2\/pages\/198\/revisions"}],"up":[{"embeddable":true,"href":"https:\/\/www.executivehotelsiena.com\/de\/wp-json\/wp\/v2\/pages\/190"}],"wp:attachment":[{"href":"https:\/\/www.executivehotelsiena.com\/de\/wp-json\/wp\/v2\/media?parent=198"}],"curies":[{"name":"wp","href":"https:\/\/api.w.org\/{rel}","templated":true}]}}