{"id":202,"date":"2021-06-07T13:30:20","date_gmt":"2021-06-07T13:30:20","guid":{"rendered":"https:\/\/executivesiena.ms.decms.eu\/ristorante-bar\/"},"modified":"2024-12-09T15:28:55","modified_gmt":"2024-12-09T15:28:55","slug":"restaurant-bar","status":"publish","type":"page","link":"https:\/\/www.executivehotelsiena.com\/de\/restaurant-bar\/","title":{"rendered":"Restaurant &amp; Bar"},"content":{"rendered":"<p>Vom Fr\u00fchst\u00fcck bis zum Abendessen ist das <strong>Restaurant des Hotel der ideale Ort, um die besten traditionellen Gerichte der Region zu probieren<\/strong>, die durch eine sorgf\u00e4ltige Auswahl landestypischer Gerichte erg\u00e4nzt werden.<\/p>\n<p>Dar\u00fcber hinaus bietet der Weinkeller dank der renommierten toskanischen Weinproduktion, bei der <strong>Siena<\/strong> besonders hervorragende Weine bietet, eine gro\u00dfe Auswahl an italienischen Weinen, perfekt um die Gerichte unserer K\u00fcche in wunderbarer Harmonie zu begleiten.<\/p>\n<p>T\u00e4glich ge\u00f6ffnet, <strong>Das Restaurant ist au\u00dferdem der ideale Ort f\u00fcr Gesch\u00e4ftsessen, Mittagessen im Zimmer gegessen werden, \u00c0-la-carte-Abendessen und gesellige Begegnungen aller Art<\/strong>.<\/p>\n<p>Unsere brandneue <strong>Bar mit Terrasse<\/strong> ist t\u00e4glich von 10:00 bis 22:00 Uhr am Abend f\u00fcr einen Aperitif oder einen Drink am Abend mit Freunden oder Verwandten.<\/p>\n","protected":false},"excerpt":{"rendered":"<p>Vom Fr\u00fchst\u00fcck bis zum Abendessen ist das Restaurant des Hotel der ideale Ort, um die besten traditionellen Gerichte der Region zu probieren, die durch eine sorgf\u00e4ltige Auswahl landestypischer Gerichte erg\u00e4nzt werden. Dar\u00fcber hinaus bietet der Weinkeller dank der renommierten toskanischen Weinproduktion, bei der Siena besonders hervorragende Weine bietet, eine gro\u00dfe Auswahl an italienischen Weinen, perfekt [&hellip;]<\/p>\n","protected":false},"author":6,"featured_media":0,"parent":0,"menu_order":20,"comment_status":"closed","ping_status":"closed","template":"template-restaurants.php","meta":{"footnotes":""},"class_list":["post-202","page","type-page","status-publish","hentry"],"yoast_head":"<!-- This site is optimized with the Yoast SEO plugin v26.9 - https:\/\/yoast.com\/product\/yoast-seo-wordpress\/ -->\n<title>Restaurant &amp; Bar - Executive Hotel Siena<\/title>\n<meta name=\"description\" content=\"Hotel Executive, 4 stelle a 300 metri dall&#039;ospedale di Siena e a pochi minuti dal centro storico. Approfitta del parcheggio gratuito e del nostro ristorante.\" \/>\n<meta name=\"robots\" content=\"index, follow, max-snippet:-1, max-image-preview:large, max-video-preview:-1\" \/>\n<link rel=\"canonical\" href=\"https:\/\/www.executivehotelsiena.com\/de\/restaurant-bar\/\" \/>\n<meta property=\"og:locale\" content=\"de_DE\" \/>\n<meta property=\"og:type\" content=\"article\" \/>\n<meta property=\"og:title\" content=\"Restaurant &amp; Bar - Executive Hotel Siena\" \/>\n<meta property=\"og:description\" content=\"Hotel Executive, 4 stelle a 300 metri dall&#039;ospedale di Siena e a pochi minuti dal centro storico. Approfitta del parcheggio gratuito e del nostro ristorante.\" \/>\n<meta property=\"og:url\" content=\"https:\/\/www.executivehotelsiena.com\/de\/restaurant-bar\/\" \/>\n<meta property=\"og:site_name\" content=\"Executive Hotel Siena\" \/>\n<meta property=\"article:modified_time\" content=\"2024-12-09T15:28:55+00:00\" \/>\n<meta name=\"twitter:card\" content=\"summary_large_image\" \/>\n<meta name=\"twitter:label1\" content=\"Gesch\u00e4tzte Lesezeit\" \/>\n\t<meta name=\"twitter:data1\" content=\"1 Minute\" \/>\n<script type=\"application\/ld+json\" class=\"yoast-schema-graph\">{\"@context\":\"https:\/\/schema.org\",\"@graph\":[{\"@type\":\"WebPage\",\"@id\":\"https:\/\/www.executivehotelsiena.com\/de\/restaurant-bar\/\",\"url\":\"https:\/\/www.executivehotelsiena.com\/de\/restaurant-bar\/\",\"name\":\"Restaurant &amp; Bar - Executive Hotel Siena\",\"isPartOf\":{\"@id\":\"https:\/\/www.executivehotelsiena.com\/de\/#website\"},\"datePublished\":\"2021-06-07T13:30:20+00:00\",\"dateModified\":\"2024-12-09T15:28:55+00:00\",\"description\":\"Hotel Executive, 4 stelle a 300 metri dall'ospedale di Siena e a pochi minuti dal centro storico. Approfitta del parcheggio gratuito e del nostro ristorante.\",\"breadcrumb\":{\"@id\":\"https:\/\/www.executivehotelsiena.com\/de\/restaurant-bar\/#breadcrumb\"},\"inLanguage\":\"de-DE\",\"potentialAction\":[{\"@type\":\"ReadAction\",\"target\":[\"https:\/\/www.executivehotelsiena.com\/de\/restaurant-bar\/\"]}]},{\"@type\":\"BreadcrumbList\",\"@id\":\"https:\/\/www.executivehotelsiena.com\/de\/restaurant-bar\/#breadcrumb\",\"itemListElement\":[{\"@type\":\"ListItem\",\"position\":1,\"name\":\"Home\",\"item\":\"https:\/\/www.executivehotelsiena.com\/de\/\"},{\"@type\":\"ListItem\",\"position\":2,\"name\":\"Restaurant &amp; Bar\"}]},{\"@type\":\"WebSite\",\"@id\":\"https:\/\/www.executivehotelsiena.com\/de\/#website\",\"url\":\"https:\/\/www.executivehotelsiena.com\/de\/\",\"name\":\"Executive Hotel Siena\",\"description\":\"Just another ms.decms.eu site\",\"potentialAction\":[{\"@type\":\"SearchAction\",\"target\":{\"@type\":\"EntryPoint\",\"urlTemplate\":\"https:\/\/www.executivehotelsiena.com\/de\/?s={search_term_string}\"},\"query-input\":{\"@type\":\"PropertyValueSpecification\",\"valueRequired\":true,\"valueName\":\"search_term_string\"}}],\"inLanguage\":\"de-DE\"}]}<\/script>\n<!-- \/ Yoast SEO plugin. -->","yoast_head_json":{"title":"Restaurant &amp; Bar - Executive Hotel Siena","description":"Hotel Executive, 4 stelle a 300 metri dall'ospedale di Siena e a pochi minuti dal centro storico. Approfitta del parcheggio gratuito e del nostro ristorante.","robots":{"index":"index","follow":"follow","max-snippet":"max-snippet:-1","max-image-preview":"max-image-preview:large","max-video-preview":"max-video-preview:-1"},"canonical":"https:\/\/www.executivehotelsiena.com\/de\/restaurant-bar\/","og_locale":"de_DE","og_type":"article","og_title":"Restaurant &amp; Bar - Executive Hotel Siena","og_description":"Hotel Executive, 4 stelle a 300 metri dall'ospedale di Siena e a pochi minuti dal centro storico. Approfitta del parcheggio gratuito e del nostro ristorante.","og_url":"https:\/\/www.executivehotelsiena.com\/de\/restaurant-bar\/","og_site_name":"Executive Hotel Siena","article_modified_time":"2024-12-09T15:28:55+00:00","twitter_card":"summary_large_image","twitter_misc":{"Gesch\u00e4tzte Lesezeit":"1 Minute"},"schema":{"@context":"https:\/\/schema.org","@graph":[{"@type":"WebPage","@id":"https:\/\/www.executivehotelsiena.com\/de\/restaurant-bar\/","url":"https:\/\/www.executivehotelsiena.com\/de\/restaurant-bar\/","name":"Restaurant &amp; Bar - Executive Hotel Siena","isPartOf":{"@id":"https:\/\/www.executivehotelsiena.com\/de\/#website"},"datePublished":"2021-06-07T13:30:20+00:00","dateModified":"2024-12-09T15:28:55+00:00","description":"Hotel Executive, 4 stelle a 300 metri dall'ospedale di Siena e a pochi minuti dal centro storico. Approfitta del parcheggio gratuito e del nostro ristorante.","breadcrumb":{"@id":"https:\/\/www.executivehotelsiena.com\/de\/restaurant-bar\/#breadcrumb"},"inLanguage":"de-DE","potentialAction":[{"@type":"ReadAction","target":["https:\/\/www.executivehotelsiena.com\/de\/restaurant-bar\/"]}]},{"@type":"BreadcrumbList","@id":"https:\/\/www.executivehotelsiena.com\/de\/restaurant-bar\/#breadcrumb","itemListElement":[{"@type":"ListItem","position":1,"name":"Home","item":"https:\/\/www.executivehotelsiena.com\/de\/"},{"@type":"ListItem","position":2,"name":"Restaurant &amp; Bar"}]},{"@type":"WebSite","@id":"https:\/\/www.executivehotelsiena.com\/de\/#website","url":"https:\/\/www.executivehotelsiena.com\/de\/","name":"Executive Hotel Siena","description":"Just another ms.decms.eu site","potentialAction":[{"@type":"SearchAction","target":{"@type":"EntryPoint","urlTemplate":"https:\/\/www.executivehotelsiena.com\/de\/?s={search_term_string}"},"query-input":{"@type":"PropertyValueSpecification","valueRequired":true,"valueName":"search_term_string"}}],"inLanguage":"de-DE"}]}},"acf":[],"_links":{"self":[{"href":"https:\/\/www.executivehotelsiena.com\/de\/wp-json\/wp\/v2\/pages\/202","targetHints":{"allow":["GET"]}}],"collection":[{"href":"https:\/\/www.executivehotelsiena.com\/de\/wp-json\/wp\/v2\/pages"}],"about":[{"href":"https:\/\/www.executivehotelsiena.com\/de\/wp-json\/wp\/v2\/types\/page"}],"author":[{"embeddable":true,"href":"https:\/\/www.executivehotelsiena.com\/de\/wp-json\/wp\/v2\/users\/6"}],"replies":[{"embeddable":true,"href":"https:\/\/www.executivehotelsiena.com\/de\/wp-json\/wp\/v2\/comments?post=202"}],"version-history":[{"count":0,"href":"https:\/\/www.executivehotelsiena.com\/de\/wp-json\/wp\/v2\/pages\/202\/revisions"}],"wp:attachment":[{"href":"https:\/\/www.executivehotelsiena.com\/de\/wp-json\/wp\/v2\/media?parent=202"}],"curies":[{"name":"wp","href":"https:\/\/api.w.org\/{rel}","templated":true}]}}