{"id":206,"date":"2021-06-18T14:20:41","date_gmt":"2021-06-18T14:20:41","guid":{"rendered":"https:\/\/executivesiena.ms.decms.eu\/ristorante-bar\/la-prima-colazione\/"},"modified":"2021-06-30T10:45:31","modified_gmt":"2021-06-30T10:45:31","slug":"das-fruehstueck","status":"publish","type":"page","link":"https:\/\/www.executivehotelsiena.com\/de\/restaurant-bar\/das-fruehstueck\/","title":{"rendered":"Das Fr\u00fchst\u00fcck"},"content":{"rendered":"<p>Das Hotel, in seinen eigenen <strong>Food &amp; Beverage<\/strong> Zimmer, bietet den G\u00e4sten ein amerikanisches warmes und kaltes Fr\u00fchst\u00fccksbuffet von 7:00 Uhr bis 10:00 Uhr.<\/p>\n<p>Ein Buffet mit <strong>warmen und kalten Speisen<\/strong>, mit den B\u00e4ckereiprodukten und vieles mehr, gibt Ihnen den besten &#8222;guten Morgen&#8220; \u00fcberhaupt!<\/p>\n","protected":false},"excerpt":{"rendered":"<p>Das Hotel, in seinen eigenen Food &amp; Beverage Zimmer, bietet den G\u00e4sten ein amerikanisches warmes und kaltes Fr\u00fchst\u00fccksbuffet von 7:00 Uhr bis 10:00 Uhr. Ein Buffet mit warmen und kalten Speisen, mit den B\u00e4ckereiprodukten und vieles mehr, gibt Ihnen den besten &#8222;guten Morgen&#8220; \u00fcberhaupt!<\/p>\n","protected":false},"author":6,"featured_media":0,"parent":202,"menu_order":21,"comment_status":"closed","ping_status":"closed","template":"","meta":{"footnotes":""},"class_list":["post-206","page","type-page","status-publish","hentry"],"yoast_head":"<!-- This site is optimized with the Yoast SEO plugin v26.9 - https:\/\/yoast.com\/product\/yoast-seo-wordpress\/ -->\n<title>Das Fr\u00fchst\u00fcck - Executive Hotel Siena<\/title>\n<meta name=\"description\" content=\"Das Hotel, in seinen eigenen Food &amp; Beverage Zimmer, bietet den G\u00e4sten ein amerikanisches warmes und kaltes Fr\u00fchst\u00fccksbuffet von 7:00 Uhr bis 10:00 Uhr.  Ein Buffet mit warmen und kalten Speisen, mit den B\u00e4ckereiprodukten und vieles mehr, gibt Ihnen den besten &quot;guten Morgen&quot; \u00fcberhaupt!.\" \/>\n<meta name=\"robots\" content=\"index, follow, max-snippet:-1, max-image-preview:large, max-video-preview:-1\" \/>\n<link rel=\"canonical\" href=\"https:\/\/www.executivehotelsiena.com\/de\/restaurant-bar\/das-fruehstueck\/\" \/>\n<meta property=\"og:locale\" content=\"de_DE\" \/>\n<meta property=\"og:type\" content=\"article\" \/>\n<meta property=\"og:title\" content=\"Das Fr\u00fchst\u00fcck - Executive Hotel Siena\" \/>\n<meta property=\"og:description\" content=\"Das Hotel, in seinen eigenen Food &amp; Beverage Zimmer, bietet den G\u00e4sten ein amerikanisches warmes und kaltes Fr\u00fchst\u00fccksbuffet von 7:00 Uhr bis 10:00 Uhr.  Ein Buffet mit warmen und kalten Speisen, mit den B\u00e4ckereiprodukten und vieles mehr, gibt Ihnen den besten &quot;guten Morgen&quot; \u00fcberhaupt!.\" \/>\n<meta property=\"og:url\" content=\"https:\/\/www.executivehotelsiena.com\/de\/restaurant-bar\/das-fruehstueck\/\" \/>\n<meta property=\"og:site_name\" content=\"Executive Hotel Siena\" \/>\n<meta property=\"article:modified_time\" content=\"2021-06-30T10:45:31+00:00\" \/>\n<meta name=\"twitter:card\" content=\"summary_large_image\" \/>\n<script type=\"application\/ld+json\" class=\"yoast-schema-graph\">{\"@context\":\"https:\/\/schema.org\",\"@graph\":[{\"@type\":\"WebPage\",\"@id\":\"https:\/\/www.executivehotelsiena.com\/de\/restaurant-bar\/das-fruehstueck\/\",\"url\":\"https:\/\/www.executivehotelsiena.com\/de\/restaurant-bar\/das-fruehstueck\/\",\"name\":\"Das Fr\u00fchst\u00fcck - Executive Hotel Siena\",\"isPartOf\":{\"@id\":\"https:\/\/www.executivehotelsiena.com\/de\/#website\"},\"datePublished\":\"2021-06-18T14:20:41+00:00\",\"dateModified\":\"2021-06-30T10:45:31+00:00\",\"description\":\"Das Hotel, in seinen eigenen Food &amp; Beverage Zimmer, bietet den G\u00e4sten ein amerikanisches warmes und kaltes Fr\u00fchst\u00fccksbuffet von 7:00 Uhr bis 10:00 Uhr. Ein Buffet mit warmen und kalten Speisen, mit den B\u00e4ckereiprodukten und vieles mehr, gibt Ihnen den besten \\\"guten Morgen\\\" \u00fcberhaupt!.\",\"breadcrumb\":{\"@id\":\"https:\/\/www.executivehotelsiena.com\/de\/restaurant-bar\/das-fruehstueck\/#breadcrumb\"},\"inLanguage\":\"de-DE\",\"potentialAction\":[{\"@type\":\"ReadAction\",\"target\":[\"https:\/\/www.executivehotelsiena.com\/de\/restaurant-bar\/das-fruehstueck\/\"]}]},{\"@type\":\"BreadcrumbList\",\"@id\":\"https:\/\/www.executivehotelsiena.com\/de\/restaurant-bar\/das-fruehstueck\/#breadcrumb\",\"itemListElement\":[{\"@type\":\"ListItem\",\"position\":1,\"name\":\"Home\",\"item\":\"https:\/\/www.executivehotelsiena.com\/de\/\"},{\"@type\":\"ListItem\",\"position\":2,\"name\":\"Restaurant &amp; Bar\",\"item\":\"https:\/\/www.executivehotelsiena.com\/de\/restaurant-bar\/\"},{\"@type\":\"ListItem\",\"position\":3,\"name\":\"Das Fr\u00fchst\u00fcck\"}]},{\"@type\":\"WebSite\",\"@id\":\"https:\/\/www.executivehotelsiena.com\/de\/#website\",\"url\":\"https:\/\/www.executivehotelsiena.com\/de\/\",\"name\":\"Executive Hotel Siena\",\"description\":\"Just another ms.decms.eu site\",\"potentialAction\":[{\"@type\":\"SearchAction\",\"target\":{\"@type\":\"EntryPoint\",\"urlTemplate\":\"https:\/\/www.executivehotelsiena.com\/de\/?s={search_term_string}\"},\"query-input\":{\"@type\":\"PropertyValueSpecification\",\"valueRequired\":true,\"valueName\":\"search_term_string\"}}],\"inLanguage\":\"de-DE\"}]}<\/script>\n<!-- \/ Yoast SEO plugin. -->","yoast_head_json":{"title":"Das Fr\u00fchst\u00fcck - Executive Hotel Siena","description":"Das Hotel, in seinen eigenen Food &amp; Beverage Zimmer, bietet den G\u00e4sten ein amerikanisches warmes und kaltes Fr\u00fchst\u00fccksbuffet von 7:00 Uhr bis 10:00 Uhr.  Ein Buffet mit warmen und kalten Speisen, mit den B\u00e4ckereiprodukten und vieles mehr, gibt Ihnen den besten \"guten Morgen\" \u00fcberhaupt!.","robots":{"index":"index","follow":"follow","max-snippet":"max-snippet:-1","max-image-preview":"max-image-preview:large","max-video-preview":"max-video-preview:-1"},"canonical":"https:\/\/www.executivehotelsiena.com\/de\/restaurant-bar\/das-fruehstueck\/","og_locale":"de_DE","og_type":"article","og_title":"Das Fr\u00fchst\u00fcck - Executive Hotel Siena","og_description":"Das Hotel, in seinen eigenen Food &amp; Beverage Zimmer, bietet den G\u00e4sten ein amerikanisches warmes und kaltes Fr\u00fchst\u00fccksbuffet von 7:00 Uhr bis 10:00 Uhr.  Ein Buffet mit warmen und kalten Speisen, mit den B\u00e4ckereiprodukten und vieles mehr, gibt Ihnen den besten \"guten Morgen\" \u00fcberhaupt!.","og_url":"https:\/\/www.executivehotelsiena.com\/de\/restaurant-bar\/das-fruehstueck\/","og_site_name":"Executive Hotel Siena","article_modified_time":"2021-06-30T10:45:31+00:00","twitter_card":"summary_large_image","schema":{"@context":"https:\/\/schema.org","@graph":[{"@type":"WebPage","@id":"https:\/\/www.executivehotelsiena.com\/de\/restaurant-bar\/das-fruehstueck\/","url":"https:\/\/www.executivehotelsiena.com\/de\/restaurant-bar\/das-fruehstueck\/","name":"Das Fr\u00fchst\u00fcck - Executive Hotel Siena","isPartOf":{"@id":"https:\/\/www.executivehotelsiena.com\/de\/#website"},"datePublished":"2021-06-18T14:20:41+00:00","dateModified":"2021-06-30T10:45:31+00:00","description":"Das Hotel, in seinen eigenen Food &amp; Beverage Zimmer, bietet den G\u00e4sten ein amerikanisches warmes und kaltes Fr\u00fchst\u00fccksbuffet von 7:00 Uhr bis 10:00 Uhr. Ein Buffet mit warmen und kalten Speisen, mit den B\u00e4ckereiprodukten und vieles mehr, gibt Ihnen den besten \"guten Morgen\" \u00fcberhaupt!.","breadcrumb":{"@id":"https:\/\/www.executivehotelsiena.com\/de\/restaurant-bar\/das-fruehstueck\/#breadcrumb"},"inLanguage":"de-DE","potentialAction":[{"@type":"ReadAction","target":["https:\/\/www.executivehotelsiena.com\/de\/restaurant-bar\/das-fruehstueck\/"]}]},{"@type":"BreadcrumbList","@id":"https:\/\/www.executivehotelsiena.com\/de\/restaurant-bar\/das-fruehstueck\/#breadcrumb","itemListElement":[{"@type":"ListItem","position":1,"name":"Home","item":"https:\/\/www.executivehotelsiena.com\/de\/"},{"@type":"ListItem","position":2,"name":"Restaurant &amp; Bar","item":"https:\/\/www.executivehotelsiena.com\/de\/restaurant-bar\/"},{"@type":"ListItem","position":3,"name":"Das Fr\u00fchst\u00fcck"}]},{"@type":"WebSite","@id":"https:\/\/www.executivehotelsiena.com\/de\/#website","url":"https:\/\/www.executivehotelsiena.com\/de\/","name":"Executive Hotel Siena","description":"Just another ms.decms.eu site","potentialAction":[{"@type":"SearchAction","target":{"@type":"EntryPoint","urlTemplate":"https:\/\/www.executivehotelsiena.com\/de\/?s={search_term_string}"},"query-input":{"@type":"PropertyValueSpecification","valueRequired":true,"valueName":"search_term_string"}}],"inLanguage":"de-DE"}]}},"acf":[],"_links":{"self":[{"href":"https:\/\/www.executivehotelsiena.com\/de\/wp-json\/wp\/v2\/pages\/206","targetHints":{"allow":["GET"]}}],"collection":[{"href":"https:\/\/www.executivehotelsiena.com\/de\/wp-json\/wp\/v2\/pages"}],"about":[{"href":"https:\/\/www.executivehotelsiena.com\/de\/wp-json\/wp\/v2\/types\/page"}],"author":[{"embeddable":true,"href":"https:\/\/www.executivehotelsiena.com\/de\/wp-json\/wp\/v2\/users\/6"}],"replies":[{"embeddable":true,"href":"https:\/\/www.executivehotelsiena.com\/de\/wp-json\/wp\/v2\/comments?post=206"}],"version-history":[{"count":0,"href":"https:\/\/www.executivehotelsiena.com\/de\/wp-json\/wp\/v2\/pages\/206\/revisions"}],"up":[{"embeddable":true,"href":"https:\/\/www.executivehotelsiena.com\/de\/wp-json\/wp\/v2\/pages\/202"}],"wp:attachment":[{"href":"https:\/\/www.executivehotelsiena.com\/de\/wp-json\/wp\/v2\/media?parent=206"}],"curies":[{"name":"wp","href":"https:\/\/api.w.org\/{rel}","templated":true}]}}