{"id":210,"date":"2021-06-07T13:32:17","date_gmt":"2021-06-07T13:32:17","guid":{"rendered":"https:\/\/executivesiena.ms.decms.eu\/gruppi-meeting-servizi\/"},"modified":"2024-10-28T15:48:05","modified_gmt":"2024-10-28T15:48:05","slug":"gruppen-meeting-und-dienste","status":"publish","type":"page","link":"https:\/\/www.executivehotelsiena.com\/de\/gruppen-meeting-und-dienste\/","title":{"rendered":"Gruppen, Meeting und Dienste"},"content":{"rendered":"<p>Sind Sie als Veranstalter auf der Suche nach einem f\u00fcr Reisegruppen geeigneten Hotel in Siena oder suchen Sie einfach einen Ort f\u00fcr Ihre bevorstehende Veranstaltung? Unsere 72 Zimmer stehen zu Ihrer Verf\u00fcgung. F\u00fcr Gruppenbuchungen schreiben Sie an booking@executivehotelsiena.com und fordern Sie ein Angebot an.<\/p>\n<p>Beste Planung f\u00fcr den Erfolg jeder Veranstaltung Das Hotel Executive verf\u00fcgt \u00fcber einen kleinen Tagungsraum f\u00fcr bis zu 40 Personen.<\/p>\n<p>Dieser bietet nat\u00fcrliches Licht und ist mit Telefon, WLAN-Internetzugang und einem Audio-Video-System ausgestattet. Er kann je nach Bedarf des Kunden auf verschiedene Arten konfiguriert werden und ist so der ideale Ort f\u00fcr Veranstaltungen und Versammlungen aller Art.<\/p>\n","protected":false},"excerpt":{"rendered":"<p>Sind Sie als Veranstalter auf der Suche nach einem f\u00fcr Reisegruppen geeigneten Hotel in Siena oder suchen Sie einfach einen Ort f\u00fcr Ihre bevorstehende Veranstaltung? Unsere 72 Zimmer stehen zu Ihrer Verf\u00fcgung. F\u00fcr Gruppenbuchungen schreiben Sie an booking@executivehotelsiena.com und fordern Sie ein Angebot an. Beste Planung f\u00fcr den Erfolg jeder Veranstaltung Das Hotel Executive verf\u00fcgt [&hellip;]<\/p>\n","protected":false},"author":6,"featured_media":0,"parent":0,"menu_order":30,"comment_status":"closed","ping_status":"closed","template":"","meta":{"footnotes":""},"class_list":["post-210","page","type-page","status-publish","hentry"],"yoast_head":"<!-- This site is optimized with the Yoast SEO plugin v26.9 - https:\/\/yoast.com\/product\/yoast-seo-wordpress\/ -->\n<title>Gruppen, Meeting und Dienste - Executive Hotel Siena<\/title>\n<meta name=\"description\" content=\"Sind Sie als Veranstalter auf der Suche nach einem f\u00fcr Reisegruppen geeigneten Hotel in Siena oder suchen Sie einfach einen Ort f\u00fcr Ihre bevorstehende Veranstaltung? Unsere 72 Zimmer stehen zu Ihrer Verf\u00fcgung. F\u00fcr Gruppenbuchungen schreiben Sie an booking@executivehotelsiena.com und fordern Sie ein Angebot an.  Beste Planung f\u00fcr den Erfolg jeder Veranstaltung Das Hotel Executive verf\u00fcgt \u00fcber einen kleinen Tagungsraum f\u00fcr bis zu 40 Personen.  Dieser bietet nat\u00fcrliches Licht und ist mit Telefon, WLAN-Internetzugang und einem Audio-Video-System ausgestattet\" \/>\n<meta name=\"robots\" content=\"index, follow, max-snippet:-1, max-image-preview:large, max-video-preview:-1\" \/>\n<link rel=\"canonical\" href=\"https:\/\/www.executivehotelsiena.com\/de\/gruppen-meeting-und-dienste\/\" \/>\n<meta property=\"og:locale\" content=\"de_DE\" \/>\n<meta property=\"og:type\" content=\"article\" \/>\n<meta property=\"og:title\" content=\"Gruppen, Meeting und Dienste - Executive Hotel Siena\" \/>\n<meta property=\"og:description\" content=\"Sind Sie als Veranstalter auf der Suche nach einem f\u00fcr Reisegruppen geeigneten Hotel in Siena oder suchen Sie einfach einen Ort f\u00fcr Ihre bevorstehende Veranstaltung? Unsere 72 Zimmer stehen zu Ihrer Verf\u00fcgung. F\u00fcr Gruppenbuchungen schreiben Sie an booking@executivehotelsiena.com und fordern Sie ein Angebot an.  Beste Planung f\u00fcr den Erfolg jeder Veranstaltung Das Hotel Executive verf\u00fcgt \u00fcber einen kleinen Tagungsraum f\u00fcr bis zu 40 Personen.  Dieser bietet nat\u00fcrliches Licht und ist mit Telefon, WLAN-Internetzugang und einem Audio-Video-System ausgestattet\" \/>\n<meta property=\"og:url\" content=\"https:\/\/www.executivehotelsiena.com\/de\/gruppen-meeting-und-dienste\/\" \/>\n<meta property=\"og:site_name\" content=\"Executive Hotel Siena\" \/>\n<meta property=\"article:modified_time\" content=\"2024-10-28T15:48:05+00:00\" \/>\n<meta name=\"twitter:card\" content=\"summary_large_image\" \/>\n<meta name=\"twitter:label1\" content=\"Gesch\u00e4tzte Lesezeit\" \/>\n\t<meta name=\"twitter:data1\" content=\"1 Minute\" \/>\n<script type=\"application\/ld+json\" class=\"yoast-schema-graph\">{\"@context\":\"https:\/\/schema.org\",\"@graph\":[{\"@type\":\"WebPage\",\"@id\":\"https:\/\/www.executivehotelsiena.com\/de\/gruppen-meeting-und-dienste\/\",\"url\":\"https:\/\/www.executivehotelsiena.com\/de\/gruppen-meeting-und-dienste\/\",\"name\":\"Gruppen, Meeting und Dienste - Executive Hotel Siena\",\"isPartOf\":{\"@id\":\"https:\/\/www.executivehotelsiena.com\/de\/#website\"},\"datePublished\":\"2021-06-07T13:32:17+00:00\",\"dateModified\":\"2024-10-28T15:48:05+00:00\",\"description\":\"Sind Sie als Veranstalter auf der Suche nach einem f\u00fcr Reisegruppen geeigneten Hotel in Siena oder suchen Sie einfach einen Ort f\u00fcr Ihre bevorstehende Veranstaltung? Unsere 72 Zimmer stehen zu Ihrer Verf\u00fcgung. F\u00fcr Gruppenbuchungen schreiben Sie an booking@executivehotelsiena.com und fordern Sie ein Angebot an. Beste Planung f\u00fcr den Erfolg jeder Veranstaltung Das Hotel Executive verf\u00fcgt \u00fcber einen kleinen Tagungsraum f\u00fcr bis zu 40 Personen. Dieser bietet nat\u00fcrliches Licht und ist mit Telefon, WLAN-Internetzugang und einem Audio-Video-System ausgestattet\",\"breadcrumb\":{\"@id\":\"https:\/\/www.executivehotelsiena.com\/de\/gruppen-meeting-und-dienste\/#breadcrumb\"},\"inLanguage\":\"de-DE\",\"potentialAction\":[{\"@type\":\"ReadAction\",\"target\":[\"https:\/\/www.executivehotelsiena.com\/de\/gruppen-meeting-und-dienste\/\"]}]},{\"@type\":\"BreadcrumbList\",\"@id\":\"https:\/\/www.executivehotelsiena.com\/de\/gruppen-meeting-und-dienste\/#breadcrumb\",\"itemListElement\":[{\"@type\":\"ListItem\",\"position\":1,\"name\":\"Home\",\"item\":\"https:\/\/www.executivehotelsiena.com\/de\/\"},{\"@type\":\"ListItem\",\"position\":2,\"name\":\"Gruppen, Meeting und Dienste\"}]},{\"@type\":\"WebSite\",\"@id\":\"https:\/\/www.executivehotelsiena.com\/de\/#website\",\"url\":\"https:\/\/www.executivehotelsiena.com\/de\/\",\"name\":\"Executive Hotel Siena\",\"description\":\"Just another ms.decms.eu site\",\"potentialAction\":[{\"@type\":\"SearchAction\",\"target\":{\"@type\":\"EntryPoint\",\"urlTemplate\":\"https:\/\/www.executivehotelsiena.com\/de\/?s={search_term_string}\"},\"query-input\":{\"@type\":\"PropertyValueSpecification\",\"valueRequired\":true,\"valueName\":\"search_term_string\"}}],\"inLanguage\":\"de-DE\"}]}<\/script>\n<!-- \/ Yoast SEO plugin. -->","yoast_head_json":{"title":"Gruppen, Meeting und Dienste - Executive Hotel Siena","description":"Sind Sie als Veranstalter auf der Suche nach einem f\u00fcr Reisegruppen geeigneten Hotel in Siena oder suchen Sie einfach einen Ort f\u00fcr Ihre bevorstehende Veranstaltung? Unsere 72 Zimmer stehen zu Ihrer Verf\u00fcgung. F\u00fcr Gruppenbuchungen schreiben Sie an booking@executivehotelsiena.com und fordern Sie ein Angebot an.  Beste Planung f\u00fcr den Erfolg jeder Veranstaltung Das Hotel Executive verf\u00fcgt \u00fcber einen kleinen Tagungsraum f\u00fcr bis zu 40 Personen.  Dieser bietet nat\u00fcrliches Licht und ist mit Telefon, WLAN-Internetzugang und einem Audio-Video-System ausgestattet","robots":{"index":"index","follow":"follow","max-snippet":"max-snippet:-1","max-image-preview":"max-image-preview:large","max-video-preview":"max-video-preview:-1"},"canonical":"https:\/\/www.executivehotelsiena.com\/de\/gruppen-meeting-und-dienste\/","og_locale":"de_DE","og_type":"article","og_title":"Gruppen, Meeting und Dienste - Executive Hotel Siena","og_description":"Sind Sie als Veranstalter auf der Suche nach einem f\u00fcr Reisegruppen geeigneten Hotel in Siena oder suchen Sie einfach einen Ort f\u00fcr Ihre bevorstehende Veranstaltung? Unsere 72 Zimmer stehen zu Ihrer Verf\u00fcgung. F\u00fcr Gruppenbuchungen schreiben Sie an booking@executivehotelsiena.com und fordern Sie ein Angebot an.  Beste Planung f\u00fcr den Erfolg jeder Veranstaltung Das Hotel Executive verf\u00fcgt \u00fcber einen kleinen Tagungsraum f\u00fcr bis zu 40 Personen.  Dieser bietet nat\u00fcrliches Licht und ist mit Telefon, WLAN-Internetzugang und einem Audio-Video-System ausgestattet","og_url":"https:\/\/www.executivehotelsiena.com\/de\/gruppen-meeting-und-dienste\/","og_site_name":"Executive Hotel Siena","article_modified_time":"2024-10-28T15:48:05+00:00","twitter_card":"summary_large_image","twitter_misc":{"Gesch\u00e4tzte Lesezeit":"1 Minute"},"schema":{"@context":"https:\/\/schema.org","@graph":[{"@type":"WebPage","@id":"https:\/\/www.executivehotelsiena.com\/de\/gruppen-meeting-und-dienste\/","url":"https:\/\/www.executivehotelsiena.com\/de\/gruppen-meeting-und-dienste\/","name":"Gruppen, Meeting und Dienste - Executive Hotel Siena","isPartOf":{"@id":"https:\/\/www.executivehotelsiena.com\/de\/#website"},"datePublished":"2021-06-07T13:32:17+00:00","dateModified":"2024-10-28T15:48:05+00:00","description":"Sind Sie als Veranstalter auf der Suche nach einem f\u00fcr Reisegruppen geeigneten Hotel in Siena oder suchen Sie einfach einen Ort f\u00fcr Ihre bevorstehende Veranstaltung? Unsere 72 Zimmer stehen zu Ihrer Verf\u00fcgung. F\u00fcr Gruppenbuchungen schreiben Sie an booking@executivehotelsiena.com und fordern Sie ein Angebot an. Beste Planung f\u00fcr den Erfolg jeder Veranstaltung Das Hotel Executive verf\u00fcgt \u00fcber einen kleinen Tagungsraum f\u00fcr bis zu 40 Personen. Dieser bietet nat\u00fcrliches Licht und ist mit Telefon, WLAN-Internetzugang und einem Audio-Video-System ausgestattet","breadcrumb":{"@id":"https:\/\/www.executivehotelsiena.com\/de\/gruppen-meeting-und-dienste\/#breadcrumb"},"inLanguage":"de-DE","potentialAction":[{"@type":"ReadAction","target":["https:\/\/www.executivehotelsiena.com\/de\/gruppen-meeting-und-dienste\/"]}]},{"@type":"BreadcrumbList","@id":"https:\/\/www.executivehotelsiena.com\/de\/gruppen-meeting-und-dienste\/#breadcrumb","itemListElement":[{"@type":"ListItem","position":1,"name":"Home","item":"https:\/\/www.executivehotelsiena.com\/de\/"},{"@type":"ListItem","position":2,"name":"Gruppen, Meeting und Dienste"}]},{"@type":"WebSite","@id":"https:\/\/www.executivehotelsiena.com\/de\/#website","url":"https:\/\/www.executivehotelsiena.com\/de\/","name":"Executive Hotel Siena","description":"Just another ms.decms.eu site","potentialAction":[{"@type":"SearchAction","target":{"@type":"EntryPoint","urlTemplate":"https:\/\/www.executivehotelsiena.com\/de\/?s={search_term_string}"},"query-input":{"@type":"PropertyValueSpecification","valueRequired":true,"valueName":"search_term_string"}}],"inLanguage":"de-DE"}]}},"acf":[],"_links":{"self":[{"href":"https:\/\/www.executivehotelsiena.com\/de\/wp-json\/wp\/v2\/pages\/210","targetHints":{"allow":["GET"]}}],"collection":[{"href":"https:\/\/www.executivehotelsiena.com\/de\/wp-json\/wp\/v2\/pages"}],"about":[{"href":"https:\/\/www.executivehotelsiena.com\/de\/wp-json\/wp\/v2\/types\/page"}],"author":[{"embeddable":true,"href":"https:\/\/www.executivehotelsiena.com\/de\/wp-json\/wp\/v2\/users\/6"}],"replies":[{"embeddable":true,"href":"https:\/\/www.executivehotelsiena.com\/de\/wp-json\/wp\/v2\/comments?post=210"}],"version-history":[{"count":0,"href":"https:\/\/www.executivehotelsiena.com\/de\/wp-json\/wp\/v2\/pages\/210\/revisions"}],"wp:attachment":[{"href":"https:\/\/www.executivehotelsiena.com\/de\/wp-json\/wp\/v2\/media?parent=210"}],"curies":[{"name":"wp","href":"https:\/\/api.w.org\/{rel}","templated":true}]}}