{"id":234,"date":"2021-06-21T09:51:10","date_gmt":"2021-06-21T09:51:10","guid":{"rendered":"https:\/\/executivesiena.ms.decms.eu\/be-safe-viaggia-in-tutta-sicurezza-con-axa\/"},"modified":"2021-07-13T08:11:24","modified_gmt":"2021-07-13T08:11:24","slug":"garantiert-bester-online-preis-besafe","status":"publish","type":"page","link":"https:\/\/www.executivehotelsiena.com\/de\/garantiert-bester-online-preis-besafe\/","title":{"rendered":"Garantiert bester Online-Preis BeSafe"},"content":{"rendered":"<p>Der Tarif, der Sie und Ihre Angeh\u00f6rigen vor unvorhergesehenen Ereignissen sch\u00fctzt und Ihnen eine R\u00fcckerstattung von bis zu 100% im Falle einer Stornierung sowie Assistenz w\u00e4hrend Ihres Aufenthalts f\u00fcr alle in der Versicherungsakte angegebenen Gr\u00fcnde garantiert. Der Versicherungsschutz ist kostenlos und gilt f\u00fcr alle Teilnehmer des Aufenthalts vom Zeitpunkt der Buchung bis zum Check-out. Von der Buchung bis zum Check-in | Stornierungsgarantie &#8211; R\u00fcckerstattung bis zu 100% des bezahlten Betrags: Die R\u00fcckerstattung im Falle einer Stornierung gilt f\u00fcr unvorhergesehene Ereignisse wie Krankheit (einschlie\u00dflich Pandemie\/COVID-19), Krankenhausaufenthalt, Unfall, Urlaubsstornierung , Entlassung oder Neueinstellung.<\/p>\n<p>Vom Check-in bis zum Check-out | Assistenz w\u00e4hrend Ihres Aufenthalts: Von der Ankunft bis zur Abreise k\u00f6nnen Sie Gesundheitsversorgung, Gep\u00e4ckgarantie, Diebstahl und Pannenhilfe nutzen.<\/p>\n<p>Lesen Sie vor der Buchung die Unterlagen zum Versicherungsschutz:\u00a0 <a href=\"https:\/\/www.besaferate.com\/insurancepolicy\/\">https:\/\/www.besaferate.com\/insurancepolicy\/<\/a><\/p>\n<p>Reisen Sie mit Besafe Rate in absoluter Sicherheit und ohne zus\u00e4tzliche Kosten!<\/p>\n<p><img loading=\"lazy\" decoding=\"async\" class=\"alignnone size-medium wp-image-354\" src=\"https:\/\/executivesiena.ms.decms.eu\/wp-content\/uploads\/sites\/311\/2021\/06\/41-300x300.jpg\" alt=\"\" width=\"300\" height=\"300\" srcset=\"https:\/\/www.executivehotelsiena.com\/wp-content\/uploads\/sites\/311\/2021\/06\/41-300x300.jpg 300w, https:\/\/www.executivehotelsiena.com\/wp-content\/uploads\/sites\/311\/2021\/06\/41-1024x1024.jpg 1024w, https:\/\/www.executivehotelsiena.com\/wp-content\/uploads\/sites\/311\/2021\/06\/41-150x150.jpg 150w, https:\/\/www.executivehotelsiena.com\/wp-content\/uploads\/sites\/311\/2021\/06\/41-768x768.jpg 768w, https:\/\/www.executivehotelsiena.com\/wp-content\/uploads\/sites\/311\/2021\/06\/41-200x200.jpg 200w, https:\/\/www.executivehotelsiena.com\/wp-content\/uploads\/sites\/311\/2021\/06\/41-600x600.jpg 600w, https:\/\/www.executivehotelsiena.com\/wp-content\/uploads\/sites\/311\/2021\/06\/41-1000x1000.jpg 1000w, https:\/\/www.executivehotelsiena.com\/wp-content\/uploads\/sites\/311\/2021\/06\/41.jpg 1080w\" sizes=\"auto, (max-width: 300px) 100vw, 300px\" \/><\/p>\n<ul>\n<li><strong>Besafe Rate Annullierung Politik<\/strong>Der Besafe-Tarif garantiert eine Stornierung aufgrund unerwarteter Ereignisse und bietet eine bis zu 100% ige R\u00fcckerstattung der gesamten Unterkunft gem\u00e4\u00df der zum Zeitpunkt der Buchung gezeichneten Versicherungspolice.<strong>\u00a0<\/strong>\n<p><strong>Besafe-Ratenzahlungsrichtlinie<\/strong><\/p>\n<p>Der Gesamtbetrag Ihres Aufenthaltes wird zum Zeitpunkt der Buchung f\u00e4llig.<\/p>\n<p>Steuern und Servicegeb\u00fchren: 10% Mehrwertsteuer ist inbegriffen. City Tax sind nicht inbegriffen.<\/li>\n<\/ul>\n","protected":false},"excerpt":{"rendered":"<p>Der Tarif, der Sie und Ihre Angeh\u00f6rigen vor unvorhergesehenen Ereignissen sch\u00fctzt und Ihnen eine R\u00fcckerstattung von bis zu 100% im Falle einer Stornierung sowie Assistenz w\u00e4hrend Ihres Aufenthalts f\u00fcr alle in der Versicherungsakte angegebenen Gr\u00fcnde garantiert. Der Versicherungsschutz ist kostenlos und gilt f\u00fcr alle Teilnehmer des Aufenthalts vom Zeitpunkt der Buchung bis zum Check-out. Von [&hellip;]<\/p>\n","protected":false},"author":6,"featured_media":0,"parent":0,"menu_order":40,"comment_status":"closed","ping_status":"closed","template":"template-default-2.php","meta":{"footnotes":""},"class_list":["post-234","page","type-page","status-publish","hentry"],"yoast_head":"<!-- This site is optimized with the Yoast SEO plugin v26.9 - https:\/\/yoast.com\/product\/yoast-seo-wordpress\/ -->\n<title>Garantiert bester Online-Preis BeSafe - Executive Hotel Siena<\/title>\n<meta name=\"description\" content=\"Der Tarif, der Sie und Ihre Angeh\u00f6rigen vor unvorhergesehenen Ereignissen sch\u00fctzt und Ihnen eine R\u00fcckerstattung von bis zu 100% im Falle einer Stornierung sowie Assistenz w\u00e4hrend Ihres Aufenthalts f\u00fcr alle in der Versicherungsakte angegebenen Gr\u00fcnde garantiert. Der Versicherungsschutz ist kostenlos und gilt f\u00fcr alle Teilnehmer des Aufenthalts vom Zeitpunkt der Buchung bis zum Check-out\" \/>\n<meta name=\"robots\" content=\"index, follow, max-snippet:-1, max-image-preview:large, max-video-preview:-1\" \/>\n<link rel=\"canonical\" href=\"https:\/\/www.executivehotelsiena.com\/de\/garantiert-bester-online-preis-besafe\/\" \/>\n<meta property=\"og:locale\" content=\"de_DE\" \/>\n<meta property=\"og:type\" content=\"article\" \/>\n<meta property=\"og:title\" content=\"Garantiert bester Online-Preis BeSafe - Executive Hotel Siena\" \/>\n<meta property=\"og:description\" content=\"Der Tarif, der Sie und Ihre Angeh\u00f6rigen vor unvorhergesehenen Ereignissen sch\u00fctzt und Ihnen eine R\u00fcckerstattung von bis zu 100% im Falle einer Stornierung sowie Assistenz w\u00e4hrend Ihres Aufenthalts f\u00fcr alle in der Versicherungsakte angegebenen Gr\u00fcnde garantiert. Der Versicherungsschutz ist kostenlos und gilt f\u00fcr alle Teilnehmer des Aufenthalts vom Zeitpunkt der Buchung bis zum Check-out\" \/>\n<meta property=\"og:url\" content=\"https:\/\/www.executivehotelsiena.com\/de\/garantiert-bester-online-preis-besafe\/\" \/>\n<meta property=\"og:site_name\" content=\"Executive Hotel Siena\" \/>\n<meta property=\"article:modified_time\" content=\"2021-07-13T08:11:24+00:00\" \/>\n<meta property=\"og:image\" content=\"https:\/\/executivesiena.ms.decms.eu\/wp-content\/uploads\/sites\/311\/2021\/06\/41-300x300.jpg\" \/>\n<meta name=\"twitter:card\" content=\"summary_large_image\" \/>\n<meta name=\"twitter:label1\" content=\"Gesch\u00e4tzte Lesezeit\" \/>\n\t<meta name=\"twitter:data1\" content=\"1 Minute\" \/>\n<script type=\"application\/ld+json\" class=\"yoast-schema-graph\">{\"@context\":\"https:\/\/schema.org\",\"@graph\":[{\"@type\":\"WebPage\",\"@id\":\"https:\/\/www.executivehotelsiena.com\/de\/garantiert-bester-online-preis-besafe\/\",\"url\":\"https:\/\/www.executivehotelsiena.com\/de\/garantiert-bester-online-preis-besafe\/\",\"name\":\"Garantiert bester Online-Preis BeSafe - Executive Hotel Siena\",\"isPartOf\":{\"@id\":\"https:\/\/www.executivehotelsiena.com\/de\/#website\"},\"primaryImageOfPage\":{\"@id\":\"https:\/\/www.executivehotelsiena.com\/de\/garantiert-bester-online-preis-besafe\/#primaryimage\"},\"image\":{\"@id\":\"https:\/\/www.executivehotelsiena.com\/de\/garantiert-bester-online-preis-besafe\/#primaryimage\"},\"thumbnailUrl\":\"https:\/\/executivesiena.ms.decms.eu\/wp-content\/uploads\/sites\/311\/2021\/06\/41-300x300.jpg\",\"datePublished\":\"2021-06-21T09:51:10+00:00\",\"dateModified\":\"2021-07-13T08:11:24+00:00\",\"description\":\"Der Tarif, der Sie und Ihre Angeh\u00f6rigen vor unvorhergesehenen Ereignissen sch\u00fctzt und Ihnen eine R\u00fcckerstattung von bis zu 100% im Falle einer Stornierung sowie Assistenz w\u00e4hrend Ihres Aufenthalts f\u00fcr alle in der Versicherungsakte angegebenen Gr\u00fcnde garantiert. Der Versicherungsschutz ist kostenlos und gilt f\u00fcr alle Teilnehmer des Aufenthalts vom Zeitpunkt der Buchung bis zum Check-out\",\"breadcrumb\":{\"@id\":\"https:\/\/www.executivehotelsiena.com\/de\/garantiert-bester-online-preis-besafe\/#breadcrumb\"},\"inLanguage\":\"de-DE\",\"potentialAction\":[{\"@type\":\"ReadAction\",\"target\":[\"https:\/\/www.executivehotelsiena.com\/de\/garantiert-bester-online-preis-besafe\/\"]}]},{\"@type\":\"ImageObject\",\"inLanguage\":\"de-DE\",\"@id\":\"https:\/\/www.executivehotelsiena.com\/de\/garantiert-bester-online-preis-besafe\/#primaryimage\",\"url\":\"https:\/\/executivesiena.ms.decms.eu\/wp-content\/uploads\/sites\/311\/2021\/06\/41-300x300.jpg\",\"contentUrl\":\"https:\/\/executivesiena.ms.decms.eu\/wp-content\/uploads\/sites\/311\/2021\/06\/41-300x300.jpg\"},{\"@type\":\"BreadcrumbList\",\"@id\":\"https:\/\/www.executivehotelsiena.com\/de\/garantiert-bester-online-preis-besafe\/#breadcrumb\",\"itemListElement\":[{\"@type\":\"ListItem\",\"position\":1,\"name\":\"Home\",\"item\":\"https:\/\/www.executivehotelsiena.com\/de\/\"},{\"@type\":\"ListItem\",\"position\":2,\"name\":\"Garantiert bester Online-Preis BeSafe\"}]},{\"@type\":\"WebSite\",\"@id\":\"https:\/\/www.executivehotelsiena.com\/de\/#website\",\"url\":\"https:\/\/www.executivehotelsiena.com\/de\/\",\"name\":\"Executive Hotel Siena\",\"description\":\"Just another ms.decms.eu site\",\"potentialAction\":[{\"@type\":\"SearchAction\",\"target\":{\"@type\":\"EntryPoint\",\"urlTemplate\":\"https:\/\/www.executivehotelsiena.com\/de\/?s={search_term_string}\"},\"query-input\":{\"@type\":\"PropertyValueSpecification\",\"valueRequired\":true,\"valueName\":\"search_term_string\"}}],\"inLanguage\":\"de-DE\"}]}<\/script>\n<!-- \/ Yoast SEO plugin. -->","yoast_head_json":{"title":"Garantiert bester Online-Preis BeSafe - Executive Hotel Siena","description":"Der Tarif, der Sie und Ihre Angeh\u00f6rigen vor unvorhergesehenen Ereignissen sch\u00fctzt und Ihnen eine R\u00fcckerstattung von bis zu 100% im Falle einer Stornierung sowie Assistenz w\u00e4hrend Ihres Aufenthalts f\u00fcr alle in der Versicherungsakte angegebenen Gr\u00fcnde garantiert. Der Versicherungsschutz ist kostenlos und gilt f\u00fcr alle Teilnehmer des Aufenthalts vom Zeitpunkt der Buchung bis zum Check-out","robots":{"index":"index","follow":"follow","max-snippet":"max-snippet:-1","max-image-preview":"max-image-preview:large","max-video-preview":"max-video-preview:-1"},"canonical":"https:\/\/www.executivehotelsiena.com\/de\/garantiert-bester-online-preis-besafe\/","og_locale":"de_DE","og_type":"article","og_title":"Garantiert bester Online-Preis BeSafe - Executive Hotel Siena","og_description":"Der Tarif, der Sie und Ihre Angeh\u00f6rigen vor unvorhergesehenen Ereignissen sch\u00fctzt und Ihnen eine R\u00fcckerstattung von bis zu 100% im Falle einer Stornierung sowie Assistenz w\u00e4hrend Ihres Aufenthalts f\u00fcr alle in der Versicherungsakte angegebenen Gr\u00fcnde garantiert. Der Versicherungsschutz ist kostenlos und gilt f\u00fcr alle Teilnehmer des Aufenthalts vom Zeitpunkt der Buchung bis zum Check-out","og_url":"https:\/\/www.executivehotelsiena.com\/de\/garantiert-bester-online-preis-besafe\/","og_site_name":"Executive Hotel Siena","article_modified_time":"2021-07-13T08:11:24+00:00","og_image":[{"url":"https:\/\/executivesiena.ms.decms.eu\/wp-content\/uploads\/sites\/311\/2021\/06\/41-300x300.jpg","type":"","width":"","height":""}],"twitter_card":"summary_large_image","twitter_misc":{"Gesch\u00e4tzte Lesezeit":"1 Minute"},"schema":{"@context":"https:\/\/schema.org","@graph":[{"@type":"WebPage","@id":"https:\/\/www.executivehotelsiena.com\/de\/garantiert-bester-online-preis-besafe\/","url":"https:\/\/www.executivehotelsiena.com\/de\/garantiert-bester-online-preis-besafe\/","name":"Garantiert bester Online-Preis BeSafe - Executive Hotel Siena","isPartOf":{"@id":"https:\/\/www.executivehotelsiena.com\/de\/#website"},"primaryImageOfPage":{"@id":"https:\/\/www.executivehotelsiena.com\/de\/garantiert-bester-online-preis-besafe\/#primaryimage"},"image":{"@id":"https:\/\/www.executivehotelsiena.com\/de\/garantiert-bester-online-preis-besafe\/#primaryimage"},"thumbnailUrl":"https:\/\/executivesiena.ms.decms.eu\/wp-content\/uploads\/sites\/311\/2021\/06\/41-300x300.jpg","datePublished":"2021-06-21T09:51:10+00:00","dateModified":"2021-07-13T08:11:24+00:00","description":"Der Tarif, der Sie und Ihre Angeh\u00f6rigen vor unvorhergesehenen Ereignissen sch\u00fctzt und Ihnen eine R\u00fcckerstattung von bis zu 100% im Falle einer Stornierung sowie Assistenz w\u00e4hrend Ihres Aufenthalts f\u00fcr alle in der Versicherungsakte angegebenen Gr\u00fcnde garantiert. Der Versicherungsschutz ist kostenlos und gilt f\u00fcr alle Teilnehmer des Aufenthalts vom Zeitpunkt der Buchung bis zum Check-out","breadcrumb":{"@id":"https:\/\/www.executivehotelsiena.com\/de\/garantiert-bester-online-preis-besafe\/#breadcrumb"},"inLanguage":"de-DE","potentialAction":[{"@type":"ReadAction","target":["https:\/\/www.executivehotelsiena.com\/de\/garantiert-bester-online-preis-besafe\/"]}]},{"@type":"ImageObject","inLanguage":"de-DE","@id":"https:\/\/www.executivehotelsiena.com\/de\/garantiert-bester-online-preis-besafe\/#primaryimage","url":"https:\/\/executivesiena.ms.decms.eu\/wp-content\/uploads\/sites\/311\/2021\/06\/41-300x300.jpg","contentUrl":"https:\/\/executivesiena.ms.decms.eu\/wp-content\/uploads\/sites\/311\/2021\/06\/41-300x300.jpg"},{"@type":"BreadcrumbList","@id":"https:\/\/www.executivehotelsiena.com\/de\/garantiert-bester-online-preis-besafe\/#breadcrumb","itemListElement":[{"@type":"ListItem","position":1,"name":"Home","item":"https:\/\/www.executivehotelsiena.com\/de\/"},{"@type":"ListItem","position":2,"name":"Garantiert bester Online-Preis BeSafe"}]},{"@type":"WebSite","@id":"https:\/\/www.executivehotelsiena.com\/de\/#website","url":"https:\/\/www.executivehotelsiena.com\/de\/","name":"Executive Hotel Siena","description":"Just another ms.decms.eu site","potentialAction":[{"@type":"SearchAction","target":{"@type":"EntryPoint","urlTemplate":"https:\/\/www.executivehotelsiena.com\/de\/?s={search_term_string}"},"query-input":{"@type":"PropertyValueSpecification","valueRequired":true,"valueName":"search_term_string"}}],"inLanguage":"de-DE"}]}},"acf":[],"_links":{"self":[{"href":"https:\/\/www.executivehotelsiena.com\/de\/wp-json\/wp\/v2\/pages\/234","targetHints":{"allow":["GET"]}}],"collection":[{"href":"https:\/\/www.executivehotelsiena.com\/de\/wp-json\/wp\/v2\/pages"}],"about":[{"href":"https:\/\/www.executivehotelsiena.com\/de\/wp-json\/wp\/v2\/types\/page"}],"author":[{"embeddable":true,"href":"https:\/\/www.executivehotelsiena.com\/de\/wp-json\/wp\/v2\/users\/6"}],"replies":[{"embeddable":true,"href":"https:\/\/www.executivehotelsiena.com\/de\/wp-json\/wp\/v2\/comments?post=234"}],"version-history":[{"count":0,"href":"https:\/\/www.executivehotelsiena.com\/de\/wp-json\/wp\/v2\/pages\/234\/revisions"}],"wp:attachment":[{"href":"https:\/\/www.executivehotelsiena.com\/de\/wp-json\/wp\/v2\/media?parent=234"}],"curies":[{"name":"wp","href":"https:\/\/api.w.org\/{rel}","templated":true}]}}