{"id":439,"date":"2021-07-02T14:18:44","date_gmt":"2021-07-02T14:18:44","guid":{"rendered":"https:\/\/executivesiena.ms.decms.eu\/7-percorsi\/"},"modified":"2021-07-16T12:53:43","modified_gmt":"2021-07-16T12:53:43","slug":"7-routen-in-7-tagen","status":"publish","type":"page","link":"https:\/\/www.executivehotelsiena.com\/de\/7-routen-in-7-tagen\/","title":{"rendered":"7 Routen in 7 Tagen"},"content":{"rendered":"<p><img loading=\"lazy\" decoding=\"async\" class=\"alignnone size-medium wp-image-488\" src=\"http:\/\/www.executivehotelsiena.com\/wp-content\/uploads\/sites\/311\/2021\/07\/Progetto-senza-titolo-300x300.png\" alt=\"\" width=\"300\" height=\"300\" srcset=\"https:\/\/www.executivehotelsiena.com\/wp-content\/uploads\/sites\/311\/2021\/07\/Progetto-senza-titolo-300x300.png 300w, https:\/\/www.executivehotelsiena.com\/wp-content\/uploads\/sites\/311\/2021\/07\/Progetto-senza-titolo-150x150.png 150w, https:\/\/www.executivehotelsiena.com\/wp-content\/uploads\/sites\/311\/2021\/07\/Progetto-senza-titolo-200x200.png 200w, https:\/\/www.executivehotelsiena.com\/wp-content\/uploads\/sites\/311\/2021\/07\/Progetto-senza-titolo.png 500w\" sizes=\"auto, (max-width: 300px) 100vw, 300px\" \/><\/p>\n<p>Das Gebiet um Siena ist reich an Wanderwegen, die Landschaften und Emotionen aller Art bieten, dank eines Gebiets, das die traditionelle landwirtschaftliche Struktur bewahrt und die Harmonie zwischen Mensch und Natur bewahrt hat.<\/p>\n<p>Siena ist in der Tat f\u00fchrend im Vorschlag eines nachhaltigen Tourismus durch die Verbreitung des langsamen und bewussten Gehens, das darauf abzielt, die k\u00f6rperliche und geistige Gesundheit der Person zu f\u00f6rdern.<\/p>\n<p>Nachfolgend finden Sie unseren Vorschlag von 7 Wanderrouten, die sowohl f\u00fcr Einzelwanderer als auch f\u00fcr Familien mit Kindern geeignet sind. 7 Routen in 7 Tagen, um die herrliche Landschaft rund um die Stadt Siena optimal zu nutzen.<\/p>\n","protected":false},"excerpt":{"rendered":"<p>Das Gebiet um Siena ist reich an Wanderwegen, die Landschaften und Emotionen aller Art bieten, dank eines Gebiets, das die traditionelle landwirtschaftliche Struktur bewahrt und die Harmonie zwischen Mensch und Natur bewahrt hat. Siena ist in der Tat f\u00fchrend im Vorschlag eines nachhaltigen Tourismus durch die Verbreitung des langsamen und bewussten Gehens, das darauf abzielt, [&hellip;]<\/p>\n","protected":false},"author":6,"featured_media":0,"parent":0,"menu_order":60,"comment_status":"closed","ping_status":"closed","template":"template-default-2.php","meta":{"footnotes":""},"class_list":["post-439","page","type-page","status-publish","hentry"],"yoast_head":"<!-- This site is optimized with the Yoast SEO plugin v26.9 - https:\/\/yoast.com\/product\/yoast-seo-wordpress\/ -->\n<title>7 Routen in 7 Tagen - Executive Hotel Siena<\/title>\n<meta name=\"description\" content=\"Das Gebiet um Siena ist reich an Wanderwegen, die Landschaften und Emotionen aller Art bieten, dank eines Gebiets, das die traditionelle landwirtschaftliche Struktur bewahrt und die Harmonie zwischen Mensch und Natur bewahrt hat.  Siena ist in der Tat f\u00fchrend im Vorschlag eines nachhaltigen Tourismus durch die Verbreitung des langsamen und bewussten Gehens, das darauf abzielt, die k\u00f6rperliche und geistige Gesundheit der Person zu f\u00f6rdern.  Nachfolgend finden Sie unseren Vorschlag von 7 Wanderrouten, die sowohl f\u00fcr Einzelwanderer als auch f\u00fcr Familien mit Kindern geeignet sind. 7 Routen in 7 Tagen, um die herrliche Landschaft rund um die Stadt Siena optimal zu nutzen.\" \/>\n<meta name=\"robots\" content=\"index, follow, max-snippet:-1, max-image-preview:large, max-video-preview:-1\" \/>\n<link rel=\"canonical\" href=\"https:\/\/www.executivehotelsiena.com\/de\/7-routen-in-7-tagen\/\" \/>\n<meta property=\"og:locale\" content=\"de_DE\" \/>\n<meta property=\"og:type\" content=\"article\" \/>\n<meta property=\"og:title\" content=\"7 Routen in 7 Tagen - Executive Hotel Siena\" \/>\n<meta property=\"og:description\" content=\"Das Gebiet um Siena ist reich an Wanderwegen, die Landschaften und Emotionen aller Art bieten, dank eines Gebiets, das die traditionelle landwirtschaftliche Struktur bewahrt und die Harmonie zwischen Mensch und Natur bewahrt hat.  Siena ist in der Tat f\u00fchrend im Vorschlag eines nachhaltigen Tourismus durch die Verbreitung des langsamen und bewussten Gehens, das darauf abzielt, die k\u00f6rperliche und geistige Gesundheit der Person zu f\u00f6rdern.  Nachfolgend finden Sie unseren Vorschlag von 7 Wanderrouten, die sowohl f\u00fcr Einzelwanderer als auch f\u00fcr Familien mit Kindern geeignet sind. 7 Routen in 7 Tagen, um die herrliche Landschaft rund um die Stadt Siena optimal zu nutzen.\" \/>\n<meta property=\"og:url\" content=\"https:\/\/www.executivehotelsiena.com\/de\/7-routen-in-7-tagen\/\" \/>\n<meta property=\"og:site_name\" content=\"Executive Hotel Siena\" \/>\n<meta property=\"article:modified_time\" content=\"2021-07-16T12:53:43+00:00\" \/>\n<meta property=\"og:image\" content=\"http:\/\/www.executivehotelsiena.com\/wp-content\/uploads\/sites\/311\/2021\/07\/Progetto-senza-titolo-300x300.png\" \/>\n<meta name=\"twitter:card\" content=\"summary_large_image\" \/>\n<meta name=\"twitter:label1\" content=\"Gesch\u00e4tzte Lesezeit\" \/>\n\t<meta name=\"twitter:data1\" content=\"1 Minute\" \/>\n<script type=\"application\/ld+json\" class=\"yoast-schema-graph\">{\"@context\":\"https:\/\/schema.org\",\"@graph\":[{\"@type\":\"WebPage\",\"@id\":\"https:\/\/www.executivehotelsiena.com\/de\/7-routen-in-7-tagen\/\",\"url\":\"https:\/\/www.executivehotelsiena.com\/de\/7-routen-in-7-tagen\/\",\"name\":\"7 Routen in 7 Tagen - Executive Hotel Siena\",\"isPartOf\":{\"@id\":\"https:\/\/www.executivehotelsiena.com\/de\/#website\"},\"primaryImageOfPage\":{\"@id\":\"https:\/\/www.executivehotelsiena.com\/de\/7-routen-in-7-tagen\/#primaryimage\"},\"image\":{\"@id\":\"https:\/\/www.executivehotelsiena.com\/de\/7-routen-in-7-tagen\/#primaryimage\"},\"thumbnailUrl\":\"http:\/\/www.executivehotelsiena.com\/wp-content\/uploads\/sites\/311\/2021\/07\/Progetto-senza-titolo-300x300.png\",\"datePublished\":\"2021-07-02T14:18:44+00:00\",\"dateModified\":\"2021-07-16T12:53:43+00:00\",\"description\":\"Das Gebiet um Siena ist reich an Wanderwegen, die Landschaften und Emotionen aller Art bieten, dank eines Gebiets, das die traditionelle landwirtschaftliche Struktur bewahrt und die Harmonie zwischen Mensch und Natur bewahrt hat. Siena ist in der Tat f\u00fchrend im Vorschlag eines nachhaltigen Tourismus durch die Verbreitung des langsamen und bewussten Gehens, das darauf abzielt, die k\u00f6rperliche und geistige Gesundheit der Person zu f\u00f6rdern. Nachfolgend finden Sie unseren Vorschlag von 7 Wanderrouten, die sowohl f\u00fcr Einzelwanderer als auch f\u00fcr Familien mit Kindern geeignet sind. 7 Routen in 7 Tagen, um die herrliche Landschaft rund um die Stadt Siena optimal zu nutzen.\",\"breadcrumb\":{\"@id\":\"https:\/\/www.executivehotelsiena.com\/de\/7-routen-in-7-tagen\/#breadcrumb\"},\"inLanguage\":\"de-DE\",\"potentialAction\":[{\"@type\":\"ReadAction\",\"target\":[\"https:\/\/www.executivehotelsiena.com\/de\/7-routen-in-7-tagen\/\"]}]},{\"@type\":\"ImageObject\",\"inLanguage\":\"de-DE\",\"@id\":\"https:\/\/www.executivehotelsiena.com\/de\/7-routen-in-7-tagen\/#primaryimage\",\"url\":\"http:\/\/www.executivehotelsiena.com\/wp-content\/uploads\/sites\/311\/2021\/07\/Progetto-senza-titolo-300x300.png\",\"contentUrl\":\"http:\/\/www.executivehotelsiena.com\/wp-content\/uploads\/sites\/311\/2021\/07\/Progetto-senza-titolo-300x300.png\"},{\"@type\":\"BreadcrumbList\",\"@id\":\"https:\/\/www.executivehotelsiena.com\/de\/7-routen-in-7-tagen\/#breadcrumb\",\"itemListElement\":[{\"@type\":\"ListItem\",\"position\":1,\"name\":\"Home\",\"item\":\"https:\/\/www.executivehotelsiena.com\/de\/\"},{\"@type\":\"ListItem\",\"position\":2,\"name\":\"7 Routen in 7 Tagen\"}]},{\"@type\":\"WebSite\",\"@id\":\"https:\/\/www.executivehotelsiena.com\/de\/#website\",\"url\":\"https:\/\/www.executivehotelsiena.com\/de\/\",\"name\":\"Executive Hotel Siena\",\"description\":\"Just another ms.decms.eu site\",\"potentialAction\":[{\"@type\":\"SearchAction\",\"target\":{\"@type\":\"EntryPoint\",\"urlTemplate\":\"https:\/\/www.executivehotelsiena.com\/de\/?s={search_term_string}\"},\"query-input\":{\"@type\":\"PropertyValueSpecification\",\"valueRequired\":true,\"valueName\":\"search_term_string\"}}],\"inLanguage\":\"de-DE\"}]}<\/script>\n<!-- \/ Yoast SEO plugin. -->","yoast_head_json":{"title":"7 Routen in 7 Tagen - Executive Hotel Siena","description":"Das Gebiet um Siena ist reich an Wanderwegen, die Landschaften und Emotionen aller Art bieten, dank eines Gebiets, das die traditionelle landwirtschaftliche Struktur bewahrt und die Harmonie zwischen Mensch und Natur bewahrt hat.  Siena ist in der Tat f\u00fchrend im Vorschlag eines nachhaltigen Tourismus durch die Verbreitung des langsamen und bewussten Gehens, das darauf abzielt, die k\u00f6rperliche und geistige Gesundheit der Person zu f\u00f6rdern.  Nachfolgend finden Sie unseren Vorschlag von 7 Wanderrouten, die sowohl f\u00fcr Einzelwanderer als auch f\u00fcr Familien mit Kindern geeignet sind. 7 Routen in 7 Tagen, um die herrliche Landschaft rund um die Stadt Siena optimal zu nutzen.","robots":{"index":"index","follow":"follow","max-snippet":"max-snippet:-1","max-image-preview":"max-image-preview:large","max-video-preview":"max-video-preview:-1"},"canonical":"https:\/\/www.executivehotelsiena.com\/de\/7-routen-in-7-tagen\/","og_locale":"de_DE","og_type":"article","og_title":"7 Routen in 7 Tagen - Executive Hotel Siena","og_description":"Das Gebiet um Siena ist reich an Wanderwegen, die Landschaften und Emotionen aller Art bieten, dank eines Gebiets, das die traditionelle landwirtschaftliche Struktur bewahrt und die Harmonie zwischen Mensch und Natur bewahrt hat.  Siena ist in der Tat f\u00fchrend im Vorschlag eines nachhaltigen Tourismus durch die Verbreitung des langsamen und bewussten Gehens, das darauf abzielt, die k\u00f6rperliche und geistige Gesundheit der Person zu f\u00f6rdern.  Nachfolgend finden Sie unseren Vorschlag von 7 Wanderrouten, die sowohl f\u00fcr Einzelwanderer als auch f\u00fcr Familien mit Kindern geeignet sind. 7 Routen in 7 Tagen, um die herrliche Landschaft rund um die Stadt Siena optimal zu nutzen.","og_url":"https:\/\/www.executivehotelsiena.com\/de\/7-routen-in-7-tagen\/","og_site_name":"Executive Hotel Siena","article_modified_time":"2021-07-16T12:53:43+00:00","og_image":[{"url":"http:\/\/www.executivehotelsiena.com\/wp-content\/uploads\/sites\/311\/2021\/07\/Progetto-senza-titolo-300x300.png","type":"","width":"","height":""}],"twitter_card":"summary_large_image","twitter_misc":{"Gesch\u00e4tzte Lesezeit":"1 Minute"},"schema":{"@context":"https:\/\/schema.org","@graph":[{"@type":"WebPage","@id":"https:\/\/www.executivehotelsiena.com\/de\/7-routen-in-7-tagen\/","url":"https:\/\/www.executivehotelsiena.com\/de\/7-routen-in-7-tagen\/","name":"7 Routen in 7 Tagen - Executive Hotel Siena","isPartOf":{"@id":"https:\/\/www.executivehotelsiena.com\/de\/#website"},"primaryImageOfPage":{"@id":"https:\/\/www.executivehotelsiena.com\/de\/7-routen-in-7-tagen\/#primaryimage"},"image":{"@id":"https:\/\/www.executivehotelsiena.com\/de\/7-routen-in-7-tagen\/#primaryimage"},"thumbnailUrl":"http:\/\/www.executivehotelsiena.com\/wp-content\/uploads\/sites\/311\/2021\/07\/Progetto-senza-titolo-300x300.png","datePublished":"2021-07-02T14:18:44+00:00","dateModified":"2021-07-16T12:53:43+00:00","description":"Das Gebiet um Siena ist reich an Wanderwegen, die Landschaften und Emotionen aller Art bieten, dank eines Gebiets, das die traditionelle landwirtschaftliche Struktur bewahrt und die Harmonie zwischen Mensch und Natur bewahrt hat. Siena ist in der Tat f\u00fchrend im Vorschlag eines nachhaltigen Tourismus durch die Verbreitung des langsamen und bewussten Gehens, das darauf abzielt, die k\u00f6rperliche und geistige Gesundheit der Person zu f\u00f6rdern. Nachfolgend finden Sie unseren Vorschlag von 7 Wanderrouten, die sowohl f\u00fcr Einzelwanderer als auch f\u00fcr Familien mit Kindern geeignet sind. 7 Routen in 7 Tagen, um die herrliche Landschaft rund um die Stadt Siena optimal zu nutzen.","breadcrumb":{"@id":"https:\/\/www.executivehotelsiena.com\/de\/7-routen-in-7-tagen\/#breadcrumb"},"inLanguage":"de-DE","potentialAction":[{"@type":"ReadAction","target":["https:\/\/www.executivehotelsiena.com\/de\/7-routen-in-7-tagen\/"]}]},{"@type":"ImageObject","inLanguage":"de-DE","@id":"https:\/\/www.executivehotelsiena.com\/de\/7-routen-in-7-tagen\/#primaryimage","url":"http:\/\/www.executivehotelsiena.com\/wp-content\/uploads\/sites\/311\/2021\/07\/Progetto-senza-titolo-300x300.png","contentUrl":"http:\/\/www.executivehotelsiena.com\/wp-content\/uploads\/sites\/311\/2021\/07\/Progetto-senza-titolo-300x300.png"},{"@type":"BreadcrumbList","@id":"https:\/\/www.executivehotelsiena.com\/de\/7-routen-in-7-tagen\/#breadcrumb","itemListElement":[{"@type":"ListItem","position":1,"name":"Home","item":"https:\/\/www.executivehotelsiena.com\/de\/"},{"@type":"ListItem","position":2,"name":"7 Routen in 7 Tagen"}]},{"@type":"WebSite","@id":"https:\/\/www.executivehotelsiena.com\/de\/#website","url":"https:\/\/www.executivehotelsiena.com\/de\/","name":"Executive Hotel Siena","description":"Just another ms.decms.eu site","potentialAction":[{"@type":"SearchAction","target":{"@type":"EntryPoint","urlTemplate":"https:\/\/www.executivehotelsiena.com\/de\/?s={search_term_string}"},"query-input":{"@type":"PropertyValueSpecification","valueRequired":true,"valueName":"search_term_string"}}],"inLanguage":"de-DE"}]}},"acf":[],"_links":{"self":[{"href":"https:\/\/www.executivehotelsiena.com\/de\/wp-json\/wp\/v2\/pages\/439","targetHints":{"allow":["GET"]}}],"collection":[{"href":"https:\/\/www.executivehotelsiena.com\/de\/wp-json\/wp\/v2\/pages"}],"about":[{"href":"https:\/\/www.executivehotelsiena.com\/de\/wp-json\/wp\/v2\/types\/page"}],"author":[{"embeddable":true,"href":"https:\/\/www.executivehotelsiena.com\/de\/wp-json\/wp\/v2\/users\/6"}],"replies":[{"embeddable":true,"href":"https:\/\/www.executivehotelsiena.com\/de\/wp-json\/wp\/v2\/comments?post=439"}],"version-history":[{"count":0,"href":"https:\/\/www.executivehotelsiena.com\/de\/wp-json\/wp\/v2\/pages\/439\/revisions"}],"wp:attachment":[{"href":"https:\/\/www.executivehotelsiena.com\/de\/wp-json\/wp\/v2\/media?parent=439"}],"curies":[{"name":"wp","href":"https:\/\/api.w.org\/{rel}","templated":true}]}}