{"id":611,"date":"2024-12-02T10:09:33","date_gmt":"2024-12-02T10:09:33","guid":{"rendered":"https:\/\/www.executivehotelsiena.com\/privacy-social\/"},"modified":"2024-12-02T10:09:33","modified_gmt":"2024-12-02T10:09:33","slug":"privacy-social","status":"publish","type":"page","link":"https:\/\/www.executivehotelsiena.com\/de\/privacy-social\/","title":{"rendered":"Privacy Social"},"content":{"rendered":"<p>Ai sensi dell\u2019art. 13 del Regolamento UE 2016\/679 ed in relazione alle informazioni di cui si entrer\u00e0 in possesso, ai fini della tutela delle persone e altri soggetti in materia di trattamento di dati personali, si informa quanto segue:<\/p>\n<p>INFORMAZIONI RACCOLTE DA SOCIAL NETWORK I social network (Facebook, Youtube, Instagram, Linkedin, X) svolgono la funzione di portali informativi sui prodotti forniti dalla ditta, servizi, eventi, approfondimenti, offerte e scontistiche.<br \/>\nLe piattaforme definibili \u201csocial\u201d utilizzate dalla ditta mediante la creazione di account ai quali vengono associate delle pagine dedicate sono, ad oggi, cinque ovvero: Facebook, Youtube, Instagram, Linkedin e X. Tali canali operano mediante l\u2019applicazione di policy privacy proprie ai quali l\u2019utente accede e ne prende visione con accettazione.<br \/>\nIn tal senso la gestione dei dati potenzialmente acquisibili e processabili avviene direttamente dalle piattaforme e l\u2019utente, in tal caso la ditta \u201cExecutive srl\u201d (di seguito la ditta), ne usufruisce nelle modalit\u00e0 e per gli scopi esplicitati nella presente sezione.<br \/>\nI contenuti riportati sono da intendersi quale implementazione delle policy privacy applicate dalle piattaforme social network verso le quali la ditta detiene un proprio account utilizzato solo ed esclusivamente per la presentazione dei propri prodotti e servizi e per le finalit\u00e0 esplicitate.<br \/>\nIn tal senso la ditta, quale soggetto giuridico dotato di un proprio organismo di gestione della privacy in accordo ed ai sensi del Reg. UE 2016\/679 e D.Lgs 101\/2018, viene sollevata da eventuali azioni poste in essere dai gestori delle piattaforme social network non conformi alla disciplina di riferimento e che possano potenzialmente ledere la libert\u00e0 delle persone fisiche.<br \/>\nSi riportano pertanto i riferimenti, consultabili in ogni momento e in continuo aggiornamento, in merito alle policy privacy applicate dalle piattaforme social network menzionate:<br \/>\nFacebook: https:\/\/it-it.facebook.com\/privacy\/explanation<br \/>\nYoutube: https:\/\/policies.google.com\/privacy?hl=it&amp;gl=it<br \/>\nInstagram: https:\/\/help.instagram.com\/519522125107875<br \/>\nLinkedin: https:\/\/www.linkedin.com\/legal\/privacy-policy?trk=homepage-basic_footer-privacy policy<br \/>\nX: https:\/\/X.com\/it\/privacy<\/p>\n<p>FINALIT\u00c0 DEL TRATTAMENTO DEI DATI RACCOLTI<br \/>\nI dati personali raccolti possono essere utilizzati per una serie di finalit\u00e0:<br \/>\n1) finalit\u00e0 connesse alla fornitura dei prodotti, presentazione degli stessi, servizi resi al consumatore, informazioni, eventi ed approfondimenti, offerte, scontistiche;<br \/>\n2) finalit\u00e0 rivolte ad assicurare il trattamento legittimo del dato e necessarie ad assicurare all\u2019utente un servizio che risponda esigenze e aspettative.<\/p>\n<p>BASE GIURIDICA DEL TRATTAMENTO<br \/>\nIl trattamento dei dati personali effettuato mediante piattaforme di social network viene effettuato sulla base di misure volte ad adempiere ad un obbligo legale con il consenso prestato dall\u2019interessato, in ogni momento liberamente revocabile.<br \/>\nDi seguito si riportano i principali casi di utilizzo dei dati personali dell&#8217;utente e le basi giuridiche su cui essi si fondano, per attivit\u00e0 inerenti le piattaforme da social network.<\/p>\n<p>ATTIVIT\u00c0 BASI GIURIDICHE<br \/>\nGestione delle richieste dell&#8217;utente<br \/>\nTrattamento dei dati per gestire le richieste inviate dall&#8217;utente attraverso social network.<br \/>\nLegittimo interesse a offrire un buon servizio attraverso il social network.<br \/>\nSicurezza della rete e delle informazioni<br \/>\nSalvaguardia della sicurezza della rete di comunicazione e delle informazioni in essa contenute, cos\u00ec da consentire la tutela dei dati dell&#8217;utente da perdite o danneggiamenti, furti e accessi non autorizzati.<br \/>\nAssicurare un&#8217;ubicazione razionale dei server.<br \/>\nObbligo di legge per garantire la sicurezza della rete di comunicazione e delle informazioni in essa contenute.<\/p>\n<p>PROTEZIONE DEI DATI<br \/>\nLa protezione dei dati raccolti si realizza, mediante idonee misure di sicurezza, considerando la natura, l\u2019oggetto, il contesto, le finalit\u00e0 del trattamento ed anche il rischio di probabilit\u00e0 e\/o gravit\u00e0 di lesione dei diritti e delle libert\u00e0 delle persone fisiche.<br \/>\nTutti i dati personali vengono trattati nel massimo rispetto della legge: sottoposti ad aggiornamenti e conservazione in tempi strettamente necessari alla fornitura dei prodotti richiesti dall\u2019interessato, secondo i tempi massimi previsti dalla legge.<br \/>\nIl processo di trattamento si realizza in completa sicurezza in modo da impedire l\u2019accesso a soggetti terzi; al contempo vengono garantiti e mai tralasciati i diritti dell\u2019interessato, di cui:<br \/>\n1) il diritto di accedere ai propri dati personali;<br \/>\n2) la possibilit\u00e0 di controllare l\u2019esattezza dei dati che lo riguardano;<br \/>\n3) la rettifica e\/o l\u2019integrazione degli stessi;<br \/>\n4) il diritto alla cancellazione o la limitazione del trattamento od opporsi allo stesso;<br \/>\n5) la possibilit\u00e0 di revocare il consenso prestato anche per singole tipologie di trattamento, nonch\u00e9 garantire la portabilit\u00e0 dei dati personali raccolti.<\/p>\n<p>QUALI DATI PERSONALI SONO RACCOLTI<br \/>\nI dati personali raccolti mediante social network nella sezione \u201cCONTATTI\u201d includono:<br \/>\n1) Nome o nickname;<br \/>\n2) Recapiti telefonici e email;<br \/>\n3) Corpo del Messaggio.<br \/>\nLe citate informazioni verranno utilizzate per le relative finalit\u00e0:<br \/>\n\uf0fc finalit\u00e0 connesse alla fornitura dei prodotti, presentazione degli stessi, servizi resi al consumatore, informazioni, eventi ed approfondimenti;<br \/>\n\uf0fc finalit\u00e0 rivolte ad assicurare il trattamento legittimo del dato e necessarie ad assicurare all\u2019utente un servizio che risponda esigenze e aspettative.<\/p>\n<p>TERMINI DI CONSERVAZIONE DEI DATI PERSONALI DELL&#8217;UTENTE<br \/>\nLa conservazione dei dati personali si realizza, nel rispetto degli obblighi di legge, per rispondere a richieste di chiarimenti\/risoluzioni di eventuali controversie e tutelare i legittimi interessi.<\/p>\n<p>SOGGETTI CON CUI CONDIVIDERE I DATI PERSONALI<br \/>\nI dati personali dell&#8217;utente possono essere condivisi con i seguenti soggetti:<br \/>\n1) Soggetti terzi che ne hanno necessit\u00e0 affinch\u00e9 si possano fornire i prodotti richiesti: a titolo esemplificativo si considerano gli incaricati coinvolti nell\u2019organizzazione del social network ovvero soggetti esterni (come fornitori di servizi tecnici terzi, hosting provider, societ\u00e0 informatiche, agenzie di comunicazione);<br \/>\n2) Laddove esista l&#8217;obbligo di comunicare o condividere i dati personali dell&#8217;utente per ottemperare a un obbligo di legge, per darvi applicazione o per indagare, con gli enti di polizia giudiziaria preposti, su violazioni vere o presunte.<\/p>\n<p>DIRITTI DELL&#8217;INTERESSATO<br \/>\nL\u2019interessato ha il diritto di chiedere in qualsiasi momento:<br \/>\n1) L&#8217;accesso ai dati personali, (e\/o una copia di tali Dati Personali), nonch\u00e9 ulteriori informazioni sui trattamenti in corso su di essi;<br \/>\n2) La rettifica o l\u2019aggiornamento dei dati personali trattati, laddove fossero incompleti o non aggiornati;<br \/>\n3) La cancellazione dei dati personali dai database, laddove ritenesse il trattamento non necessario o illegittimo;<br \/>\n4) La limitazione del trattamento dei dati personali, laddove ritenesse che questi non siano corretti, necessari o siano illegittimamente trattati, o laddove si fosse opposto al loro trattamento;<br \/>\n5) Di esercitare il suo diritto alla portabilit\u00e0 dei dati, ossia di ottenere in un formato strutturato, di uso comune e leggibile da dispositivo automatico una copia dei dati personali forniti che lo riguardano, o di richiederne la trasmissione ad un altro Titolare;<br \/>\n6) Di opporsi al trattamento dei dati personali;<br \/>\n7) Di revocare il suo consenso prestato per le finalit\u00e0 distinte da analisi statistiche e di marketing diretto. Per consentire un pi\u00f9 celere riscontro delle richieste formulate nell&#8217;esercizio dei suddetti diritti, le stesse potranno essere rivolte inviando anche copia di un documento di identit\u00e0, all&#8217;indirizzo postale della sede legale o all\u2019indirizzo mail: \u2026\u2026\u2026\u2026\u2026\u2026\u2026\u2026<\/p>\n<p>TUTELA DEI MINORI<br \/>\nAl fine di garantire la tutela dei minori, i servizi resi dalla ditta che possano determinare il porre in essere di potenziali obbligazioni contrattuali, sono riservati a soggetti giuridicamente \u201cabilitati\u201d nella misura in cui sulla base della normativa di riferimento, vengono rispettati i limiti, le modalit\u00e0 e i criteri di identificazione di soggetti \u201cminori\u201d e \u201cnon\u201d, nonch\u00e9 tutela di questi ultimi.<br \/>\nIn attuazione dell&#8217;art. 8, paragrafo 1, del Regolamento (UE) 2016\/679, il minore che abbia compiuto i sedici anni pu\u00f2 esprimere il consenso al trattamento dei propri dati personali.<br \/>\nCon riguardo a tali servizi, il trattamento dei dati personali del minore di et\u00e0 inferiore a sedici anni, fondato sull&#8217;art. 6, paragrafo 1, lettera a), del Regolamento (UE) 2016\/679, \u00e8 lecito a condizione che sia prestato da chi esercita la responsabilit\u00e0 genitoriale (Art. 2-quinquies).<br \/>\nIn ottemperanza a quanto riportato in merito alla tutela dei minori, occorre specificare che il D.Lgs 101\/2018 in attuazione di quanto gi\u00e0 espresso dal Regolamento UE 2016\/679 ha di fatto abbassato il limite anagrafico ad anni quattordici per richiedere per minori di et\u00e0 inferiore il consenso di chi ne esercita la responsabilit\u00e0 genitoriale.<\/p>\n","protected":false},"excerpt":{"rendered":"<p>Ai sensi dell\u2019art. 13 del Regolamento UE 2016\/679 ed in relazione alle informazioni di cui si entrer\u00e0 in possesso, ai fini della tutela delle persone e altri soggetti in materia di trattamento di dati personali, si informa quanto segue: INFORMAZIONI RACCOLTE DA SOCIAL NETWORK I social network (Facebook, Youtube, Instagram, Linkedin, X) svolgono la funzione [&hellip;]<\/p>\n","protected":false},"author":9,"featured_media":0,"parent":0,"menu_order":0,"comment_status":"closed","ping_status":"closed","template":"","meta":{"footnotes":""},"class_list":["post-611","page","type-page","status-publish","hentry"],"yoast_head":"<!-- This site is optimized with the Yoast SEO plugin v26.9 - https:\/\/yoast.com\/product\/yoast-seo-wordpress\/ -->\n<title>Privacy Social - Executive Hotel Siena<\/title>\n<meta name=\"description\" content=\"Ai sensi dell\u2019art. 13 del Regolamento UE 2016\/679 ed in relazione alle informazioni di cui si entrer\u00e0 in possesso, ai fini della tutela delle persone e altri soggetti in materia di trattamento di dati personali, si informa quanto segue:  INFORMAZIONI RACCOLTE DA SOCIAL NETWORK I social network (Facebook, Youtube, Instagram, Linkedin, X) svolgono la funzione di portali informativi sui prodotti forniti dalla ditta, servizi, eventi, approfondimenti, offerte e scontistiche. Le piattaforme definibili \u201csocial\u201d utilizzate dalla ditta mediante la creazione di account ai quali vengono associate delle pagine dedicate sono, ad oggi, cinque ovvero: Facebook, Youtube, Instagram, Linkedin e X\" \/>\n<meta name=\"robots\" content=\"index, follow, max-snippet:-1, max-image-preview:large, max-video-preview:-1\" \/>\n<link rel=\"canonical\" href=\"https:\/\/www.executivehotelsiena.com\/de\/privacy-social\/\" \/>\n<meta property=\"og:locale\" content=\"de_DE\" \/>\n<meta property=\"og:type\" content=\"article\" \/>\n<meta property=\"og:title\" content=\"Privacy Social - Executive Hotel Siena\" \/>\n<meta property=\"og:description\" content=\"Ai sensi dell\u2019art. 13 del Regolamento UE 2016\/679 ed in relazione alle informazioni di cui si entrer\u00e0 in possesso, ai fini della tutela delle persone e altri soggetti in materia di trattamento di dati personali, si informa quanto segue:  INFORMAZIONI RACCOLTE DA SOCIAL NETWORK I social network (Facebook, Youtube, Instagram, Linkedin, X) svolgono la funzione di portali informativi sui prodotti forniti dalla ditta, servizi, eventi, approfondimenti, offerte e scontistiche. Le piattaforme definibili \u201csocial\u201d utilizzate dalla ditta mediante la creazione di account ai quali vengono associate delle pagine dedicate sono, ad oggi, cinque ovvero: Facebook, Youtube, Instagram, Linkedin e X\" \/>\n<meta property=\"og:url\" content=\"https:\/\/www.executivehotelsiena.com\/de\/privacy-social\/\" \/>\n<meta property=\"og:site_name\" content=\"Executive Hotel Siena\" \/>\n<meta name=\"twitter:card\" content=\"summary_large_image\" \/>\n<meta name=\"twitter:label1\" content=\"Gesch\u00e4tzte Lesezeit\" \/>\n\t<meta name=\"twitter:data1\" content=\"6 Minuten\" \/>\n<script type=\"application\/ld+json\" class=\"yoast-schema-graph\">{\"@context\":\"https:\/\/schema.org\",\"@graph\":[{\"@type\":\"WebPage\",\"@id\":\"https:\/\/www.executivehotelsiena.com\/de\/privacy-social\/\",\"url\":\"https:\/\/www.executivehotelsiena.com\/de\/privacy-social\/\",\"name\":\"Privacy Social - Executive Hotel Siena\",\"isPartOf\":{\"@id\":\"https:\/\/www.executivehotelsiena.com\/de\/#website\"},\"datePublished\":\"2024-12-02T10:09:33+00:00\",\"description\":\"Ai sensi dell\u2019art. 13 del Regolamento UE 2016\/679 ed in relazione alle informazioni di cui si entrer\u00e0 in possesso, ai fini della tutela delle persone e altri soggetti in materia di trattamento di dati personali, si informa quanto segue: INFORMAZIONI RACCOLTE DA SOCIAL NETWORK I social network (Facebook, Youtube, Instagram, Linkedin, X) svolgono la funzione di portali informativi sui prodotti forniti dalla ditta, servizi, eventi, approfondimenti, offerte e scontistiche. Le piattaforme definibili \u201csocial\u201d utilizzate dalla ditta mediante la creazione di account ai quali vengono associate delle pagine dedicate sono, ad oggi, cinque ovvero: Facebook, Youtube, Instagram, Linkedin e X\",\"breadcrumb\":{\"@id\":\"https:\/\/www.executivehotelsiena.com\/de\/privacy-social\/#breadcrumb\"},\"inLanguage\":\"de-DE\",\"potentialAction\":[{\"@type\":\"ReadAction\",\"target\":[\"https:\/\/www.executivehotelsiena.com\/de\/privacy-social\/\"]}]},{\"@type\":\"BreadcrumbList\",\"@id\":\"https:\/\/www.executivehotelsiena.com\/de\/privacy-social\/#breadcrumb\",\"itemListElement\":[{\"@type\":\"ListItem\",\"position\":1,\"name\":\"Home\",\"item\":\"https:\/\/www.executivehotelsiena.com\/de\/\"},{\"@type\":\"ListItem\",\"position\":2,\"name\":\"Privacy Social\"}]},{\"@type\":\"WebSite\",\"@id\":\"https:\/\/www.executivehotelsiena.com\/de\/#website\",\"url\":\"https:\/\/www.executivehotelsiena.com\/de\/\",\"name\":\"Executive Hotel Siena\",\"description\":\"Just another ms.decms.eu site\",\"potentialAction\":[{\"@type\":\"SearchAction\",\"target\":{\"@type\":\"EntryPoint\",\"urlTemplate\":\"https:\/\/www.executivehotelsiena.com\/de\/?s={search_term_string}\"},\"query-input\":{\"@type\":\"PropertyValueSpecification\",\"valueRequired\":true,\"valueName\":\"search_term_string\"}}],\"inLanguage\":\"de-DE\"}]}<\/script>\n<!-- \/ Yoast SEO plugin. -->","yoast_head_json":{"title":"Privacy Social - Executive Hotel Siena","description":"Ai sensi dell\u2019art. 13 del Regolamento UE 2016\/679 ed in relazione alle informazioni di cui si entrer\u00e0 in possesso, ai fini della tutela delle persone e altri soggetti in materia di trattamento di dati personali, si informa quanto segue:  INFORMAZIONI RACCOLTE DA SOCIAL NETWORK I social network (Facebook, Youtube, Instagram, Linkedin, X) svolgono la funzione di portali informativi sui prodotti forniti dalla ditta, servizi, eventi, approfondimenti, offerte e scontistiche. Le piattaforme definibili \u201csocial\u201d utilizzate dalla ditta mediante la creazione di account ai quali vengono associate delle pagine dedicate sono, ad oggi, cinque ovvero: Facebook, Youtube, Instagram, Linkedin e X","robots":{"index":"index","follow":"follow","max-snippet":"max-snippet:-1","max-image-preview":"max-image-preview:large","max-video-preview":"max-video-preview:-1"},"canonical":"https:\/\/www.executivehotelsiena.com\/de\/privacy-social\/","og_locale":"de_DE","og_type":"article","og_title":"Privacy Social - Executive Hotel Siena","og_description":"Ai sensi dell\u2019art. 13 del Regolamento UE 2016\/679 ed in relazione alle informazioni di cui si entrer\u00e0 in possesso, ai fini della tutela delle persone e altri soggetti in materia di trattamento di dati personali, si informa quanto segue:  INFORMAZIONI RACCOLTE DA SOCIAL NETWORK I social network (Facebook, Youtube, Instagram, Linkedin, X) svolgono la funzione di portali informativi sui prodotti forniti dalla ditta, servizi, eventi, approfondimenti, offerte e scontistiche. Le piattaforme definibili \u201csocial\u201d utilizzate dalla ditta mediante la creazione di account ai quali vengono associate delle pagine dedicate sono, ad oggi, cinque ovvero: Facebook, Youtube, Instagram, Linkedin e X","og_url":"https:\/\/www.executivehotelsiena.com\/de\/privacy-social\/","og_site_name":"Executive Hotel Siena","twitter_card":"summary_large_image","twitter_misc":{"Gesch\u00e4tzte Lesezeit":"6 Minuten"},"schema":{"@context":"https:\/\/schema.org","@graph":[{"@type":"WebPage","@id":"https:\/\/www.executivehotelsiena.com\/de\/privacy-social\/","url":"https:\/\/www.executivehotelsiena.com\/de\/privacy-social\/","name":"Privacy Social - Executive Hotel Siena","isPartOf":{"@id":"https:\/\/www.executivehotelsiena.com\/de\/#website"},"datePublished":"2024-12-02T10:09:33+00:00","description":"Ai sensi dell\u2019art. 13 del Regolamento UE 2016\/679 ed in relazione alle informazioni di cui si entrer\u00e0 in possesso, ai fini della tutela delle persone e altri soggetti in materia di trattamento di dati personali, si informa quanto segue: INFORMAZIONI RACCOLTE DA SOCIAL NETWORK I social network (Facebook, Youtube, Instagram, Linkedin, X) svolgono la funzione di portali informativi sui prodotti forniti dalla ditta, servizi, eventi, approfondimenti, offerte e scontistiche. Le piattaforme definibili \u201csocial\u201d utilizzate dalla ditta mediante la creazione di account ai quali vengono associate delle pagine dedicate sono, ad oggi, cinque ovvero: Facebook, Youtube, Instagram, Linkedin e X","breadcrumb":{"@id":"https:\/\/www.executivehotelsiena.com\/de\/privacy-social\/#breadcrumb"},"inLanguage":"de-DE","potentialAction":[{"@type":"ReadAction","target":["https:\/\/www.executivehotelsiena.com\/de\/privacy-social\/"]}]},{"@type":"BreadcrumbList","@id":"https:\/\/www.executivehotelsiena.com\/de\/privacy-social\/#breadcrumb","itemListElement":[{"@type":"ListItem","position":1,"name":"Home","item":"https:\/\/www.executivehotelsiena.com\/de\/"},{"@type":"ListItem","position":2,"name":"Privacy Social"}]},{"@type":"WebSite","@id":"https:\/\/www.executivehotelsiena.com\/de\/#website","url":"https:\/\/www.executivehotelsiena.com\/de\/","name":"Executive Hotel Siena","description":"Just another ms.decms.eu site","potentialAction":[{"@type":"SearchAction","target":{"@type":"EntryPoint","urlTemplate":"https:\/\/www.executivehotelsiena.com\/de\/?s={search_term_string}"},"query-input":{"@type":"PropertyValueSpecification","valueRequired":true,"valueName":"search_term_string"}}],"inLanguage":"de-DE"}]}},"acf":[],"_links":{"self":[{"href":"https:\/\/www.executivehotelsiena.com\/de\/wp-json\/wp\/v2\/pages\/611","targetHints":{"allow":["GET"]}}],"collection":[{"href":"https:\/\/www.executivehotelsiena.com\/de\/wp-json\/wp\/v2\/pages"}],"about":[{"href":"https:\/\/www.executivehotelsiena.com\/de\/wp-json\/wp\/v2\/types\/page"}],"author":[{"embeddable":true,"href":"https:\/\/www.executivehotelsiena.com\/de\/wp-json\/wp\/v2\/users\/9"}],"replies":[{"embeddable":true,"href":"https:\/\/www.executivehotelsiena.com\/de\/wp-json\/wp\/v2\/comments?post=611"}],"version-history":[{"count":0,"href":"https:\/\/www.executivehotelsiena.com\/de\/wp-json\/wp\/v2\/pages\/611\/revisions"}],"wp:attachment":[{"href":"https:\/\/www.executivehotelsiena.com\/de\/wp-json\/wp\/v2\/media?parent=611"}],"curies":[{"name":"wp","href":"https:\/\/api.w.org\/{rel}","templated":true}]}}