{"id":631,"date":"2025-10-03T09:27:53","date_gmt":"2025-10-03T09:27:53","guid":{"rendered":"https:\/\/www.executivehotelsiena.com\/?page_id=631"},"modified":"2025-10-03T14:06:48","modified_gmt":"2025-10-03T14:06:48","slug":"serviceleistungen","status":"publish","type":"page","link":"https:\/\/www.executivehotelsiena.com\/de\/serviceleistungen\/","title":{"rendered":"Serviceleistungen"},"content":{"rendered":"<p>Im Executive Hotel Siena ist jedes Detail darauf ausgelegt, Ihnen Komfort, Bequemlichkeit und einen Hauch von Exklusivit\u00e4t zu bieten.<\/p>\n<p>Von kulinarischen Gen\u00fcssen bis hin zu Dienstleistungen, die Ihren Aufenthalt erleichtern, finden Sie alles, was Sie f\u00fcr ein unbeschwertes Erlebnis in einer eleganten und einladenden Atmosph\u00e4re ben\u00f6tigen.<\/p>\n","protected":false},"excerpt":{"rendered":"<p>Im Executive Hotel Siena ist jedes Detail darauf ausgelegt, Ihnen Komfort, Bequemlichkeit und einen Hauch von Exklusivit\u00e4t zu bieten. Von kulinarischen Gen\u00fcssen bis hin zu Dienstleistungen, die Ihren Aufenthalt erleichtern, finden Sie alles, was Sie f\u00fcr ein unbeschwertes Erlebnis in einer eleganten und einladenden Atmosph\u00e4re ben\u00f6tigen.<\/p>\n","protected":false},"author":699,"featured_media":0,"parent":0,"menu_order":110,"comment_status":"closed","ping_status":"closed","template":"template-default-3.php","meta":{"footnotes":""},"class_list":["post-631","page","type-page","status-publish","hentry"],"yoast_head":"<!-- This site is optimized with the Yoast SEO plugin v26.9 - https:\/\/yoast.com\/product\/yoast-seo-wordpress\/ -->\n<title>Serviceleistungen - Executive Hotel Siena<\/title>\n<meta name=\"description\" content=\"Im Executive Hotel Siena ist jedes Detail darauf ausgelegt, Ihnen Komfort, Bequemlichkeit und einen Hauch von Exklusivit\u00e4t zu bieten.  Von kulinarischen Gen\u00fcssen bis hin zu Dienstleistungen, die Ihren Aufenthalt erleichtern, finden Sie alles, was Sie f\u00fcr ein unbeschwertes Erlebnis in einer eleganten und einladenden Atmosph\u00e4re ben\u00f6tigen..\" \/>\n<meta name=\"robots\" content=\"index, follow, max-snippet:-1, max-image-preview:large, max-video-preview:-1\" \/>\n<link rel=\"canonical\" href=\"https:\/\/www.executivehotelsiena.com\/de\/serviceleistungen\/\" \/>\n<meta property=\"og:locale\" content=\"de_DE\" \/>\n<meta property=\"og:type\" content=\"article\" \/>\n<meta property=\"og:title\" content=\"Serviceleistungen - Executive Hotel Siena\" \/>\n<meta property=\"og:description\" content=\"Im Executive Hotel Siena ist jedes Detail darauf ausgelegt, Ihnen Komfort, Bequemlichkeit und einen Hauch von Exklusivit\u00e4t zu bieten.  Von kulinarischen Gen\u00fcssen bis hin zu Dienstleistungen, die Ihren Aufenthalt erleichtern, finden Sie alles, was Sie f\u00fcr ein unbeschwertes Erlebnis in einer eleganten und einladenden Atmosph\u00e4re ben\u00f6tigen..\" \/>\n<meta property=\"og:url\" content=\"https:\/\/www.executivehotelsiena.com\/de\/serviceleistungen\/\" \/>\n<meta property=\"og:site_name\" content=\"Executive Hotel Siena\" \/>\n<meta property=\"article:modified_time\" content=\"2025-10-03T14:06:48+00:00\" \/>\n<meta name=\"twitter:card\" content=\"summary_large_image\" \/>\n<meta name=\"twitter:label1\" content=\"Gesch\u00e4tzte Lesezeit\" \/>\n\t<meta name=\"twitter:data1\" content=\"1 Minute\" \/>\n<script type=\"application\/ld+json\" class=\"yoast-schema-graph\">{\"@context\":\"https:\/\/schema.org\",\"@graph\":[{\"@type\":\"WebPage\",\"@id\":\"https:\/\/www.executivehotelsiena.com\/de\/serviceleistungen\/\",\"url\":\"https:\/\/www.executivehotelsiena.com\/de\/serviceleistungen\/\",\"name\":\"Serviceleistungen - Executive Hotel Siena\",\"isPartOf\":{\"@id\":\"https:\/\/www.executivehotelsiena.com\/de\/#website\"},\"datePublished\":\"2025-10-03T09:27:53+00:00\",\"dateModified\":\"2025-10-03T14:06:48+00:00\",\"description\":\"Im Executive Hotel Siena ist jedes Detail darauf ausgelegt, Ihnen Komfort, Bequemlichkeit und einen Hauch von Exklusivit\u00e4t zu bieten. Von kulinarischen Gen\u00fcssen bis hin zu Dienstleistungen, die Ihren Aufenthalt erleichtern, finden Sie alles, was Sie f\u00fcr ein unbeschwertes Erlebnis in einer eleganten und einladenden Atmosph\u00e4re ben\u00f6tigen..\",\"breadcrumb\":{\"@id\":\"https:\/\/www.executivehotelsiena.com\/de\/serviceleistungen\/#breadcrumb\"},\"inLanguage\":\"de-DE\",\"potentialAction\":[{\"@type\":\"ReadAction\",\"target\":[\"https:\/\/www.executivehotelsiena.com\/de\/serviceleistungen\/\"]}]},{\"@type\":\"BreadcrumbList\",\"@id\":\"https:\/\/www.executivehotelsiena.com\/de\/serviceleistungen\/#breadcrumb\",\"itemListElement\":[{\"@type\":\"ListItem\",\"position\":1,\"name\":\"Home\",\"item\":\"https:\/\/www.executivehotelsiena.com\/de\/\"},{\"@type\":\"ListItem\",\"position\":2,\"name\":\"Serviceleistungen\"}]},{\"@type\":\"WebSite\",\"@id\":\"https:\/\/www.executivehotelsiena.com\/de\/#website\",\"url\":\"https:\/\/www.executivehotelsiena.com\/de\/\",\"name\":\"Executive Hotel Siena\",\"description\":\"Just another ms.decms.eu site\",\"potentialAction\":[{\"@type\":\"SearchAction\",\"target\":{\"@type\":\"EntryPoint\",\"urlTemplate\":\"https:\/\/www.executivehotelsiena.com\/de\/?s={search_term_string}\"},\"query-input\":{\"@type\":\"PropertyValueSpecification\",\"valueRequired\":true,\"valueName\":\"search_term_string\"}}],\"inLanguage\":\"de-DE\"}]}<\/script>\n<!-- \/ Yoast SEO plugin. -->","yoast_head_json":{"title":"Serviceleistungen - Executive Hotel Siena","description":"Im Executive Hotel Siena ist jedes Detail darauf ausgelegt, Ihnen Komfort, Bequemlichkeit und einen Hauch von Exklusivit\u00e4t zu bieten.  Von kulinarischen Gen\u00fcssen bis hin zu Dienstleistungen, die Ihren Aufenthalt erleichtern, finden Sie alles, was Sie f\u00fcr ein unbeschwertes Erlebnis in einer eleganten und einladenden Atmosph\u00e4re ben\u00f6tigen..","robots":{"index":"index","follow":"follow","max-snippet":"max-snippet:-1","max-image-preview":"max-image-preview:large","max-video-preview":"max-video-preview:-1"},"canonical":"https:\/\/www.executivehotelsiena.com\/de\/serviceleistungen\/","og_locale":"de_DE","og_type":"article","og_title":"Serviceleistungen - Executive Hotel Siena","og_description":"Im Executive Hotel Siena ist jedes Detail darauf ausgelegt, Ihnen Komfort, Bequemlichkeit und einen Hauch von Exklusivit\u00e4t zu bieten.  Von kulinarischen Gen\u00fcssen bis hin zu Dienstleistungen, die Ihren Aufenthalt erleichtern, finden Sie alles, was Sie f\u00fcr ein unbeschwertes Erlebnis in einer eleganten und einladenden Atmosph\u00e4re ben\u00f6tigen..","og_url":"https:\/\/www.executivehotelsiena.com\/de\/serviceleistungen\/","og_site_name":"Executive Hotel Siena","article_modified_time":"2025-10-03T14:06:48+00:00","twitter_card":"summary_large_image","twitter_misc":{"Gesch\u00e4tzte Lesezeit":"1 Minute"},"schema":{"@context":"https:\/\/schema.org","@graph":[{"@type":"WebPage","@id":"https:\/\/www.executivehotelsiena.com\/de\/serviceleistungen\/","url":"https:\/\/www.executivehotelsiena.com\/de\/serviceleistungen\/","name":"Serviceleistungen - Executive Hotel Siena","isPartOf":{"@id":"https:\/\/www.executivehotelsiena.com\/de\/#website"},"datePublished":"2025-10-03T09:27:53+00:00","dateModified":"2025-10-03T14:06:48+00:00","description":"Im Executive Hotel Siena ist jedes Detail darauf ausgelegt, Ihnen Komfort, Bequemlichkeit und einen Hauch von Exklusivit\u00e4t zu bieten. Von kulinarischen Gen\u00fcssen bis hin zu Dienstleistungen, die Ihren Aufenthalt erleichtern, finden Sie alles, was Sie f\u00fcr ein unbeschwertes Erlebnis in einer eleganten und einladenden Atmosph\u00e4re ben\u00f6tigen..","breadcrumb":{"@id":"https:\/\/www.executivehotelsiena.com\/de\/serviceleistungen\/#breadcrumb"},"inLanguage":"de-DE","potentialAction":[{"@type":"ReadAction","target":["https:\/\/www.executivehotelsiena.com\/de\/serviceleistungen\/"]}]},{"@type":"BreadcrumbList","@id":"https:\/\/www.executivehotelsiena.com\/de\/serviceleistungen\/#breadcrumb","itemListElement":[{"@type":"ListItem","position":1,"name":"Home","item":"https:\/\/www.executivehotelsiena.com\/de\/"},{"@type":"ListItem","position":2,"name":"Serviceleistungen"}]},{"@type":"WebSite","@id":"https:\/\/www.executivehotelsiena.com\/de\/#website","url":"https:\/\/www.executivehotelsiena.com\/de\/","name":"Executive Hotel Siena","description":"Just another ms.decms.eu site","potentialAction":[{"@type":"SearchAction","target":{"@type":"EntryPoint","urlTemplate":"https:\/\/www.executivehotelsiena.com\/de\/?s={search_term_string}"},"query-input":{"@type":"PropertyValueSpecification","valueRequired":true,"valueName":"search_term_string"}}],"inLanguage":"de-DE"}]}},"acf":[],"_links":{"self":[{"href":"https:\/\/www.executivehotelsiena.com\/de\/wp-json\/wp\/v2\/pages\/631","targetHints":{"allow":["GET"]}}],"collection":[{"href":"https:\/\/www.executivehotelsiena.com\/de\/wp-json\/wp\/v2\/pages"}],"about":[{"href":"https:\/\/www.executivehotelsiena.com\/de\/wp-json\/wp\/v2\/types\/page"}],"author":[{"embeddable":true,"href":"https:\/\/www.executivehotelsiena.com\/de\/wp-json\/wp\/v2\/users\/699"}],"replies":[{"embeddable":true,"href":"https:\/\/www.executivehotelsiena.com\/de\/wp-json\/wp\/v2\/comments?post=631"}],"version-history":[{"count":0,"href":"https:\/\/www.executivehotelsiena.com\/de\/wp-json\/wp\/v2\/pages\/631\/revisions"}],"wp:attachment":[{"href":"https:\/\/www.executivehotelsiena.com\/de\/wp-json\/wp\/v2\/media?parent=631"}],"curies":[{"name":"wp","href":"https:\/\/api.w.org\/{rel}","templated":true}]}}