{"id":378,"date":"2021-06-29T14:12:36","date_gmt":"2021-06-29T14:12:36","guid":{"rendered":"https:\/\/executivesiena.ms.decms.eu\/biking-blog-siena\/10-curiosita-sulle-biciclette-bianchi\/"},"modified":"2021-06-29T14:20:23","modified_gmt":"2021-06-29T14:20:23","slug":"10-curiosita-sulle-biciclette-bianchi","status":"publish","type":"page","link":"https:\/\/www.executivehotelsiena.com\/en\/biking-blog-siena\/10-curiosita-sulle-biciclette-bianchi\/","title":{"rendered":"10 curiosit\u00e0 sulle biciclette Bianchi"},"content":{"rendered":"<p>&nbsp;<\/p>\n<p>Bianchi \u00e8 uno dei marchi di biciclette pi\u00f9 iconici nella storia del ciclismo. Il suo caratteristico colore blu, l&#8217;eleganza dei suoi disegni, i suoi trionfi nelle principali competizioni, Fausto Coppi &#8230; Pochi produttori sono stati legati alla storia del ciclismo come Bianchi.<\/p>\n<p>Sicuramente conosci i suoi trionfi come squadra ciclistica nel ventesimo secolo, i successi di Fausto Coppi, l&#8217;epopea di Marco Pantani che ha vinto Giro e Tour lo stesso anno con una bici Bianchi.<\/p>\n<p>Ma sapevi che Bianchi \u00e8 stato il marchio che ha creato la prima mountain bike nel 1915? E quello che ha progettato il primo dipinto con la geometria specifica delle donne alla fine del 19 \u00b0 secolo? Ecco 10 curiosit\u00e0 che probabilmente non conosci sulle biciclette Bianchi, ma che sicuramente ti piacerebbe conoscere.<\/p>\n<p>1: Bianchi \u00e8 stato il marchio che ha inventato il freno anteriore e la trasmissione a catena<\/p>\n<p>2: Il suo fondatore era dedito alla produzione di utensili medici<\/p>\n<p>3: Nel 1895 cre\u00f2 la prima bici da donna<\/p>\n<p>4: Era il fornitore ufficiale di biciclette della casa reale italiana<\/p>\n<p>5: Bianchi invent\u00f2 la prima mountain bike pieghevole nel 1915<\/p>\n<p>6: \u00c8 il pi\u00f9 antico produttore di biciclette al mondo<\/p>\n<p>7: Per 70 anni ha anche prodotto motociclette<\/p>\n<p>8: Bianchi equipaggiava l&#8217;esercito italiano con camion<\/p>\n<p>9: Il suo modello Via Nirone 7 prende il nome dalla strada in cui \u00e8 nato il marchio<\/p>\n<p>10: Bianchi \u00e8 uno dei marchi pi\u00f9 contraffatti al mondo<\/p>\n<p>&nbsp;<\/p>\n<h2><\/h2>\n<h2><\/h2>\n","protected":false},"excerpt":{"rendered":"<p>&nbsp; Bianchi \u00e8 uno dei marchi di biciclette pi\u00f9 iconici nella storia del ciclismo. Il suo caratteristico colore blu, l&#8217;eleganza dei suoi disegni, i suoi trionfi nelle principali competizioni, Fausto Coppi &#8230; Pochi produttori sono stati legati alla storia del ciclismo come Bianchi. Sicuramente conosci i suoi trionfi come squadra ciclistica nel ventesimo secolo, i [&hellip;]<\/p>\n","protected":false},"author":6,"featured_media":0,"parent":367,"menu_order":101,"comment_status":"closed","ping_status":"closed","template":"template-default-2.php","meta":{"footnotes":""},"class_list":["post-378","page","type-page","status-publish","hentry"],"yoast_head":"<!-- This site is optimized with the Yoast SEO plugin v26.9 - https:\/\/yoast.com\/product\/yoast-seo-wordpress\/ -->\n<title>10 curiosit\u00e0 sulle biciclette Bianchi - Executive Hotel Siena<\/title>\n<meta name=\"description\" content=\"&nbsp;  Bianchi \u00e8 uno dei marchi di biciclette pi\u00f9 iconici nella storia del ciclismo. Il suo caratteristico colore blu, l&#039;eleganza dei suoi disegni, i suoi trionfi nelle principali competizioni, Fausto Coppi ..\" \/>\n<meta name=\"robots\" content=\"index, follow, max-snippet:-1, max-image-preview:large, max-video-preview:-1\" \/>\n<link rel=\"canonical\" href=\"https:\/\/www.executivehotelsiena.com\/en\/biking-blog-siena\/10-curiosita-sulle-biciclette-bianchi\/\" \/>\n<meta property=\"og:locale\" content=\"en_US\" \/>\n<meta property=\"og:type\" content=\"article\" \/>\n<meta property=\"og:title\" content=\"10 curiosit\u00e0 sulle biciclette Bianchi - Executive Hotel Siena\" \/>\n<meta property=\"og:description\" content=\"&nbsp;  Bianchi \u00e8 uno dei marchi di biciclette pi\u00f9 iconici nella storia del ciclismo. Il suo caratteristico colore blu, l&#039;eleganza dei suoi disegni, i suoi trionfi nelle principali competizioni, Fausto Coppi ..\" \/>\n<meta property=\"og:url\" content=\"https:\/\/www.executivehotelsiena.com\/en\/biking-blog-siena\/10-curiosita-sulle-biciclette-bianchi\/\" \/>\n<meta property=\"og:site_name\" content=\"Executive Hotel Siena\" \/>\n<meta property=\"article:modified_time\" content=\"2021-06-29T14:20:23+00:00\" \/>\n<meta name=\"twitter:card\" content=\"summary_large_image\" \/>\n<meta name=\"twitter:label1\" content=\"Est. reading time\" \/>\n\t<meta name=\"twitter:data1\" content=\"1 minute\" \/>\n<script type=\"application\/ld+json\" class=\"yoast-schema-graph\">{\"@context\":\"https:\/\/schema.org\",\"@graph\":[{\"@type\":\"WebPage\",\"@id\":\"https:\/\/www.executivehotelsiena.com\/en\/biking-blog-siena\/10-curiosita-sulle-biciclette-bianchi\/\",\"url\":\"https:\/\/www.executivehotelsiena.com\/en\/biking-blog-siena\/10-curiosita-sulle-biciclette-bianchi\/\",\"name\":\"10 curiosit\u00e0 sulle biciclette Bianchi - Executive Hotel Siena\",\"isPartOf\":{\"@id\":\"https:\/\/www.executivehotelsiena.com\/en\/#website\"},\"datePublished\":\"2021-06-29T14:12:36+00:00\",\"dateModified\":\"2021-06-29T14:20:23+00:00\",\"description\":\"&nbsp; Bianchi \u00e8 uno dei marchi di biciclette pi\u00f9 iconici nella storia del ciclismo. Il suo caratteristico colore blu, l'eleganza dei suoi disegni, i suoi trionfi nelle principali competizioni, Fausto Coppi ..\",\"breadcrumb\":{\"@id\":\"https:\/\/www.executivehotelsiena.com\/en\/biking-blog-siena\/10-curiosita-sulle-biciclette-bianchi\/#breadcrumb\"},\"inLanguage\":\"en-US\",\"potentialAction\":[{\"@type\":\"ReadAction\",\"target\":[\"https:\/\/www.executivehotelsiena.com\/en\/biking-blog-siena\/10-curiosita-sulle-biciclette-bianchi\/\"]}]},{\"@type\":\"BreadcrumbList\",\"@id\":\"https:\/\/www.executivehotelsiena.com\/en\/biking-blog-siena\/10-curiosita-sulle-biciclette-bianchi\/#breadcrumb\",\"itemListElement\":[{\"@type\":\"ListItem\",\"position\":1,\"name\":\"Home\",\"item\":\"https:\/\/www.executivehotelsiena.com\/en\/\"},{\"@type\":\"ListItem\",\"position\":2,\"name\":\"Siena Biking Blog\",\"item\":\"https:\/\/www.executivehotelsiena.com\/en\/biking-blog-siena\/\"},{\"@type\":\"ListItem\",\"position\":3,\"name\":\"10 curiosit\u00e0 sulle biciclette Bianchi\"}]},{\"@type\":\"WebSite\",\"@id\":\"https:\/\/www.executivehotelsiena.com\/en\/#website\",\"url\":\"https:\/\/www.executivehotelsiena.com\/en\/\",\"name\":\"Executive Hotel Siena\",\"description\":\"Just another ms.decms.eu site\",\"potentialAction\":[{\"@type\":\"SearchAction\",\"target\":{\"@type\":\"EntryPoint\",\"urlTemplate\":\"https:\/\/www.executivehotelsiena.com\/en\/?s={search_term_string}\"},\"query-input\":{\"@type\":\"PropertyValueSpecification\",\"valueRequired\":true,\"valueName\":\"search_term_string\"}}],\"inLanguage\":\"en-US\"}]}<\/script>\n<!-- \/ Yoast SEO plugin. -->","yoast_head_json":{"title":"10 curiosit\u00e0 sulle biciclette Bianchi - Executive Hotel Siena","description":"&nbsp;  Bianchi \u00e8 uno dei marchi di biciclette pi\u00f9 iconici nella storia del ciclismo. Il suo caratteristico colore blu, l'eleganza dei suoi disegni, i suoi trionfi nelle principali competizioni, Fausto Coppi ..","robots":{"index":"index","follow":"follow","max-snippet":"max-snippet:-1","max-image-preview":"max-image-preview:large","max-video-preview":"max-video-preview:-1"},"canonical":"https:\/\/www.executivehotelsiena.com\/en\/biking-blog-siena\/10-curiosita-sulle-biciclette-bianchi\/","og_locale":"en_US","og_type":"article","og_title":"10 curiosit\u00e0 sulle biciclette Bianchi - Executive Hotel Siena","og_description":"&nbsp;  Bianchi \u00e8 uno dei marchi di biciclette pi\u00f9 iconici nella storia del ciclismo. Il suo caratteristico colore blu, l'eleganza dei suoi disegni, i suoi trionfi nelle principali competizioni, Fausto Coppi ..","og_url":"https:\/\/www.executivehotelsiena.com\/en\/biking-blog-siena\/10-curiosita-sulle-biciclette-bianchi\/","og_site_name":"Executive Hotel Siena","article_modified_time":"2021-06-29T14:20:23+00:00","twitter_card":"summary_large_image","twitter_misc":{"Est. reading time":"1 minute"},"schema":{"@context":"https:\/\/schema.org","@graph":[{"@type":"WebPage","@id":"https:\/\/www.executivehotelsiena.com\/en\/biking-blog-siena\/10-curiosita-sulle-biciclette-bianchi\/","url":"https:\/\/www.executivehotelsiena.com\/en\/biking-blog-siena\/10-curiosita-sulle-biciclette-bianchi\/","name":"10 curiosit\u00e0 sulle biciclette Bianchi - Executive Hotel Siena","isPartOf":{"@id":"https:\/\/www.executivehotelsiena.com\/en\/#website"},"datePublished":"2021-06-29T14:12:36+00:00","dateModified":"2021-06-29T14:20:23+00:00","description":"&nbsp; Bianchi \u00e8 uno dei marchi di biciclette pi\u00f9 iconici nella storia del ciclismo. Il suo caratteristico colore blu, l'eleganza dei suoi disegni, i suoi trionfi nelle principali competizioni, Fausto Coppi ..","breadcrumb":{"@id":"https:\/\/www.executivehotelsiena.com\/en\/biking-blog-siena\/10-curiosita-sulle-biciclette-bianchi\/#breadcrumb"},"inLanguage":"en-US","potentialAction":[{"@type":"ReadAction","target":["https:\/\/www.executivehotelsiena.com\/en\/biking-blog-siena\/10-curiosita-sulle-biciclette-bianchi\/"]}]},{"@type":"BreadcrumbList","@id":"https:\/\/www.executivehotelsiena.com\/en\/biking-blog-siena\/10-curiosita-sulle-biciclette-bianchi\/#breadcrumb","itemListElement":[{"@type":"ListItem","position":1,"name":"Home","item":"https:\/\/www.executivehotelsiena.com\/en\/"},{"@type":"ListItem","position":2,"name":"Siena Biking Blog","item":"https:\/\/www.executivehotelsiena.com\/en\/biking-blog-siena\/"},{"@type":"ListItem","position":3,"name":"10 curiosit\u00e0 sulle biciclette Bianchi"}]},{"@type":"WebSite","@id":"https:\/\/www.executivehotelsiena.com\/en\/#website","url":"https:\/\/www.executivehotelsiena.com\/en\/","name":"Executive Hotel Siena","description":"Just another ms.decms.eu site","potentialAction":[{"@type":"SearchAction","target":{"@type":"EntryPoint","urlTemplate":"https:\/\/www.executivehotelsiena.com\/en\/?s={search_term_string}"},"query-input":{"@type":"PropertyValueSpecification","valueRequired":true,"valueName":"search_term_string"}}],"inLanguage":"en-US"}]}},"acf":[],"_links":{"self":[{"href":"https:\/\/www.executivehotelsiena.com\/en\/wp-json\/wp\/v2\/pages\/378","targetHints":{"allow":["GET"]}}],"collection":[{"href":"https:\/\/www.executivehotelsiena.com\/en\/wp-json\/wp\/v2\/pages"}],"about":[{"href":"https:\/\/www.executivehotelsiena.com\/en\/wp-json\/wp\/v2\/types\/page"}],"author":[{"embeddable":true,"href":"https:\/\/www.executivehotelsiena.com\/en\/wp-json\/wp\/v2\/users\/6"}],"replies":[{"embeddable":true,"href":"https:\/\/www.executivehotelsiena.com\/en\/wp-json\/wp\/v2\/comments?post=378"}],"version-history":[{"count":0,"href":"https:\/\/www.executivehotelsiena.com\/en\/wp-json\/wp\/v2\/pages\/378\/revisions"}],"up":[{"embeddable":true,"href":"https:\/\/www.executivehotelsiena.com\/en\/wp-json\/wp\/v2\/pages\/367"}],"wp:attachment":[{"href":"https:\/\/www.executivehotelsiena.com\/en\/wp-json\/wp\/v2\/media?parent=378"}],"curies":[{"name":"wp","href":"https:\/\/api.w.org\/{rel}","templated":true}]}}