{"id":191,"date":"2021-06-07T13:23:38","date_gmt":"2021-06-07T13:23:38","guid":{"rendered":"https:\/\/executivesiena.ms.decms.eu\/camere\/"},"modified":"2024-10-28T15:41:44","modified_gmt":"2024-10-28T15:41:44","slug":"habitaciones","status":"publish","type":"page","link":"https:\/\/www.executivehotelsiena.com\/es\/habitaciones\/","title":{"rendered":"Habitaciones"},"content":{"rendered":"<p>El Hotel Executive cuenta con m\u00e1s de 70 habitaciones, algunas de ellas adaptadas para discapacitados. Una cuidada atenci\u00f3n por los detalles garantiza a cada hu\u00e9sped un servicio personalizado a su medida.<\/p>\n<p><strong>Servicios de habitaciones<\/strong><br \/>\nSalida tard\u00eda (previa petici\u00f3n) &#8211; Minibar en habitaci\u00f3n &#8211; Internet v\u00eda wifi &#8211; TV LCD v\u00eda sat\u00e9lite &#8211; Cunas para los m\u00e1s peque\u00f1os &#8211; Habitaciones para discapacitados &#8211;<br \/>\nHabitaciones para fumadores previa petici\u00f3n &#8211; Servicio de habitaciones &#8211; Servicio de lavander\u00eda &#8211; Servicios para animales de compa\u00f1\u00eda<\/p>\n","protected":false},"excerpt":{"rendered":"<p>El Hotel Executive cuenta con m\u00e1s de 70 habitaciones, algunas de ellas adaptadas para discapacitados. Una cuidada atenci\u00f3n por los detalles garantiza a cada hu\u00e9sped un servicio personalizado a su medida. Servicios de habitaciones Salida tard\u00eda (previa petici\u00f3n) &#8211; Minibar en habitaci\u00f3n &#8211; Internet v\u00eda wifi &#8211; TV LCD v\u00eda sat\u00e9lite &#8211; Cunas para los [&hellip;]<\/p>\n","protected":false},"author":6,"featured_media":0,"parent":0,"menu_order":10,"comment_status":"closed","ping_status":"closed","template":"template-rooms.php","meta":{"footnotes":""},"class_list":["post-191","page","type-page","status-publish","hentry"],"yoast_head":"<!-- This site is optimized with the Yoast SEO plugin v26.9 - https:\/\/yoast.com\/product\/yoast-seo-wordpress\/ -->\n<title>Habitaciones - Executive Hotel Siena<\/title>\n<meta name=\"description\" content=\"Hotel Executive, 4 stelle a 300 metri dall&#039;ospedale di Siena e a pochi minuti dal centro storico. Approfitta del parcheggio gratuito e del nostro ristorante.\" \/>\n<meta name=\"robots\" content=\"index, follow, max-snippet:-1, max-image-preview:large, max-video-preview:-1\" \/>\n<link rel=\"canonical\" href=\"https:\/\/www.executivehotelsiena.com\/es\/habitaciones\/\" \/>\n<meta property=\"og:locale\" content=\"es_ES\" \/>\n<meta property=\"og:type\" content=\"article\" \/>\n<meta property=\"og:title\" content=\"Habitaciones - Executive Hotel Siena\" \/>\n<meta property=\"og:description\" content=\"Hotel Executive, 4 stelle a 300 metri dall&#039;ospedale di Siena e a pochi minuti dal centro storico. Approfitta del parcheggio gratuito e del nostro ristorante.\" \/>\n<meta property=\"og:url\" content=\"https:\/\/www.executivehotelsiena.com\/es\/habitaciones\/\" \/>\n<meta property=\"og:site_name\" content=\"Executive Hotel Siena\" \/>\n<meta property=\"article:modified_time\" content=\"2024-10-28T15:41:44+00:00\" \/>\n<meta name=\"twitter:card\" content=\"summary_large_image\" \/>\n<meta name=\"twitter:label1\" content=\"Tiempo de lectura\" \/>\n\t<meta name=\"twitter:data1\" content=\"1 minuto\" \/>\n<script type=\"application\/ld+json\" class=\"yoast-schema-graph\">{\"@context\":\"https:\/\/schema.org\",\"@graph\":[{\"@type\":\"WebPage\",\"@id\":\"https:\/\/www.executivehotelsiena.com\/es\/habitaciones\/\",\"url\":\"https:\/\/www.executivehotelsiena.com\/es\/habitaciones\/\",\"name\":\"Habitaciones - Executive Hotel Siena\",\"isPartOf\":{\"@id\":\"https:\/\/www.executivehotelsiena.com\/es\/#website\"},\"datePublished\":\"2021-06-07T13:23:38+00:00\",\"dateModified\":\"2024-10-28T15:41:44+00:00\",\"description\":\"Hotel Executive, 4 stelle a 300 metri dall'ospedale di Siena e a pochi minuti dal centro storico. Approfitta del parcheggio gratuito e del nostro ristorante.\",\"breadcrumb\":{\"@id\":\"https:\/\/www.executivehotelsiena.com\/es\/habitaciones\/#breadcrumb\"},\"inLanguage\":\"es\",\"potentialAction\":[{\"@type\":\"ReadAction\",\"target\":[\"https:\/\/www.executivehotelsiena.com\/es\/habitaciones\/\"]}]},{\"@type\":\"BreadcrumbList\",\"@id\":\"https:\/\/www.executivehotelsiena.com\/es\/habitaciones\/#breadcrumb\",\"itemListElement\":[{\"@type\":\"ListItem\",\"position\":1,\"name\":\"Home\",\"item\":\"https:\/\/www.executivehotelsiena.com\/es\/\"},{\"@type\":\"ListItem\",\"position\":2,\"name\":\"Habitaciones\"}]},{\"@type\":\"WebSite\",\"@id\":\"https:\/\/www.executivehotelsiena.com\/es\/#website\",\"url\":\"https:\/\/www.executivehotelsiena.com\/es\/\",\"name\":\"Executive Hotel Siena\",\"description\":\"Just another ms.decms.eu site\",\"potentialAction\":[{\"@type\":\"SearchAction\",\"target\":{\"@type\":\"EntryPoint\",\"urlTemplate\":\"https:\/\/www.executivehotelsiena.com\/es\/?s={search_term_string}\"},\"query-input\":{\"@type\":\"PropertyValueSpecification\",\"valueRequired\":true,\"valueName\":\"search_term_string\"}}],\"inLanguage\":\"es\"}]}<\/script>\n<!-- \/ Yoast SEO plugin. -->","yoast_head_json":{"title":"Habitaciones - Executive Hotel Siena","description":"Hotel Executive, 4 stelle a 300 metri dall'ospedale di Siena e a pochi minuti dal centro storico. Approfitta del parcheggio gratuito e del nostro ristorante.","robots":{"index":"index","follow":"follow","max-snippet":"max-snippet:-1","max-image-preview":"max-image-preview:large","max-video-preview":"max-video-preview:-1"},"canonical":"https:\/\/www.executivehotelsiena.com\/es\/habitaciones\/","og_locale":"es_ES","og_type":"article","og_title":"Habitaciones - Executive Hotel Siena","og_description":"Hotel Executive, 4 stelle a 300 metri dall'ospedale di Siena e a pochi minuti dal centro storico. Approfitta del parcheggio gratuito e del nostro ristorante.","og_url":"https:\/\/www.executivehotelsiena.com\/es\/habitaciones\/","og_site_name":"Executive Hotel Siena","article_modified_time":"2024-10-28T15:41:44+00:00","twitter_card":"summary_large_image","twitter_misc":{"Tiempo de lectura":"1 minuto"},"schema":{"@context":"https:\/\/schema.org","@graph":[{"@type":"WebPage","@id":"https:\/\/www.executivehotelsiena.com\/es\/habitaciones\/","url":"https:\/\/www.executivehotelsiena.com\/es\/habitaciones\/","name":"Habitaciones - Executive Hotel Siena","isPartOf":{"@id":"https:\/\/www.executivehotelsiena.com\/es\/#website"},"datePublished":"2021-06-07T13:23:38+00:00","dateModified":"2024-10-28T15:41:44+00:00","description":"Hotel Executive, 4 stelle a 300 metri dall'ospedale di Siena e a pochi minuti dal centro storico. Approfitta del parcheggio gratuito e del nostro ristorante.","breadcrumb":{"@id":"https:\/\/www.executivehotelsiena.com\/es\/habitaciones\/#breadcrumb"},"inLanguage":"es","potentialAction":[{"@type":"ReadAction","target":["https:\/\/www.executivehotelsiena.com\/es\/habitaciones\/"]}]},{"@type":"BreadcrumbList","@id":"https:\/\/www.executivehotelsiena.com\/es\/habitaciones\/#breadcrumb","itemListElement":[{"@type":"ListItem","position":1,"name":"Home","item":"https:\/\/www.executivehotelsiena.com\/es\/"},{"@type":"ListItem","position":2,"name":"Habitaciones"}]},{"@type":"WebSite","@id":"https:\/\/www.executivehotelsiena.com\/es\/#website","url":"https:\/\/www.executivehotelsiena.com\/es\/","name":"Executive Hotel Siena","description":"Just another ms.decms.eu site","potentialAction":[{"@type":"SearchAction","target":{"@type":"EntryPoint","urlTemplate":"https:\/\/www.executivehotelsiena.com\/es\/?s={search_term_string}"},"query-input":{"@type":"PropertyValueSpecification","valueRequired":true,"valueName":"search_term_string"}}],"inLanguage":"es"}]}},"acf":[],"_links":{"self":[{"href":"https:\/\/www.executivehotelsiena.com\/es\/wp-json\/wp\/v2\/pages\/191","targetHints":{"allow":["GET"]}}],"collection":[{"href":"https:\/\/www.executivehotelsiena.com\/es\/wp-json\/wp\/v2\/pages"}],"about":[{"href":"https:\/\/www.executivehotelsiena.com\/es\/wp-json\/wp\/v2\/types\/page"}],"author":[{"embeddable":true,"href":"https:\/\/www.executivehotelsiena.com\/es\/wp-json\/wp\/v2\/users\/6"}],"replies":[{"embeddable":true,"href":"https:\/\/www.executivehotelsiena.com\/es\/wp-json\/wp\/v2\/comments?post=191"}],"version-history":[{"count":0,"href":"https:\/\/www.executivehotelsiena.com\/es\/wp-json\/wp\/v2\/pages\/191\/revisions"}],"wp:attachment":[{"href":"https:\/\/www.executivehotelsiena.com\/es\/wp-json\/wp\/v2\/media?parent=191"}],"curies":[{"name":"wp","href":"https:\/\/api.w.org\/{rel}","templated":true}]}}