{"id":199,"date":"2021-06-07T13:27:27","date_gmt":"2021-06-07T13:27:27","guid":{"rendered":"https:\/\/executivesiena.ms.decms.eu\/camere\/camere-superior\/"},"modified":"2025-05-08T08:22:56","modified_gmt":"2025-05-08T08:22:56","slug":"habitaciones-de-categoria-superior","status":"publish","type":"page","link":"https:\/\/www.executivehotelsiena.com\/es\/habitaciones\/habitaciones-de-categoria-superior\/","title":{"rendered":"Habitaciones de categor\u00eda superior"},"content":{"rendered":"<p>22 metros cuadrados, <strong>cama de matrimonio o dos camas individuales<\/strong> y ba\u00f1o con ducha o ba\u00f1era. Algunas disponen de balc\u00f3n.<\/p>\n<p>Con ba\u00f1o remodelado, decorada con muebles refinados y equipada con ba\u00f1era o ducha y cama de matrimonio o dos camas separadas. La habitaci\u00f3n tiene un peque\u00f1o balc\u00f3n con mesa y sillas.<\/p>\n<p>La habitaci\u00f3n ofrece una selecci\u00f3n de t\u00e9 y caf\u00e9 con hervidor, una l\u00ednea de cortes\u00eda de aceite de oliva de alta calidad, albornoces y zapatillas.<\/p>\n<p>Tama\u00f1o de la habitaci\u00f3n: 22 m\u00b2 Tipos de cama: 1 cama de matrimonio o 2 camas separadas previa petici\u00f3n.<\/p>\n<p>Las habitaciones de categor\u00eda superior con balc\u00f3n, amplias, modernas y elegantes con suelos de parqu\u00e9, han sido <strong>totalmente renovadas<\/strong>, tanto en los ba\u00f1os como en los interiores.<\/p>\n<p>Esta tipolog\u00eda se puede solicitar en la f\u00f3rmula de uso doble, matrimonial e individual.<br \/>\nPosibilidad de solicitar habitaciones para fumadores.<\/p>\n","protected":false},"excerpt":{"rendered":"<p>22 metros cuadrados, cama de matrimonio o dos camas individuales y ba\u00f1o con ducha o ba\u00f1era. Algunas disponen de balc\u00f3n. Con ba\u00f1o remodelado, decorada con muebles refinados y equipada con ba\u00f1era o ducha y cama de matrimonio o dos camas separadas. La habitaci\u00f3n tiene un peque\u00f1o balc\u00f3n con mesa y sillas. La habitaci\u00f3n ofrece una [&hellip;]<\/p>\n","protected":false},"author":6,"featured_media":0,"parent":191,"menu_order":12,"comment_status":"closed","ping_status":"closed","template":"template-single-room.php","meta":{"footnotes":""},"class_list":["post-199","page","type-page","status-publish","hentry"],"yoast_head":"<!-- This site is optimized with the Yoast SEO plugin v26.9 - https:\/\/yoast.com\/product\/yoast-seo-wordpress\/ -->\n<title>Habitaciones de categor\u00eda superior - Executive Hotel Siena<\/title>\n<meta name=\"description\" content=\"22 metros cuadrados, cama de matrimonio o dos camas individuales y ba\u00f1o con ducha o ba\u00f1era. Algunas disponen de balc\u00f3n.  Con ba\u00f1o remodelado, decorada con muebles refinados y equipada con ba\u00f1era o ducha y cama de matrimonio o dos camas separadas\" \/>\n<meta name=\"robots\" content=\"index, follow, max-snippet:-1, max-image-preview:large, max-video-preview:-1\" \/>\n<link rel=\"canonical\" href=\"https:\/\/www.executivehotelsiena.com\/es\/habitaciones\/habitaciones-de-categoria-superior\/\" \/>\n<meta property=\"og:locale\" content=\"es_ES\" \/>\n<meta property=\"og:type\" content=\"article\" \/>\n<meta property=\"og:title\" content=\"Habitaciones de categor\u00eda superior - Executive Hotel Siena\" \/>\n<meta property=\"og:description\" content=\"22 metros cuadrados, cama de matrimonio o dos camas individuales y ba\u00f1o con ducha o ba\u00f1era. Algunas disponen de balc\u00f3n.  Con ba\u00f1o remodelado, decorada con muebles refinados y equipada con ba\u00f1era o ducha y cama de matrimonio o dos camas separadas\" \/>\n<meta property=\"og:url\" content=\"https:\/\/www.executivehotelsiena.com\/es\/habitaciones\/habitaciones-de-categoria-superior\/\" \/>\n<meta property=\"og:site_name\" content=\"Executive Hotel Siena\" \/>\n<meta property=\"article:modified_time\" content=\"2025-05-08T08:22:56+00:00\" \/>\n<meta name=\"twitter:card\" content=\"summary_large_image\" \/>\n<meta name=\"twitter:label1\" content=\"Tiempo de lectura\" \/>\n\t<meta name=\"twitter:data1\" content=\"1 minuto\" \/>\n<script type=\"application\/ld+json\" class=\"yoast-schema-graph\">{\"@context\":\"https:\/\/schema.org\",\"@graph\":[{\"@type\":\"WebPage\",\"@id\":\"https:\/\/www.executivehotelsiena.com\/es\/habitaciones\/habitaciones-de-categoria-superior\/\",\"url\":\"https:\/\/www.executivehotelsiena.com\/es\/habitaciones\/habitaciones-de-categoria-superior\/\",\"name\":\"Habitaciones de categor\u00eda superior - Executive Hotel Siena\",\"isPartOf\":{\"@id\":\"https:\/\/www.executivehotelsiena.com\/es\/#website\"},\"datePublished\":\"2021-06-07T13:27:27+00:00\",\"dateModified\":\"2025-05-08T08:22:56+00:00\",\"description\":\"22 metros cuadrados, cama de matrimonio o dos camas individuales y ba\u00f1o con ducha o ba\u00f1era. Algunas disponen de balc\u00f3n. Con ba\u00f1o remodelado, decorada con muebles refinados y equipada con ba\u00f1era o ducha y cama de matrimonio o dos camas separadas\",\"breadcrumb\":{\"@id\":\"https:\/\/www.executivehotelsiena.com\/es\/habitaciones\/habitaciones-de-categoria-superior\/#breadcrumb\"},\"inLanguage\":\"es\",\"potentialAction\":[{\"@type\":\"ReadAction\",\"target\":[\"https:\/\/www.executivehotelsiena.com\/es\/habitaciones\/habitaciones-de-categoria-superior\/\"]}]},{\"@type\":\"BreadcrumbList\",\"@id\":\"https:\/\/www.executivehotelsiena.com\/es\/habitaciones\/habitaciones-de-categoria-superior\/#breadcrumb\",\"itemListElement\":[{\"@type\":\"ListItem\",\"position\":1,\"name\":\"Home\",\"item\":\"https:\/\/www.executivehotelsiena.com\/es\/\"},{\"@type\":\"ListItem\",\"position\":2,\"name\":\"Habitaciones\",\"item\":\"https:\/\/www.executivehotelsiena.com\/es\/habitaciones\/\"},{\"@type\":\"ListItem\",\"position\":3,\"name\":\"Habitaciones de categor\u00eda superior\"}]},{\"@type\":\"WebSite\",\"@id\":\"https:\/\/www.executivehotelsiena.com\/es\/#website\",\"url\":\"https:\/\/www.executivehotelsiena.com\/es\/\",\"name\":\"Executive Hotel Siena\",\"description\":\"Just another ms.decms.eu site\",\"potentialAction\":[{\"@type\":\"SearchAction\",\"target\":{\"@type\":\"EntryPoint\",\"urlTemplate\":\"https:\/\/www.executivehotelsiena.com\/es\/?s={search_term_string}\"},\"query-input\":{\"@type\":\"PropertyValueSpecification\",\"valueRequired\":true,\"valueName\":\"search_term_string\"}}],\"inLanguage\":\"es\"}]}<\/script>\n<!-- \/ Yoast SEO plugin. -->","yoast_head_json":{"title":"Habitaciones de categor\u00eda superior - Executive Hotel Siena","description":"22 metros cuadrados, cama de matrimonio o dos camas individuales y ba\u00f1o con ducha o ba\u00f1era. Algunas disponen de balc\u00f3n.  Con ba\u00f1o remodelado, decorada con muebles refinados y equipada con ba\u00f1era o ducha y cama de matrimonio o dos camas separadas","robots":{"index":"index","follow":"follow","max-snippet":"max-snippet:-1","max-image-preview":"max-image-preview:large","max-video-preview":"max-video-preview:-1"},"canonical":"https:\/\/www.executivehotelsiena.com\/es\/habitaciones\/habitaciones-de-categoria-superior\/","og_locale":"es_ES","og_type":"article","og_title":"Habitaciones de categor\u00eda superior - Executive Hotel Siena","og_description":"22 metros cuadrados, cama de matrimonio o dos camas individuales y ba\u00f1o con ducha o ba\u00f1era. Algunas disponen de balc\u00f3n.  Con ba\u00f1o remodelado, decorada con muebles refinados y equipada con ba\u00f1era o ducha y cama de matrimonio o dos camas separadas","og_url":"https:\/\/www.executivehotelsiena.com\/es\/habitaciones\/habitaciones-de-categoria-superior\/","og_site_name":"Executive Hotel Siena","article_modified_time":"2025-05-08T08:22:56+00:00","twitter_card":"summary_large_image","twitter_misc":{"Tiempo de lectura":"1 minuto"},"schema":{"@context":"https:\/\/schema.org","@graph":[{"@type":"WebPage","@id":"https:\/\/www.executivehotelsiena.com\/es\/habitaciones\/habitaciones-de-categoria-superior\/","url":"https:\/\/www.executivehotelsiena.com\/es\/habitaciones\/habitaciones-de-categoria-superior\/","name":"Habitaciones de categor\u00eda superior - Executive Hotel Siena","isPartOf":{"@id":"https:\/\/www.executivehotelsiena.com\/es\/#website"},"datePublished":"2021-06-07T13:27:27+00:00","dateModified":"2025-05-08T08:22:56+00:00","description":"22 metros cuadrados, cama de matrimonio o dos camas individuales y ba\u00f1o con ducha o ba\u00f1era. Algunas disponen de balc\u00f3n. Con ba\u00f1o remodelado, decorada con muebles refinados y equipada con ba\u00f1era o ducha y cama de matrimonio o dos camas separadas","breadcrumb":{"@id":"https:\/\/www.executivehotelsiena.com\/es\/habitaciones\/habitaciones-de-categoria-superior\/#breadcrumb"},"inLanguage":"es","potentialAction":[{"@type":"ReadAction","target":["https:\/\/www.executivehotelsiena.com\/es\/habitaciones\/habitaciones-de-categoria-superior\/"]}]},{"@type":"BreadcrumbList","@id":"https:\/\/www.executivehotelsiena.com\/es\/habitaciones\/habitaciones-de-categoria-superior\/#breadcrumb","itemListElement":[{"@type":"ListItem","position":1,"name":"Home","item":"https:\/\/www.executivehotelsiena.com\/es\/"},{"@type":"ListItem","position":2,"name":"Habitaciones","item":"https:\/\/www.executivehotelsiena.com\/es\/habitaciones\/"},{"@type":"ListItem","position":3,"name":"Habitaciones de categor\u00eda superior"}]},{"@type":"WebSite","@id":"https:\/\/www.executivehotelsiena.com\/es\/#website","url":"https:\/\/www.executivehotelsiena.com\/es\/","name":"Executive Hotel Siena","description":"Just another ms.decms.eu site","potentialAction":[{"@type":"SearchAction","target":{"@type":"EntryPoint","urlTemplate":"https:\/\/www.executivehotelsiena.com\/es\/?s={search_term_string}"},"query-input":{"@type":"PropertyValueSpecification","valueRequired":true,"valueName":"search_term_string"}}],"inLanguage":"es"}]}},"acf":[],"_links":{"self":[{"href":"https:\/\/www.executivehotelsiena.com\/es\/wp-json\/wp\/v2\/pages\/199","targetHints":{"allow":["GET"]}}],"collection":[{"href":"https:\/\/www.executivehotelsiena.com\/es\/wp-json\/wp\/v2\/pages"}],"about":[{"href":"https:\/\/www.executivehotelsiena.com\/es\/wp-json\/wp\/v2\/types\/page"}],"author":[{"embeddable":true,"href":"https:\/\/www.executivehotelsiena.com\/es\/wp-json\/wp\/v2\/users\/6"}],"replies":[{"embeddable":true,"href":"https:\/\/www.executivehotelsiena.com\/es\/wp-json\/wp\/v2\/comments?post=199"}],"version-history":[{"count":0,"href":"https:\/\/www.executivehotelsiena.com\/es\/wp-json\/wp\/v2\/pages\/199\/revisions"}],"up":[{"embeddable":true,"href":"https:\/\/www.executivehotelsiena.com\/es\/wp-json\/wp\/v2\/pages\/191"}],"wp:attachment":[{"href":"https:\/\/www.executivehotelsiena.com\/es\/wp-json\/wp\/v2\/media?parent=199"}],"curies":[{"name":"wp","href":"https:\/\/api.w.org\/{rel}","templated":true}]}}