{"id":203,"date":"2021-06-07T13:30:20","date_gmt":"2021-06-07T13:30:20","guid":{"rendered":"https:\/\/executivesiena.ms.decms.eu\/ristorante-bar\/"},"modified":"2024-12-09T15:33:01","modified_gmt":"2024-12-09T15:33:01","slug":"restaurante-y-bar","status":"publish","type":"page","link":"https:\/\/www.executivehotelsiena.com\/es\/restaurante-y-bar\/","title":{"rendered":"Restaurante y bar"},"content":{"rendered":"<p>Desde el desayuno ma\u00f1anero hasta la cena por la noche, incluido el almuerzo al mediod\u00eda, <strong>el restaurante del hotel es el entorno ideal para degustar los mejores platos de la cocina tradicional de la zona<\/strong>, combinada con una cuidadosa atenci\u00f3n por las tipicidades de la cocina nacional.<\/p>\n<p>Adem\u00e1s, gracias a la renombrada producci\u00f3n vin\u00edcola toscana, de la que <strong>Siena<\/strong> es s\u00edmbolo de excelencia, la bodega ofrece una gran selecci\u00f3n de vinos nacionales, ideales para acompa\u00f1ar en una delicada armon\u00eda, los platos de nuestra cocina.<\/p>\n<p>Abierto todos los d\u00edas, el restaurante es tambi\u00e9n el lugar <strong>ideal para desayunos de trabajo, para pedir el almuerzo<\/strong> en la habitaci\u00f3n o para llevar, para <strong>cenas<\/strong> a la carta y para cualquier reuni\u00f3n social.<\/p>\n<p>Nuestro reci\u00e9n inaugurado\u00a0<strong>bar\u00a0con terraza<\/strong> est\u00e1 abierto todos los d\u00edas desde las 10:00 de la ma\u00f1ana hasta las 22:00 de la noche para tomar el aperitivo o una copa por la noche con amigos o familiares.<\/p>\n","protected":false},"excerpt":{"rendered":"<p>Desde el desayuno ma\u00f1anero hasta la cena por la noche, incluido el almuerzo al mediod\u00eda, el restaurante del hotel es el entorno ideal para degustar los mejores platos de la cocina tradicional de la zona, combinada con una cuidadosa atenci\u00f3n por las tipicidades de la cocina nacional. Adem\u00e1s, gracias a la renombrada producci\u00f3n vin\u00edcola toscana, [&hellip;]<\/p>\n","protected":false},"author":6,"featured_media":0,"parent":0,"menu_order":20,"comment_status":"closed","ping_status":"closed","template":"template-restaurants.php","meta":{"footnotes":""},"class_list":["post-203","page","type-page","status-publish","hentry"],"yoast_head":"<!-- This site is optimized with the Yoast SEO plugin v26.9 - https:\/\/yoast.com\/product\/yoast-seo-wordpress\/ -->\n<title>Restaurante y bar - Executive Hotel Siena<\/title>\n<meta name=\"description\" content=\"Hotel Executive, 4 stelle a 300 metri dall&#039;ospedale di Siena e a pochi minuti dal centro storico. Approfitta del parcheggio gratuito e del nostro ristorante.\" \/>\n<meta name=\"robots\" content=\"index, follow, max-snippet:-1, max-image-preview:large, max-video-preview:-1\" \/>\n<link rel=\"canonical\" href=\"https:\/\/www.executivehotelsiena.com\/es\/restaurante-y-bar\/\" \/>\n<meta property=\"og:locale\" content=\"es_ES\" \/>\n<meta property=\"og:type\" content=\"article\" \/>\n<meta property=\"og:title\" content=\"Restaurante y bar - Executive Hotel Siena\" \/>\n<meta property=\"og:description\" content=\"Hotel Executive, 4 stelle a 300 metri dall&#039;ospedale di Siena e a pochi minuti dal centro storico. Approfitta del parcheggio gratuito e del nostro ristorante.\" \/>\n<meta property=\"og:url\" content=\"https:\/\/www.executivehotelsiena.com\/es\/restaurante-y-bar\/\" \/>\n<meta property=\"og:site_name\" content=\"Executive Hotel Siena\" \/>\n<meta property=\"article:modified_time\" content=\"2024-12-09T15:33:01+00:00\" \/>\n<meta name=\"twitter:card\" content=\"summary_large_image\" \/>\n<meta name=\"twitter:label1\" content=\"Tiempo de lectura\" \/>\n\t<meta name=\"twitter:data1\" content=\"1 minuto\" \/>\n<script type=\"application\/ld+json\" class=\"yoast-schema-graph\">{\"@context\":\"https:\/\/schema.org\",\"@graph\":[{\"@type\":\"WebPage\",\"@id\":\"https:\/\/www.executivehotelsiena.com\/es\/restaurante-y-bar\/\",\"url\":\"https:\/\/www.executivehotelsiena.com\/es\/restaurante-y-bar\/\",\"name\":\"Restaurante y bar - Executive Hotel Siena\",\"isPartOf\":{\"@id\":\"https:\/\/www.executivehotelsiena.com\/es\/#website\"},\"datePublished\":\"2021-06-07T13:30:20+00:00\",\"dateModified\":\"2024-12-09T15:33:01+00:00\",\"description\":\"Hotel Executive, 4 stelle a 300 metri dall'ospedale di Siena e a pochi minuti dal centro storico. Approfitta del parcheggio gratuito e del nostro ristorante.\",\"breadcrumb\":{\"@id\":\"https:\/\/www.executivehotelsiena.com\/es\/restaurante-y-bar\/#breadcrumb\"},\"inLanguage\":\"es\",\"potentialAction\":[{\"@type\":\"ReadAction\",\"target\":[\"https:\/\/www.executivehotelsiena.com\/es\/restaurante-y-bar\/\"]}]},{\"@type\":\"BreadcrumbList\",\"@id\":\"https:\/\/www.executivehotelsiena.com\/es\/restaurante-y-bar\/#breadcrumb\",\"itemListElement\":[{\"@type\":\"ListItem\",\"position\":1,\"name\":\"Home\",\"item\":\"https:\/\/www.executivehotelsiena.com\/es\/\"},{\"@type\":\"ListItem\",\"position\":2,\"name\":\"Restaurante y bar\"}]},{\"@type\":\"WebSite\",\"@id\":\"https:\/\/www.executivehotelsiena.com\/es\/#website\",\"url\":\"https:\/\/www.executivehotelsiena.com\/es\/\",\"name\":\"Executive Hotel Siena\",\"description\":\"Just another ms.decms.eu site\",\"potentialAction\":[{\"@type\":\"SearchAction\",\"target\":{\"@type\":\"EntryPoint\",\"urlTemplate\":\"https:\/\/www.executivehotelsiena.com\/es\/?s={search_term_string}\"},\"query-input\":{\"@type\":\"PropertyValueSpecification\",\"valueRequired\":true,\"valueName\":\"search_term_string\"}}],\"inLanguage\":\"es\"}]}<\/script>\n<!-- \/ Yoast SEO plugin. -->","yoast_head_json":{"title":"Restaurante y bar - Executive Hotel Siena","description":"Hotel Executive, 4 stelle a 300 metri dall'ospedale di Siena e a pochi minuti dal centro storico. Approfitta del parcheggio gratuito e del nostro ristorante.","robots":{"index":"index","follow":"follow","max-snippet":"max-snippet:-1","max-image-preview":"max-image-preview:large","max-video-preview":"max-video-preview:-1"},"canonical":"https:\/\/www.executivehotelsiena.com\/es\/restaurante-y-bar\/","og_locale":"es_ES","og_type":"article","og_title":"Restaurante y bar - Executive Hotel Siena","og_description":"Hotel Executive, 4 stelle a 300 metri dall'ospedale di Siena e a pochi minuti dal centro storico. Approfitta del parcheggio gratuito e del nostro ristorante.","og_url":"https:\/\/www.executivehotelsiena.com\/es\/restaurante-y-bar\/","og_site_name":"Executive Hotel Siena","article_modified_time":"2024-12-09T15:33:01+00:00","twitter_card":"summary_large_image","twitter_misc":{"Tiempo de lectura":"1 minuto"},"schema":{"@context":"https:\/\/schema.org","@graph":[{"@type":"WebPage","@id":"https:\/\/www.executivehotelsiena.com\/es\/restaurante-y-bar\/","url":"https:\/\/www.executivehotelsiena.com\/es\/restaurante-y-bar\/","name":"Restaurante y bar - Executive Hotel Siena","isPartOf":{"@id":"https:\/\/www.executivehotelsiena.com\/es\/#website"},"datePublished":"2021-06-07T13:30:20+00:00","dateModified":"2024-12-09T15:33:01+00:00","description":"Hotel Executive, 4 stelle a 300 metri dall'ospedale di Siena e a pochi minuti dal centro storico. Approfitta del parcheggio gratuito e del nostro ristorante.","breadcrumb":{"@id":"https:\/\/www.executivehotelsiena.com\/es\/restaurante-y-bar\/#breadcrumb"},"inLanguage":"es","potentialAction":[{"@type":"ReadAction","target":["https:\/\/www.executivehotelsiena.com\/es\/restaurante-y-bar\/"]}]},{"@type":"BreadcrumbList","@id":"https:\/\/www.executivehotelsiena.com\/es\/restaurante-y-bar\/#breadcrumb","itemListElement":[{"@type":"ListItem","position":1,"name":"Home","item":"https:\/\/www.executivehotelsiena.com\/es\/"},{"@type":"ListItem","position":2,"name":"Restaurante y bar"}]},{"@type":"WebSite","@id":"https:\/\/www.executivehotelsiena.com\/es\/#website","url":"https:\/\/www.executivehotelsiena.com\/es\/","name":"Executive Hotel Siena","description":"Just another ms.decms.eu site","potentialAction":[{"@type":"SearchAction","target":{"@type":"EntryPoint","urlTemplate":"https:\/\/www.executivehotelsiena.com\/es\/?s={search_term_string}"},"query-input":{"@type":"PropertyValueSpecification","valueRequired":true,"valueName":"search_term_string"}}],"inLanguage":"es"}]}},"acf":[],"_links":{"self":[{"href":"https:\/\/www.executivehotelsiena.com\/es\/wp-json\/wp\/v2\/pages\/203","targetHints":{"allow":["GET"]}}],"collection":[{"href":"https:\/\/www.executivehotelsiena.com\/es\/wp-json\/wp\/v2\/pages"}],"about":[{"href":"https:\/\/www.executivehotelsiena.com\/es\/wp-json\/wp\/v2\/types\/page"}],"author":[{"embeddable":true,"href":"https:\/\/www.executivehotelsiena.com\/es\/wp-json\/wp\/v2\/users\/6"}],"replies":[{"embeddable":true,"href":"https:\/\/www.executivehotelsiena.com\/es\/wp-json\/wp\/v2\/comments?post=203"}],"version-history":[{"count":0,"href":"https:\/\/www.executivehotelsiena.com\/es\/wp-json\/wp\/v2\/pages\/203\/revisions"}],"wp:attachment":[{"href":"https:\/\/www.executivehotelsiena.com\/es\/wp-json\/wp\/v2\/media?parent=203"}],"curies":[{"name":"wp","href":"https:\/\/api.w.org\/{rel}","templated":true}]}}