{"id":207,"date":"2021-06-18T14:20:41","date_gmt":"2021-06-18T14:20:41","guid":{"rendered":"https:\/\/executivesiena.ms.decms.eu\/ristorante-bar\/la-prima-colazione\/"},"modified":"2021-07-05T15:52:59","modified_gmt":"2021-07-05T15:52:59","slug":"el-desayuno","status":"publish","type":"page","link":"https:\/\/www.executivehotelsiena.com\/es\/restaurante-y-bar\/el-desayuno\/","title":{"rendered":"El desayuno"},"content":{"rendered":"<p>El hotel ofrece, dentro de <strong>todas sus zonas de restauraci\u00f3n<\/strong>, a todos sus hu\u00e9spedes, un servicio de desayuno de 7:00 a 10:00 de la ma\u00f1ana.<\/p>\n<p>Un buf\u00e9 de\u00a0<strong>platos fr\u00edos y calientes<\/strong>\u00a0que, junto con los productos horneados, entre otros, te dar\u00e1 los buenos d\u00edas cada ma\u00f1ana.<\/p>\n","protected":false},"excerpt":{"rendered":"<p>El hotel ofrece, dentro de todas sus zonas de restauraci\u00f3n, a todos sus hu\u00e9spedes, un servicio de desayuno de 7:00 a 10:00 de la ma\u00f1ana. Un buf\u00e9 de\u00a0platos fr\u00edos y calientes\u00a0que, junto con los productos horneados, entre otros, te dar\u00e1 los buenos d\u00edas cada ma\u00f1ana.<\/p>\n","protected":false},"author":6,"featured_media":0,"parent":203,"menu_order":21,"comment_status":"closed","ping_status":"closed","template":"","meta":{"footnotes":""},"class_list":["post-207","page","type-page","status-publish","hentry"],"yoast_head":"<!-- This site is optimized with the Yoast SEO plugin v26.9 - https:\/\/yoast.com\/product\/yoast-seo-wordpress\/ -->\n<title>El desayuno - Executive Hotel Siena<\/title>\n<meta name=\"description\" content=\"El hotel ofrece, dentro de todas sus zonas de restauraci\u00f3n, a todos sus hu\u00e9spedes, un servicio de desayuno de 7:00 a 10:00 de la ma\u00f1ana.  Un buf\u00e9 de\u00a0platos fr\u00edos y calientes\u00a0que, junto con los productos horneados, entre otros, te dar\u00e1 los buenos d\u00edas cada ma\u00f1ana..\" \/>\n<meta name=\"robots\" content=\"index, follow, max-snippet:-1, max-image-preview:large, max-video-preview:-1\" \/>\n<link rel=\"canonical\" href=\"https:\/\/www.executivehotelsiena.com\/es\/restaurante-y-bar\/el-desayuno\/\" \/>\n<meta property=\"og:locale\" content=\"es_ES\" \/>\n<meta property=\"og:type\" content=\"article\" \/>\n<meta property=\"og:title\" content=\"El desayuno - Executive Hotel Siena\" \/>\n<meta property=\"og:description\" content=\"El hotel ofrece, dentro de todas sus zonas de restauraci\u00f3n, a todos sus hu\u00e9spedes, un servicio de desayuno de 7:00 a 10:00 de la ma\u00f1ana.  Un buf\u00e9 de\u00a0platos fr\u00edos y calientes\u00a0que, junto con los productos horneados, entre otros, te dar\u00e1 los buenos d\u00edas cada ma\u00f1ana..\" \/>\n<meta property=\"og:url\" content=\"https:\/\/www.executivehotelsiena.com\/es\/restaurante-y-bar\/el-desayuno\/\" \/>\n<meta property=\"og:site_name\" content=\"Executive Hotel Siena\" \/>\n<meta property=\"article:modified_time\" content=\"2021-07-05T15:52:59+00:00\" \/>\n<meta name=\"twitter:card\" content=\"summary_large_image\" \/>\n<script type=\"application\/ld+json\" class=\"yoast-schema-graph\">{\"@context\":\"https:\/\/schema.org\",\"@graph\":[{\"@type\":\"WebPage\",\"@id\":\"https:\/\/www.executivehotelsiena.com\/es\/restaurante-y-bar\/el-desayuno\/\",\"url\":\"https:\/\/www.executivehotelsiena.com\/es\/restaurante-y-bar\/el-desayuno\/\",\"name\":\"El desayuno - Executive Hotel Siena\",\"isPartOf\":{\"@id\":\"https:\/\/www.executivehotelsiena.com\/es\/#website\"},\"datePublished\":\"2021-06-18T14:20:41+00:00\",\"dateModified\":\"2021-07-05T15:52:59+00:00\",\"description\":\"El hotel ofrece, dentro de todas sus zonas de restauraci\u00f3n, a todos sus hu\u00e9spedes, un servicio de desayuno de 7:00 a 10:00 de la ma\u00f1ana. Un buf\u00e9 de\u00a0platos fr\u00edos y calientes\u00a0que, junto con los productos horneados, entre otros, te dar\u00e1 los buenos d\u00edas cada ma\u00f1ana..\",\"breadcrumb\":{\"@id\":\"https:\/\/www.executivehotelsiena.com\/es\/restaurante-y-bar\/el-desayuno\/#breadcrumb\"},\"inLanguage\":\"es\",\"potentialAction\":[{\"@type\":\"ReadAction\",\"target\":[\"https:\/\/www.executivehotelsiena.com\/es\/restaurante-y-bar\/el-desayuno\/\"]}]},{\"@type\":\"BreadcrumbList\",\"@id\":\"https:\/\/www.executivehotelsiena.com\/es\/restaurante-y-bar\/el-desayuno\/#breadcrumb\",\"itemListElement\":[{\"@type\":\"ListItem\",\"position\":1,\"name\":\"Home\",\"item\":\"https:\/\/www.executivehotelsiena.com\/es\/\"},{\"@type\":\"ListItem\",\"position\":2,\"name\":\"Restaurante y bar\",\"item\":\"https:\/\/www.executivehotelsiena.com\/es\/restaurante-y-bar\/\"},{\"@type\":\"ListItem\",\"position\":3,\"name\":\"El desayuno\"}]},{\"@type\":\"WebSite\",\"@id\":\"https:\/\/www.executivehotelsiena.com\/es\/#website\",\"url\":\"https:\/\/www.executivehotelsiena.com\/es\/\",\"name\":\"Executive Hotel Siena\",\"description\":\"Just another ms.decms.eu site\",\"potentialAction\":[{\"@type\":\"SearchAction\",\"target\":{\"@type\":\"EntryPoint\",\"urlTemplate\":\"https:\/\/www.executivehotelsiena.com\/es\/?s={search_term_string}\"},\"query-input\":{\"@type\":\"PropertyValueSpecification\",\"valueRequired\":true,\"valueName\":\"search_term_string\"}}],\"inLanguage\":\"es\"}]}<\/script>\n<!-- \/ Yoast SEO plugin. -->","yoast_head_json":{"title":"El desayuno - Executive Hotel Siena","description":"El hotel ofrece, dentro de todas sus zonas de restauraci\u00f3n, a todos sus hu\u00e9spedes, un servicio de desayuno de 7:00 a 10:00 de la ma\u00f1ana.  Un buf\u00e9 de\u00a0platos fr\u00edos y calientes\u00a0que, junto con los productos horneados, entre otros, te dar\u00e1 los buenos d\u00edas cada ma\u00f1ana..","robots":{"index":"index","follow":"follow","max-snippet":"max-snippet:-1","max-image-preview":"max-image-preview:large","max-video-preview":"max-video-preview:-1"},"canonical":"https:\/\/www.executivehotelsiena.com\/es\/restaurante-y-bar\/el-desayuno\/","og_locale":"es_ES","og_type":"article","og_title":"El desayuno - Executive Hotel Siena","og_description":"El hotel ofrece, dentro de todas sus zonas de restauraci\u00f3n, a todos sus hu\u00e9spedes, un servicio de desayuno de 7:00 a 10:00 de la ma\u00f1ana.  Un buf\u00e9 de\u00a0platos fr\u00edos y calientes\u00a0que, junto con los productos horneados, entre otros, te dar\u00e1 los buenos d\u00edas cada ma\u00f1ana..","og_url":"https:\/\/www.executivehotelsiena.com\/es\/restaurante-y-bar\/el-desayuno\/","og_site_name":"Executive Hotel Siena","article_modified_time":"2021-07-05T15:52:59+00:00","twitter_card":"summary_large_image","schema":{"@context":"https:\/\/schema.org","@graph":[{"@type":"WebPage","@id":"https:\/\/www.executivehotelsiena.com\/es\/restaurante-y-bar\/el-desayuno\/","url":"https:\/\/www.executivehotelsiena.com\/es\/restaurante-y-bar\/el-desayuno\/","name":"El desayuno - Executive Hotel Siena","isPartOf":{"@id":"https:\/\/www.executivehotelsiena.com\/es\/#website"},"datePublished":"2021-06-18T14:20:41+00:00","dateModified":"2021-07-05T15:52:59+00:00","description":"El hotel ofrece, dentro de todas sus zonas de restauraci\u00f3n, a todos sus hu\u00e9spedes, un servicio de desayuno de 7:00 a 10:00 de la ma\u00f1ana. Un buf\u00e9 de\u00a0platos fr\u00edos y calientes\u00a0que, junto con los productos horneados, entre otros, te dar\u00e1 los buenos d\u00edas cada ma\u00f1ana..","breadcrumb":{"@id":"https:\/\/www.executivehotelsiena.com\/es\/restaurante-y-bar\/el-desayuno\/#breadcrumb"},"inLanguage":"es","potentialAction":[{"@type":"ReadAction","target":["https:\/\/www.executivehotelsiena.com\/es\/restaurante-y-bar\/el-desayuno\/"]}]},{"@type":"BreadcrumbList","@id":"https:\/\/www.executivehotelsiena.com\/es\/restaurante-y-bar\/el-desayuno\/#breadcrumb","itemListElement":[{"@type":"ListItem","position":1,"name":"Home","item":"https:\/\/www.executivehotelsiena.com\/es\/"},{"@type":"ListItem","position":2,"name":"Restaurante y bar","item":"https:\/\/www.executivehotelsiena.com\/es\/restaurante-y-bar\/"},{"@type":"ListItem","position":3,"name":"El desayuno"}]},{"@type":"WebSite","@id":"https:\/\/www.executivehotelsiena.com\/es\/#website","url":"https:\/\/www.executivehotelsiena.com\/es\/","name":"Executive Hotel Siena","description":"Just another ms.decms.eu site","potentialAction":[{"@type":"SearchAction","target":{"@type":"EntryPoint","urlTemplate":"https:\/\/www.executivehotelsiena.com\/es\/?s={search_term_string}"},"query-input":{"@type":"PropertyValueSpecification","valueRequired":true,"valueName":"search_term_string"}}],"inLanguage":"es"}]}},"acf":[],"_links":{"self":[{"href":"https:\/\/www.executivehotelsiena.com\/es\/wp-json\/wp\/v2\/pages\/207","targetHints":{"allow":["GET"]}}],"collection":[{"href":"https:\/\/www.executivehotelsiena.com\/es\/wp-json\/wp\/v2\/pages"}],"about":[{"href":"https:\/\/www.executivehotelsiena.com\/es\/wp-json\/wp\/v2\/types\/page"}],"author":[{"embeddable":true,"href":"https:\/\/www.executivehotelsiena.com\/es\/wp-json\/wp\/v2\/users\/6"}],"replies":[{"embeddable":true,"href":"https:\/\/www.executivehotelsiena.com\/es\/wp-json\/wp\/v2\/comments?post=207"}],"version-history":[{"count":0,"href":"https:\/\/www.executivehotelsiena.com\/es\/wp-json\/wp\/v2\/pages\/207\/revisions"}],"up":[{"embeddable":true,"href":"https:\/\/www.executivehotelsiena.com\/es\/wp-json\/wp\/v2\/pages\/203"}],"wp:attachment":[{"href":"https:\/\/www.executivehotelsiena.com\/es\/wp-json\/wp\/v2\/media?parent=207"}],"curies":[{"name":"wp","href":"https:\/\/api.w.org\/{rel}","templated":true}]}}