{"id":211,"date":"2021-06-07T13:32:17","date_gmt":"2021-06-07T13:32:17","guid":{"rendered":"https:\/\/executivesiena.ms.decms.eu\/gruppi-meeting-servizi\/"},"modified":"2024-10-28T15:48:16","modified_gmt":"2024-10-28T15:48:16","slug":"grupos-reuniones-y-servicios","status":"publish","type":"page","link":"https:\/\/www.executivehotelsiena.com\/es\/grupos-reuniones-y-servicios\/","title":{"rendered":"Grupos, reuniones y servicios"},"content":{"rendered":"<p>\u00bfEres un operador a la b\u00fasqueda de un hotel en Siena adaptado para grupos de turistas o simplemente buscas un lugar para tu pr\u00f3ximo evento? Nuestras 72 habitaciones est\u00e1n a tu disposici\u00f3n. Para reservas para grupos, escribe a booking@executivehotelsiena.com y solicita un presupuesto.<\/p>\n<p>La mejor organizaci\u00f3n para que cada evento sea un \u00e9xito.<\/p>\n<p>El Hotel Executive cuenta con una peque\u00f1a sala de reuniones con aforo de hasta 40 personas.<\/p>\n<p>Est\u00e1 provista de luz natural y equipada con l\u00ednea telef\u00f3nica, Internet v\u00eda wifi y sistemas tecnol\u00f3gicos de audio y v\u00eddeo. Se puede configurar con distintos montajes, seg\u00fan las necesidades del cliente, convirti\u00e9ndose en el lugar ideal para organizar cualquier tipo de evento o reuni\u00f3n.<\/p>\n","protected":false},"excerpt":{"rendered":"<p>\u00bfEres un operador a la b\u00fasqueda de un hotel en Siena adaptado para grupos de turistas o simplemente buscas un lugar para tu pr\u00f3ximo evento? Nuestras 72 habitaciones est\u00e1n a tu disposici\u00f3n. Para reservas para grupos, escribe a booking@executivehotelsiena.com y solicita un presupuesto. La mejor organizaci\u00f3n para que cada evento sea un \u00e9xito. El Hotel [&hellip;]<\/p>\n","protected":false},"author":6,"featured_media":0,"parent":0,"menu_order":30,"comment_status":"closed","ping_status":"closed","template":"","meta":{"footnotes":""},"class_list":["post-211","page","type-page","status-publish","hentry"],"yoast_head":"<!-- This site is optimized with the Yoast SEO plugin v26.9 - https:\/\/yoast.com\/product\/yoast-seo-wordpress\/ -->\n<title>Grupos, reuniones y servicios - Executive Hotel Siena<\/title>\n<meta name=\"description\" content=\"\u00bfEres un operador a la b\u00fasqueda de un hotel en Siena adaptado para grupos de turistas o simplemente buscas un lugar para tu pr\u00f3ximo evento? Nuestras 72 habitaciones est\u00e1n a tu disposici\u00f3n. Para reservas para grupos, escribe a booking@executivehotelsiena.com y solicita un presupuesto.  La mejor organizaci\u00f3n para que cada evento sea un \u00e9xito.  El Hotel Executive cuenta con una peque\u00f1a sala de reuniones con aforo de hasta 40 personas.  Est\u00e1 provista de luz natural y equipada con l\u00ednea telef\u00f3nica, Internet v\u00eda wifi y sistemas tecnol\u00f3gicos de audio y v\u00eddeo\" \/>\n<meta name=\"robots\" content=\"index, follow, max-snippet:-1, max-image-preview:large, max-video-preview:-1\" \/>\n<link rel=\"canonical\" href=\"https:\/\/www.executivehotelsiena.com\/es\/grupos-reuniones-y-servicios\/\" \/>\n<meta property=\"og:locale\" content=\"es_ES\" \/>\n<meta property=\"og:type\" content=\"article\" \/>\n<meta property=\"og:title\" content=\"Grupos, reuniones y servicios - Executive Hotel Siena\" \/>\n<meta property=\"og:description\" content=\"\u00bfEres un operador a la b\u00fasqueda de un hotel en Siena adaptado para grupos de turistas o simplemente buscas un lugar para tu pr\u00f3ximo evento? Nuestras 72 habitaciones est\u00e1n a tu disposici\u00f3n. Para reservas para grupos, escribe a booking@executivehotelsiena.com y solicita un presupuesto.  La mejor organizaci\u00f3n para que cada evento sea un \u00e9xito.  El Hotel Executive cuenta con una peque\u00f1a sala de reuniones con aforo de hasta 40 personas.  Est\u00e1 provista de luz natural y equipada con l\u00ednea telef\u00f3nica, Internet v\u00eda wifi y sistemas tecnol\u00f3gicos de audio y v\u00eddeo\" \/>\n<meta property=\"og:url\" content=\"https:\/\/www.executivehotelsiena.com\/es\/grupos-reuniones-y-servicios\/\" \/>\n<meta property=\"og:site_name\" content=\"Executive Hotel Siena\" \/>\n<meta property=\"article:modified_time\" content=\"2024-10-28T15:48:16+00:00\" \/>\n<meta name=\"twitter:card\" content=\"summary_large_image\" \/>\n<meta name=\"twitter:label1\" content=\"Tiempo de lectura\" \/>\n\t<meta name=\"twitter:data1\" content=\"1 minuto\" \/>\n<script type=\"application\/ld+json\" class=\"yoast-schema-graph\">{\"@context\":\"https:\/\/schema.org\",\"@graph\":[{\"@type\":\"WebPage\",\"@id\":\"https:\/\/www.executivehotelsiena.com\/es\/grupos-reuniones-y-servicios\/\",\"url\":\"https:\/\/www.executivehotelsiena.com\/es\/grupos-reuniones-y-servicios\/\",\"name\":\"Grupos, reuniones y servicios - Executive Hotel Siena\",\"isPartOf\":{\"@id\":\"https:\/\/www.executivehotelsiena.com\/es\/#website\"},\"datePublished\":\"2021-06-07T13:32:17+00:00\",\"dateModified\":\"2024-10-28T15:48:16+00:00\",\"description\":\"\u00bfEres un operador a la b\u00fasqueda de un hotel en Siena adaptado para grupos de turistas o simplemente buscas un lugar para tu pr\u00f3ximo evento? Nuestras 72 habitaciones est\u00e1n a tu disposici\u00f3n. Para reservas para grupos, escribe a booking@executivehotelsiena.com y solicita un presupuesto. La mejor organizaci\u00f3n para que cada evento sea un \u00e9xito. El Hotel Executive cuenta con una peque\u00f1a sala de reuniones con aforo de hasta 40 personas. Est\u00e1 provista de luz natural y equipada con l\u00ednea telef\u00f3nica, Internet v\u00eda wifi y sistemas tecnol\u00f3gicos de audio y v\u00eddeo\",\"breadcrumb\":{\"@id\":\"https:\/\/www.executivehotelsiena.com\/es\/grupos-reuniones-y-servicios\/#breadcrumb\"},\"inLanguage\":\"es\",\"potentialAction\":[{\"@type\":\"ReadAction\",\"target\":[\"https:\/\/www.executivehotelsiena.com\/es\/grupos-reuniones-y-servicios\/\"]}]},{\"@type\":\"BreadcrumbList\",\"@id\":\"https:\/\/www.executivehotelsiena.com\/es\/grupos-reuniones-y-servicios\/#breadcrumb\",\"itemListElement\":[{\"@type\":\"ListItem\",\"position\":1,\"name\":\"Home\",\"item\":\"https:\/\/www.executivehotelsiena.com\/es\/\"},{\"@type\":\"ListItem\",\"position\":2,\"name\":\"Grupos, reuniones y servicios\"}]},{\"@type\":\"WebSite\",\"@id\":\"https:\/\/www.executivehotelsiena.com\/es\/#website\",\"url\":\"https:\/\/www.executivehotelsiena.com\/es\/\",\"name\":\"Executive Hotel Siena\",\"description\":\"Just another ms.decms.eu site\",\"potentialAction\":[{\"@type\":\"SearchAction\",\"target\":{\"@type\":\"EntryPoint\",\"urlTemplate\":\"https:\/\/www.executivehotelsiena.com\/es\/?s={search_term_string}\"},\"query-input\":{\"@type\":\"PropertyValueSpecification\",\"valueRequired\":true,\"valueName\":\"search_term_string\"}}],\"inLanguage\":\"es\"}]}<\/script>\n<!-- \/ Yoast SEO plugin. -->","yoast_head_json":{"title":"Grupos, reuniones y servicios - Executive Hotel Siena","description":"\u00bfEres un operador a la b\u00fasqueda de un hotel en Siena adaptado para grupos de turistas o simplemente buscas un lugar para tu pr\u00f3ximo evento? Nuestras 72 habitaciones est\u00e1n a tu disposici\u00f3n. Para reservas para grupos, escribe a booking@executivehotelsiena.com y solicita un presupuesto.  La mejor organizaci\u00f3n para que cada evento sea un \u00e9xito.  El Hotel Executive cuenta con una peque\u00f1a sala de reuniones con aforo de hasta 40 personas.  Est\u00e1 provista de luz natural y equipada con l\u00ednea telef\u00f3nica, Internet v\u00eda wifi y sistemas tecnol\u00f3gicos de audio y v\u00eddeo","robots":{"index":"index","follow":"follow","max-snippet":"max-snippet:-1","max-image-preview":"max-image-preview:large","max-video-preview":"max-video-preview:-1"},"canonical":"https:\/\/www.executivehotelsiena.com\/es\/grupos-reuniones-y-servicios\/","og_locale":"es_ES","og_type":"article","og_title":"Grupos, reuniones y servicios - Executive Hotel Siena","og_description":"\u00bfEres un operador a la b\u00fasqueda de un hotel en Siena adaptado para grupos de turistas o simplemente buscas un lugar para tu pr\u00f3ximo evento? Nuestras 72 habitaciones est\u00e1n a tu disposici\u00f3n. Para reservas para grupos, escribe a booking@executivehotelsiena.com y solicita un presupuesto.  La mejor organizaci\u00f3n para que cada evento sea un \u00e9xito.  El Hotel Executive cuenta con una peque\u00f1a sala de reuniones con aforo de hasta 40 personas.  Est\u00e1 provista de luz natural y equipada con l\u00ednea telef\u00f3nica, Internet v\u00eda wifi y sistemas tecnol\u00f3gicos de audio y v\u00eddeo","og_url":"https:\/\/www.executivehotelsiena.com\/es\/grupos-reuniones-y-servicios\/","og_site_name":"Executive Hotel Siena","article_modified_time":"2024-10-28T15:48:16+00:00","twitter_card":"summary_large_image","twitter_misc":{"Tiempo de lectura":"1 minuto"},"schema":{"@context":"https:\/\/schema.org","@graph":[{"@type":"WebPage","@id":"https:\/\/www.executivehotelsiena.com\/es\/grupos-reuniones-y-servicios\/","url":"https:\/\/www.executivehotelsiena.com\/es\/grupos-reuniones-y-servicios\/","name":"Grupos, reuniones y servicios - Executive Hotel Siena","isPartOf":{"@id":"https:\/\/www.executivehotelsiena.com\/es\/#website"},"datePublished":"2021-06-07T13:32:17+00:00","dateModified":"2024-10-28T15:48:16+00:00","description":"\u00bfEres un operador a la b\u00fasqueda de un hotel en Siena adaptado para grupos de turistas o simplemente buscas un lugar para tu pr\u00f3ximo evento? Nuestras 72 habitaciones est\u00e1n a tu disposici\u00f3n. Para reservas para grupos, escribe a booking@executivehotelsiena.com y solicita un presupuesto. La mejor organizaci\u00f3n para que cada evento sea un \u00e9xito. El Hotel Executive cuenta con una peque\u00f1a sala de reuniones con aforo de hasta 40 personas. Est\u00e1 provista de luz natural y equipada con l\u00ednea telef\u00f3nica, Internet v\u00eda wifi y sistemas tecnol\u00f3gicos de audio y v\u00eddeo","breadcrumb":{"@id":"https:\/\/www.executivehotelsiena.com\/es\/grupos-reuniones-y-servicios\/#breadcrumb"},"inLanguage":"es","potentialAction":[{"@type":"ReadAction","target":["https:\/\/www.executivehotelsiena.com\/es\/grupos-reuniones-y-servicios\/"]}]},{"@type":"BreadcrumbList","@id":"https:\/\/www.executivehotelsiena.com\/es\/grupos-reuniones-y-servicios\/#breadcrumb","itemListElement":[{"@type":"ListItem","position":1,"name":"Home","item":"https:\/\/www.executivehotelsiena.com\/es\/"},{"@type":"ListItem","position":2,"name":"Grupos, reuniones y servicios"}]},{"@type":"WebSite","@id":"https:\/\/www.executivehotelsiena.com\/es\/#website","url":"https:\/\/www.executivehotelsiena.com\/es\/","name":"Executive Hotel Siena","description":"Just another ms.decms.eu site","potentialAction":[{"@type":"SearchAction","target":{"@type":"EntryPoint","urlTemplate":"https:\/\/www.executivehotelsiena.com\/es\/?s={search_term_string}"},"query-input":{"@type":"PropertyValueSpecification","valueRequired":true,"valueName":"search_term_string"}}],"inLanguage":"es"}]}},"acf":[],"_links":{"self":[{"href":"https:\/\/www.executivehotelsiena.com\/es\/wp-json\/wp\/v2\/pages\/211","targetHints":{"allow":["GET"]}}],"collection":[{"href":"https:\/\/www.executivehotelsiena.com\/es\/wp-json\/wp\/v2\/pages"}],"about":[{"href":"https:\/\/www.executivehotelsiena.com\/es\/wp-json\/wp\/v2\/types\/page"}],"author":[{"embeddable":true,"href":"https:\/\/www.executivehotelsiena.com\/es\/wp-json\/wp\/v2\/users\/6"}],"replies":[{"embeddable":true,"href":"https:\/\/www.executivehotelsiena.com\/es\/wp-json\/wp\/v2\/comments?post=211"}],"version-history":[{"count":0,"href":"https:\/\/www.executivehotelsiena.com\/es\/wp-json\/wp\/v2\/pages\/211\/revisions"}],"wp:attachment":[{"href":"https:\/\/www.executivehotelsiena.com\/es\/wp-json\/wp\/v2\/media?parent=211"}],"curies":[{"name":"wp","href":"https:\/\/api.w.org\/{rel}","templated":true}]}}