{"id":219,"date":"2021-06-07T13:34:24","date_gmt":"2021-06-07T13:34:24","guid":{"rendered":"https:\/\/executivesiena.ms.decms.eu\/dove-siamo\/"},"modified":"2025-08-05T09:53:24","modified_gmt":"2025-08-05T09:53:24","slug":"donde-estamos","status":"publish","type":"page","link":"https:\/\/www.executivehotelsiena.com\/es\/donde-estamos\/","title":{"rendered":"D\u00f3nde estamos"},"content":{"rendered":"<p>Via Nazareno Orlandi, 32 \u2013 53100 Siena (SI)<br \/>\nTel.: +39 0577 331210 \u2013 Fax: +39 0577 332401<br \/>\nCoordenadas GPS: Lat. 43 20\u2032 23\u201d \u2013 Long. 11 19\u2032 29\u201d<\/p>\n<p>&nbsp;<\/p>\n<p>\u00bfTienes alg\u00fan problema y no logras encontrarnos? ll\u00e1manos o escr\u00edbenos por <strong>WHATSAPP al 331 190 29 14<\/strong><\/p>\n<p>Centro hist\u00f3rico: 2000 m (30 minutos a pie, 5 minutos en coche)<br \/>\nHospital \u00abLe Scotte\u00bb: 100\u00a0m (5 minutos a pie)<br \/>\nEstaci\u00f3n: 900 metros. Calcular la ruta en <a href=\"https:\/\/www.thetrainline.com\">TRAINLINE<\/a><br \/>\nAutob\u00fas urbano: frente a la entrada<\/p>\n","protected":false},"excerpt":{"rendered":"<p>Via Nazareno Orlandi, 32 \u2013 53100 Siena (SI) Tel.: +39 0577 331210 \u2013 Fax: +39 0577 332401 Coordenadas GPS: Lat. 43 20\u2032 23\u201d \u2013 Long. 11 19\u2032 29\u201d &nbsp; \u00bfTienes alg\u00fan problema y no logras encontrarnos? ll\u00e1manos o escr\u00edbenos por WHATSAPP al 331 190 29 14 Centro hist\u00f3rico: 2000 m (30 minutos a pie, 5 [&hellip;]<\/p>\n","protected":false},"author":6,"featured_media":0,"parent":0,"menu_order":40,"comment_status":"closed","ping_status":"closed","template":"template-location.php","meta":{"footnotes":""},"class_list":["post-219","page","type-page","status-publish","hentry"],"yoast_head":"<!-- This site is optimized with the Yoast SEO plugin v26.9 - https:\/\/yoast.com\/product\/yoast-seo-wordpress\/ -->\n<title>D\u00f3nde estamos - Executive Hotel Siena<\/title>\n<meta name=\"description\" content=\"Via Nazareno Orlandi, 32 \u2013 53100 Siena (SI) Tel.: +39 0577 331210 \u2013 Fax: +39 0577 332401 Coordenadas GPS: Lat. 43 20\u2032 23\u201d \u2013 Long\" \/>\n<meta name=\"robots\" content=\"index, follow, max-snippet:-1, max-image-preview:large, max-video-preview:-1\" \/>\n<link rel=\"canonical\" href=\"https:\/\/www.executivehotelsiena.com\/es\/donde-estamos\/\" \/>\n<meta property=\"og:locale\" content=\"es_ES\" \/>\n<meta property=\"og:type\" content=\"article\" \/>\n<meta property=\"og:title\" content=\"D\u00f3nde estamos - Executive Hotel Siena\" \/>\n<meta property=\"og:description\" content=\"Via Nazareno Orlandi, 32 \u2013 53100 Siena (SI) Tel.: +39 0577 331210 \u2013 Fax: +39 0577 332401 Coordenadas GPS: Lat. 43 20\u2032 23\u201d \u2013 Long\" \/>\n<meta property=\"og:url\" content=\"https:\/\/www.executivehotelsiena.com\/es\/donde-estamos\/\" \/>\n<meta property=\"og:site_name\" content=\"Executive Hotel Siena\" \/>\n<meta property=\"article:modified_time\" content=\"2025-08-05T09:53:24+00:00\" \/>\n<meta name=\"twitter:card\" content=\"summary_large_image\" \/>\n<meta name=\"twitter:label1\" content=\"Tiempo de lectura\" \/>\n\t<meta name=\"twitter:data1\" content=\"1 minuto\" \/>\n<script type=\"application\/ld+json\" class=\"yoast-schema-graph\">{\"@context\":\"https:\/\/schema.org\",\"@graph\":[{\"@type\":\"WebPage\",\"@id\":\"https:\/\/www.executivehotelsiena.com\/es\/donde-estamos\/\",\"url\":\"https:\/\/www.executivehotelsiena.com\/es\/donde-estamos\/\",\"name\":\"D\u00f3nde estamos - Executive Hotel Siena\",\"isPartOf\":{\"@id\":\"https:\/\/www.executivehotelsiena.com\/es\/#website\"},\"datePublished\":\"2021-06-07T13:34:24+00:00\",\"dateModified\":\"2025-08-05T09:53:24+00:00\",\"description\":\"Via Nazareno Orlandi, 32 \u2013 53100 Siena (SI) Tel.: +39 0577 331210 \u2013 Fax: +39 0577 332401 Coordenadas GPS: Lat. 43 20\u2032 23\u201d \u2013 Long\",\"breadcrumb\":{\"@id\":\"https:\/\/www.executivehotelsiena.com\/es\/donde-estamos\/#breadcrumb\"},\"inLanguage\":\"es\",\"potentialAction\":[{\"@type\":\"ReadAction\",\"target\":[\"https:\/\/www.executivehotelsiena.com\/es\/donde-estamos\/\"]}]},{\"@type\":\"BreadcrumbList\",\"@id\":\"https:\/\/www.executivehotelsiena.com\/es\/donde-estamos\/#breadcrumb\",\"itemListElement\":[{\"@type\":\"ListItem\",\"position\":1,\"name\":\"Home\",\"item\":\"https:\/\/www.executivehotelsiena.com\/es\/\"},{\"@type\":\"ListItem\",\"position\":2,\"name\":\"D\u00f3nde estamos\"}]},{\"@type\":\"WebSite\",\"@id\":\"https:\/\/www.executivehotelsiena.com\/es\/#website\",\"url\":\"https:\/\/www.executivehotelsiena.com\/es\/\",\"name\":\"Executive Hotel Siena\",\"description\":\"Just another ms.decms.eu site\",\"potentialAction\":[{\"@type\":\"SearchAction\",\"target\":{\"@type\":\"EntryPoint\",\"urlTemplate\":\"https:\/\/www.executivehotelsiena.com\/es\/?s={search_term_string}\"},\"query-input\":{\"@type\":\"PropertyValueSpecification\",\"valueRequired\":true,\"valueName\":\"search_term_string\"}}],\"inLanguage\":\"es\"}]}<\/script>\n<!-- \/ Yoast SEO plugin. -->","yoast_head_json":{"title":"D\u00f3nde estamos - Executive Hotel Siena","description":"Via Nazareno Orlandi, 32 \u2013 53100 Siena (SI) Tel.: +39 0577 331210 \u2013 Fax: +39 0577 332401 Coordenadas GPS: Lat. 43 20\u2032 23\u201d \u2013 Long","robots":{"index":"index","follow":"follow","max-snippet":"max-snippet:-1","max-image-preview":"max-image-preview:large","max-video-preview":"max-video-preview:-1"},"canonical":"https:\/\/www.executivehotelsiena.com\/es\/donde-estamos\/","og_locale":"es_ES","og_type":"article","og_title":"D\u00f3nde estamos - Executive Hotel Siena","og_description":"Via Nazareno Orlandi, 32 \u2013 53100 Siena (SI) Tel.: +39 0577 331210 \u2013 Fax: +39 0577 332401 Coordenadas GPS: Lat. 43 20\u2032 23\u201d \u2013 Long","og_url":"https:\/\/www.executivehotelsiena.com\/es\/donde-estamos\/","og_site_name":"Executive Hotel Siena","article_modified_time":"2025-08-05T09:53:24+00:00","twitter_card":"summary_large_image","twitter_misc":{"Tiempo de lectura":"1 minuto"},"schema":{"@context":"https:\/\/schema.org","@graph":[{"@type":"WebPage","@id":"https:\/\/www.executivehotelsiena.com\/es\/donde-estamos\/","url":"https:\/\/www.executivehotelsiena.com\/es\/donde-estamos\/","name":"D\u00f3nde estamos - Executive Hotel Siena","isPartOf":{"@id":"https:\/\/www.executivehotelsiena.com\/es\/#website"},"datePublished":"2021-06-07T13:34:24+00:00","dateModified":"2025-08-05T09:53:24+00:00","description":"Via Nazareno Orlandi, 32 \u2013 53100 Siena (SI) Tel.: +39 0577 331210 \u2013 Fax: +39 0577 332401 Coordenadas GPS: Lat. 43 20\u2032 23\u201d \u2013 Long","breadcrumb":{"@id":"https:\/\/www.executivehotelsiena.com\/es\/donde-estamos\/#breadcrumb"},"inLanguage":"es","potentialAction":[{"@type":"ReadAction","target":["https:\/\/www.executivehotelsiena.com\/es\/donde-estamos\/"]}]},{"@type":"BreadcrumbList","@id":"https:\/\/www.executivehotelsiena.com\/es\/donde-estamos\/#breadcrumb","itemListElement":[{"@type":"ListItem","position":1,"name":"Home","item":"https:\/\/www.executivehotelsiena.com\/es\/"},{"@type":"ListItem","position":2,"name":"D\u00f3nde estamos"}]},{"@type":"WebSite","@id":"https:\/\/www.executivehotelsiena.com\/es\/#website","url":"https:\/\/www.executivehotelsiena.com\/es\/","name":"Executive Hotel Siena","description":"Just another ms.decms.eu site","potentialAction":[{"@type":"SearchAction","target":{"@type":"EntryPoint","urlTemplate":"https:\/\/www.executivehotelsiena.com\/es\/?s={search_term_string}"},"query-input":{"@type":"PropertyValueSpecification","valueRequired":true,"valueName":"search_term_string"}}],"inLanguage":"es"}]}},"acf":[],"_links":{"self":[{"href":"https:\/\/www.executivehotelsiena.com\/es\/wp-json\/wp\/v2\/pages\/219","targetHints":{"allow":["GET"]}}],"collection":[{"href":"https:\/\/www.executivehotelsiena.com\/es\/wp-json\/wp\/v2\/pages"}],"about":[{"href":"https:\/\/www.executivehotelsiena.com\/es\/wp-json\/wp\/v2\/types\/page"}],"author":[{"embeddable":true,"href":"https:\/\/www.executivehotelsiena.com\/es\/wp-json\/wp\/v2\/users\/6"}],"replies":[{"embeddable":true,"href":"https:\/\/www.executivehotelsiena.com\/es\/wp-json\/wp\/v2\/comments?post=219"}],"version-history":[{"count":0,"href":"https:\/\/www.executivehotelsiena.com\/es\/wp-json\/wp\/v2\/pages\/219\/revisions"}],"wp:attachment":[{"href":"https:\/\/www.executivehotelsiena.com\/es\/wp-json\/wp\/v2\/media?parent=219"}],"curies":[{"name":"wp","href":"https:\/\/api.w.org\/{rel}","templated":true}]}}