{"id":231,"date":"2021-06-21T09:54:05","date_gmt":"2021-06-21T09:54:05","guid":{"rendered":"https:\/\/executivesiena.ms.decms.eu\/policlinico-universitario-le-scotte\/"},"modified":"2021-08-11T14:26:15","modified_gmt":"2021-08-11T14:26:15","slug":"policlinico-universitario-le-scotte","status":"publish","type":"page","link":"https:\/\/www.executivehotelsiena.com\/es\/policlinico-universitario-le-scotte\/","title":{"rendered":"Policl\u00ednico Universitario \u00abLe Scotte\u00bb"},"content":{"rendered":"<p>El\u00a0<strong>Policl\u00ednico Universitario Le Scotte de Siena<\/strong>\u00a0est\u00e1 a solo 400 metros de nuestro hotel.<\/p>\n<p>La distancia se puede recorrer a pie en tan solo\u00a0<strong>5 minutos<\/strong>. Aparcar tu veh\u00edculo no ser\u00e1 un problema; puedes usar nuestro\u00a0<strong>aparcamiento privado<\/strong>\u00a0incluso despu\u00e9s de la hora de salida habitual.<\/p>\n<p>Presentando a la llegada, o durante la estancia, un certificado emitido por la empresa hospitalaria, es posible beneficiarse del\u00a0convenio reservado\u00a0para pacientes o parientes y familiares de personas hospitalizadas.<\/p>\n<p><strong>Entre las ventajas de este convenio est\u00e1n las siguientes:<\/strong><\/p>\n<p>Tarifa fija todos los d\u00edas del a\u00f1o<br \/>\nLa garant\u00eda de la tarjeta de cr\u00e9dito no es necesaria<br \/>\nCancelaciones y modificaciones sin penalizaci\u00f3n<br \/>\nDesayuno, aparcamiento y wifi incluidos en todo momento<br \/>\nUtilizaci\u00f3n del aparcamiento incluso despu\u00e9s de la hora de salida<\/p>\n<p>Para m\u00e1s informaci\u00f3n sobre las tarifas y condiciones de este convenio, cont\u00e1ctanos por tel\u00e9fono en el 0577-331210, por correo electr\u00f3nico en\u00a0<a href=\"mailto:info@executivehotelsiena.com\" target=\"_blank\" rel=\"noopener\">info@executivehotelsiena.com<\/a>\u00a0o por\u00a0<strong>WhatsApp en el 3311902914<\/strong>.<\/p>\n<p>Reserva ahora nuestra tarifa del <a href=\"https:\/\/www.secure-hotel-booking.com\/Hotel-Executive-Siena\/JRQ4\/it?hotelId=23423&amp;rate=CONVENZIONE-OSPEDALIERA&amp;selectedRate=CONVENZIONE-OSPEDALIERA\" target=\"_blank\" rel=\"noopener\">CONVENIO HOSPITALARIO<\/a><\/p>\n","protected":false},"excerpt":{"rendered":"<p>El\u00a0Policl\u00ednico Universitario Le Scotte de Siena\u00a0est\u00e1 a solo 400 metros de nuestro hotel. La distancia se puede recorrer a pie en tan solo\u00a05 minutos. Aparcar tu veh\u00edculo no ser\u00e1 un problema; puedes usar nuestro\u00a0aparcamiento privado\u00a0incluso despu\u00e9s de la hora de salida habitual. Presentando a la llegada, o durante la estancia, un certificado emitido por la [&hellip;]<\/p>\n","protected":false},"author":6,"featured_media":0,"parent":0,"menu_order":45,"comment_status":"closed","ping_status":"closed","template":"","meta":{"footnotes":""},"class_list":["post-231","page","type-page","status-publish","hentry"],"yoast_head":"<!-- This site is optimized with the Yoast SEO plugin v26.9 - https:\/\/yoast.com\/product\/yoast-seo-wordpress\/ -->\n<title>Policl\u00ednico Universitario &quot;Le Scotte&quot; - Executive Hotel Siena<\/title>\n<meta name=\"description\" content=\"El\u00a0Policl\u00ednico Universitario Le Scotte de Siena\u00a0est\u00e1 a solo 400 metros de nuestro hotel.  La distancia se puede recorrer a pie en tan solo\u00a05 minutos. Aparcar tu veh\u00edculo no ser\u00e1 un problema; puedes usar nuestro\u00a0aparcamiento privado\u00a0incluso despu\u00e9s de la hora de salida habitual.  Presentando a la llegada, o durante la estancia, un certificado emitido por la empresa hospitalaria, es posible beneficiarse del\u00a0convenio reservado\u00a0para pacientes o parientes y familiares de personas hospitalizadas.  Entre las ventajas de este convenio est\u00e1n las siguientes:  Tarifa fija todos los d\u00edas del a\u00f1o La garant\u00eda de la tarjeta de cr\u00e9dito no es necesaria Cancelaciones y modificaciones sin penalizaci\u00f3n Desayuno, aparcamiento y wifi incluidos en todo momento Utilizaci\u00f3n del aparcamiento incluso despu\u00e9s de la hora de salida  Para m\u00e1s informaci\u00f3n sobre las tarifas y condiciones de este convenio, cont\u00e1ctanos por tel\u00e9fono en el 0577-331210, por correo electr\u00f3nico en\u00a0info@executivehotelsiena.com\u00a0o por\u00a0WhatsApp en el 3311902914.  Reserva ahora nuestra tarifa del CONVENIO HOSPITALARIO\" \/>\n<meta name=\"robots\" content=\"index, follow, max-snippet:-1, max-image-preview:large, max-video-preview:-1\" \/>\n<link rel=\"canonical\" href=\"https:\/\/www.executivehotelsiena.com\/es\/policlinico-universitario-le-scotte\/\" \/>\n<meta property=\"og:locale\" content=\"es_ES\" \/>\n<meta property=\"og:type\" content=\"article\" \/>\n<meta property=\"og:title\" content=\"Policl\u00ednico Universitario &quot;Le Scotte&quot; - Executive Hotel Siena\" \/>\n<meta property=\"og:description\" content=\"El\u00a0Policl\u00ednico Universitario Le Scotte de Siena\u00a0est\u00e1 a solo 400 metros de nuestro hotel.  La distancia se puede recorrer a pie en tan solo\u00a05 minutos. Aparcar tu veh\u00edculo no ser\u00e1 un problema; puedes usar nuestro\u00a0aparcamiento privado\u00a0incluso despu\u00e9s de la hora de salida habitual.  Presentando a la llegada, o durante la estancia, un certificado emitido por la empresa hospitalaria, es posible beneficiarse del\u00a0convenio reservado\u00a0para pacientes o parientes y familiares de personas hospitalizadas.  Entre las ventajas de este convenio est\u00e1n las siguientes:  Tarifa fija todos los d\u00edas del a\u00f1o La garant\u00eda de la tarjeta de cr\u00e9dito no es necesaria Cancelaciones y modificaciones sin penalizaci\u00f3n Desayuno, aparcamiento y wifi incluidos en todo momento Utilizaci\u00f3n del aparcamiento incluso despu\u00e9s de la hora de salida  Para m\u00e1s informaci\u00f3n sobre las tarifas y condiciones de este convenio, cont\u00e1ctanos por tel\u00e9fono en el 0577-331210, por correo electr\u00f3nico en\u00a0info@executivehotelsiena.com\u00a0o por\u00a0WhatsApp en el 3311902914.  Reserva ahora nuestra tarifa del CONVENIO HOSPITALARIO\" \/>\n<meta property=\"og:url\" content=\"https:\/\/www.executivehotelsiena.com\/es\/policlinico-universitario-le-scotte\/\" \/>\n<meta property=\"og:site_name\" content=\"Executive Hotel Siena\" \/>\n<meta property=\"article:modified_time\" content=\"2021-08-11T14:26:15+00:00\" \/>\n<meta name=\"twitter:card\" content=\"summary_large_image\" \/>\n<meta name=\"twitter:label1\" content=\"Tiempo de lectura\" \/>\n\t<meta name=\"twitter:data1\" content=\"1 minuto\" \/>\n<script type=\"application\/ld+json\" class=\"yoast-schema-graph\">{\"@context\":\"https:\/\/schema.org\",\"@graph\":[{\"@type\":\"WebPage\",\"@id\":\"https:\/\/www.executivehotelsiena.com\/es\/policlinico-universitario-le-scotte\/\",\"url\":\"https:\/\/www.executivehotelsiena.com\/es\/policlinico-universitario-le-scotte\/\",\"name\":\"Policl\u00ednico Universitario \\\"Le Scotte\\\" - Executive Hotel Siena\",\"isPartOf\":{\"@id\":\"https:\/\/www.executivehotelsiena.com\/es\/#website\"},\"datePublished\":\"2021-06-21T09:54:05+00:00\",\"dateModified\":\"2021-08-11T14:26:15+00:00\",\"description\":\"El\u00a0Policl\u00ednico Universitario Le Scotte de Siena\u00a0est\u00e1 a solo 400 metros de nuestro hotel. La distancia se puede recorrer a pie en tan solo\u00a05 minutos. Aparcar tu veh\u00edculo no ser\u00e1 un problema; puedes usar nuestro\u00a0aparcamiento privado\u00a0incluso despu\u00e9s de la hora de salida habitual. Presentando a la llegada, o durante la estancia, un certificado emitido por la empresa hospitalaria, es posible beneficiarse del\u00a0convenio reservado\u00a0para pacientes o parientes y familiares de personas hospitalizadas. Entre las ventajas de este convenio est\u00e1n las siguientes: Tarifa fija todos los d\u00edas del a\u00f1o La garant\u00eda de la tarjeta de cr\u00e9dito no es necesaria Cancelaciones y modificaciones sin penalizaci\u00f3n Desayuno, aparcamiento y wifi incluidos en todo momento Utilizaci\u00f3n del aparcamiento incluso despu\u00e9s de la hora de salida Para m\u00e1s informaci\u00f3n sobre las tarifas y condiciones de este convenio, cont\u00e1ctanos por tel\u00e9fono en el 0577-331210, por correo electr\u00f3nico en\u00a0info@executivehotelsiena.com\u00a0o por\u00a0WhatsApp en el 3311902914. Reserva ahora nuestra tarifa del CONVENIO HOSPITALARIO\",\"breadcrumb\":{\"@id\":\"https:\/\/www.executivehotelsiena.com\/es\/policlinico-universitario-le-scotte\/#breadcrumb\"},\"inLanguage\":\"es\",\"potentialAction\":[{\"@type\":\"ReadAction\",\"target\":[\"https:\/\/www.executivehotelsiena.com\/es\/policlinico-universitario-le-scotte\/\"]}]},{\"@type\":\"BreadcrumbList\",\"@id\":\"https:\/\/www.executivehotelsiena.com\/es\/policlinico-universitario-le-scotte\/#breadcrumb\",\"itemListElement\":[{\"@type\":\"ListItem\",\"position\":1,\"name\":\"Home\",\"item\":\"https:\/\/www.executivehotelsiena.com\/es\/\"},{\"@type\":\"ListItem\",\"position\":2,\"name\":\"Policl\u00ednico Universitario \u00abLe Scotte\u00bb\"}]},{\"@type\":\"WebSite\",\"@id\":\"https:\/\/www.executivehotelsiena.com\/es\/#website\",\"url\":\"https:\/\/www.executivehotelsiena.com\/es\/\",\"name\":\"Executive Hotel Siena\",\"description\":\"Just another ms.decms.eu site\",\"potentialAction\":[{\"@type\":\"SearchAction\",\"target\":{\"@type\":\"EntryPoint\",\"urlTemplate\":\"https:\/\/www.executivehotelsiena.com\/es\/?s={search_term_string}\"},\"query-input\":{\"@type\":\"PropertyValueSpecification\",\"valueRequired\":true,\"valueName\":\"search_term_string\"}}],\"inLanguage\":\"es\"}]}<\/script>\n<!-- \/ Yoast SEO plugin. -->","yoast_head_json":{"title":"Policl\u00ednico Universitario \"Le Scotte\" - Executive Hotel Siena","description":"El\u00a0Policl\u00ednico Universitario Le Scotte de Siena\u00a0est\u00e1 a solo 400 metros de nuestro hotel.  La distancia se puede recorrer a pie en tan solo\u00a05 minutos. Aparcar tu veh\u00edculo no ser\u00e1 un problema; puedes usar nuestro\u00a0aparcamiento privado\u00a0incluso despu\u00e9s de la hora de salida habitual.  Presentando a la llegada, o durante la estancia, un certificado emitido por la empresa hospitalaria, es posible beneficiarse del\u00a0convenio reservado\u00a0para pacientes o parientes y familiares de personas hospitalizadas.  Entre las ventajas de este convenio est\u00e1n las siguientes:  Tarifa fija todos los d\u00edas del a\u00f1o La garant\u00eda de la tarjeta de cr\u00e9dito no es necesaria Cancelaciones y modificaciones sin penalizaci\u00f3n Desayuno, aparcamiento y wifi incluidos en todo momento Utilizaci\u00f3n del aparcamiento incluso despu\u00e9s de la hora de salida  Para m\u00e1s informaci\u00f3n sobre las tarifas y condiciones de este convenio, cont\u00e1ctanos por tel\u00e9fono en el 0577-331210, por correo electr\u00f3nico en\u00a0info@executivehotelsiena.com\u00a0o por\u00a0WhatsApp en el 3311902914.  Reserva ahora nuestra tarifa del CONVENIO HOSPITALARIO","robots":{"index":"index","follow":"follow","max-snippet":"max-snippet:-1","max-image-preview":"max-image-preview:large","max-video-preview":"max-video-preview:-1"},"canonical":"https:\/\/www.executivehotelsiena.com\/es\/policlinico-universitario-le-scotte\/","og_locale":"es_ES","og_type":"article","og_title":"Policl\u00ednico Universitario \"Le Scotte\" - Executive Hotel Siena","og_description":"El\u00a0Policl\u00ednico Universitario Le Scotte de Siena\u00a0est\u00e1 a solo 400 metros de nuestro hotel.  La distancia se puede recorrer a pie en tan solo\u00a05 minutos. Aparcar tu veh\u00edculo no ser\u00e1 un problema; puedes usar nuestro\u00a0aparcamiento privado\u00a0incluso despu\u00e9s de la hora de salida habitual.  Presentando a la llegada, o durante la estancia, un certificado emitido por la empresa hospitalaria, es posible beneficiarse del\u00a0convenio reservado\u00a0para pacientes o parientes y familiares de personas hospitalizadas.  Entre las ventajas de este convenio est\u00e1n las siguientes:  Tarifa fija todos los d\u00edas del a\u00f1o La garant\u00eda de la tarjeta de cr\u00e9dito no es necesaria Cancelaciones y modificaciones sin penalizaci\u00f3n Desayuno, aparcamiento y wifi incluidos en todo momento Utilizaci\u00f3n del aparcamiento incluso despu\u00e9s de la hora de salida  Para m\u00e1s informaci\u00f3n sobre las tarifas y condiciones de este convenio, cont\u00e1ctanos por tel\u00e9fono en el 0577-331210, por correo electr\u00f3nico en\u00a0info@executivehotelsiena.com\u00a0o por\u00a0WhatsApp en el 3311902914.  Reserva ahora nuestra tarifa del CONVENIO HOSPITALARIO","og_url":"https:\/\/www.executivehotelsiena.com\/es\/policlinico-universitario-le-scotte\/","og_site_name":"Executive Hotel Siena","article_modified_time":"2021-08-11T14:26:15+00:00","twitter_card":"summary_large_image","twitter_misc":{"Tiempo de lectura":"1 minuto"},"schema":{"@context":"https:\/\/schema.org","@graph":[{"@type":"WebPage","@id":"https:\/\/www.executivehotelsiena.com\/es\/policlinico-universitario-le-scotte\/","url":"https:\/\/www.executivehotelsiena.com\/es\/policlinico-universitario-le-scotte\/","name":"Policl\u00ednico Universitario \"Le Scotte\" - Executive Hotel Siena","isPartOf":{"@id":"https:\/\/www.executivehotelsiena.com\/es\/#website"},"datePublished":"2021-06-21T09:54:05+00:00","dateModified":"2021-08-11T14:26:15+00:00","description":"El\u00a0Policl\u00ednico Universitario Le Scotte de Siena\u00a0est\u00e1 a solo 400 metros de nuestro hotel. La distancia se puede recorrer a pie en tan solo\u00a05 minutos. Aparcar tu veh\u00edculo no ser\u00e1 un problema; puedes usar nuestro\u00a0aparcamiento privado\u00a0incluso despu\u00e9s de la hora de salida habitual. Presentando a la llegada, o durante la estancia, un certificado emitido por la empresa hospitalaria, es posible beneficiarse del\u00a0convenio reservado\u00a0para pacientes o parientes y familiares de personas hospitalizadas. Entre las ventajas de este convenio est\u00e1n las siguientes: Tarifa fija todos los d\u00edas del a\u00f1o La garant\u00eda de la tarjeta de cr\u00e9dito no es necesaria Cancelaciones y modificaciones sin penalizaci\u00f3n Desayuno, aparcamiento y wifi incluidos en todo momento Utilizaci\u00f3n del aparcamiento incluso despu\u00e9s de la hora de salida Para m\u00e1s informaci\u00f3n sobre las tarifas y condiciones de este convenio, cont\u00e1ctanos por tel\u00e9fono en el 0577-331210, por correo electr\u00f3nico en\u00a0info@executivehotelsiena.com\u00a0o por\u00a0WhatsApp en el 3311902914. Reserva ahora nuestra tarifa del CONVENIO HOSPITALARIO","breadcrumb":{"@id":"https:\/\/www.executivehotelsiena.com\/es\/policlinico-universitario-le-scotte\/#breadcrumb"},"inLanguage":"es","potentialAction":[{"@type":"ReadAction","target":["https:\/\/www.executivehotelsiena.com\/es\/policlinico-universitario-le-scotte\/"]}]},{"@type":"BreadcrumbList","@id":"https:\/\/www.executivehotelsiena.com\/es\/policlinico-universitario-le-scotte\/#breadcrumb","itemListElement":[{"@type":"ListItem","position":1,"name":"Home","item":"https:\/\/www.executivehotelsiena.com\/es\/"},{"@type":"ListItem","position":2,"name":"Policl\u00ednico Universitario \u00abLe Scotte\u00bb"}]},{"@type":"WebSite","@id":"https:\/\/www.executivehotelsiena.com\/es\/#website","url":"https:\/\/www.executivehotelsiena.com\/es\/","name":"Executive Hotel Siena","description":"Just another ms.decms.eu site","potentialAction":[{"@type":"SearchAction","target":{"@type":"EntryPoint","urlTemplate":"https:\/\/www.executivehotelsiena.com\/es\/?s={search_term_string}"},"query-input":{"@type":"PropertyValueSpecification","valueRequired":true,"valueName":"search_term_string"}}],"inLanguage":"es"}]}},"acf":[],"_links":{"self":[{"href":"https:\/\/www.executivehotelsiena.com\/es\/wp-json\/wp\/v2\/pages\/231","targetHints":{"allow":["GET"]}}],"collection":[{"href":"https:\/\/www.executivehotelsiena.com\/es\/wp-json\/wp\/v2\/pages"}],"about":[{"href":"https:\/\/www.executivehotelsiena.com\/es\/wp-json\/wp\/v2\/types\/page"}],"author":[{"embeddable":true,"href":"https:\/\/www.executivehotelsiena.com\/es\/wp-json\/wp\/v2\/users\/6"}],"replies":[{"embeddable":true,"href":"https:\/\/www.executivehotelsiena.com\/es\/wp-json\/wp\/v2\/comments?post=231"}],"version-history":[{"count":0,"href":"https:\/\/www.executivehotelsiena.com\/es\/wp-json\/wp\/v2\/pages\/231\/revisions"}],"wp:attachment":[{"href":"https:\/\/www.executivehotelsiena.com\/es\/wp-json\/wp\/v2\/media?parent=231"}],"curies":[{"name":"wp","href":"https:\/\/api.w.org\/{rel}","templated":true}]}}