{"id":235,"date":"2021-06-21T09:51:10","date_gmt":"2021-06-21T09:51:10","guid":{"rendered":"https:\/\/executivesiena.ms.decms.eu\/be-safe-viaggia-in-tutta-sicurezza-con-axa\/"},"modified":"2021-07-13T08:11:28","modified_gmt":"2021-07-13T08:11:28","slug":"be-safe-viaja-con-total-seguridad-con-axa","status":"publish","type":"page","link":"https:\/\/www.executivehotelsiena.com\/es\/be-safe-viaja-con-total-seguridad-con-axa\/","title":{"rendered":"Be.Safe. Viaja con total seguridad con AXA"},"content":{"rendered":"<p>La tarifa que te protege a ti y a tus seres queridos frente a imprevistos garantiz\u00e1ndote el\u00a0<strong>reembolso de hasta el 100\u00a0%<\/strong>\u00a0en caso de cancelaci\u00f3n y la asistencia durante tu estancia para todos los siniestros previstos en las <strong>Condiciones\u00a0del seguro<\/strong>.<\/p>\n<p>Las\u00a0<strong>coberturas del seguro<\/strong>\u00a0incluidas son gratuitas y v\u00e1lidas para todos los participantes de la estancia, desde el momento de la reserva hasta la salida.<\/p>\n<p>Desde la reserva hasta el registro | Garant\u00eda de cancelaci\u00f3n con reembolso de hasta el 100\u00a0% del importe pagado: el reembolso en caso de cancelaci\u00f3n es v\u00e1lido para imprevistos, como enfermedad (<strong>pandemia incluida\/COVID-19 incluida<\/strong>), hospitalizaci\u00f3n, accidente, cancelaci\u00f3n de vacaciones, despido o nueva contrataci\u00f3n.<\/p>\n<p>Desde el registro hasta la salida | Asistencia durante la estancia: desde la llegada hasta la salida podr\u00e1s disfrutar de asistencia sanitaria, garant\u00eda del equipaje, cobertura frente a robos y asistencia en carretera.<\/p>\n<p>Antes de reservar, lee las Condiciones del seguro <a href=\"https:\/\/www.besaferate.com\/copertureassicurative\/\" target=\"_blank\" rel=\"noopener\">HACIENDO CLIC AQU\u00cd<\/a><\/p>\n<p>\u00a1Viaja con BeSafe Rate con total seguridad y sin costes adicionales!<\/p>\n<p><img loading=\"lazy\" decoding=\"async\" class=\"alignnone size-medium wp-image-354\" src=\"https:\/\/executivesiena.ms.decms.eu\/wp-content\/uploads\/sites\/311\/2021\/06\/41-300x300.jpg\" alt=\"\" width=\"300\" height=\"300\" srcset=\"https:\/\/www.executivehotelsiena.com\/wp-content\/uploads\/sites\/311\/2021\/06\/41-300x300.jpg 300w, https:\/\/www.executivehotelsiena.com\/wp-content\/uploads\/sites\/311\/2021\/06\/41-1024x1024.jpg 1024w, https:\/\/www.executivehotelsiena.com\/wp-content\/uploads\/sites\/311\/2021\/06\/41-150x150.jpg 150w, https:\/\/www.executivehotelsiena.com\/wp-content\/uploads\/sites\/311\/2021\/06\/41-768x768.jpg 768w, https:\/\/www.executivehotelsiena.com\/wp-content\/uploads\/sites\/311\/2021\/06\/41-200x200.jpg 200w, https:\/\/www.executivehotelsiena.com\/wp-content\/uploads\/sites\/311\/2021\/06\/41-600x600.jpg 600w, https:\/\/www.executivehotelsiena.com\/wp-content\/uploads\/sites\/311\/2021\/06\/41-1000x1000.jpg 1000w, https:\/\/www.executivehotelsiena.com\/wp-content\/uploads\/sites\/311\/2021\/06\/41.jpg 1080w\" sizes=\"auto, (max-width: 300px) 100vw, 300px\" \/><\/p>\n<p><strong>Pol\u00edtica de cancelaci\u00f3n de BeSafe Rate<\/strong><\/p>\n<p>La tarifa BeSafe Rate garantiza la cancelaci\u00f3n por imprevistos y ofrece el reembolso de hasta el 100\u00a0% del total de la estancia, de acuerdo con la normativa de la P\u00f3liza aseguradora aplicada en el momento de la reserva.<\/p>\n<p><strong>Pol\u00edtica de pago de BeSafe Rate<\/strong><\/p>\n<p>El importe total de la estancia se cargar\u00e1 en el momento de la reserva.<\/p>\n<p>La tarifa incluye un 10\u00a0% de IVA. La tarifa no incluye la tasa tur\u00edstica.<\/p>\n","protected":false},"excerpt":{"rendered":"<p>La tarifa que te protege a ti y a tus seres queridos frente a imprevistos garantiz\u00e1ndote el\u00a0reembolso de hasta el 100\u00a0%\u00a0en caso de cancelaci\u00f3n y la asistencia durante tu estancia para todos los siniestros previstos en las Condiciones\u00a0del seguro. Las\u00a0coberturas del seguro\u00a0incluidas son gratuitas y v\u00e1lidas para todos los participantes de la estancia, desde el [&hellip;]<\/p>\n","protected":false},"author":6,"featured_media":0,"parent":0,"menu_order":40,"comment_status":"closed","ping_status":"closed","template":"template-default-2.php","meta":{"footnotes":""},"class_list":["post-235","page","type-page","status-publish","hentry"],"yoast_head":"<!-- This site is optimized with the Yoast SEO plugin v26.9 - https:\/\/yoast.com\/product\/yoast-seo-wordpress\/ -->\n<title>Be.Safe. Viaja con total seguridad con AXA - Executive Hotel Siena<\/title>\n<meta name=\"description\" content=\"La tarifa que te protege a ti y a tus seres queridos frente a imprevistos garantiz\u00e1ndote el\u00a0reembolso de hasta el 100\u00a0%\u00a0en caso de cancelaci\u00f3n y la asistencia durante tu estancia para todos los siniestros previstos en las Condiciones\u00a0del seguro.  Las\u00a0coberturas del seguro\u00a0incluidas son gratuitas y v\u00e1lidas para todos los participantes de la estancia, desde el momento de la reserva hasta la salida.  Desde la reserva hasta el registro | Garant\u00eda de cancelaci\u00f3n con reembolso de hasta el 100\u00a0% del importe pagado: el reembolso en caso de cancelaci\u00f3n es v\u00e1lido para imprevistos, como enfermedad (pandemia incluida\/COVID-19 incluida), hospitalizaci\u00f3n, accidente, cancelaci\u00f3n de vacaciones, despido o nueva contrataci\u00f3n.  Desde el registro hasta la salida | Asistencia durante la estancia: desde la llegada hasta la salida podr\u00e1s disfrutar de asistencia sanitaria, garant\u00eda del equipaje, cobertura frente a robos y asistencia en carretera.  Antes de reservar, lee las Condiciones del seguro HACIENDO CLIC AQU\u00cd  \u00a1Viaja con BeSafe Rate con total seguridad y sin costes adicionales!    Pol\u00edtica de cancelaci\u00f3n de BeSafe Rate  La tarifa BeSafe Rate garantiza la cancelaci\u00f3n por imprevistos y ofrece el reembolso de hasta el 100\u00a0% del total de la estancia, de acuerdo con la normativa de la P\u00f3liza aseguradora aplicada en el momento de la reserva.  Pol\u00edtica de pago de BeSafe Rate  El importe total de la estancia se cargar\u00e1 en el momento de la reserva.  La tarifa incluye un 10\u00a0% de IVA. La tarifa no incluye la tasa tur\u00edstica.\" \/>\n<meta name=\"robots\" content=\"index, follow, max-snippet:-1, max-image-preview:large, max-video-preview:-1\" \/>\n<link rel=\"canonical\" href=\"https:\/\/www.executivehotelsiena.com\/es\/be-safe-viaja-con-total-seguridad-con-axa\/\" \/>\n<meta property=\"og:locale\" content=\"es_ES\" \/>\n<meta property=\"og:type\" content=\"article\" \/>\n<meta property=\"og:title\" content=\"Be.Safe. Viaja con total seguridad con AXA - Executive Hotel Siena\" \/>\n<meta property=\"og:description\" content=\"La tarifa que te protege a ti y a tus seres queridos frente a imprevistos garantiz\u00e1ndote el\u00a0reembolso de hasta el 100\u00a0%\u00a0en caso de cancelaci\u00f3n y la asistencia durante tu estancia para todos los siniestros previstos en las Condiciones\u00a0del seguro.  Las\u00a0coberturas del seguro\u00a0incluidas son gratuitas y v\u00e1lidas para todos los participantes de la estancia, desde el momento de la reserva hasta la salida.  Desde la reserva hasta el registro | Garant\u00eda de cancelaci\u00f3n con reembolso de hasta el 100\u00a0% del importe pagado: el reembolso en caso de cancelaci\u00f3n es v\u00e1lido para imprevistos, como enfermedad (pandemia incluida\/COVID-19 incluida), hospitalizaci\u00f3n, accidente, cancelaci\u00f3n de vacaciones, despido o nueva contrataci\u00f3n.  Desde el registro hasta la salida | Asistencia durante la estancia: desde la llegada hasta la salida podr\u00e1s disfrutar de asistencia sanitaria, garant\u00eda del equipaje, cobertura frente a robos y asistencia en carretera.  Antes de reservar, lee las Condiciones del seguro HACIENDO CLIC AQU\u00cd  \u00a1Viaja con BeSafe Rate con total seguridad y sin costes adicionales!    Pol\u00edtica de cancelaci\u00f3n de BeSafe Rate  La tarifa BeSafe Rate garantiza la cancelaci\u00f3n por imprevistos y ofrece el reembolso de hasta el 100\u00a0% del total de la estancia, de acuerdo con la normativa de la P\u00f3liza aseguradora aplicada en el momento de la reserva.  Pol\u00edtica de pago de BeSafe Rate  El importe total de la estancia se cargar\u00e1 en el momento de la reserva.  La tarifa incluye un 10\u00a0% de IVA. La tarifa no incluye la tasa tur\u00edstica.\" \/>\n<meta property=\"og:url\" content=\"https:\/\/www.executivehotelsiena.com\/es\/be-safe-viaja-con-total-seguridad-con-axa\/\" \/>\n<meta property=\"og:site_name\" content=\"Executive Hotel Siena\" \/>\n<meta property=\"article:modified_time\" content=\"2021-07-13T08:11:28+00:00\" \/>\n<meta property=\"og:image\" content=\"https:\/\/executivesiena.ms.decms.eu\/wp-content\/uploads\/sites\/311\/2021\/06\/41-300x300.jpg\" \/>\n<meta name=\"twitter:card\" content=\"summary_large_image\" \/>\n<meta name=\"twitter:label1\" content=\"Tiempo de lectura\" \/>\n\t<meta name=\"twitter:data1\" content=\"1 minuto\" \/>\n<script type=\"application\/ld+json\" class=\"yoast-schema-graph\">{\"@context\":\"https:\/\/schema.org\",\"@graph\":[{\"@type\":\"WebPage\",\"@id\":\"https:\/\/www.executivehotelsiena.com\/es\/be-safe-viaja-con-total-seguridad-con-axa\/\",\"url\":\"https:\/\/www.executivehotelsiena.com\/es\/be-safe-viaja-con-total-seguridad-con-axa\/\",\"name\":\"Be.Safe. Viaja con total seguridad con AXA - Executive Hotel Siena\",\"isPartOf\":{\"@id\":\"https:\/\/www.executivehotelsiena.com\/es\/#website\"},\"primaryImageOfPage\":{\"@id\":\"https:\/\/www.executivehotelsiena.com\/es\/be-safe-viaja-con-total-seguridad-con-axa\/#primaryimage\"},\"image\":{\"@id\":\"https:\/\/www.executivehotelsiena.com\/es\/be-safe-viaja-con-total-seguridad-con-axa\/#primaryimage\"},\"thumbnailUrl\":\"https:\/\/executivesiena.ms.decms.eu\/wp-content\/uploads\/sites\/311\/2021\/06\/41-300x300.jpg\",\"datePublished\":\"2021-06-21T09:51:10+00:00\",\"dateModified\":\"2021-07-13T08:11:28+00:00\",\"description\":\"La tarifa que te protege a ti y a tus seres queridos frente a imprevistos garantiz\u00e1ndote el\u00a0reembolso de hasta el 100\u00a0%\u00a0en caso de cancelaci\u00f3n y la asistencia durante tu estancia para todos los siniestros previstos en las Condiciones\u00a0del seguro. Las\u00a0coberturas del seguro\u00a0incluidas son gratuitas y v\u00e1lidas para todos los participantes de la estancia, desde el momento de la reserva hasta la salida. Desde la reserva hasta el registro | Garant\u00eda de cancelaci\u00f3n con reembolso de hasta el 100\u00a0% del importe pagado: el reembolso en caso de cancelaci\u00f3n es v\u00e1lido para imprevistos, como enfermedad (pandemia incluida\/COVID-19 incluida), hospitalizaci\u00f3n, accidente, cancelaci\u00f3n de vacaciones, despido o nueva contrataci\u00f3n. Desde el registro hasta la salida | Asistencia durante la estancia: desde la llegada hasta la salida podr\u00e1s disfrutar de asistencia sanitaria, garant\u00eda del equipaje, cobertura frente a robos y asistencia en carretera. Antes de reservar, lee las Condiciones del seguro HACIENDO CLIC AQU\u00cd \u00a1Viaja con BeSafe Rate con total seguridad y sin costes adicionales! Pol\u00edtica de cancelaci\u00f3n de BeSafe Rate La tarifa BeSafe Rate garantiza la cancelaci\u00f3n por imprevistos y ofrece el reembolso de hasta el 100\u00a0% del total de la estancia, de acuerdo con la normativa de la P\u00f3liza aseguradora aplicada en el momento de la reserva. Pol\u00edtica de pago de BeSafe Rate El importe total de la estancia se cargar\u00e1 en el momento de la reserva. La tarifa incluye un 10\u00a0% de IVA. La tarifa no incluye la tasa tur\u00edstica.\",\"breadcrumb\":{\"@id\":\"https:\/\/www.executivehotelsiena.com\/es\/be-safe-viaja-con-total-seguridad-con-axa\/#breadcrumb\"},\"inLanguage\":\"es\",\"potentialAction\":[{\"@type\":\"ReadAction\",\"target\":[\"https:\/\/www.executivehotelsiena.com\/es\/be-safe-viaja-con-total-seguridad-con-axa\/\"]}]},{\"@type\":\"ImageObject\",\"inLanguage\":\"es\",\"@id\":\"https:\/\/www.executivehotelsiena.com\/es\/be-safe-viaja-con-total-seguridad-con-axa\/#primaryimage\",\"url\":\"https:\/\/executivesiena.ms.decms.eu\/wp-content\/uploads\/sites\/311\/2021\/06\/41-300x300.jpg\",\"contentUrl\":\"https:\/\/executivesiena.ms.decms.eu\/wp-content\/uploads\/sites\/311\/2021\/06\/41-300x300.jpg\"},{\"@type\":\"BreadcrumbList\",\"@id\":\"https:\/\/www.executivehotelsiena.com\/es\/be-safe-viaja-con-total-seguridad-con-axa\/#breadcrumb\",\"itemListElement\":[{\"@type\":\"ListItem\",\"position\":1,\"name\":\"Home\",\"item\":\"https:\/\/www.executivehotelsiena.com\/es\/\"},{\"@type\":\"ListItem\",\"position\":2,\"name\":\"Be.Safe. Viaja con total seguridad con AXA\"}]},{\"@type\":\"WebSite\",\"@id\":\"https:\/\/www.executivehotelsiena.com\/es\/#website\",\"url\":\"https:\/\/www.executivehotelsiena.com\/es\/\",\"name\":\"Executive Hotel Siena\",\"description\":\"Just another ms.decms.eu site\",\"potentialAction\":[{\"@type\":\"SearchAction\",\"target\":{\"@type\":\"EntryPoint\",\"urlTemplate\":\"https:\/\/www.executivehotelsiena.com\/es\/?s={search_term_string}\"},\"query-input\":{\"@type\":\"PropertyValueSpecification\",\"valueRequired\":true,\"valueName\":\"search_term_string\"}}],\"inLanguage\":\"es\"}]}<\/script>\n<!-- \/ Yoast SEO plugin. -->","yoast_head_json":{"title":"Be.Safe. Viaja con total seguridad con AXA - Executive Hotel Siena","description":"La tarifa que te protege a ti y a tus seres queridos frente a imprevistos garantiz\u00e1ndote el\u00a0reembolso de hasta el 100\u00a0%\u00a0en caso de cancelaci\u00f3n y la asistencia durante tu estancia para todos los siniestros previstos en las Condiciones\u00a0del seguro.  Las\u00a0coberturas del seguro\u00a0incluidas son gratuitas y v\u00e1lidas para todos los participantes de la estancia, desde el momento de la reserva hasta la salida.  Desde la reserva hasta el registro | Garant\u00eda de cancelaci\u00f3n con reembolso de hasta el 100\u00a0% del importe pagado: el reembolso en caso de cancelaci\u00f3n es v\u00e1lido para imprevistos, como enfermedad (pandemia incluida\/COVID-19 incluida), hospitalizaci\u00f3n, accidente, cancelaci\u00f3n de vacaciones, despido o nueva contrataci\u00f3n.  Desde el registro hasta la salida | Asistencia durante la estancia: desde la llegada hasta la salida podr\u00e1s disfrutar de asistencia sanitaria, garant\u00eda del equipaje, cobertura frente a robos y asistencia en carretera.  Antes de reservar, lee las Condiciones del seguro HACIENDO CLIC AQU\u00cd  \u00a1Viaja con BeSafe Rate con total seguridad y sin costes adicionales!    Pol\u00edtica de cancelaci\u00f3n de BeSafe Rate  La tarifa BeSafe Rate garantiza la cancelaci\u00f3n por imprevistos y ofrece el reembolso de hasta el 100\u00a0% del total de la estancia, de acuerdo con la normativa de la P\u00f3liza aseguradora aplicada en el momento de la reserva.  Pol\u00edtica de pago de BeSafe Rate  El importe total de la estancia se cargar\u00e1 en el momento de la reserva.  La tarifa incluye un 10\u00a0% de IVA. La tarifa no incluye la tasa tur\u00edstica.","robots":{"index":"index","follow":"follow","max-snippet":"max-snippet:-1","max-image-preview":"max-image-preview:large","max-video-preview":"max-video-preview:-1"},"canonical":"https:\/\/www.executivehotelsiena.com\/es\/be-safe-viaja-con-total-seguridad-con-axa\/","og_locale":"es_ES","og_type":"article","og_title":"Be.Safe. Viaja con total seguridad con AXA - Executive Hotel Siena","og_description":"La tarifa que te protege a ti y a tus seres queridos frente a imprevistos garantiz\u00e1ndote el\u00a0reembolso de hasta el 100\u00a0%\u00a0en caso de cancelaci\u00f3n y la asistencia durante tu estancia para todos los siniestros previstos en las Condiciones\u00a0del seguro.  Las\u00a0coberturas del seguro\u00a0incluidas son gratuitas y v\u00e1lidas para todos los participantes de la estancia, desde el momento de la reserva hasta la salida.  Desde la reserva hasta el registro | Garant\u00eda de cancelaci\u00f3n con reembolso de hasta el 100\u00a0% del importe pagado: el reembolso en caso de cancelaci\u00f3n es v\u00e1lido para imprevistos, como enfermedad (pandemia incluida\/COVID-19 incluida), hospitalizaci\u00f3n, accidente, cancelaci\u00f3n de vacaciones, despido o nueva contrataci\u00f3n.  Desde el registro hasta la salida | Asistencia durante la estancia: desde la llegada hasta la salida podr\u00e1s disfrutar de asistencia sanitaria, garant\u00eda del equipaje, cobertura frente a robos y asistencia en carretera.  Antes de reservar, lee las Condiciones del seguro HACIENDO CLIC AQU\u00cd  \u00a1Viaja con BeSafe Rate con total seguridad y sin costes adicionales!    Pol\u00edtica de cancelaci\u00f3n de BeSafe Rate  La tarifa BeSafe Rate garantiza la cancelaci\u00f3n por imprevistos y ofrece el reembolso de hasta el 100\u00a0% del total de la estancia, de acuerdo con la normativa de la P\u00f3liza aseguradora aplicada en el momento de la reserva.  Pol\u00edtica de pago de BeSafe Rate  El importe total de la estancia se cargar\u00e1 en el momento de la reserva.  La tarifa incluye un 10\u00a0% de IVA. La tarifa no incluye la tasa tur\u00edstica.","og_url":"https:\/\/www.executivehotelsiena.com\/es\/be-safe-viaja-con-total-seguridad-con-axa\/","og_site_name":"Executive Hotel Siena","article_modified_time":"2021-07-13T08:11:28+00:00","og_image":[{"url":"https:\/\/executivesiena.ms.decms.eu\/wp-content\/uploads\/sites\/311\/2021\/06\/41-300x300.jpg","type":"","width":"","height":""}],"twitter_card":"summary_large_image","twitter_misc":{"Tiempo de lectura":"1 minuto"},"schema":{"@context":"https:\/\/schema.org","@graph":[{"@type":"WebPage","@id":"https:\/\/www.executivehotelsiena.com\/es\/be-safe-viaja-con-total-seguridad-con-axa\/","url":"https:\/\/www.executivehotelsiena.com\/es\/be-safe-viaja-con-total-seguridad-con-axa\/","name":"Be.Safe. Viaja con total seguridad con AXA - Executive Hotel Siena","isPartOf":{"@id":"https:\/\/www.executivehotelsiena.com\/es\/#website"},"primaryImageOfPage":{"@id":"https:\/\/www.executivehotelsiena.com\/es\/be-safe-viaja-con-total-seguridad-con-axa\/#primaryimage"},"image":{"@id":"https:\/\/www.executivehotelsiena.com\/es\/be-safe-viaja-con-total-seguridad-con-axa\/#primaryimage"},"thumbnailUrl":"https:\/\/executivesiena.ms.decms.eu\/wp-content\/uploads\/sites\/311\/2021\/06\/41-300x300.jpg","datePublished":"2021-06-21T09:51:10+00:00","dateModified":"2021-07-13T08:11:28+00:00","description":"La tarifa que te protege a ti y a tus seres queridos frente a imprevistos garantiz\u00e1ndote el\u00a0reembolso de hasta el 100\u00a0%\u00a0en caso de cancelaci\u00f3n y la asistencia durante tu estancia para todos los siniestros previstos en las Condiciones\u00a0del seguro. Las\u00a0coberturas del seguro\u00a0incluidas son gratuitas y v\u00e1lidas para todos los participantes de la estancia, desde el momento de la reserva hasta la salida. Desde la reserva hasta el registro | Garant\u00eda de cancelaci\u00f3n con reembolso de hasta el 100\u00a0% del importe pagado: el reembolso en caso de cancelaci\u00f3n es v\u00e1lido para imprevistos, como enfermedad (pandemia incluida\/COVID-19 incluida), hospitalizaci\u00f3n, accidente, cancelaci\u00f3n de vacaciones, despido o nueva contrataci\u00f3n. Desde el registro hasta la salida | Asistencia durante la estancia: desde la llegada hasta la salida podr\u00e1s disfrutar de asistencia sanitaria, garant\u00eda del equipaje, cobertura frente a robos y asistencia en carretera. Antes de reservar, lee las Condiciones del seguro HACIENDO CLIC AQU\u00cd \u00a1Viaja con BeSafe Rate con total seguridad y sin costes adicionales! Pol\u00edtica de cancelaci\u00f3n de BeSafe Rate La tarifa BeSafe Rate garantiza la cancelaci\u00f3n por imprevistos y ofrece el reembolso de hasta el 100\u00a0% del total de la estancia, de acuerdo con la normativa de la P\u00f3liza aseguradora aplicada en el momento de la reserva. Pol\u00edtica de pago de BeSafe Rate El importe total de la estancia se cargar\u00e1 en el momento de la reserva. La tarifa incluye un 10\u00a0% de IVA. La tarifa no incluye la tasa tur\u00edstica.","breadcrumb":{"@id":"https:\/\/www.executivehotelsiena.com\/es\/be-safe-viaja-con-total-seguridad-con-axa\/#breadcrumb"},"inLanguage":"es","potentialAction":[{"@type":"ReadAction","target":["https:\/\/www.executivehotelsiena.com\/es\/be-safe-viaja-con-total-seguridad-con-axa\/"]}]},{"@type":"ImageObject","inLanguage":"es","@id":"https:\/\/www.executivehotelsiena.com\/es\/be-safe-viaja-con-total-seguridad-con-axa\/#primaryimage","url":"https:\/\/executivesiena.ms.decms.eu\/wp-content\/uploads\/sites\/311\/2021\/06\/41-300x300.jpg","contentUrl":"https:\/\/executivesiena.ms.decms.eu\/wp-content\/uploads\/sites\/311\/2021\/06\/41-300x300.jpg"},{"@type":"BreadcrumbList","@id":"https:\/\/www.executivehotelsiena.com\/es\/be-safe-viaja-con-total-seguridad-con-axa\/#breadcrumb","itemListElement":[{"@type":"ListItem","position":1,"name":"Home","item":"https:\/\/www.executivehotelsiena.com\/es\/"},{"@type":"ListItem","position":2,"name":"Be.Safe. Viaja con total seguridad con AXA"}]},{"@type":"WebSite","@id":"https:\/\/www.executivehotelsiena.com\/es\/#website","url":"https:\/\/www.executivehotelsiena.com\/es\/","name":"Executive Hotel Siena","description":"Just another ms.decms.eu site","potentialAction":[{"@type":"SearchAction","target":{"@type":"EntryPoint","urlTemplate":"https:\/\/www.executivehotelsiena.com\/es\/?s={search_term_string}"},"query-input":{"@type":"PropertyValueSpecification","valueRequired":true,"valueName":"search_term_string"}}],"inLanguage":"es"}]}},"acf":[],"_links":{"self":[{"href":"https:\/\/www.executivehotelsiena.com\/es\/wp-json\/wp\/v2\/pages\/235","targetHints":{"allow":["GET"]}}],"collection":[{"href":"https:\/\/www.executivehotelsiena.com\/es\/wp-json\/wp\/v2\/pages"}],"about":[{"href":"https:\/\/www.executivehotelsiena.com\/es\/wp-json\/wp\/v2\/types\/page"}],"author":[{"embeddable":true,"href":"https:\/\/www.executivehotelsiena.com\/es\/wp-json\/wp\/v2\/users\/6"}],"replies":[{"embeddable":true,"href":"https:\/\/www.executivehotelsiena.com\/es\/wp-json\/wp\/v2\/comments?post=235"}],"version-history":[{"count":0,"href":"https:\/\/www.executivehotelsiena.com\/es\/wp-json\/wp\/v2\/pages\/235\/revisions"}],"wp:attachment":[{"href":"https:\/\/www.executivehotelsiena.com\/es\/wp-json\/wp\/v2\/media?parent=235"}],"curies":[{"name":"wp","href":"https:\/\/api.w.org\/{rel}","templated":true}]}}