{"id":239,"date":"2021-06-07T12:41:16","date_gmt":"2021-06-07T12:41:16","guid":{"rendered":"https:\/\/executivesiena.ms.decms.eu\/sample-page\/"},"modified":"2024-09-03T13:38:22","modified_gmt":"2024-09-03T13:38:22","slug":"sample-page","status":"publish","type":"page","link":"https:\/\/www.executivehotelsiena.com\/es\/","title":{"rendered":"Bienvenidos"},"content":{"rendered":"\r\n<p>El <strong>Hotel Executive es un moderno hotel de 4 estrellas<\/strong> situado en la zona residencial de Scacciapensieri, a solo 100\u00a0metros del Policl\u00ednico \u00abLe Scotte\u00bb y muy bien comunicado con el centro hist\u00f3rico de Siena.<\/p>\r\n<p>Su ubicaci\u00f3n, particularmente tranquila, a solo 100\u00a0metros del Hospital de Siena, hace del <strong>Hotel Executive<\/strong> un punto de partida ideal para descubrir la encantadora ciudad de Siena, con la magia de sus estrechas callejuelas y palacios nobles, as\u00ed como los alrededores, que ofrecen contextos \u00fanicos: la zona del Chianti, San Gimignano, Pienza o Montalcino, adem\u00e1s de la cercana ciudad de Florencia. La profesionalidad y la hospitalidad al servicio de los hu\u00e9spedes.<\/p>\r\n","protected":false},"excerpt":{"rendered":"<p>El Hotel Executive es un moderno hotel de 4 estrellas situado en la zona residencial de Scacciapensieri, a solo 100\u00a0metros del Policl\u00ednico \u00abLe Scotte\u00bb y muy bien comunicado con el centro hist\u00f3rico de Siena. Su ubicaci\u00f3n, particularmente tranquila, a solo 100\u00a0metros del Hospital de Siena, hace del Hotel Executive un punto de partida ideal para [&hellip;]<\/p>\n","protected":false},"author":119,"featured_media":0,"parent":0,"menu_order":0,"comment_status":"closed","ping_status":"closed","template":"","meta":{"footnotes":""},"class_list":["post-239","page","type-page","status-publish","hentry"],"yoast_head":"<!-- This site is optimized with the Yoast SEO plugin v26.9 - https:\/\/yoast.com\/product\/yoast-seo-wordpress\/ -->\n<title>Hotel Executive Siena - 300 metri dall&#039;ospedale - 10 minuti dal centro<\/title>\n<meta name=\"description\" content=\"Hotel Executive, 4 stelle a 300 metri dall&#039;ospedale di Siena e a pochi minuti dal centro storico. Parcheggio gratuito e ristorante interno.\" \/>\n<meta name=\"robots\" content=\"index, follow, max-snippet:-1, max-image-preview:large, max-video-preview:-1\" \/>\n<link rel=\"canonical\" href=\"https:\/\/www.executivehotelsiena.com\/es\/\" \/>\n<meta property=\"og:locale\" content=\"es_ES\" \/>\n<meta property=\"og:type\" content=\"article\" \/>\n<meta property=\"og:title\" content=\"Hotel Executive Siena - 300 metri dall&#039;ospedale - 10 minuti dal centro\" \/>\n<meta property=\"og:description\" content=\"Hotel Executive, 4 stelle a 300 metri dall&#039;ospedale di Siena e a pochi minuti dal centro storico. Parcheggio gratuito e ristorante interno.\" \/>\n<meta property=\"og:url\" content=\"https:\/\/www.executivehotelsiena.com\/es\/\" \/>\n<meta property=\"og:site_name\" content=\"Executive Hotel Siena\" \/>\n<meta property=\"article:modified_time\" content=\"2024-09-03T13:38:22+00:00\" \/>\n<meta name=\"twitter:card\" content=\"summary_large_image\" \/>\n<meta name=\"twitter:label1\" content=\"Tiempo de lectura\" \/>\n\t<meta name=\"twitter:data1\" content=\"1 minuto\" \/>\n<script type=\"application\/ld+json\" class=\"yoast-schema-graph\">{\"@context\":\"https:\/\/schema.org\",\"@graph\":[{\"@type\":\"WebPage\",\"@id\":\"https:\/\/www.executivehotelsiena.com\/es\/\",\"url\":\"https:\/\/www.executivehotelsiena.com\/es\/\",\"name\":\"Hotel Executive Siena - 300 metri dall'ospedale - 10 minuti dal centro\",\"isPartOf\":{\"@id\":\"https:\/\/www.executivehotelsiena.com\/es\/#website\"},\"datePublished\":\"2021-06-07T12:41:16+00:00\",\"dateModified\":\"2024-09-03T13:38:22+00:00\",\"description\":\"Hotel Executive, 4 stelle a 300 metri dall'ospedale di Siena e a pochi minuti dal centro storico. Parcheggio gratuito e ristorante interno.\",\"breadcrumb\":{\"@id\":\"https:\/\/www.executivehotelsiena.com\/es\/#breadcrumb\"},\"inLanguage\":\"es\",\"potentialAction\":[{\"@type\":\"ReadAction\",\"target\":[\"https:\/\/www.executivehotelsiena.com\/es\/\"]}]},{\"@type\":\"BreadcrumbList\",\"@id\":\"https:\/\/www.executivehotelsiena.com\/es\/#breadcrumb\",\"itemListElement\":[{\"@type\":\"ListItem\",\"position\":1,\"name\":\"Home\",\"item\":\"https:\/\/www.executivehotelsiena.com\/es\/\"},{\"@type\":\"ListItem\",\"position\":2,\"name\":\"Bienvenidos\"}]},{\"@type\":\"WebSite\",\"@id\":\"https:\/\/www.executivehotelsiena.com\/es\/#website\",\"url\":\"https:\/\/www.executivehotelsiena.com\/es\/\",\"name\":\"Executive Hotel Siena\",\"description\":\"Just another ms.decms.eu site\",\"potentialAction\":[{\"@type\":\"SearchAction\",\"target\":{\"@type\":\"EntryPoint\",\"urlTemplate\":\"https:\/\/www.executivehotelsiena.com\/es\/?s={search_term_string}\"},\"query-input\":{\"@type\":\"PropertyValueSpecification\",\"valueRequired\":true,\"valueName\":\"search_term_string\"}}],\"inLanguage\":\"es\"}]}<\/script>\n<!-- \/ Yoast SEO plugin. -->","yoast_head_json":{"title":"Hotel Executive Siena - 300 metri dall'ospedale - 10 minuti dal centro","description":"Hotel Executive, 4 stelle a 300 metri dall'ospedale di Siena e a pochi minuti dal centro storico. Parcheggio gratuito e ristorante interno.","robots":{"index":"index","follow":"follow","max-snippet":"max-snippet:-1","max-image-preview":"max-image-preview:large","max-video-preview":"max-video-preview:-1"},"canonical":"https:\/\/www.executivehotelsiena.com\/es\/","og_locale":"es_ES","og_type":"article","og_title":"Hotel Executive Siena - 300 metri dall'ospedale - 10 minuti dal centro","og_description":"Hotel Executive, 4 stelle a 300 metri dall'ospedale di Siena e a pochi minuti dal centro storico. Parcheggio gratuito e ristorante interno.","og_url":"https:\/\/www.executivehotelsiena.com\/es\/","og_site_name":"Executive Hotel Siena","article_modified_time":"2024-09-03T13:38:22+00:00","twitter_card":"summary_large_image","twitter_misc":{"Tiempo de lectura":"1 minuto"},"schema":{"@context":"https:\/\/schema.org","@graph":[{"@type":"WebPage","@id":"https:\/\/www.executivehotelsiena.com\/es\/","url":"https:\/\/www.executivehotelsiena.com\/es\/","name":"Hotel Executive Siena - 300 metri dall'ospedale - 10 minuti dal centro","isPartOf":{"@id":"https:\/\/www.executivehotelsiena.com\/es\/#website"},"datePublished":"2021-06-07T12:41:16+00:00","dateModified":"2024-09-03T13:38:22+00:00","description":"Hotel Executive, 4 stelle a 300 metri dall'ospedale di Siena e a pochi minuti dal centro storico. Parcheggio gratuito e ristorante interno.","breadcrumb":{"@id":"https:\/\/www.executivehotelsiena.com\/es\/#breadcrumb"},"inLanguage":"es","potentialAction":[{"@type":"ReadAction","target":["https:\/\/www.executivehotelsiena.com\/es\/"]}]},{"@type":"BreadcrumbList","@id":"https:\/\/www.executivehotelsiena.com\/es\/#breadcrumb","itemListElement":[{"@type":"ListItem","position":1,"name":"Home","item":"https:\/\/www.executivehotelsiena.com\/es\/"},{"@type":"ListItem","position":2,"name":"Bienvenidos"}]},{"@type":"WebSite","@id":"https:\/\/www.executivehotelsiena.com\/es\/#website","url":"https:\/\/www.executivehotelsiena.com\/es\/","name":"Executive Hotel Siena","description":"Just another ms.decms.eu site","potentialAction":[{"@type":"SearchAction","target":{"@type":"EntryPoint","urlTemplate":"https:\/\/www.executivehotelsiena.com\/es\/?s={search_term_string}"},"query-input":{"@type":"PropertyValueSpecification","valueRequired":true,"valueName":"search_term_string"}}],"inLanguage":"es"}]}},"acf":[],"_links":{"self":[{"href":"https:\/\/www.executivehotelsiena.com\/es\/wp-json\/wp\/v2\/pages\/239","targetHints":{"allow":["GET"]}}],"collection":[{"href":"https:\/\/www.executivehotelsiena.com\/es\/wp-json\/wp\/v2\/pages"}],"about":[{"href":"https:\/\/www.executivehotelsiena.com\/es\/wp-json\/wp\/v2\/types\/page"}],"author":[{"embeddable":true,"href":"https:\/\/www.executivehotelsiena.com\/es\/wp-json\/wp\/v2\/users\/119"}],"replies":[{"embeddable":true,"href":"https:\/\/www.executivehotelsiena.com\/es\/wp-json\/wp\/v2\/comments?post=239"}],"version-history":[{"count":0,"href":"https:\/\/www.executivehotelsiena.com\/es\/wp-json\/wp\/v2\/pages\/239\/revisions"}],"wp:attachment":[{"href":"https:\/\/www.executivehotelsiena.com\/es\/wp-json\/wp\/v2\/media?parent=239"}],"curies":[{"name":"wp","href":"https:\/\/api.w.org\/{rel}","templated":true}]}}