{"id":419,"date":"2021-07-01T12:00:08","date_gmt":"2021-07-01T12:00:08","guid":{"rendered":"https:\/\/executivesiena.ms.decms.eu\/?page_id=419"},"modified":"2022-09-02T09:39:39","modified_gmt":"2022-09-02T09:39:39","slug":"oferta-especial-uso-diario","status":"publish","type":"page","link":"https:\/\/www.executivehotelsiena.com\/es\/ofertas-especiales\/oferta-especial-uso-diario\/","title":{"rendered":"Oferta especial USO DIARIO"},"content":{"rendered":"<p>Oferta especial USO DIARIO<\/p>\n<ul>\n<li>\u00bfRelajarse despu\u00e9s de un largo viaje?<\/li>\n<li>\u00bfUna ducha antes de una reuni\u00f3n importante?<\/li>\n<li>\u00bfUn encuentro rom\u00e1ntico?<\/li>\n<li>\u00bfUna cita de negocios?<\/li>\n<\/ul>\n<p>Con esta f\u00f3rmula especial le ofrecemos la oportunidad de alojarse en nuestro hotel durante el d\u00eda, sin pernoctaci\u00f3n, con una tarifa fija de 65 \u20ac por d\u00eda, entre las 10 y las 17 horas.<\/p>\n<p>Reservar su Day Use es muy simple, solo contacte directamente al hotel y verifique la disponibilidad.<\/p>\n<p>Tambi\u00e9n puedes agregar extras en la habitaci\u00f3n como una botella de vino, una caja de bombones, un ramo de flores o disfrutar de nuestro servicio de bar y restaurante con servicio a la habitaci\u00f3n.<\/p>\n<p>Sin tarjeta de cr\u00e9dito solicitada, sin prepago, saldo a la salida y cancelaci\u00f3n gratuita<\/p>\n<p><strong>\u00bfC\u00f3mo reservar?<\/strong><\/p>\n<ul>\n<li>Escribiendo a <a href=\"mailto:info@executivehotelsiena.com\" target=\"_blank\" rel=\"noopener\">info@executivehotelsiena.com<\/a><\/li>\n<li>WhatsApp al +393311902914<\/li>\n<li>Facebook Messenger accediendo a nuestra p\u00e1gina <a href=\"www.facebook.com\/executivesiena\/\" target=\"_blank\" rel=\"noopener\">www.facebook.com\/executivesiena\/<\/a><\/li>\n<li>Llamando al +39577331210<\/li>\n<\/ul>\n","protected":false},"excerpt":{"rendered":"<p>Oferta especial USO DIARIO \u00bfRelajarse despu\u00e9s de un largo viaje? \u00bfUna ducha antes de una reuni\u00f3n importante? \u00bfUn encuentro rom\u00e1ntico? \u00bfUna cita de negocios? Con esta f\u00f3rmula especial le ofrecemos la oportunidad de alojarse en nuestro hotel durante el d\u00eda, sin pernoctaci\u00f3n, con una tarifa fija de 65 \u20ac por d\u00eda, entre las 10 y [&hellip;]<\/p>\n","protected":false},"author":6,"featured_media":0,"parent":215,"menu_order":36,"comment_status":"closed","ping_status":"closed","template":"template-default-2.php","meta":{"footnotes":""},"class_list":["post-419","page","type-page","status-publish","hentry"],"yoast_head":"<!-- This site is optimized with the Yoast SEO plugin v26.9 - https:\/\/yoast.com\/product\/yoast-seo-wordpress\/ -->\n<title>Oferta especial USO DIARIO - Executive Hotel Siena<\/title>\n<meta name=\"description\" content=\"Oferta especial USO DIARIO   \u00bfRelajarse despu\u00e9s de un largo viaje?  \u00bfUna ducha antes de una reuni\u00f3n importante?  \u00bfUn encuentro rom\u00e1ntico?  \u00bfUna cita de negocios?  Con esta f\u00f3rmula especial le ofrecemos la oportunidad de alojarse en nuestro hotel durante el d\u00eda, sin pernoctaci\u00f3n, con una tarifa fija de 65 \u20ac por d\u00eda, entre las 10 y las 17 horas.  Reservar su Day Use es muy simple, solo contacte directamente al hotel y verifique la disponibilidad.  Tambi\u00e9n puedes agregar extras en la habitaci\u00f3n como una botella de vino, una caja de bombones, un ramo de flores o disfrutar de nuestro servicio de bar y restaurante con servicio a la habitaci\u00f3n.  Sin tarjeta de cr\u00e9dito solicitada, sin prepago, saldo a la salida y cancelaci\u00f3n gratuita  \u00bfC\u00f3mo reservar?   Escribiendo a info@executivehotelsiena.com  WhatsApp al +393311902914  Facebook Messenger accediendo a nuestra p\u00e1gina www.facebook.com\/executivesiena\/  Llamando al +39577331210 .\" \/>\n<meta name=\"robots\" content=\"index, follow, max-snippet:-1, max-image-preview:large, max-video-preview:-1\" \/>\n<link rel=\"canonical\" href=\"https:\/\/www.executivehotelsiena.com\/es\/ofertas-especiales\/oferta-especial-uso-diario\/\" \/>\n<meta property=\"og:locale\" content=\"es_ES\" \/>\n<meta property=\"og:type\" content=\"article\" \/>\n<meta property=\"og:title\" content=\"Oferta especial USO DIARIO - Executive Hotel Siena\" \/>\n<meta property=\"og:description\" content=\"Oferta especial USO DIARIO   \u00bfRelajarse despu\u00e9s de un largo viaje?  \u00bfUna ducha antes de una reuni\u00f3n importante?  \u00bfUn encuentro rom\u00e1ntico?  \u00bfUna cita de negocios?  Con esta f\u00f3rmula especial le ofrecemos la oportunidad de alojarse en nuestro hotel durante el d\u00eda, sin pernoctaci\u00f3n, con una tarifa fija de 65 \u20ac por d\u00eda, entre las 10 y las 17 horas.  Reservar su Day Use es muy simple, solo contacte directamente al hotel y verifique la disponibilidad.  Tambi\u00e9n puedes agregar extras en la habitaci\u00f3n como una botella de vino, una caja de bombones, un ramo de flores o disfrutar de nuestro servicio de bar y restaurante con servicio a la habitaci\u00f3n.  Sin tarjeta de cr\u00e9dito solicitada, sin prepago, saldo a la salida y cancelaci\u00f3n gratuita  \u00bfC\u00f3mo reservar?   Escribiendo a info@executivehotelsiena.com  WhatsApp al +393311902914  Facebook Messenger accediendo a nuestra p\u00e1gina www.facebook.com\/executivesiena\/  Llamando al +39577331210 .\" \/>\n<meta property=\"og:url\" content=\"https:\/\/www.executivehotelsiena.com\/es\/ofertas-especiales\/oferta-especial-uso-diario\/\" \/>\n<meta property=\"og:site_name\" content=\"Executive Hotel Siena\" \/>\n<meta property=\"article:modified_time\" content=\"2022-09-02T09:39:39+00:00\" \/>\n<meta name=\"twitter:card\" content=\"summary_large_image\" \/>\n<meta name=\"twitter:label1\" content=\"Tiempo de lectura\" \/>\n\t<meta name=\"twitter:data1\" content=\"1 minuto\" \/>\n<script type=\"application\/ld+json\" class=\"yoast-schema-graph\">{\"@context\":\"https:\/\/schema.org\",\"@graph\":[{\"@type\":\"WebPage\",\"@id\":\"https:\/\/www.executivehotelsiena.com\/es\/ofertas-especiales\/oferta-especial-uso-diario\/\",\"url\":\"https:\/\/www.executivehotelsiena.com\/es\/ofertas-especiales\/oferta-especial-uso-diario\/\",\"name\":\"Oferta especial USO DIARIO - Executive Hotel Siena\",\"isPartOf\":{\"@id\":\"https:\/\/www.executivehotelsiena.com\/es\/#website\"},\"datePublished\":\"2021-07-01T12:00:08+00:00\",\"dateModified\":\"2022-09-02T09:39:39+00:00\",\"description\":\"Oferta especial USO DIARIO \u2022 \u00bfRelajarse despu\u00e9s de un largo viaje? \u2022 \u00bfUna ducha antes de una reuni\u00f3n importante? \u2022 \u00bfUn encuentro rom\u00e1ntico? \u2022 \u00bfUna cita de negocios? Con esta f\u00f3rmula especial le ofrecemos la oportunidad de alojarse en nuestro hotel durante el d\u00eda, sin pernoctaci\u00f3n, con una tarifa fija de 65 \u20ac por d\u00eda, entre las 10 y las 17 horas. Reservar su Day Use es muy simple, solo contacte directamente al hotel y verifique la disponibilidad. Tambi\u00e9n puedes agregar extras en la habitaci\u00f3n como una botella de vino, una caja de bombones, un ramo de flores o disfrutar de nuestro servicio de bar y restaurante con servicio a la habitaci\u00f3n. Sin tarjeta de cr\u00e9dito solicitada, sin prepago, saldo a la salida y cancelaci\u00f3n gratuita \u00bfC\u00f3mo reservar? \u2022 Escribiendo a info@executivehotelsiena.com \u2022 WhatsApp al +393311902914 \u2022 Facebook Messenger accediendo a nuestra p\u00e1gina www.facebook.com\/executivesiena\/ \u2022 Llamando al +39577331210 .\",\"breadcrumb\":{\"@id\":\"https:\/\/www.executivehotelsiena.com\/es\/ofertas-especiales\/oferta-especial-uso-diario\/#breadcrumb\"},\"inLanguage\":\"es\",\"potentialAction\":[{\"@type\":\"ReadAction\",\"target\":[\"https:\/\/www.executivehotelsiena.com\/es\/ofertas-especiales\/oferta-especial-uso-diario\/\"]}]},{\"@type\":\"BreadcrumbList\",\"@id\":\"https:\/\/www.executivehotelsiena.com\/es\/ofertas-especiales\/oferta-especial-uso-diario\/#breadcrumb\",\"itemListElement\":[{\"@type\":\"ListItem\",\"position\":1,\"name\":\"Home\",\"item\":\"https:\/\/www.executivehotelsiena.com\/es\/\"},{\"@type\":\"ListItem\",\"position\":2,\"name\":\"Ofertas especiales\",\"item\":\"https:\/\/www.executivehotelsiena.com\/es\/ofertas-especiales\/\"},{\"@type\":\"ListItem\",\"position\":3,\"name\":\"Oferta especial USO DIARIO\"}]},{\"@type\":\"WebSite\",\"@id\":\"https:\/\/www.executivehotelsiena.com\/es\/#website\",\"url\":\"https:\/\/www.executivehotelsiena.com\/es\/\",\"name\":\"Executive Hotel Siena\",\"description\":\"Just another ms.decms.eu site\",\"potentialAction\":[{\"@type\":\"SearchAction\",\"target\":{\"@type\":\"EntryPoint\",\"urlTemplate\":\"https:\/\/www.executivehotelsiena.com\/es\/?s={search_term_string}\"},\"query-input\":{\"@type\":\"PropertyValueSpecification\",\"valueRequired\":true,\"valueName\":\"search_term_string\"}}],\"inLanguage\":\"es\"}]}<\/script>\n<!-- \/ Yoast SEO plugin. -->","yoast_head_json":{"title":"Oferta especial USO DIARIO - Executive Hotel Siena","description":"Oferta especial USO DIARIO   \u00bfRelajarse despu\u00e9s de un largo viaje?  \u00bfUna ducha antes de una reuni\u00f3n importante?  \u00bfUn encuentro rom\u00e1ntico?  \u00bfUna cita de negocios?  Con esta f\u00f3rmula especial le ofrecemos la oportunidad de alojarse en nuestro hotel durante el d\u00eda, sin pernoctaci\u00f3n, con una tarifa fija de 65 \u20ac por d\u00eda, entre las 10 y las 17 horas.  Reservar su Day Use es muy simple, solo contacte directamente al hotel y verifique la disponibilidad.  Tambi\u00e9n puedes agregar extras en la habitaci\u00f3n como una botella de vino, una caja de bombones, un ramo de flores o disfrutar de nuestro servicio de bar y restaurante con servicio a la habitaci\u00f3n.  Sin tarjeta de cr\u00e9dito solicitada, sin prepago, saldo a la salida y cancelaci\u00f3n gratuita  \u00bfC\u00f3mo reservar?   Escribiendo a info@executivehotelsiena.com  WhatsApp al +393311902914  Facebook Messenger accediendo a nuestra p\u00e1gina www.facebook.com\/executivesiena\/  Llamando al +39577331210 .","robots":{"index":"index","follow":"follow","max-snippet":"max-snippet:-1","max-image-preview":"max-image-preview:large","max-video-preview":"max-video-preview:-1"},"canonical":"https:\/\/www.executivehotelsiena.com\/es\/ofertas-especiales\/oferta-especial-uso-diario\/","og_locale":"es_ES","og_type":"article","og_title":"Oferta especial USO DIARIO - Executive Hotel Siena","og_description":"Oferta especial USO DIARIO   \u00bfRelajarse despu\u00e9s de un largo viaje?  \u00bfUna ducha antes de una reuni\u00f3n importante?  \u00bfUn encuentro rom\u00e1ntico?  \u00bfUna cita de negocios?  Con esta f\u00f3rmula especial le ofrecemos la oportunidad de alojarse en nuestro hotel durante el d\u00eda, sin pernoctaci\u00f3n, con una tarifa fija de 65 \u20ac por d\u00eda, entre las 10 y las 17 horas.  Reservar su Day Use es muy simple, solo contacte directamente al hotel y verifique la disponibilidad.  Tambi\u00e9n puedes agregar extras en la habitaci\u00f3n como una botella de vino, una caja de bombones, un ramo de flores o disfrutar de nuestro servicio de bar y restaurante con servicio a la habitaci\u00f3n.  Sin tarjeta de cr\u00e9dito solicitada, sin prepago, saldo a la salida y cancelaci\u00f3n gratuita  \u00bfC\u00f3mo reservar?   Escribiendo a info@executivehotelsiena.com  WhatsApp al +393311902914  Facebook Messenger accediendo a nuestra p\u00e1gina www.facebook.com\/executivesiena\/  Llamando al +39577331210 .","og_url":"https:\/\/www.executivehotelsiena.com\/es\/ofertas-especiales\/oferta-especial-uso-diario\/","og_site_name":"Executive Hotel Siena","article_modified_time":"2022-09-02T09:39:39+00:00","twitter_card":"summary_large_image","twitter_misc":{"Tiempo de lectura":"1 minuto"},"schema":{"@context":"https:\/\/schema.org","@graph":[{"@type":"WebPage","@id":"https:\/\/www.executivehotelsiena.com\/es\/ofertas-especiales\/oferta-especial-uso-diario\/","url":"https:\/\/www.executivehotelsiena.com\/es\/ofertas-especiales\/oferta-especial-uso-diario\/","name":"Oferta especial USO DIARIO - Executive Hotel Siena","isPartOf":{"@id":"https:\/\/www.executivehotelsiena.com\/es\/#website"},"datePublished":"2021-07-01T12:00:08+00:00","dateModified":"2022-09-02T09:39:39+00:00","description":"Oferta especial USO DIARIO \u2022 \u00bfRelajarse despu\u00e9s de un largo viaje? \u2022 \u00bfUna ducha antes de una reuni\u00f3n importante? \u2022 \u00bfUn encuentro rom\u00e1ntico? \u2022 \u00bfUna cita de negocios? Con esta f\u00f3rmula especial le ofrecemos la oportunidad de alojarse en nuestro hotel durante el d\u00eda, sin pernoctaci\u00f3n, con una tarifa fija de 65 \u20ac por d\u00eda, entre las 10 y las 17 horas. Reservar su Day Use es muy simple, solo contacte directamente al hotel y verifique la disponibilidad. Tambi\u00e9n puedes agregar extras en la habitaci\u00f3n como una botella de vino, una caja de bombones, un ramo de flores o disfrutar de nuestro servicio de bar y restaurante con servicio a la habitaci\u00f3n. Sin tarjeta de cr\u00e9dito solicitada, sin prepago, saldo a la salida y cancelaci\u00f3n gratuita \u00bfC\u00f3mo reservar? \u2022 Escribiendo a info@executivehotelsiena.com \u2022 WhatsApp al +393311902914 \u2022 Facebook Messenger accediendo a nuestra p\u00e1gina www.facebook.com\/executivesiena\/ \u2022 Llamando al +39577331210 .","breadcrumb":{"@id":"https:\/\/www.executivehotelsiena.com\/es\/ofertas-especiales\/oferta-especial-uso-diario\/#breadcrumb"},"inLanguage":"es","potentialAction":[{"@type":"ReadAction","target":["https:\/\/www.executivehotelsiena.com\/es\/ofertas-especiales\/oferta-especial-uso-diario\/"]}]},{"@type":"BreadcrumbList","@id":"https:\/\/www.executivehotelsiena.com\/es\/ofertas-especiales\/oferta-especial-uso-diario\/#breadcrumb","itemListElement":[{"@type":"ListItem","position":1,"name":"Home","item":"https:\/\/www.executivehotelsiena.com\/es\/"},{"@type":"ListItem","position":2,"name":"Ofertas especiales","item":"https:\/\/www.executivehotelsiena.com\/es\/ofertas-especiales\/"},{"@type":"ListItem","position":3,"name":"Oferta especial USO DIARIO"}]},{"@type":"WebSite","@id":"https:\/\/www.executivehotelsiena.com\/es\/#website","url":"https:\/\/www.executivehotelsiena.com\/es\/","name":"Executive Hotel Siena","description":"Just another ms.decms.eu site","potentialAction":[{"@type":"SearchAction","target":{"@type":"EntryPoint","urlTemplate":"https:\/\/www.executivehotelsiena.com\/es\/?s={search_term_string}"},"query-input":{"@type":"PropertyValueSpecification","valueRequired":true,"valueName":"search_term_string"}}],"inLanguage":"es"}]}},"acf":[],"_links":{"self":[{"href":"https:\/\/www.executivehotelsiena.com\/es\/wp-json\/wp\/v2\/pages\/419","targetHints":{"allow":["GET"]}}],"collection":[{"href":"https:\/\/www.executivehotelsiena.com\/es\/wp-json\/wp\/v2\/pages"}],"about":[{"href":"https:\/\/www.executivehotelsiena.com\/es\/wp-json\/wp\/v2\/types\/page"}],"author":[{"embeddable":true,"href":"https:\/\/www.executivehotelsiena.com\/es\/wp-json\/wp\/v2\/users\/6"}],"replies":[{"embeddable":true,"href":"https:\/\/www.executivehotelsiena.com\/es\/wp-json\/wp\/v2\/comments?post=419"}],"version-history":[{"count":0,"href":"https:\/\/www.executivehotelsiena.com\/es\/wp-json\/wp\/v2\/pages\/419\/revisions"}],"up":[{"embeddable":true,"href":"https:\/\/www.executivehotelsiena.com\/es\/wp-json\/wp\/v2\/pages\/215"}],"wp:attachment":[{"href":"https:\/\/www.executivehotelsiena.com\/es\/wp-json\/wp\/v2\/media?parent=419"}],"curies":[{"name":"wp","href":"https:\/\/api.w.org\/{rel}","templated":true}]}}