{"id":193,"date":"2021-06-07T13:24:45","date_gmt":"2021-06-07T13:24:45","guid":{"rendered":"https:\/\/executivesiena.ms.decms.eu\/camere\/camere-standard\/"},"modified":"2021-08-11T14:07:26","modified_gmt":"2021-08-11T14:07:26","slug":"chambres-standard","status":"publish","type":"page","link":"https:\/\/www.executivehotelsiena.com\/fr\/chambres\/chambres-standard\/","title":{"rendered":"Chambres Standard"},"content":{"rendered":"<p>18 m\u00b2, <strong>lit double ou deux lits simples, salle de bains avec douche ou baignoire<\/strong>.<\/p>\n<p>Cette chambre dispose d\u2019une douche ou baignoire et d\u2019un grand lit ou 2 lits jumeaux.<\/p>\n<p>Superficie : 18 m\u00e8tres carr\u00e9s Type de lit(s) : 1 grand lit double Ou 2 lit simple<br \/>\nLes <strong>chambres standards sont modernes<\/strong>, \u00e9l\u00e9gantes, avec du parquet.<\/p>\n<p>Cette cat\u00e9gorie peut \u00eatre demand\u00e9e dans la formule \u00e0 deux lits jumeaux, un lit deux personnes et double \u00e0 usage simple.<br \/>\nPossibilit\u00e9 de demander des chambres fumeurs.<\/p>\n<p>&nbsp;<\/p>\n","protected":false},"excerpt":{"rendered":"<p>18 m\u00b2, lit double ou deux lits simples, salle de bains avec douche ou baignoire. Cette chambre dispose d\u2019une douche ou baignoire et d\u2019un grand lit ou 2 lits jumeaux. Superficie : 18 m\u00e8tres carr\u00e9s Type de lit(s) : 1 grand lit double Ou 2 lit simple Les chambres standards sont modernes, \u00e9l\u00e9gantes, avec du [&hellip;]<\/p>\n","protected":false},"author":6,"featured_media":0,"parent":189,"menu_order":11,"comment_status":"closed","ping_status":"closed","template":"template-single-room.php","meta":{"footnotes":""},"class_list":["post-193","page","type-page","status-publish","hentry"],"yoast_head":"<!-- This site is optimized with the Yoast SEO plugin v26.9 - https:\/\/yoast.com\/product\/yoast-seo-wordpress\/ -->\n<title>Chambres Standard - Executive Hotel Siena<\/title>\n<meta name=\"description\" content=\"18 m\u00b2, lit double ou deux lits simples, salle de bains avec douche ou baignoire.  Cette chambre dispose d\u2019une douche ou baignoire et d\u2019un grand lit ou 2 lits jumeaux.  Superficie : 18 m\u00e8tres carr\u00e9s Type de lit(s) : 1 grand lit double Ou 2 lit simple Les chambres standards sont modernes, \u00e9l\u00e9gantes, avec du parquet.  Cette cat\u00e9gorie peut \u00eatre demand\u00e9e dans la formule \u00e0 deux lits jumeaux, un lit deux personnes et double \u00e0 usage simple. Possibilit\u00e9 de demander des chambres fumeurs.  &nbsp;.\" \/>\n<meta name=\"robots\" content=\"index, follow, max-snippet:-1, max-image-preview:large, max-video-preview:-1\" \/>\n<link rel=\"canonical\" href=\"https:\/\/www.executivehotelsiena.com\/fr\/chambres\/chambres-standard\/\" \/>\n<meta property=\"og:locale\" content=\"fr_FR\" \/>\n<meta property=\"og:type\" content=\"article\" \/>\n<meta property=\"og:title\" content=\"Chambres Standard - Executive Hotel Siena\" \/>\n<meta property=\"og:description\" content=\"18 m\u00b2, lit double ou deux lits simples, salle de bains avec douche ou baignoire.  Cette chambre dispose d\u2019une douche ou baignoire et d\u2019un grand lit ou 2 lits jumeaux.  Superficie : 18 m\u00e8tres carr\u00e9s Type de lit(s) : 1 grand lit double Ou 2 lit simple Les chambres standards sont modernes, \u00e9l\u00e9gantes, avec du parquet.  Cette cat\u00e9gorie peut \u00eatre demand\u00e9e dans la formule \u00e0 deux lits jumeaux, un lit deux personnes et double \u00e0 usage simple. Possibilit\u00e9 de demander des chambres fumeurs.  &nbsp;.\" \/>\n<meta property=\"og:url\" content=\"https:\/\/www.executivehotelsiena.com\/fr\/chambres\/chambres-standard\/\" \/>\n<meta property=\"og:site_name\" content=\"Executive Hotel Siena\" \/>\n<meta property=\"article:modified_time\" content=\"2021-08-11T14:07:26+00:00\" \/>\n<meta name=\"twitter:card\" content=\"summary_large_image\" \/>\n<script type=\"application\/ld+json\" class=\"yoast-schema-graph\">{\"@context\":\"https:\/\/schema.org\",\"@graph\":[{\"@type\":\"WebPage\",\"@id\":\"https:\/\/www.executivehotelsiena.com\/fr\/chambres\/chambres-standard\/\",\"url\":\"https:\/\/www.executivehotelsiena.com\/fr\/chambres\/chambres-standard\/\",\"name\":\"Chambres Standard - Executive Hotel Siena\",\"isPartOf\":{\"@id\":\"https:\/\/www.executivehotelsiena.com\/fr\/#website\"},\"datePublished\":\"2021-06-07T13:24:45+00:00\",\"dateModified\":\"2021-08-11T14:07:26+00:00\",\"description\":\"18 m\u00b2, lit double ou deux lits simples, salle de bains avec douche ou baignoire. Cette chambre dispose d\u2019une douche ou baignoire et d\u2019un grand lit ou 2 lits jumeaux. Superficie : 18 m\u00e8tres carr\u00e9s Type de lit(s) : 1 grand lit double Ou 2 lit simple Les chambres standards sont modernes, \u00e9l\u00e9gantes, avec du parquet. Cette cat\u00e9gorie peut \u00eatre demand\u00e9e dans la formule \u00e0 deux lits jumeaux, un lit deux personnes et double \u00e0 usage simple. Possibilit\u00e9 de demander des chambres fumeurs. &nbsp;.\",\"breadcrumb\":{\"@id\":\"https:\/\/www.executivehotelsiena.com\/fr\/chambres\/chambres-standard\/#breadcrumb\"},\"inLanguage\":\"fr-FR\",\"potentialAction\":[{\"@type\":\"ReadAction\",\"target\":[\"https:\/\/www.executivehotelsiena.com\/fr\/chambres\/chambres-standard\/\"]}]},{\"@type\":\"BreadcrumbList\",\"@id\":\"https:\/\/www.executivehotelsiena.com\/fr\/chambres\/chambres-standard\/#breadcrumb\",\"itemListElement\":[{\"@type\":\"ListItem\",\"position\":1,\"name\":\"Home\",\"item\":\"https:\/\/www.executivehotelsiena.com\/fr\/\"},{\"@type\":\"ListItem\",\"position\":2,\"name\":\"Chambres\",\"item\":\"https:\/\/www.executivehotelsiena.com\/fr\/chambres\/\"},{\"@type\":\"ListItem\",\"position\":3,\"name\":\"Chambres Standard\"}]},{\"@type\":\"WebSite\",\"@id\":\"https:\/\/www.executivehotelsiena.com\/fr\/#website\",\"url\":\"https:\/\/www.executivehotelsiena.com\/fr\/\",\"name\":\"Executive Hotel Siena\",\"description\":\"Just another ms.decms.eu site\",\"potentialAction\":[{\"@type\":\"SearchAction\",\"target\":{\"@type\":\"EntryPoint\",\"urlTemplate\":\"https:\/\/www.executivehotelsiena.com\/fr\/?s={search_term_string}\"},\"query-input\":{\"@type\":\"PropertyValueSpecification\",\"valueRequired\":true,\"valueName\":\"search_term_string\"}}],\"inLanguage\":\"fr-FR\"}]}<\/script>\n<!-- \/ Yoast SEO plugin. -->","yoast_head_json":{"title":"Chambres Standard - Executive Hotel Siena","description":"18 m\u00b2, lit double ou deux lits simples, salle de bains avec douche ou baignoire.  Cette chambre dispose d\u2019une douche ou baignoire et d\u2019un grand lit ou 2 lits jumeaux.  Superficie : 18 m\u00e8tres carr\u00e9s Type de lit(s) : 1 grand lit double Ou 2 lit simple Les chambres standards sont modernes, \u00e9l\u00e9gantes, avec du parquet.  Cette cat\u00e9gorie peut \u00eatre demand\u00e9e dans la formule \u00e0 deux lits jumeaux, un lit deux personnes et double \u00e0 usage simple. Possibilit\u00e9 de demander des chambres fumeurs.  &nbsp;.","robots":{"index":"index","follow":"follow","max-snippet":"max-snippet:-1","max-image-preview":"max-image-preview:large","max-video-preview":"max-video-preview:-1"},"canonical":"https:\/\/www.executivehotelsiena.com\/fr\/chambres\/chambres-standard\/","og_locale":"fr_FR","og_type":"article","og_title":"Chambres Standard - Executive Hotel Siena","og_description":"18 m\u00b2, lit double ou deux lits simples, salle de bains avec douche ou baignoire.  Cette chambre dispose d\u2019une douche ou baignoire et d\u2019un grand lit ou 2 lits jumeaux.  Superficie : 18 m\u00e8tres carr\u00e9s Type de lit(s) : 1 grand lit double Ou 2 lit simple Les chambres standards sont modernes, \u00e9l\u00e9gantes, avec du parquet.  Cette cat\u00e9gorie peut \u00eatre demand\u00e9e dans la formule \u00e0 deux lits jumeaux, un lit deux personnes et double \u00e0 usage simple. Possibilit\u00e9 de demander des chambres fumeurs.  &nbsp;.","og_url":"https:\/\/www.executivehotelsiena.com\/fr\/chambres\/chambres-standard\/","og_site_name":"Executive Hotel Siena","article_modified_time":"2021-08-11T14:07:26+00:00","twitter_card":"summary_large_image","schema":{"@context":"https:\/\/schema.org","@graph":[{"@type":"WebPage","@id":"https:\/\/www.executivehotelsiena.com\/fr\/chambres\/chambres-standard\/","url":"https:\/\/www.executivehotelsiena.com\/fr\/chambres\/chambres-standard\/","name":"Chambres Standard - Executive Hotel Siena","isPartOf":{"@id":"https:\/\/www.executivehotelsiena.com\/fr\/#website"},"datePublished":"2021-06-07T13:24:45+00:00","dateModified":"2021-08-11T14:07:26+00:00","description":"18 m\u00b2, lit double ou deux lits simples, salle de bains avec douche ou baignoire. Cette chambre dispose d\u2019une douche ou baignoire et d\u2019un grand lit ou 2 lits jumeaux. Superficie : 18 m\u00e8tres carr\u00e9s Type de lit(s) : 1 grand lit double Ou 2 lit simple Les chambres standards sont modernes, \u00e9l\u00e9gantes, avec du parquet. Cette cat\u00e9gorie peut \u00eatre demand\u00e9e dans la formule \u00e0 deux lits jumeaux, un lit deux personnes et double \u00e0 usage simple. Possibilit\u00e9 de demander des chambres fumeurs. &nbsp;.","breadcrumb":{"@id":"https:\/\/www.executivehotelsiena.com\/fr\/chambres\/chambres-standard\/#breadcrumb"},"inLanguage":"fr-FR","potentialAction":[{"@type":"ReadAction","target":["https:\/\/www.executivehotelsiena.com\/fr\/chambres\/chambres-standard\/"]}]},{"@type":"BreadcrumbList","@id":"https:\/\/www.executivehotelsiena.com\/fr\/chambres\/chambres-standard\/#breadcrumb","itemListElement":[{"@type":"ListItem","position":1,"name":"Home","item":"https:\/\/www.executivehotelsiena.com\/fr\/"},{"@type":"ListItem","position":2,"name":"Chambres","item":"https:\/\/www.executivehotelsiena.com\/fr\/chambres\/"},{"@type":"ListItem","position":3,"name":"Chambres Standard"}]},{"@type":"WebSite","@id":"https:\/\/www.executivehotelsiena.com\/fr\/#website","url":"https:\/\/www.executivehotelsiena.com\/fr\/","name":"Executive Hotel Siena","description":"Just another ms.decms.eu site","potentialAction":[{"@type":"SearchAction","target":{"@type":"EntryPoint","urlTemplate":"https:\/\/www.executivehotelsiena.com\/fr\/?s={search_term_string}"},"query-input":{"@type":"PropertyValueSpecification","valueRequired":true,"valueName":"search_term_string"}}],"inLanguage":"fr-FR"}]}},"acf":[],"_links":{"self":[{"href":"https:\/\/www.executivehotelsiena.com\/fr\/wp-json\/wp\/v2\/pages\/193","targetHints":{"allow":["GET"]}}],"collection":[{"href":"https:\/\/www.executivehotelsiena.com\/fr\/wp-json\/wp\/v2\/pages"}],"about":[{"href":"https:\/\/www.executivehotelsiena.com\/fr\/wp-json\/wp\/v2\/types\/page"}],"author":[{"embeddable":true,"href":"https:\/\/www.executivehotelsiena.com\/fr\/wp-json\/wp\/v2\/users\/6"}],"replies":[{"embeddable":true,"href":"https:\/\/www.executivehotelsiena.com\/fr\/wp-json\/wp\/v2\/comments?post=193"}],"version-history":[{"count":0,"href":"https:\/\/www.executivehotelsiena.com\/fr\/wp-json\/wp\/v2\/pages\/193\/revisions"}],"up":[{"embeddable":true,"href":"https:\/\/www.executivehotelsiena.com\/fr\/wp-json\/wp\/v2\/pages\/189"}],"wp:attachment":[{"href":"https:\/\/www.executivehotelsiena.com\/fr\/wp-json\/wp\/v2\/media?parent=193"}],"curies":[{"name":"wp","href":"https:\/\/api.w.org\/{rel}","templated":true}]}}