{"id":197,"date":"2021-06-07T13:27:27","date_gmt":"2021-06-07T13:27:27","guid":{"rendered":"https:\/\/executivesiena.ms.decms.eu\/camere\/camere-superior\/"},"modified":"2025-05-08T08:22:48","modified_gmt":"2025-05-08T08:22:48","slug":"chambres-superieur","status":"publish","type":"page","link":"https:\/\/www.executivehotelsiena.com\/fr\/chambres\/chambres-superieur\/","title":{"rendered":"Chambres Sup\u00e9rieur"},"content":{"rendered":"<p>22 m\u00b2, <strong>lit double ou deux lits simples, salle de bains avec douche ou baignoire. Certaines disposent d\u2019un balcon.<\/strong><\/p>\n<p>Cette chambre \u00e9l\u00e9gante a \u00e9t\u00e9 enti\u00e8rement r\u00e9nov\u00e9 avec salles de bains r\u00e9nov\u00e9es, agr\u00e9ment\u00e9 d\u2019un mobilier \u00e9l\u00e9gant et \u00e9quip\u00e9es d\u2019une baignoire ou d\u2019une douche et d\u2019un lit double ou deux lits jumeaux. La chambre dispose d\u2019un petit balcon avec table et chaises.<\/p>\n<p>La chambre offre une s\u00e9lection de th\u00e9 et de caf\u00e9 avec une bouilloire, une ligne de bain de haute qualit\u00e9 au l\u2019huile d\u2019olive , des peignoirs et des pantoufles.<\/p>\n<p>Taille de la chambre: 22 m\u00e8tres carr\u00e9s Type de lit: 1 lit double ou 2 lits jumeaux sur demande<\/p>\n<p>Les chambres sup\u00e9rieures <strong>avec balcon, spacieux, moderne et \u00e9l\u00e9gant avec des planchers en bois<\/strong>, enti\u00e8rement r\u00e9nov\u00e9 dans le salle de bains comme dans l\u2019int\u00e9rieur.<\/p>\n<p>Cette cat\u00e9gorie peut \u00eatre demand\u00e9e dans la formule \u00e0 deux lits jumeaux, un lit deux personnes et double \u00e0 usage simple.<br \/>\nPossibilit\u00e9 de demander des chambres fumeurs.<\/p>\n","protected":false},"excerpt":{"rendered":"<p>22 m\u00b2, lit double ou deux lits simples, salle de bains avec douche ou baignoire. Certaines disposent d\u2019un balcon. Cette chambre \u00e9l\u00e9gante a \u00e9t\u00e9 enti\u00e8rement r\u00e9nov\u00e9 avec salles de bains r\u00e9nov\u00e9es, agr\u00e9ment\u00e9 d\u2019un mobilier \u00e9l\u00e9gant et \u00e9quip\u00e9es d\u2019une baignoire ou d\u2019une douche et d\u2019un lit double ou deux lits jumeaux. La chambre dispose d\u2019un petit [&hellip;]<\/p>\n","protected":false},"author":6,"featured_media":0,"parent":189,"menu_order":12,"comment_status":"closed","ping_status":"closed","template":"template-single-room.php","meta":{"footnotes":""},"class_list":["post-197","page","type-page","status-publish","hentry"],"yoast_head":"<!-- This site is optimized with the Yoast SEO plugin v26.9 - https:\/\/yoast.com\/product\/yoast-seo-wordpress\/ -->\n<title>Chambres Sup\u00e9rieur - Executive Hotel Siena<\/title>\n<meta name=\"description\" content=\"22 m\u00b2, lit double ou deux lits simples, salle de bains avec douche ou baignoire. Certaines disposent d\u2019un balcon.  Cette chambre \u00e9l\u00e9gante a \u00e9t\u00e9 enti\u00e8rement r\u00e9nov\u00e9 avec salles de bains r\u00e9nov\u00e9es, agr\u00e9ment\u00e9 d\u2019un mobilier \u00e9l\u00e9gant et \u00e9quip\u00e9es d\u2019une baignoire ou d\u2019une douche et d\u2019un lit double ou deux lits jumeaux\" \/>\n<meta name=\"robots\" content=\"index, follow, max-snippet:-1, max-image-preview:large, max-video-preview:-1\" \/>\n<link rel=\"canonical\" href=\"https:\/\/www.executivehotelsiena.com\/fr\/chambres\/chambres-superieur\/\" \/>\n<meta property=\"og:locale\" content=\"fr_FR\" \/>\n<meta property=\"og:type\" content=\"article\" \/>\n<meta property=\"og:title\" content=\"Chambres Sup\u00e9rieur - Executive Hotel Siena\" \/>\n<meta property=\"og:description\" content=\"22 m\u00b2, lit double ou deux lits simples, salle de bains avec douche ou baignoire. Certaines disposent d\u2019un balcon.  Cette chambre \u00e9l\u00e9gante a \u00e9t\u00e9 enti\u00e8rement r\u00e9nov\u00e9 avec salles de bains r\u00e9nov\u00e9es, agr\u00e9ment\u00e9 d\u2019un mobilier \u00e9l\u00e9gant et \u00e9quip\u00e9es d\u2019une baignoire ou d\u2019une douche et d\u2019un lit double ou deux lits jumeaux\" \/>\n<meta property=\"og:url\" content=\"https:\/\/www.executivehotelsiena.com\/fr\/chambres\/chambres-superieur\/\" \/>\n<meta property=\"og:site_name\" content=\"Executive Hotel Siena\" \/>\n<meta property=\"article:modified_time\" content=\"2025-05-08T08:22:48+00:00\" \/>\n<meta name=\"twitter:card\" content=\"summary_large_image\" \/>\n<meta name=\"twitter:label1\" content=\"Dur\u00e9e de lecture estim\u00e9e\" \/>\n\t<meta name=\"twitter:data1\" content=\"1 minute\" \/>\n<script type=\"application\/ld+json\" class=\"yoast-schema-graph\">{\"@context\":\"https:\/\/schema.org\",\"@graph\":[{\"@type\":\"WebPage\",\"@id\":\"https:\/\/www.executivehotelsiena.com\/fr\/chambres\/chambres-superieur\/\",\"url\":\"https:\/\/www.executivehotelsiena.com\/fr\/chambres\/chambres-superieur\/\",\"name\":\"Chambres Sup\u00e9rieur - Executive Hotel Siena\",\"isPartOf\":{\"@id\":\"https:\/\/www.executivehotelsiena.com\/fr\/#website\"},\"datePublished\":\"2021-06-07T13:27:27+00:00\",\"dateModified\":\"2025-05-08T08:22:48+00:00\",\"description\":\"22 m\u00b2, lit double ou deux lits simples, salle de bains avec douche ou baignoire. Certaines disposent d\u2019un balcon. Cette chambre \u00e9l\u00e9gante a \u00e9t\u00e9 enti\u00e8rement r\u00e9nov\u00e9 avec salles de bains r\u00e9nov\u00e9es, agr\u00e9ment\u00e9 d\u2019un mobilier \u00e9l\u00e9gant et \u00e9quip\u00e9es d\u2019une baignoire ou d\u2019une douche et d\u2019un lit double ou deux lits jumeaux\",\"breadcrumb\":{\"@id\":\"https:\/\/www.executivehotelsiena.com\/fr\/chambres\/chambres-superieur\/#breadcrumb\"},\"inLanguage\":\"fr-FR\",\"potentialAction\":[{\"@type\":\"ReadAction\",\"target\":[\"https:\/\/www.executivehotelsiena.com\/fr\/chambres\/chambres-superieur\/\"]}]},{\"@type\":\"BreadcrumbList\",\"@id\":\"https:\/\/www.executivehotelsiena.com\/fr\/chambres\/chambres-superieur\/#breadcrumb\",\"itemListElement\":[{\"@type\":\"ListItem\",\"position\":1,\"name\":\"Home\",\"item\":\"https:\/\/www.executivehotelsiena.com\/fr\/\"},{\"@type\":\"ListItem\",\"position\":2,\"name\":\"Chambres\",\"item\":\"https:\/\/www.executivehotelsiena.com\/fr\/chambres\/\"},{\"@type\":\"ListItem\",\"position\":3,\"name\":\"Chambres Sup\u00e9rieur\"}]},{\"@type\":\"WebSite\",\"@id\":\"https:\/\/www.executivehotelsiena.com\/fr\/#website\",\"url\":\"https:\/\/www.executivehotelsiena.com\/fr\/\",\"name\":\"Executive Hotel Siena\",\"description\":\"Just another ms.decms.eu site\",\"potentialAction\":[{\"@type\":\"SearchAction\",\"target\":{\"@type\":\"EntryPoint\",\"urlTemplate\":\"https:\/\/www.executivehotelsiena.com\/fr\/?s={search_term_string}\"},\"query-input\":{\"@type\":\"PropertyValueSpecification\",\"valueRequired\":true,\"valueName\":\"search_term_string\"}}],\"inLanguage\":\"fr-FR\"}]}<\/script>\n<!-- \/ Yoast SEO plugin. -->","yoast_head_json":{"title":"Chambres Sup\u00e9rieur - Executive Hotel Siena","description":"22 m\u00b2, lit double ou deux lits simples, salle de bains avec douche ou baignoire. Certaines disposent d\u2019un balcon.  Cette chambre \u00e9l\u00e9gante a \u00e9t\u00e9 enti\u00e8rement r\u00e9nov\u00e9 avec salles de bains r\u00e9nov\u00e9es, agr\u00e9ment\u00e9 d\u2019un mobilier \u00e9l\u00e9gant et \u00e9quip\u00e9es d\u2019une baignoire ou d\u2019une douche et d\u2019un lit double ou deux lits jumeaux","robots":{"index":"index","follow":"follow","max-snippet":"max-snippet:-1","max-image-preview":"max-image-preview:large","max-video-preview":"max-video-preview:-1"},"canonical":"https:\/\/www.executivehotelsiena.com\/fr\/chambres\/chambres-superieur\/","og_locale":"fr_FR","og_type":"article","og_title":"Chambres Sup\u00e9rieur - Executive Hotel Siena","og_description":"22 m\u00b2, lit double ou deux lits simples, salle de bains avec douche ou baignoire. Certaines disposent d\u2019un balcon.  Cette chambre \u00e9l\u00e9gante a \u00e9t\u00e9 enti\u00e8rement r\u00e9nov\u00e9 avec salles de bains r\u00e9nov\u00e9es, agr\u00e9ment\u00e9 d\u2019un mobilier \u00e9l\u00e9gant et \u00e9quip\u00e9es d\u2019une baignoire ou d\u2019une douche et d\u2019un lit double ou deux lits jumeaux","og_url":"https:\/\/www.executivehotelsiena.com\/fr\/chambres\/chambres-superieur\/","og_site_name":"Executive Hotel Siena","article_modified_time":"2025-05-08T08:22:48+00:00","twitter_card":"summary_large_image","twitter_misc":{"Dur\u00e9e de lecture estim\u00e9e":"1 minute"},"schema":{"@context":"https:\/\/schema.org","@graph":[{"@type":"WebPage","@id":"https:\/\/www.executivehotelsiena.com\/fr\/chambres\/chambres-superieur\/","url":"https:\/\/www.executivehotelsiena.com\/fr\/chambres\/chambres-superieur\/","name":"Chambres Sup\u00e9rieur - Executive Hotel Siena","isPartOf":{"@id":"https:\/\/www.executivehotelsiena.com\/fr\/#website"},"datePublished":"2021-06-07T13:27:27+00:00","dateModified":"2025-05-08T08:22:48+00:00","description":"22 m\u00b2, lit double ou deux lits simples, salle de bains avec douche ou baignoire. Certaines disposent d\u2019un balcon. Cette chambre \u00e9l\u00e9gante a \u00e9t\u00e9 enti\u00e8rement r\u00e9nov\u00e9 avec salles de bains r\u00e9nov\u00e9es, agr\u00e9ment\u00e9 d\u2019un mobilier \u00e9l\u00e9gant et \u00e9quip\u00e9es d\u2019une baignoire ou d\u2019une douche et d\u2019un lit double ou deux lits jumeaux","breadcrumb":{"@id":"https:\/\/www.executivehotelsiena.com\/fr\/chambres\/chambres-superieur\/#breadcrumb"},"inLanguage":"fr-FR","potentialAction":[{"@type":"ReadAction","target":["https:\/\/www.executivehotelsiena.com\/fr\/chambres\/chambres-superieur\/"]}]},{"@type":"BreadcrumbList","@id":"https:\/\/www.executivehotelsiena.com\/fr\/chambres\/chambres-superieur\/#breadcrumb","itemListElement":[{"@type":"ListItem","position":1,"name":"Home","item":"https:\/\/www.executivehotelsiena.com\/fr\/"},{"@type":"ListItem","position":2,"name":"Chambres","item":"https:\/\/www.executivehotelsiena.com\/fr\/chambres\/"},{"@type":"ListItem","position":3,"name":"Chambres Sup\u00e9rieur"}]},{"@type":"WebSite","@id":"https:\/\/www.executivehotelsiena.com\/fr\/#website","url":"https:\/\/www.executivehotelsiena.com\/fr\/","name":"Executive Hotel Siena","description":"Just another ms.decms.eu site","potentialAction":[{"@type":"SearchAction","target":{"@type":"EntryPoint","urlTemplate":"https:\/\/www.executivehotelsiena.com\/fr\/?s={search_term_string}"},"query-input":{"@type":"PropertyValueSpecification","valueRequired":true,"valueName":"search_term_string"}}],"inLanguage":"fr-FR"}]}},"acf":[],"_links":{"self":[{"href":"https:\/\/www.executivehotelsiena.com\/fr\/wp-json\/wp\/v2\/pages\/197","targetHints":{"allow":["GET"]}}],"collection":[{"href":"https:\/\/www.executivehotelsiena.com\/fr\/wp-json\/wp\/v2\/pages"}],"about":[{"href":"https:\/\/www.executivehotelsiena.com\/fr\/wp-json\/wp\/v2\/types\/page"}],"author":[{"embeddable":true,"href":"https:\/\/www.executivehotelsiena.com\/fr\/wp-json\/wp\/v2\/users\/6"}],"replies":[{"embeddable":true,"href":"https:\/\/www.executivehotelsiena.com\/fr\/wp-json\/wp\/v2\/comments?post=197"}],"version-history":[{"count":0,"href":"https:\/\/www.executivehotelsiena.com\/fr\/wp-json\/wp\/v2\/pages\/197\/revisions"}],"up":[{"embeddable":true,"href":"https:\/\/www.executivehotelsiena.com\/fr\/wp-json\/wp\/v2\/pages\/189"}],"wp:attachment":[{"href":"https:\/\/www.executivehotelsiena.com\/fr\/wp-json\/wp\/v2\/media?parent=197"}],"curies":[{"name":"wp","href":"https:\/\/api.w.org\/{rel}","templated":true}]}}