{"id":201,"date":"2021-06-07T13:30:20","date_gmt":"2021-06-07T13:30:20","guid":{"rendered":"https:\/\/executivesiena.ms.decms.eu\/ristorante-bar\/"},"modified":"2024-12-09T15:28:26","modified_gmt":"2024-12-09T15:28:26","slug":"restaurant-bar","status":"publish","type":"page","link":"https:\/\/www.executivehotelsiena.com\/fr\/restaurant-bar\/","title":{"rendered":"Restaurant &amp; Bar"},"content":{"rendered":"<p><strong>Du petit-d\u00e9jeuner, au d\u00e9jeuner au d\u00eener du soir<\/strong>, le restaurant de l\u2019h\u00f4tel est le cadre <strong>id\u00e9al pour d\u00e9guster les meilleurs plats de la cuisine traditionnelle r\u00e9gionale<\/strong>, associ\u00e9e \u00e0 une cuisine nationale typique pr\u00e9par\u00e9e avec un soin minutieux.<\/p>\n<p>De plus, gr\u00e2ce \u00e0 la c\u00e9l\u00e8bre production de vins toscans dont <strong>Sienne<\/strong> est l\u2019un des fleurons, la cave offre un large choix de vins nationaux qui accompagneront nos plats de fa\u00e7on parfaite, harmonieuse et d\u00e9licate.<\/p>\n<p>Ouvert tous les jours, le restaurant est \u00e9galement le cadre id\u00e9al pour des <strong>d\u00e9jeuners et d\u00eeners d\u2019affaires, les d\u00e9jeuner a emporter ou \u00e0 consommer dans la chambreles, diners \u00e0 la carte<\/strong> et pour toutes les occasions de rencontre conviviale.<\/p>\n<p>Notre tout nouveau<strong>\u00a0Bar avec terrasse<\/strong> est ouvert tous les jours de 10:00 \u00e0 22:00 pour un ap\u00e9ritif ou un verre en soir\u00e9e avec des amis ou des parents.<\/p>\n","protected":false},"excerpt":{"rendered":"<p>Du petit-d\u00e9jeuner, au d\u00e9jeuner au d\u00eener du soir, le restaurant de l\u2019h\u00f4tel est le cadre id\u00e9al pour d\u00e9guster les meilleurs plats de la cuisine traditionnelle r\u00e9gionale, associ\u00e9e \u00e0 une cuisine nationale typique pr\u00e9par\u00e9e avec un soin minutieux. De plus, gr\u00e2ce \u00e0 la c\u00e9l\u00e8bre production de vins toscans dont Sienne est l\u2019un des fleurons, la cave [&hellip;]<\/p>\n","protected":false},"author":6,"featured_media":0,"parent":0,"menu_order":20,"comment_status":"closed","ping_status":"closed","template":"template-restaurants.php","meta":{"footnotes":""},"class_list":["post-201","page","type-page","status-publish","hentry"],"yoast_head":"<!-- This site is optimized with the Yoast SEO plugin v26.9 - https:\/\/yoast.com\/product\/yoast-seo-wordpress\/ -->\n<title>Restaurant &amp; Bar - Executive Hotel Siena<\/title>\n<meta name=\"description\" content=\"Hotel Executive, 4 stelle a 300 metri dall&#039;ospedale di Siena e a pochi minuti dal centro storico. Approfitta del parcheggio gratuito e del nostro ristorante.\" \/>\n<meta name=\"robots\" content=\"index, follow, max-snippet:-1, max-image-preview:large, max-video-preview:-1\" \/>\n<link rel=\"canonical\" href=\"https:\/\/www.executivehotelsiena.com\/fr\/restaurant-bar\/\" \/>\n<meta property=\"og:locale\" content=\"fr_FR\" \/>\n<meta property=\"og:type\" content=\"article\" \/>\n<meta property=\"og:title\" content=\"Restaurant &amp; Bar - Executive Hotel Siena\" \/>\n<meta property=\"og:description\" content=\"Hotel Executive, 4 stelle a 300 metri dall&#039;ospedale di Siena e a pochi minuti dal centro storico. Approfitta del parcheggio gratuito e del nostro ristorante.\" \/>\n<meta property=\"og:url\" content=\"https:\/\/www.executivehotelsiena.com\/fr\/restaurant-bar\/\" \/>\n<meta property=\"og:site_name\" content=\"Executive Hotel Siena\" \/>\n<meta property=\"article:modified_time\" content=\"2024-12-09T15:28:26+00:00\" \/>\n<meta name=\"twitter:card\" content=\"summary_large_image\" \/>\n<meta name=\"twitter:label1\" content=\"Dur\u00e9e de lecture estim\u00e9e\" \/>\n\t<meta name=\"twitter:data1\" content=\"1 minute\" \/>\n<script type=\"application\/ld+json\" class=\"yoast-schema-graph\">{\"@context\":\"https:\/\/schema.org\",\"@graph\":[{\"@type\":\"WebPage\",\"@id\":\"https:\/\/www.executivehotelsiena.com\/fr\/restaurant-bar\/\",\"url\":\"https:\/\/www.executivehotelsiena.com\/fr\/restaurant-bar\/\",\"name\":\"Restaurant &amp; Bar - Executive Hotel Siena\",\"isPartOf\":{\"@id\":\"https:\/\/www.executivehotelsiena.com\/fr\/#website\"},\"datePublished\":\"2021-06-07T13:30:20+00:00\",\"dateModified\":\"2024-12-09T15:28:26+00:00\",\"description\":\"Hotel Executive, 4 stelle a 300 metri dall'ospedale di Siena e a pochi minuti dal centro storico. Approfitta del parcheggio gratuito e del nostro ristorante.\",\"breadcrumb\":{\"@id\":\"https:\/\/www.executivehotelsiena.com\/fr\/restaurant-bar\/#breadcrumb\"},\"inLanguage\":\"fr-FR\",\"potentialAction\":[{\"@type\":\"ReadAction\",\"target\":[\"https:\/\/www.executivehotelsiena.com\/fr\/restaurant-bar\/\"]}]},{\"@type\":\"BreadcrumbList\",\"@id\":\"https:\/\/www.executivehotelsiena.com\/fr\/restaurant-bar\/#breadcrumb\",\"itemListElement\":[{\"@type\":\"ListItem\",\"position\":1,\"name\":\"Home\",\"item\":\"https:\/\/www.executivehotelsiena.com\/fr\/\"},{\"@type\":\"ListItem\",\"position\":2,\"name\":\"Restaurant &amp; Bar\"}]},{\"@type\":\"WebSite\",\"@id\":\"https:\/\/www.executivehotelsiena.com\/fr\/#website\",\"url\":\"https:\/\/www.executivehotelsiena.com\/fr\/\",\"name\":\"Executive Hotel Siena\",\"description\":\"Just another ms.decms.eu site\",\"potentialAction\":[{\"@type\":\"SearchAction\",\"target\":{\"@type\":\"EntryPoint\",\"urlTemplate\":\"https:\/\/www.executivehotelsiena.com\/fr\/?s={search_term_string}\"},\"query-input\":{\"@type\":\"PropertyValueSpecification\",\"valueRequired\":true,\"valueName\":\"search_term_string\"}}],\"inLanguage\":\"fr-FR\"}]}<\/script>\n<!-- \/ Yoast SEO plugin. -->","yoast_head_json":{"title":"Restaurant &amp; Bar - Executive Hotel Siena","description":"Hotel Executive, 4 stelle a 300 metri dall'ospedale di Siena e a pochi minuti dal centro storico. Approfitta del parcheggio gratuito e del nostro ristorante.","robots":{"index":"index","follow":"follow","max-snippet":"max-snippet:-1","max-image-preview":"max-image-preview:large","max-video-preview":"max-video-preview:-1"},"canonical":"https:\/\/www.executivehotelsiena.com\/fr\/restaurant-bar\/","og_locale":"fr_FR","og_type":"article","og_title":"Restaurant &amp; Bar - Executive Hotel Siena","og_description":"Hotel Executive, 4 stelle a 300 metri dall'ospedale di Siena e a pochi minuti dal centro storico. Approfitta del parcheggio gratuito e del nostro ristorante.","og_url":"https:\/\/www.executivehotelsiena.com\/fr\/restaurant-bar\/","og_site_name":"Executive Hotel Siena","article_modified_time":"2024-12-09T15:28:26+00:00","twitter_card":"summary_large_image","twitter_misc":{"Dur\u00e9e de lecture estim\u00e9e":"1 minute"},"schema":{"@context":"https:\/\/schema.org","@graph":[{"@type":"WebPage","@id":"https:\/\/www.executivehotelsiena.com\/fr\/restaurant-bar\/","url":"https:\/\/www.executivehotelsiena.com\/fr\/restaurant-bar\/","name":"Restaurant &amp; Bar - Executive Hotel Siena","isPartOf":{"@id":"https:\/\/www.executivehotelsiena.com\/fr\/#website"},"datePublished":"2021-06-07T13:30:20+00:00","dateModified":"2024-12-09T15:28:26+00:00","description":"Hotel Executive, 4 stelle a 300 metri dall'ospedale di Siena e a pochi minuti dal centro storico. Approfitta del parcheggio gratuito e del nostro ristorante.","breadcrumb":{"@id":"https:\/\/www.executivehotelsiena.com\/fr\/restaurant-bar\/#breadcrumb"},"inLanguage":"fr-FR","potentialAction":[{"@type":"ReadAction","target":["https:\/\/www.executivehotelsiena.com\/fr\/restaurant-bar\/"]}]},{"@type":"BreadcrumbList","@id":"https:\/\/www.executivehotelsiena.com\/fr\/restaurant-bar\/#breadcrumb","itemListElement":[{"@type":"ListItem","position":1,"name":"Home","item":"https:\/\/www.executivehotelsiena.com\/fr\/"},{"@type":"ListItem","position":2,"name":"Restaurant &amp; Bar"}]},{"@type":"WebSite","@id":"https:\/\/www.executivehotelsiena.com\/fr\/#website","url":"https:\/\/www.executivehotelsiena.com\/fr\/","name":"Executive Hotel Siena","description":"Just another ms.decms.eu site","potentialAction":[{"@type":"SearchAction","target":{"@type":"EntryPoint","urlTemplate":"https:\/\/www.executivehotelsiena.com\/fr\/?s={search_term_string}"},"query-input":{"@type":"PropertyValueSpecification","valueRequired":true,"valueName":"search_term_string"}}],"inLanguage":"fr-FR"}]}},"acf":[],"_links":{"self":[{"href":"https:\/\/www.executivehotelsiena.com\/fr\/wp-json\/wp\/v2\/pages\/201","targetHints":{"allow":["GET"]}}],"collection":[{"href":"https:\/\/www.executivehotelsiena.com\/fr\/wp-json\/wp\/v2\/pages"}],"about":[{"href":"https:\/\/www.executivehotelsiena.com\/fr\/wp-json\/wp\/v2\/types\/page"}],"author":[{"embeddable":true,"href":"https:\/\/www.executivehotelsiena.com\/fr\/wp-json\/wp\/v2\/users\/6"}],"replies":[{"embeddable":true,"href":"https:\/\/www.executivehotelsiena.com\/fr\/wp-json\/wp\/v2\/comments?post=201"}],"version-history":[{"count":0,"href":"https:\/\/www.executivehotelsiena.com\/fr\/wp-json\/wp\/v2\/pages\/201\/revisions"}],"wp:attachment":[{"href":"https:\/\/www.executivehotelsiena.com\/fr\/wp-json\/wp\/v2\/media?parent=201"}],"curies":[{"name":"wp","href":"https:\/\/api.w.org\/{rel}","templated":true}]}}