{"id":205,"date":"2021-06-18T14:20:41","date_gmt":"2021-06-18T14:20:41","guid":{"rendered":"https:\/\/executivesiena.ms.decms.eu\/ristorante-bar\/la-prima-colazione\/"},"modified":"2021-06-30T10:44:47","modified_gmt":"2021-06-30T10:44:47","slug":"notre-petit-dejeuner","status":"publish","type":"page","link":"https:\/\/www.executivehotelsiena.com\/fr\/restaurant-bar\/notre-petit-dejeuner\/","title":{"rendered":"Notre petit-d\u00e9jeuner"},"content":{"rendered":"<p>L&rsquo;h\u00f4tel, dans ses propres chambres <strong>Food &amp; Beverage<\/strong>, propose aux clients un service de petit-d\u00e9jeuner am\u00e9ricain chaud et froid de 7h00 \u00e0 10h00.<\/p>\n<p>Un buffet de <strong>plats chauds et froids<\/strong>, avec les produits de boulangerie et bien plus encore, vous donnera le meilleur \u00ab\u00a0bonjour\u00a0\u00bb!<\/p>\n","protected":false},"excerpt":{"rendered":"<p>L&rsquo;h\u00f4tel, dans ses propres chambres Food &amp; Beverage, propose aux clients un service de petit-d\u00e9jeuner am\u00e9ricain chaud et froid de 7h00 \u00e0 10h00. Un buffet de plats chauds et froids, avec les produits de boulangerie et bien plus encore, vous donnera le meilleur \u00ab\u00a0bonjour\u00a0\u00bb!<\/p>\n","protected":false},"author":6,"featured_media":0,"parent":201,"menu_order":21,"comment_status":"closed","ping_status":"closed","template":"","meta":{"footnotes":""},"class_list":["post-205","page","type-page","status-publish","hentry"],"yoast_head":"<!-- This site is optimized with the Yoast SEO plugin v26.9 - https:\/\/yoast.com\/product\/yoast-seo-wordpress\/ -->\n<title>Notre petit-d\u00e9jeuner - Executive Hotel Siena<\/title>\n<meta name=\"description\" content=\"L&#039;h\u00f4tel, dans ses propres chambres Food &amp; Beverage, propose aux clients un service de petit-d\u00e9jeuner am\u00e9ricain chaud et froid de 7h00 \u00e0 10h00.  Un buffet de plats chauds et froids, avec les produits de boulangerie et bien plus encore, vous donnera le meilleur &quot;bonjour&quot;!.\" \/>\n<meta name=\"robots\" content=\"index, follow, max-snippet:-1, max-image-preview:large, max-video-preview:-1\" \/>\n<link rel=\"canonical\" href=\"https:\/\/www.executivehotelsiena.com\/fr\/restaurant-bar\/notre-petit-dejeuner\/\" \/>\n<meta property=\"og:locale\" content=\"fr_FR\" \/>\n<meta property=\"og:type\" content=\"article\" \/>\n<meta property=\"og:title\" content=\"Notre petit-d\u00e9jeuner - Executive Hotel Siena\" \/>\n<meta property=\"og:description\" content=\"L&#039;h\u00f4tel, dans ses propres chambres Food &amp; Beverage, propose aux clients un service de petit-d\u00e9jeuner am\u00e9ricain chaud et froid de 7h00 \u00e0 10h00.  Un buffet de plats chauds et froids, avec les produits de boulangerie et bien plus encore, vous donnera le meilleur &quot;bonjour&quot;!.\" \/>\n<meta property=\"og:url\" content=\"https:\/\/www.executivehotelsiena.com\/fr\/restaurant-bar\/notre-petit-dejeuner\/\" \/>\n<meta property=\"og:site_name\" content=\"Executive Hotel Siena\" \/>\n<meta property=\"article:modified_time\" content=\"2021-06-30T10:44:47+00:00\" \/>\n<meta name=\"twitter:card\" content=\"summary_large_image\" \/>\n<script type=\"application\/ld+json\" class=\"yoast-schema-graph\">{\"@context\":\"https:\/\/schema.org\",\"@graph\":[{\"@type\":\"WebPage\",\"@id\":\"https:\/\/www.executivehotelsiena.com\/fr\/restaurant-bar\/notre-petit-dejeuner\/\",\"url\":\"https:\/\/www.executivehotelsiena.com\/fr\/restaurant-bar\/notre-petit-dejeuner\/\",\"name\":\"Notre petit-d\u00e9jeuner - Executive Hotel Siena\",\"isPartOf\":{\"@id\":\"https:\/\/www.executivehotelsiena.com\/fr\/#website\"},\"datePublished\":\"2021-06-18T14:20:41+00:00\",\"dateModified\":\"2021-06-30T10:44:47+00:00\",\"description\":\"L'h\u00f4tel, dans ses propres chambres Food &amp; Beverage, propose aux clients un service de petit-d\u00e9jeuner am\u00e9ricain chaud et froid de 7h00 \u00e0 10h00. Un buffet de plats chauds et froids, avec les produits de boulangerie et bien plus encore, vous donnera le meilleur \\\"bonjour\\\"!.\",\"breadcrumb\":{\"@id\":\"https:\/\/www.executivehotelsiena.com\/fr\/restaurant-bar\/notre-petit-dejeuner\/#breadcrumb\"},\"inLanguage\":\"fr-FR\",\"potentialAction\":[{\"@type\":\"ReadAction\",\"target\":[\"https:\/\/www.executivehotelsiena.com\/fr\/restaurant-bar\/notre-petit-dejeuner\/\"]}]},{\"@type\":\"BreadcrumbList\",\"@id\":\"https:\/\/www.executivehotelsiena.com\/fr\/restaurant-bar\/notre-petit-dejeuner\/#breadcrumb\",\"itemListElement\":[{\"@type\":\"ListItem\",\"position\":1,\"name\":\"Home\",\"item\":\"https:\/\/www.executivehotelsiena.com\/fr\/\"},{\"@type\":\"ListItem\",\"position\":2,\"name\":\"Restaurant &amp; Bar\",\"item\":\"https:\/\/www.executivehotelsiena.com\/fr\/restaurant-bar\/\"},{\"@type\":\"ListItem\",\"position\":3,\"name\":\"Notre petit-d\u00e9jeuner\"}]},{\"@type\":\"WebSite\",\"@id\":\"https:\/\/www.executivehotelsiena.com\/fr\/#website\",\"url\":\"https:\/\/www.executivehotelsiena.com\/fr\/\",\"name\":\"Executive Hotel Siena\",\"description\":\"Just another ms.decms.eu site\",\"potentialAction\":[{\"@type\":\"SearchAction\",\"target\":{\"@type\":\"EntryPoint\",\"urlTemplate\":\"https:\/\/www.executivehotelsiena.com\/fr\/?s={search_term_string}\"},\"query-input\":{\"@type\":\"PropertyValueSpecification\",\"valueRequired\":true,\"valueName\":\"search_term_string\"}}],\"inLanguage\":\"fr-FR\"}]}<\/script>\n<!-- \/ Yoast SEO plugin. -->","yoast_head_json":{"title":"Notre petit-d\u00e9jeuner - Executive Hotel Siena","description":"L'h\u00f4tel, dans ses propres chambres Food &amp; Beverage, propose aux clients un service de petit-d\u00e9jeuner am\u00e9ricain chaud et froid de 7h00 \u00e0 10h00.  Un buffet de plats chauds et froids, avec les produits de boulangerie et bien plus encore, vous donnera le meilleur \"bonjour\"!.","robots":{"index":"index","follow":"follow","max-snippet":"max-snippet:-1","max-image-preview":"max-image-preview:large","max-video-preview":"max-video-preview:-1"},"canonical":"https:\/\/www.executivehotelsiena.com\/fr\/restaurant-bar\/notre-petit-dejeuner\/","og_locale":"fr_FR","og_type":"article","og_title":"Notre petit-d\u00e9jeuner - Executive Hotel Siena","og_description":"L'h\u00f4tel, dans ses propres chambres Food &amp; Beverage, propose aux clients un service de petit-d\u00e9jeuner am\u00e9ricain chaud et froid de 7h00 \u00e0 10h00.  Un buffet de plats chauds et froids, avec les produits de boulangerie et bien plus encore, vous donnera le meilleur \"bonjour\"!.","og_url":"https:\/\/www.executivehotelsiena.com\/fr\/restaurant-bar\/notre-petit-dejeuner\/","og_site_name":"Executive Hotel Siena","article_modified_time":"2021-06-30T10:44:47+00:00","twitter_card":"summary_large_image","schema":{"@context":"https:\/\/schema.org","@graph":[{"@type":"WebPage","@id":"https:\/\/www.executivehotelsiena.com\/fr\/restaurant-bar\/notre-petit-dejeuner\/","url":"https:\/\/www.executivehotelsiena.com\/fr\/restaurant-bar\/notre-petit-dejeuner\/","name":"Notre petit-d\u00e9jeuner - Executive Hotel Siena","isPartOf":{"@id":"https:\/\/www.executivehotelsiena.com\/fr\/#website"},"datePublished":"2021-06-18T14:20:41+00:00","dateModified":"2021-06-30T10:44:47+00:00","description":"L'h\u00f4tel, dans ses propres chambres Food &amp; Beverage, propose aux clients un service de petit-d\u00e9jeuner am\u00e9ricain chaud et froid de 7h00 \u00e0 10h00. Un buffet de plats chauds et froids, avec les produits de boulangerie et bien plus encore, vous donnera le meilleur \"bonjour\"!.","breadcrumb":{"@id":"https:\/\/www.executivehotelsiena.com\/fr\/restaurant-bar\/notre-petit-dejeuner\/#breadcrumb"},"inLanguage":"fr-FR","potentialAction":[{"@type":"ReadAction","target":["https:\/\/www.executivehotelsiena.com\/fr\/restaurant-bar\/notre-petit-dejeuner\/"]}]},{"@type":"BreadcrumbList","@id":"https:\/\/www.executivehotelsiena.com\/fr\/restaurant-bar\/notre-petit-dejeuner\/#breadcrumb","itemListElement":[{"@type":"ListItem","position":1,"name":"Home","item":"https:\/\/www.executivehotelsiena.com\/fr\/"},{"@type":"ListItem","position":2,"name":"Restaurant &amp; Bar","item":"https:\/\/www.executivehotelsiena.com\/fr\/restaurant-bar\/"},{"@type":"ListItem","position":3,"name":"Notre petit-d\u00e9jeuner"}]},{"@type":"WebSite","@id":"https:\/\/www.executivehotelsiena.com\/fr\/#website","url":"https:\/\/www.executivehotelsiena.com\/fr\/","name":"Executive Hotel Siena","description":"Just another ms.decms.eu site","potentialAction":[{"@type":"SearchAction","target":{"@type":"EntryPoint","urlTemplate":"https:\/\/www.executivehotelsiena.com\/fr\/?s={search_term_string}"},"query-input":{"@type":"PropertyValueSpecification","valueRequired":true,"valueName":"search_term_string"}}],"inLanguage":"fr-FR"}]}},"acf":[],"_links":{"self":[{"href":"https:\/\/www.executivehotelsiena.com\/fr\/wp-json\/wp\/v2\/pages\/205","targetHints":{"allow":["GET"]}}],"collection":[{"href":"https:\/\/www.executivehotelsiena.com\/fr\/wp-json\/wp\/v2\/pages"}],"about":[{"href":"https:\/\/www.executivehotelsiena.com\/fr\/wp-json\/wp\/v2\/types\/page"}],"author":[{"embeddable":true,"href":"https:\/\/www.executivehotelsiena.com\/fr\/wp-json\/wp\/v2\/users\/6"}],"replies":[{"embeddable":true,"href":"https:\/\/www.executivehotelsiena.com\/fr\/wp-json\/wp\/v2\/comments?post=205"}],"version-history":[{"count":0,"href":"https:\/\/www.executivehotelsiena.com\/fr\/wp-json\/wp\/v2\/pages\/205\/revisions"}],"up":[{"embeddable":true,"href":"https:\/\/www.executivehotelsiena.com\/fr\/wp-json\/wp\/v2\/pages\/201"}],"wp:attachment":[{"href":"https:\/\/www.executivehotelsiena.com\/fr\/wp-json\/wp\/v2\/media?parent=205"}],"curies":[{"name":"wp","href":"https:\/\/api.w.org\/{rel}","templated":true}]}}