{"id":209,"date":"2021-06-07T13:32:17","date_gmt":"2021-06-07T13:32:17","guid":{"rendered":"https:\/\/executivesiena.ms.decms.eu\/gruppi-meeting-servizi\/"},"modified":"2024-10-28T15:47:51","modified_gmt":"2024-10-28T15:47:51","slug":"groupes-salle-de-reunion-et-services-de-lhotel","status":"publish","type":"page","link":"https:\/\/www.executivehotelsiena.com\/fr\/groupes-salle-de-reunion-et-services-de-lhotel\/","title":{"rendered":"Groupes, Salle de r\u00e9union et Services de l\u2019h\u00f4tel"},"content":{"rendered":"<p>\u00cates-vous un op\u00e9rateur cherchant un h\u00f4tel \u00e0 Sienne adapt\u00e9 aux groupes de touristes ou cherchant simplement un lieu pour votre prochain \u00e9v\u00e9nement? Nos 72 chambres sont \u00e0 votre disposition. Pour les r\u00e9servations de groupe, \u00e9crivez \u00e0 booking@executivehotelsiena.com et demandez un devis.<\/p>\n<p>La meilleure organisation pour le succ\u00e8s de chaque \u00e9v\u00e9nement.<\/p>\n<p>L\u2019H\u00f4tel Executive dispose d\u2019une petite salle de r\u00e9union pouvant accueillir jusqu\u2019\u00e0 40 personnes.<\/p>\n<p>\u00c9clair\u00e9e par la lumi\u00e8re naturelle, elle est \u00e9quip\u00e9e de ligne t\u00e9l\u00e9phonique, d\u2019une connexion Internet en wifi et d\u2019installations techniques audio-vid\u00e9o. Elle peut \u00eatre configur\u00e9e diff\u00e9remment, selon les besoins du client, afin de devenir l\u2019endroit id\u00e9al pour organiser tout type de manifestation et de r\u00e9union.<\/p>\n","protected":false},"excerpt":{"rendered":"<p>\u00cates-vous un op\u00e9rateur cherchant un h\u00f4tel \u00e0 Sienne adapt\u00e9 aux groupes de touristes ou cherchant simplement un lieu pour votre prochain \u00e9v\u00e9nement? Nos 72 chambres sont \u00e0 votre disposition. Pour les r\u00e9servations de groupe, \u00e9crivez \u00e0 booking@executivehotelsiena.com et demandez un devis. La meilleure organisation pour le succ\u00e8s de chaque \u00e9v\u00e9nement. L\u2019H\u00f4tel Executive dispose d\u2019une petite [&hellip;]<\/p>\n","protected":false},"author":6,"featured_media":0,"parent":0,"menu_order":30,"comment_status":"closed","ping_status":"closed","template":"","meta":{"footnotes":""},"class_list":["post-209","page","type-page","status-publish","hentry"],"yoast_head":"<!-- This site is optimized with the Yoast SEO plugin v26.9 - https:\/\/yoast.com\/product\/yoast-seo-wordpress\/ -->\n<title>Groupes, Salle de r\u00e9union et Services de l\u2019h\u00f4tel - Executive Hotel Siena<\/title>\n<meta name=\"description\" content=\"\u00cates-vous un op\u00e9rateur cherchant un h\u00f4tel \u00e0 Sienne adapt\u00e9 aux groupes de touristes ou cherchant simplement un lieu pour votre prochain \u00e9v\u00e9nement? Nos 72 chambres sont \u00e0 votre disposition. Pour les r\u00e9servations de groupe, \u00e9crivez \u00e0 booking@executivehotelsiena.com et demandez un devis.  La meilleure organisation pour le succ\u00e8s de chaque \u00e9v\u00e9nement.  L\u2019H\u00f4tel Executive dispose d\u2019une petite salle de r\u00e9union pouvant accueillir jusqu\u2019\u00e0 40 personnes.  \u00c9clair\u00e9e par la lumi\u00e8re naturelle, elle est \u00e9quip\u00e9e de ligne t\u00e9l\u00e9phonique, d\u2019une connexion Internet en wifi et d\u2019installations techniques audio-vid\u00e9o\" \/>\n<meta name=\"robots\" content=\"index, follow, max-snippet:-1, max-image-preview:large, max-video-preview:-1\" \/>\n<link rel=\"canonical\" href=\"https:\/\/www.executivehotelsiena.com\/fr\/groupes-salle-de-reunion-et-services-de-lhotel\/\" \/>\n<meta property=\"og:locale\" content=\"fr_FR\" \/>\n<meta property=\"og:type\" content=\"article\" \/>\n<meta property=\"og:title\" content=\"Groupes, Salle de r\u00e9union et Services de l\u2019h\u00f4tel - Executive Hotel Siena\" \/>\n<meta property=\"og:description\" content=\"\u00cates-vous un op\u00e9rateur cherchant un h\u00f4tel \u00e0 Sienne adapt\u00e9 aux groupes de touristes ou cherchant simplement un lieu pour votre prochain \u00e9v\u00e9nement? Nos 72 chambres sont \u00e0 votre disposition. Pour les r\u00e9servations de groupe, \u00e9crivez \u00e0 booking@executivehotelsiena.com et demandez un devis.  La meilleure organisation pour le succ\u00e8s de chaque \u00e9v\u00e9nement.  L\u2019H\u00f4tel Executive dispose d\u2019une petite salle de r\u00e9union pouvant accueillir jusqu\u2019\u00e0 40 personnes.  \u00c9clair\u00e9e par la lumi\u00e8re naturelle, elle est \u00e9quip\u00e9e de ligne t\u00e9l\u00e9phonique, d\u2019une connexion Internet en wifi et d\u2019installations techniques audio-vid\u00e9o\" \/>\n<meta property=\"og:url\" content=\"https:\/\/www.executivehotelsiena.com\/fr\/groupes-salle-de-reunion-et-services-de-lhotel\/\" \/>\n<meta property=\"og:site_name\" content=\"Executive Hotel Siena\" \/>\n<meta property=\"article:modified_time\" content=\"2024-10-28T15:47:51+00:00\" \/>\n<meta name=\"twitter:card\" content=\"summary_large_image\" \/>\n<meta name=\"twitter:label1\" content=\"Dur\u00e9e de lecture estim\u00e9e\" \/>\n\t<meta name=\"twitter:data1\" content=\"1 minute\" \/>\n<script type=\"application\/ld+json\" class=\"yoast-schema-graph\">{\"@context\":\"https:\/\/schema.org\",\"@graph\":[{\"@type\":\"WebPage\",\"@id\":\"https:\/\/www.executivehotelsiena.com\/fr\/groupes-salle-de-reunion-et-services-de-lhotel\/\",\"url\":\"https:\/\/www.executivehotelsiena.com\/fr\/groupes-salle-de-reunion-et-services-de-lhotel\/\",\"name\":\"Groupes, Salle de r\u00e9union et Services de l\u2019h\u00f4tel - Executive Hotel Siena\",\"isPartOf\":{\"@id\":\"https:\/\/www.executivehotelsiena.com\/fr\/#website\"},\"datePublished\":\"2021-06-07T13:32:17+00:00\",\"dateModified\":\"2024-10-28T15:47:51+00:00\",\"description\":\"\u00cates-vous un op\u00e9rateur cherchant un h\u00f4tel \u00e0 Sienne adapt\u00e9 aux groupes de touristes ou cherchant simplement un lieu pour votre prochain \u00e9v\u00e9nement? Nos 72 chambres sont \u00e0 votre disposition. Pour les r\u00e9servations de groupe, \u00e9crivez \u00e0 booking@executivehotelsiena.com et demandez un devis. La meilleure organisation pour le succ\u00e8s de chaque \u00e9v\u00e9nement. L\u2019H\u00f4tel Executive dispose d\u2019une petite salle de r\u00e9union pouvant accueillir jusqu\u2019\u00e0 40 personnes. \u00c9clair\u00e9e par la lumi\u00e8re naturelle, elle est \u00e9quip\u00e9e de ligne t\u00e9l\u00e9phonique, d\u2019une connexion Internet en wifi et d\u2019installations techniques audio-vid\u00e9o\",\"breadcrumb\":{\"@id\":\"https:\/\/www.executivehotelsiena.com\/fr\/groupes-salle-de-reunion-et-services-de-lhotel\/#breadcrumb\"},\"inLanguage\":\"fr-FR\",\"potentialAction\":[{\"@type\":\"ReadAction\",\"target\":[\"https:\/\/www.executivehotelsiena.com\/fr\/groupes-salle-de-reunion-et-services-de-lhotel\/\"]}]},{\"@type\":\"BreadcrumbList\",\"@id\":\"https:\/\/www.executivehotelsiena.com\/fr\/groupes-salle-de-reunion-et-services-de-lhotel\/#breadcrumb\",\"itemListElement\":[{\"@type\":\"ListItem\",\"position\":1,\"name\":\"Home\",\"item\":\"https:\/\/www.executivehotelsiena.com\/fr\/\"},{\"@type\":\"ListItem\",\"position\":2,\"name\":\"Groupes, Salle de r\u00e9union et Services de l\u2019h\u00f4tel\"}]},{\"@type\":\"WebSite\",\"@id\":\"https:\/\/www.executivehotelsiena.com\/fr\/#website\",\"url\":\"https:\/\/www.executivehotelsiena.com\/fr\/\",\"name\":\"Executive Hotel Siena\",\"description\":\"Just another ms.decms.eu site\",\"potentialAction\":[{\"@type\":\"SearchAction\",\"target\":{\"@type\":\"EntryPoint\",\"urlTemplate\":\"https:\/\/www.executivehotelsiena.com\/fr\/?s={search_term_string}\"},\"query-input\":{\"@type\":\"PropertyValueSpecification\",\"valueRequired\":true,\"valueName\":\"search_term_string\"}}],\"inLanguage\":\"fr-FR\"}]}<\/script>\n<!-- \/ Yoast SEO plugin. -->","yoast_head_json":{"title":"Groupes, Salle de r\u00e9union et Services de l\u2019h\u00f4tel - Executive Hotel Siena","description":"\u00cates-vous un op\u00e9rateur cherchant un h\u00f4tel \u00e0 Sienne adapt\u00e9 aux groupes de touristes ou cherchant simplement un lieu pour votre prochain \u00e9v\u00e9nement? Nos 72 chambres sont \u00e0 votre disposition. Pour les r\u00e9servations de groupe, \u00e9crivez \u00e0 booking@executivehotelsiena.com et demandez un devis.  La meilleure organisation pour le succ\u00e8s de chaque \u00e9v\u00e9nement.  L\u2019H\u00f4tel Executive dispose d\u2019une petite salle de r\u00e9union pouvant accueillir jusqu\u2019\u00e0 40 personnes.  \u00c9clair\u00e9e par la lumi\u00e8re naturelle, elle est \u00e9quip\u00e9e de ligne t\u00e9l\u00e9phonique, d\u2019une connexion Internet en wifi et d\u2019installations techniques audio-vid\u00e9o","robots":{"index":"index","follow":"follow","max-snippet":"max-snippet:-1","max-image-preview":"max-image-preview:large","max-video-preview":"max-video-preview:-1"},"canonical":"https:\/\/www.executivehotelsiena.com\/fr\/groupes-salle-de-reunion-et-services-de-lhotel\/","og_locale":"fr_FR","og_type":"article","og_title":"Groupes, Salle de r\u00e9union et Services de l\u2019h\u00f4tel - Executive Hotel Siena","og_description":"\u00cates-vous un op\u00e9rateur cherchant un h\u00f4tel \u00e0 Sienne adapt\u00e9 aux groupes de touristes ou cherchant simplement un lieu pour votre prochain \u00e9v\u00e9nement? Nos 72 chambres sont \u00e0 votre disposition. Pour les r\u00e9servations de groupe, \u00e9crivez \u00e0 booking@executivehotelsiena.com et demandez un devis.  La meilleure organisation pour le succ\u00e8s de chaque \u00e9v\u00e9nement.  L\u2019H\u00f4tel Executive dispose d\u2019une petite salle de r\u00e9union pouvant accueillir jusqu\u2019\u00e0 40 personnes.  \u00c9clair\u00e9e par la lumi\u00e8re naturelle, elle est \u00e9quip\u00e9e de ligne t\u00e9l\u00e9phonique, d\u2019une connexion Internet en wifi et d\u2019installations techniques audio-vid\u00e9o","og_url":"https:\/\/www.executivehotelsiena.com\/fr\/groupes-salle-de-reunion-et-services-de-lhotel\/","og_site_name":"Executive Hotel Siena","article_modified_time":"2024-10-28T15:47:51+00:00","twitter_card":"summary_large_image","twitter_misc":{"Dur\u00e9e de lecture estim\u00e9e":"1 minute"},"schema":{"@context":"https:\/\/schema.org","@graph":[{"@type":"WebPage","@id":"https:\/\/www.executivehotelsiena.com\/fr\/groupes-salle-de-reunion-et-services-de-lhotel\/","url":"https:\/\/www.executivehotelsiena.com\/fr\/groupes-salle-de-reunion-et-services-de-lhotel\/","name":"Groupes, Salle de r\u00e9union et Services de l\u2019h\u00f4tel - Executive Hotel Siena","isPartOf":{"@id":"https:\/\/www.executivehotelsiena.com\/fr\/#website"},"datePublished":"2021-06-07T13:32:17+00:00","dateModified":"2024-10-28T15:47:51+00:00","description":"\u00cates-vous un op\u00e9rateur cherchant un h\u00f4tel \u00e0 Sienne adapt\u00e9 aux groupes de touristes ou cherchant simplement un lieu pour votre prochain \u00e9v\u00e9nement? Nos 72 chambres sont \u00e0 votre disposition. Pour les r\u00e9servations de groupe, \u00e9crivez \u00e0 booking@executivehotelsiena.com et demandez un devis. La meilleure organisation pour le succ\u00e8s de chaque \u00e9v\u00e9nement. L\u2019H\u00f4tel Executive dispose d\u2019une petite salle de r\u00e9union pouvant accueillir jusqu\u2019\u00e0 40 personnes. \u00c9clair\u00e9e par la lumi\u00e8re naturelle, elle est \u00e9quip\u00e9e de ligne t\u00e9l\u00e9phonique, d\u2019une connexion Internet en wifi et d\u2019installations techniques audio-vid\u00e9o","breadcrumb":{"@id":"https:\/\/www.executivehotelsiena.com\/fr\/groupes-salle-de-reunion-et-services-de-lhotel\/#breadcrumb"},"inLanguage":"fr-FR","potentialAction":[{"@type":"ReadAction","target":["https:\/\/www.executivehotelsiena.com\/fr\/groupes-salle-de-reunion-et-services-de-lhotel\/"]}]},{"@type":"BreadcrumbList","@id":"https:\/\/www.executivehotelsiena.com\/fr\/groupes-salle-de-reunion-et-services-de-lhotel\/#breadcrumb","itemListElement":[{"@type":"ListItem","position":1,"name":"Home","item":"https:\/\/www.executivehotelsiena.com\/fr\/"},{"@type":"ListItem","position":2,"name":"Groupes, Salle de r\u00e9union et Services de l\u2019h\u00f4tel"}]},{"@type":"WebSite","@id":"https:\/\/www.executivehotelsiena.com\/fr\/#website","url":"https:\/\/www.executivehotelsiena.com\/fr\/","name":"Executive Hotel Siena","description":"Just another ms.decms.eu site","potentialAction":[{"@type":"SearchAction","target":{"@type":"EntryPoint","urlTemplate":"https:\/\/www.executivehotelsiena.com\/fr\/?s={search_term_string}"},"query-input":{"@type":"PropertyValueSpecification","valueRequired":true,"valueName":"search_term_string"}}],"inLanguage":"fr-FR"}]}},"acf":[],"_links":{"self":[{"href":"https:\/\/www.executivehotelsiena.com\/fr\/wp-json\/wp\/v2\/pages\/209","targetHints":{"allow":["GET"]}}],"collection":[{"href":"https:\/\/www.executivehotelsiena.com\/fr\/wp-json\/wp\/v2\/pages"}],"about":[{"href":"https:\/\/www.executivehotelsiena.com\/fr\/wp-json\/wp\/v2\/types\/page"}],"author":[{"embeddable":true,"href":"https:\/\/www.executivehotelsiena.com\/fr\/wp-json\/wp\/v2\/users\/6"}],"replies":[{"embeddable":true,"href":"https:\/\/www.executivehotelsiena.com\/fr\/wp-json\/wp\/v2\/comments?post=209"}],"version-history":[{"count":0,"href":"https:\/\/www.executivehotelsiena.com\/fr\/wp-json\/wp\/v2\/pages\/209\/revisions"}],"wp:attachment":[{"href":"https:\/\/www.executivehotelsiena.com\/fr\/wp-json\/wp\/v2\/media?parent=209"}],"curies":[{"name":"wp","href":"https:\/\/api.w.org\/{rel}","templated":true}]}}