{"id":229,"date":"2021-06-21T09:54:05","date_gmt":"2021-06-21T09:54:05","guid":{"rendered":"https:\/\/executivesiena.ms.decms.eu\/policlinico-universitario-le-scotte\/"},"modified":"2021-08-11T14:24:53","modified_gmt":"2021-08-11T14:24:53","slug":"hopital-universitaire","status":"publish","type":"page","link":"https:\/\/www.executivehotelsiena.com\/fr\/hopital-universitaire\/","title":{"rendered":"H\u00f4pital universitaire"},"content":{"rendered":"<p><strong>L&rsquo;h\u00f4pital universitaire \u00ab\u00a0Le Scotte\u00a0\u00bb en Sienne<\/strong> est \u00e0 seulement 400 m\u00e8tres de notre h\u00f4tel.<br \/>\nL&rsquo;itin\u00e9raire peut \u00eatre parcouru \u00e0 pied en seulement <strong>5 minutes<\/strong>. Garez la voiture ne sera pas un probl\u00e8me, vous pouvez utiliser notre <strong>parking priv\u00e9<\/strong> au-del\u00e0 du moment de check-out.<br \/>\nPr\u00e9senter \u00e0 l&rsquo;arriv\u00e9e ou pendant le s\u00e9jour, un certificat d\u00e9livr\u00e9 par l&rsquo;h\u00f4pital et vous pourrez d&rsquo;adh\u00e9rer \u00e0 la <strong>Convention r\u00e9serv\u00e9e<\/strong> aux patients ou des parents et des membres de la famille des patients.<\/p>\n<p><strong>Les avantages de la Convention<\/strong>:<\/p>\n<ul>\n<li>Prix fixe tous les jours, toute l&rsquo;ann\u00e9e<\/li>\n<li>Aucune garantie de carte de cr\u00e9dit<\/li>\n<li>Annulations sans p\u00e9nalit\u00e9<\/li>\n<li>Petit-d\u00e9jeuner, parking et WiFi toujours inclus<\/li>\n<li>Utiliser le parking m\u00eame apr\u00e8s le temps de Check-Out<\/li>\n<\/ul>\n<p>Pour plus d&rsquo;informations sur les tarifs et les conditions s&rsquo;il vous pla\u00eet nous contacter par t\u00e9l\u00e9phone au 0039&#8211;577-331210 ou par email \u00e0 <a href=\"http:\/\/info@executivehotelsiena.com\">info@executivehotelsiena.com<\/a> ou via <strong>WhatsApp \u00e0 0039-3311902914<\/strong>.<\/p>\n<p><a href=\"https:\/\/www.secure-hotel-booking.com\/Hotel-Executive-Siena\/JRQ4\/it?hotelId=23423&amp;rate=CONVENZIONE-OSPEDALIERA&amp;selectedRate=CONVENZIONE-OSPEDALIERA\" target=\"_blank\" rel=\"noopener\">Reserv\u00e9z des maintenent<\/a> votre chambre en accord avec l&rsquo;h\u00f4pital<\/p>\n","protected":false},"excerpt":{"rendered":"<p>L&rsquo;h\u00f4pital universitaire \u00ab\u00a0Le Scotte\u00a0\u00bb en Sienne est \u00e0 seulement 400 m\u00e8tres de notre h\u00f4tel. L&rsquo;itin\u00e9raire peut \u00eatre parcouru \u00e0 pied en seulement 5 minutes. Garez la voiture ne sera pas un probl\u00e8me, vous pouvez utiliser notre parking priv\u00e9 au-del\u00e0 du moment de check-out. Pr\u00e9senter \u00e0 l&rsquo;arriv\u00e9e ou pendant le s\u00e9jour, un certificat d\u00e9livr\u00e9 par l&rsquo;h\u00f4pital [&hellip;]<\/p>\n","protected":false},"author":6,"featured_media":0,"parent":0,"menu_order":45,"comment_status":"closed","ping_status":"closed","template":"","meta":{"footnotes":""},"class_list":["post-229","page","type-page","status-publish","hentry"],"yoast_head":"<!-- This site is optimized with the Yoast SEO plugin v26.9 - https:\/\/yoast.com\/product\/yoast-seo-wordpress\/ -->\n<title>H\u00f4pital universitaire - Executive Hotel Siena<\/title>\n<meta name=\"description\" content=\"L&#039;h\u00f4pital universitaire &quot;Le Scotte&quot; en Sienne est \u00e0 seulement 400 m\u00e8tres de notre h\u00f4tel. L&#039;itin\u00e9raire peut \u00eatre parcouru \u00e0 pied en seulement 5 minutes. Garez la voiture ne sera pas un probl\u00e8me, vous pouvez utiliser notre parking priv\u00e9 au-del\u00e0 du moment de check-out. Pr\u00e9senter \u00e0 l&#039;arriv\u00e9e ou pendant le s\u00e9jour, un certificat d\u00e9livr\u00e9 par l&#039;h\u00f4pital et vous pourrez d&#039;adh\u00e9rer \u00e0 la Convention r\u00e9serv\u00e9e aux patients ou des parents et des membres de la famille des patients.  Les avantages de la Convention:   Prix fixe tous les jours, toute l&#039;ann\u00e9e  Aucune garantie de carte de cr\u00e9dit  Annulations sans p\u00e9nalit\u00e9  Petit-d\u00e9jeuner, parking et WiFi toujours inclus  Utiliser le parking m\u00eame apr\u00e8s le temps de Check-Out  Pour plus d&#039;informations sur les tarifs et les conditions s&#039;il vous pla\u00eet nous contacter par t\u00e9l\u00e9phone au 0039--577-331210 ou par email \u00e0 info@executivehotelsiena.com ou via WhatsApp \u00e0 0039-3311902914.  Reserv\u00e9z des maintenent votre chambre en accord avec l&#039;h\u00f4pital\" \/>\n<meta name=\"robots\" content=\"index, follow, max-snippet:-1, max-image-preview:large, max-video-preview:-1\" \/>\n<link rel=\"canonical\" href=\"https:\/\/www.executivehotelsiena.com\/fr\/hopital-universitaire\/\" \/>\n<meta property=\"og:locale\" content=\"fr_FR\" \/>\n<meta property=\"og:type\" content=\"article\" \/>\n<meta property=\"og:title\" content=\"H\u00f4pital universitaire - Executive Hotel Siena\" \/>\n<meta property=\"og:description\" content=\"L&#039;h\u00f4pital universitaire &quot;Le Scotte&quot; en Sienne est \u00e0 seulement 400 m\u00e8tres de notre h\u00f4tel. L&#039;itin\u00e9raire peut \u00eatre parcouru \u00e0 pied en seulement 5 minutes. Garez la voiture ne sera pas un probl\u00e8me, vous pouvez utiliser notre parking priv\u00e9 au-del\u00e0 du moment de check-out. Pr\u00e9senter \u00e0 l&#039;arriv\u00e9e ou pendant le s\u00e9jour, un certificat d\u00e9livr\u00e9 par l&#039;h\u00f4pital et vous pourrez d&#039;adh\u00e9rer \u00e0 la Convention r\u00e9serv\u00e9e aux patients ou des parents et des membres de la famille des patients.  Les avantages de la Convention:   Prix fixe tous les jours, toute l&#039;ann\u00e9e  Aucune garantie de carte de cr\u00e9dit  Annulations sans p\u00e9nalit\u00e9  Petit-d\u00e9jeuner, parking et WiFi toujours inclus  Utiliser le parking m\u00eame apr\u00e8s le temps de Check-Out  Pour plus d&#039;informations sur les tarifs et les conditions s&#039;il vous pla\u00eet nous contacter par t\u00e9l\u00e9phone au 0039--577-331210 ou par email \u00e0 info@executivehotelsiena.com ou via WhatsApp \u00e0 0039-3311902914.  Reserv\u00e9z des maintenent votre chambre en accord avec l&#039;h\u00f4pital\" \/>\n<meta property=\"og:url\" content=\"https:\/\/www.executivehotelsiena.com\/fr\/hopital-universitaire\/\" \/>\n<meta property=\"og:site_name\" content=\"Executive Hotel Siena\" \/>\n<meta property=\"article:modified_time\" content=\"2021-08-11T14:24:53+00:00\" \/>\n<meta name=\"twitter:card\" content=\"summary_large_image\" \/>\n<meta name=\"twitter:label1\" content=\"Dur\u00e9e de lecture estim\u00e9e\" \/>\n\t<meta name=\"twitter:data1\" content=\"1 minute\" \/>\n<script type=\"application\/ld+json\" class=\"yoast-schema-graph\">{\"@context\":\"https:\/\/schema.org\",\"@graph\":[{\"@type\":\"WebPage\",\"@id\":\"https:\/\/www.executivehotelsiena.com\/fr\/hopital-universitaire\/\",\"url\":\"https:\/\/www.executivehotelsiena.com\/fr\/hopital-universitaire\/\",\"name\":\"H\u00f4pital universitaire - Executive Hotel Siena\",\"isPartOf\":{\"@id\":\"https:\/\/www.executivehotelsiena.com\/fr\/#website\"},\"datePublished\":\"2021-06-21T09:54:05+00:00\",\"dateModified\":\"2021-08-11T14:24:53+00:00\",\"description\":\"L'h\u00f4pital universitaire \\\"Le Scotte\\\" en Sienne est \u00e0 seulement 400 m\u00e8tres de notre h\u00f4tel. L'itin\u00e9raire peut \u00eatre parcouru \u00e0 pied en seulement 5 minutes. Garez la voiture ne sera pas un probl\u00e8me, vous pouvez utiliser notre parking priv\u00e9 au-del\u00e0 du moment de check-out. Pr\u00e9senter \u00e0 l'arriv\u00e9e ou pendant le s\u00e9jour, un certificat d\u00e9livr\u00e9 par l'h\u00f4pital et vous pourrez d'adh\u00e9rer \u00e0 la Convention r\u00e9serv\u00e9e aux patients ou des parents et des membres de la famille des patients. Les avantages de la Convention: \u2022 Prix fixe tous les jours, toute l'ann\u00e9e \u2022 Aucune garantie de carte de cr\u00e9dit \u2022 Annulations sans p\u00e9nalit\u00e9 \u2022 Petit-d\u00e9jeuner, parking et WiFi toujours inclus \u2022 Utiliser le parking m\u00eame apr\u00e8s le temps de Check-Out Pour plus d'informations sur les tarifs et les conditions s'il vous pla\u00eet nous contacter par t\u00e9l\u00e9phone au 0039--577-331210 ou par email \u00e0 info@executivehotelsiena.com ou via WhatsApp \u00e0 0039-3311902914. Reserv\u00e9z des maintenent votre chambre en accord avec l'h\u00f4pital\",\"breadcrumb\":{\"@id\":\"https:\/\/www.executivehotelsiena.com\/fr\/hopital-universitaire\/#breadcrumb\"},\"inLanguage\":\"fr-FR\",\"potentialAction\":[{\"@type\":\"ReadAction\",\"target\":[\"https:\/\/www.executivehotelsiena.com\/fr\/hopital-universitaire\/\"]}]},{\"@type\":\"BreadcrumbList\",\"@id\":\"https:\/\/www.executivehotelsiena.com\/fr\/hopital-universitaire\/#breadcrumb\",\"itemListElement\":[{\"@type\":\"ListItem\",\"position\":1,\"name\":\"Home\",\"item\":\"https:\/\/www.executivehotelsiena.com\/fr\/\"},{\"@type\":\"ListItem\",\"position\":2,\"name\":\"H\u00f4pital universitaire\"}]},{\"@type\":\"WebSite\",\"@id\":\"https:\/\/www.executivehotelsiena.com\/fr\/#website\",\"url\":\"https:\/\/www.executivehotelsiena.com\/fr\/\",\"name\":\"Executive Hotel Siena\",\"description\":\"Just another ms.decms.eu site\",\"potentialAction\":[{\"@type\":\"SearchAction\",\"target\":{\"@type\":\"EntryPoint\",\"urlTemplate\":\"https:\/\/www.executivehotelsiena.com\/fr\/?s={search_term_string}\"},\"query-input\":{\"@type\":\"PropertyValueSpecification\",\"valueRequired\":true,\"valueName\":\"search_term_string\"}}],\"inLanguage\":\"fr-FR\"}]}<\/script>\n<!-- \/ Yoast SEO plugin. -->","yoast_head_json":{"title":"H\u00f4pital universitaire - Executive Hotel Siena","description":"L'h\u00f4pital universitaire \"Le Scotte\" en Sienne est \u00e0 seulement 400 m\u00e8tres de notre h\u00f4tel. L'itin\u00e9raire peut \u00eatre parcouru \u00e0 pied en seulement 5 minutes. Garez la voiture ne sera pas un probl\u00e8me, vous pouvez utiliser notre parking priv\u00e9 au-del\u00e0 du moment de check-out. Pr\u00e9senter \u00e0 l'arriv\u00e9e ou pendant le s\u00e9jour, un certificat d\u00e9livr\u00e9 par l'h\u00f4pital et vous pourrez d'adh\u00e9rer \u00e0 la Convention r\u00e9serv\u00e9e aux patients ou des parents et des membres de la famille des patients.  Les avantages de la Convention:   Prix fixe tous les jours, toute l'ann\u00e9e  Aucune garantie de carte de cr\u00e9dit  Annulations sans p\u00e9nalit\u00e9  Petit-d\u00e9jeuner, parking et WiFi toujours inclus  Utiliser le parking m\u00eame apr\u00e8s le temps de Check-Out  Pour plus d'informations sur les tarifs et les conditions s'il vous pla\u00eet nous contacter par t\u00e9l\u00e9phone au 0039--577-331210 ou par email \u00e0 info@executivehotelsiena.com ou via WhatsApp \u00e0 0039-3311902914.  Reserv\u00e9z des maintenent votre chambre en accord avec l'h\u00f4pital","robots":{"index":"index","follow":"follow","max-snippet":"max-snippet:-1","max-image-preview":"max-image-preview:large","max-video-preview":"max-video-preview:-1"},"canonical":"https:\/\/www.executivehotelsiena.com\/fr\/hopital-universitaire\/","og_locale":"fr_FR","og_type":"article","og_title":"H\u00f4pital universitaire - Executive Hotel Siena","og_description":"L'h\u00f4pital universitaire \"Le Scotte\" en Sienne est \u00e0 seulement 400 m\u00e8tres de notre h\u00f4tel. L'itin\u00e9raire peut \u00eatre parcouru \u00e0 pied en seulement 5 minutes. Garez la voiture ne sera pas un probl\u00e8me, vous pouvez utiliser notre parking priv\u00e9 au-del\u00e0 du moment de check-out. Pr\u00e9senter \u00e0 l'arriv\u00e9e ou pendant le s\u00e9jour, un certificat d\u00e9livr\u00e9 par l'h\u00f4pital et vous pourrez d'adh\u00e9rer \u00e0 la Convention r\u00e9serv\u00e9e aux patients ou des parents et des membres de la famille des patients.  Les avantages de la Convention:   Prix fixe tous les jours, toute l'ann\u00e9e  Aucune garantie de carte de cr\u00e9dit  Annulations sans p\u00e9nalit\u00e9  Petit-d\u00e9jeuner, parking et WiFi toujours inclus  Utiliser le parking m\u00eame apr\u00e8s le temps de Check-Out  Pour plus d'informations sur les tarifs et les conditions s'il vous pla\u00eet nous contacter par t\u00e9l\u00e9phone au 0039--577-331210 ou par email \u00e0 info@executivehotelsiena.com ou via WhatsApp \u00e0 0039-3311902914.  Reserv\u00e9z des maintenent votre chambre en accord avec l'h\u00f4pital","og_url":"https:\/\/www.executivehotelsiena.com\/fr\/hopital-universitaire\/","og_site_name":"Executive Hotel Siena","article_modified_time":"2021-08-11T14:24:53+00:00","twitter_card":"summary_large_image","twitter_misc":{"Dur\u00e9e de lecture estim\u00e9e":"1 minute"},"schema":{"@context":"https:\/\/schema.org","@graph":[{"@type":"WebPage","@id":"https:\/\/www.executivehotelsiena.com\/fr\/hopital-universitaire\/","url":"https:\/\/www.executivehotelsiena.com\/fr\/hopital-universitaire\/","name":"H\u00f4pital universitaire - Executive Hotel Siena","isPartOf":{"@id":"https:\/\/www.executivehotelsiena.com\/fr\/#website"},"datePublished":"2021-06-21T09:54:05+00:00","dateModified":"2021-08-11T14:24:53+00:00","description":"L'h\u00f4pital universitaire \"Le Scotte\" en Sienne est \u00e0 seulement 400 m\u00e8tres de notre h\u00f4tel. L'itin\u00e9raire peut \u00eatre parcouru \u00e0 pied en seulement 5 minutes. Garez la voiture ne sera pas un probl\u00e8me, vous pouvez utiliser notre parking priv\u00e9 au-del\u00e0 du moment de check-out. Pr\u00e9senter \u00e0 l'arriv\u00e9e ou pendant le s\u00e9jour, un certificat d\u00e9livr\u00e9 par l'h\u00f4pital et vous pourrez d'adh\u00e9rer \u00e0 la Convention r\u00e9serv\u00e9e aux patients ou des parents et des membres de la famille des patients. Les avantages de la Convention: \u2022 Prix fixe tous les jours, toute l'ann\u00e9e \u2022 Aucune garantie de carte de cr\u00e9dit \u2022 Annulations sans p\u00e9nalit\u00e9 \u2022 Petit-d\u00e9jeuner, parking et WiFi toujours inclus \u2022 Utiliser le parking m\u00eame apr\u00e8s le temps de Check-Out Pour plus d'informations sur les tarifs et les conditions s'il vous pla\u00eet nous contacter par t\u00e9l\u00e9phone au 0039--577-331210 ou par email \u00e0 info@executivehotelsiena.com ou via WhatsApp \u00e0 0039-3311902914. Reserv\u00e9z des maintenent votre chambre en accord avec l'h\u00f4pital","breadcrumb":{"@id":"https:\/\/www.executivehotelsiena.com\/fr\/hopital-universitaire\/#breadcrumb"},"inLanguage":"fr-FR","potentialAction":[{"@type":"ReadAction","target":["https:\/\/www.executivehotelsiena.com\/fr\/hopital-universitaire\/"]}]},{"@type":"BreadcrumbList","@id":"https:\/\/www.executivehotelsiena.com\/fr\/hopital-universitaire\/#breadcrumb","itemListElement":[{"@type":"ListItem","position":1,"name":"Home","item":"https:\/\/www.executivehotelsiena.com\/fr\/"},{"@type":"ListItem","position":2,"name":"H\u00f4pital universitaire"}]},{"@type":"WebSite","@id":"https:\/\/www.executivehotelsiena.com\/fr\/#website","url":"https:\/\/www.executivehotelsiena.com\/fr\/","name":"Executive Hotel Siena","description":"Just another ms.decms.eu site","potentialAction":[{"@type":"SearchAction","target":{"@type":"EntryPoint","urlTemplate":"https:\/\/www.executivehotelsiena.com\/fr\/?s={search_term_string}"},"query-input":{"@type":"PropertyValueSpecification","valueRequired":true,"valueName":"search_term_string"}}],"inLanguage":"fr-FR"}]}},"acf":[],"_links":{"self":[{"href":"https:\/\/www.executivehotelsiena.com\/fr\/wp-json\/wp\/v2\/pages\/229","targetHints":{"allow":["GET"]}}],"collection":[{"href":"https:\/\/www.executivehotelsiena.com\/fr\/wp-json\/wp\/v2\/pages"}],"about":[{"href":"https:\/\/www.executivehotelsiena.com\/fr\/wp-json\/wp\/v2\/types\/page"}],"author":[{"embeddable":true,"href":"https:\/\/www.executivehotelsiena.com\/fr\/wp-json\/wp\/v2\/users\/6"}],"replies":[{"embeddable":true,"href":"https:\/\/www.executivehotelsiena.com\/fr\/wp-json\/wp\/v2\/comments?post=229"}],"version-history":[{"count":0,"href":"https:\/\/www.executivehotelsiena.com\/fr\/wp-json\/wp\/v2\/pages\/229\/revisions"}],"wp:attachment":[{"href":"https:\/\/www.executivehotelsiena.com\/fr\/wp-json\/wp\/v2\/media?parent=229"}],"curies":[{"name":"wp","href":"https:\/\/api.w.org\/{rel}","templated":true}]}}