{"id":233,"date":"2021-06-21T09:51:10","date_gmt":"2021-06-21T09:51:10","guid":{"rendered":"https:\/\/executivesiena.ms.decms.eu\/be-safe-viaggia-in-tutta-sicurezza-con-axa\/"},"modified":"2021-07-13T08:11:21","modified_gmt":"2021-07-13T08:11:21","slug":"tarif-besafe-le-tarif-prepaye-avec-assurance-incluse","status":"publish","type":"page","link":"https:\/\/www.executivehotelsiena.com\/fr\/tarif-besafe-le-tarif-prepaye-avec-assurance-incluse\/","title":{"rendered":"Tarif Besafe: le tarif pr\u00e9pay\u00e9 avec Assurance incluse"},"content":{"rendered":"<p>La tariffa che protegge te e i tuoi cari da eventi imprevisti garantendoti il\u00a0<strong>rimborso fino al 100%<\/strong>\u00a0in caso di cancellazione e assistenza durante il soggiorno per tutte le causali previste dal\u00a0<strong>Fascicolo Assicurativo<\/strong>.<\/p>\n<p>Le\u00a0<strong>coperture assicurative<\/strong>\u00a0incluse sono gratuite e valide per tutti i partecipanti al soggiorno, dal momento della prenotazione fino al check-out.<\/p>\n<p>Dalla prenotazione al check-in |Garanzia annullamento \u2013 Rimborso fino al 100% dell\u2019importo pagato: Il rimborso in caso di cancellazione \u00e8 valido per eventi imprevisti, come malattia (<strong>pandemica inclusa\/COVID-19 incluso<\/strong>), degenza, infortunio, annullamento ferie, licenziamento o nuova assunzione.<\/p>\n<p>Dal check-in al check-out | Assistenza durante il soggiorno: Dall\u2019arrivo alla partenza potrai usufruire di assistenza sanitaria, garanzia bagaglio, furto ed assistenza stradale.<\/p>\n<p>Prima di prenotare leggi il Fascicolo delle Coperture\u00a0<a href=\"https:\/\/www.besaferate.com\/copertureassicurative\/\">CLICCANDO QUI<\/a><\/p>\n<p>Viaggi con BeSafe Rate in tutta sicurezza e senza costi extra!<\/p>\n<p><img loading=\"lazy\" decoding=\"async\" class=\"alignnone size-medium wp-image-354\" src=\"https:\/\/executivesiena.ms.decms.eu\/wp-content\/uploads\/sites\/311\/2021\/06\/41-300x300.jpg\" alt=\"\" width=\"300\" height=\"300\" srcset=\"https:\/\/www.executivehotelsiena.com\/wp-content\/uploads\/sites\/311\/2021\/06\/41-300x300.jpg 300w, https:\/\/www.executivehotelsiena.com\/wp-content\/uploads\/sites\/311\/2021\/06\/41-1024x1024.jpg 1024w, https:\/\/www.executivehotelsiena.com\/wp-content\/uploads\/sites\/311\/2021\/06\/41-150x150.jpg 150w, https:\/\/www.executivehotelsiena.com\/wp-content\/uploads\/sites\/311\/2021\/06\/41-768x768.jpg 768w, https:\/\/www.executivehotelsiena.com\/wp-content\/uploads\/sites\/311\/2021\/06\/41-200x200.jpg 200w, https:\/\/www.executivehotelsiena.com\/wp-content\/uploads\/sites\/311\/2021\/06\/41-600x600.jpg 600w, https:\/\/www.executivehotelsiena.com\/wp-content\/uploads\/sites\/311\/2021\/06\/41-1000x1000.jpg 1000w, https:\/\/www.executivehotelsiena.com\/wp-content\/uploads\/sites\/311\/2021\/06\/41.jpg 1080w\" sizes=\"auto, (max-width: 300px) 100vw, 300px\" \/><\/p>\n<p><strong>Besafe Rate Politica di Cancellazione<\/strong><\/p>\n<p>La tariffa Besafe Rate garantisce la cancellazione per eventi imprevisti e offre il rimborso fino al 100% del totale soggiorno in conformit\u00e0 con il regolamento della Polizza Assicurativa applicata al momento della prenotazione.<\/p>\n<ul>\n<li><strong>Besafe Rate Politica di Pagamento<\/strong><\/li>\n<\/ul>\n<p>L\u2019intero ammontare del vostro soggiorno sar\u00e0 prelevato al momento della prenotazione.<\/p>\n<p>La tariffa \u00e8 comprensiva di IVA 10%. Nella tariffa non \u00e8 inclusa la tassa di soggiorno.<\/p>\n","protected":false},"excerpt":{"rendered":"<p>La tariffa che protegge te e i tuoi cari da eventi imprevisti garantendoti il\u00a0rimborso fino al 100%\u00a0in caso di cancellazione e assistenza durante il soggiorno per tutte le causali previste dal\u00a0Fascicolo Assicurativo. Le\u00a0coperture assicurative\u00a0incluse sono gratuite e valide per tutti i partecipanti al soggiorno, dal momento della prenotazione fino al check-out. Dalla prenotazione al check-in [&hellip;]<\/p>\n","protected":false},"author":6,"featured_media":0,"parent":0,"menu_order":40,"comment_status":"closed","ping_status":"closed","template":"template-default-2.php","meta":{"footnotes":""},"class_list":["post-233","page","type-page","status-publish","hentry"],"yoast_head":"<!-- This site is optimized with the Yoast SEO plugin v26.9 - https:\/\/yoast.com\/product\/yoast-seo-wordpress\/ -->\n<title>Tarif Besafe: le tarif pr\u00e9pay\u00e9 avec Assurance incluse - Executive Hotel Siena<\/title>\n<meta name=\"description\" content=\"La tariffa che protegge te e i tuoi cari da eventi imprevisti garantendoti il\u00a0rimborso fino al 100%\u00a0in caso di cancellazione e assistenza durante il soggiorno per tutte le causali previste dal\u00a0Fascicolo Assicurativo.  Le\u00a0coperture assicurative\u00a0incluse sono gratuite e valide per tutti i partecipanti al soggiorno, dal momento della prenotazione fino al check-out.  Dalla prenotazione al check-in |Garanzia annullamento \u2013 Rimborso fino al 100% dell\u2019importo pagato: Il rimborso in caso di cancellazione \u00e8 valido per eventi imprevisti, come malattia (pandemica inclusa\/COVID-19 incluso), degenza, infortunio, annullamento ferie, licenziamento o nuova assunzione.  Dal check-in al check-out | Assistenza durante il soggiorno: Dall\u2019arrivo alla partenza potrai usufruire di assistenza sanitaria, garanzia bagaglio, furto ed assistenza stradale.  Prima di prenotare leggi il Fascicolo delle Coperture\u00a0CLICCANDO QUI  Viaggi con BeSafe Rate in tutta sicurezza e senza costi extra!    Besafe Rate Politica di Cancellazione  La tariffa Besafe Rate garantisce la cancellazione per eventi imprevisti e offre il rimborso fino al 100% del totale soggiorno in conformit\u00e0 con il regolamento della Polizza Assicurativa applicata al momento della prenotazione.   Besafe Rate Politica di Pagamento  L\u2019intero ammontare del vostro soggiorno sar\u00e0 prelevato al momento della prenotazione.  La tariffa \u00e8 comprensiva di IVA 10%. Nella tariffa non \u00e8 inclusa la tassa di soggiorno.\" \/>\n<meta name=\"robots\" content=\"index, follow, max-snippet:-1, max-image-preview:large, max-video-preview:-1\" \/>\n<link rel=\"canonical\" href=\"https:\/\/www.executivehotelsiena.com\/fr\/tarif-besafe-le-tarif-prepaye-avec-assurance-incluse\/\" \/>\n<meta property=\"og:locale\" content=\"fr_FR\" \/>\n<meta property=\"og:type\" content=\"article\" \/>\n<meta property=\"og:title\" content=\"Tarif Besafe: le tarif pr\u00e9pay\u00e9 avec Assurance incluse - Executive Hotel Siena\" \/>\n<meta property=\"og:description\" content=\"La tariffa che protegge te e i tuoi cari da eventi imprevisti garantendoti il\u00a0rimborso fino al 100%\u00a0in caso di cancellazione e assistenza durante il soggiorno per tutte le causali previste dal\u00a0Fascicolo Assicurativo.  Le\u00a0coperture assicurative\u00a0incluse sono gratuite e valide per tutti i partecipanti al soggiorno, dal momento della prenotazione fino al check-out.  Dalla prenotazione al check-in |Garanzia annullamento \u2013 Rimborso fino al 100% dell\u2019importo pagato: Il rimborso in caso di cancellazione \u00e8 valido per eventi imprevisti, come malattia (pandemica inclusa\/COVID-19 incluso), degenza, infortunio, annullamento ferie, licenziamento o nuova assunzione.  Dal check-in al check-out | Assistenza durante il soggiorno: Dall\u2019arrivo alla partenza potrai usufruire di assistenza sanitaria, garanzia bagaglio, furto ed assistenza stradale.  Prima di prenotare leggi il Fascicolo delle Coperture\u00a0CLICCANDO QUI  Viaggi con BeSafe Rate in tutta sicurezza e senza costi extra!    Besafe Rate Politica di Cancellazione  La tariffa Besafe Rate garantisce la cancellazione per eventi imprevisti e offre il rimborso fino al 100% del totale soggiorno in conformit\u00e0 con il regolamento della Polizza Assicurativa applicata al momento della prenotazione.   Besafe Rate Politica di Pagamento  L\u2019intero ammontare del vostro soggiorno sar\u00e0 prelevato al momento della prenotazione.  La tariffa \u00e8 comprensiva di IVA 10%. Nella tariffa non \u00e8 inclusa la tassa di soggiorno.\" \/>\n<meta property=\"og:url\" content=\"https:\/\/www.executivehotelsiena.com\/fr\/tarif-besafe-le-tarif-prepaye-avec-assurance-incluse\/\" \/>\n<meta property=\"og:site_name\" content=\"Executive Hotel Siena\" \/>\n<meta property=\"article:modified_time\" content=\"2021-07-13T08:11:21+00:00\" \/>\n<meta property=\"og:image\" content=\"https:\/\/executivesiena.ms.decms.eu\/wp-content\/uploads\/sites\/311\/2021\/06\/41-300x300.jpg\" \/>\n<meta name=\"twitter:card\" content=\"summary_large_image\" \/>\n<meta name=\"twitter:label1\" content=\"Dur\u00e9e de lecture estim\u00e9e\" \/>\n\t<meta name=\"twitter:data1\" content=\"1 minute\" \/>\n<script type=\"application\/ld+json\" class=\"yoast-schema-graph\">{\"@context\":\"https:\/\/schema.org\",\"@graph\":[{\"@type\":\"WebPage\",\"@id\":\"https:\/\/www.executivehotelsiena.com\/fr\/tarif-besafe-le-tarif-prepaye-avec-assurance-incluse\/\",\"url\":\"https:\/\/www.executivehotelsiena.com\/fr\/tarif-besafe-le-tarif-prepaye-avec-assurance-incluse\/\",\"name\":\"Tarif Besafe: le tarif pr\u00e9pay\u00e9 avec Assurance incluse - Executive Hotel Siena\",\"isPartOf\":{\"@id\":\"https:\/\/www.executivehotelsiena.com\/fr\/#website\"},\"primaryImageOfPage\":{\"@id\":\"https:\/\/www.executivehotelsiena.com\/fr\/tarif-besafe-le-tarif-prepaye-avec-assurance-incluse\/#primaryimage\"},\"image\":{\"@id\":\"https:\/\/www.executivehotelsiena.com\/fr\/tarif-besafe-le-tarif-prepaye-avec-assurance-incluse\/#primaryimage\"},\"thumbnailUrl\":\"https:\/\/executivesiena.ms.decms.eu\/wp-content\/uploads\/sites\/311\/2021\/06\/41-300x300.jpg\",\"datePublished\":\"2021-06-21T09:51:10+00:00\",\"dateModified\":\"2021-07-13T08:11:21+00:00\",\"description\":\"La tariffa che protegge te e i tuoi cari da eventi imprevisti garantendoti il\u00a0rimborso fino al 100%\u00a0in caso di cancellazione e assistenza durante il soggiorno per tutte le causali previste dal\u00a0Fascicolo Assicurativo. Le\u00a0coperture assicurative\u00a0incluse sono gratuite e valide per tutti i partecipanti al soggiorno, dal momento della prenotazione fino al check-out. Dalla prenotazione al check-in |Garanzia annullamento \u2013 Rimborso fino al 100% dell\u2019importo pagato: Il rimborso in caso di cancellazione \u00e8 valido per eventi imprevisti, come malattia (pandemica inclusa\/COVID-19 incluso), degenza, infortunio, annullamento ferie, licenziamento o nuova assunzione. Dal check-in al check-out | Assistenza durante il soggiorno: Dall\u2019arrivo alla partenza potrai usufruire di assistenza sanitaria, garanzia bagaglio, furto ed assistenza stradale. Prima di prenotare leggi il Fascicolo delle Coperture\u00a0CLICCANDO QUI Viaggi con BeSafe Rate in tutta sicurezza e senza costi extra! Besafe Rate Politica di Cancellazione La tariffa Besafe Rate garantisce la cancellazione per eventi imprevisti e offre il rimborso fino al 100% del totale soggiorno in conformit\u00e0 con il regolamento della Polizza Assicurativa applicata al momento della prenotazione. \u2022 Besafe Rate Politica di Pagamento L\u2019intero ammontare del vostro soggiorno sar\u00e0 prelevato al momento della prenotazione. La tariffa \u00e8 comprensiva di IVA 10%. Nella tariffa non \u00e8 inclusa la tassa di soggiorno.\",\"breadcrumb\":{\"@id\":\"https:\/\/www.executivehotelsiena.com\/fr\/tarif-besafe-le-tarif-prepaye-avec-assurance-incluse\/#breadcrumb\"},\"inLanguage\":\"fr-FR\",\"potentialAction\":[{\"@type\":\"ReadAction\",\"target\":[\"https:\/\/www.executivehotelsiena.com\/fr\/tarif-besafe-le-tarif-prepaye-avec-assurance-incluse\/\"]}]},{\"@type\":\"ImageObject\",\"inLanguage\":\"fr-FR\",\"@id\":\"https:\/\/www.executivehotelsiena.com\/fr\/tarif-besafe-le-tarif-prepaye-avec-assurance-incluse\/#primaryimage\",\"url\":\"https:\/\/executivesiena.ms.decms.eu\/wp-content\/uploads\/sites\/311\/2021\/06\/41-300x300.jpg\",\"contentUrl\":\"https:\/\/executivesiena.ms.decms.eu\/wp-content\/uploads\/sites\/311\/2021\/06\/41-300x300.jpg\"},{\"@type\":\"BreadcrumbList\",\"@id\":\"https:\/\/www.executivehotelsiena.com\/fr\/tarif-besafe-le-tarif-prepaye-avec-assurance-incluse\/#breadcrumb\",\"itemListElement\":[{\"@type\":\"ListItem\",\"position\":1,\"name\":\"Home\",\"item\":\"https:\/\/www.executivehotelsiena.com\/fr\/\"},{\"@type\":\"ListItem\",\"position\":2,\"name\":\"Tarif Besafe: le tarif pr\u00e9pay\u00e9 avec Assurance incluse\"}]},{\"@type\":\"WebSite\",\"@id\":\"https:\/\/www.executivehotelsiena.com\/fr\/#website\",\"url\":\"https:\/\/www.executivehotelsiena.com\/fr\/\",\"name\":\"Executive Hotel Siena\",\"description\":\"Just another ms.decms.eu site\",\"potentialAction\":[{\"@type\":\"SearchAction\",\"target\":{\"@type\":\"EntryPoint\",\"urlTemplate\":\"https:\/\/www.executivehotelsiena.com\/fr\/?s={search_term_string}\"},\"query-input\":{\"@type\":\"PropertyValueSpecification\",\"valueRequired\":true,\"valueName\":\"search_term_string\"}}],\"inLanguage\":\"fr-FR\"}]}<\/script>\n<!-- \/ Yoast SEO plugin. -->","yoast_head_json":{"title":"Tarif Besafe: le tarif pr\u00e9pay\u00e9 avec Assurance incluse - Executive Hotel Siena","description":"La tariffa che protegge te e i tuoi cari da eventi imprevisti garantendoti il\u00a0rimborso fino al 100%\u00a0in caso di cancellazione e assistenza durante il soggiorno per tutte le causali previste dal\u00a0Fascicolo Assicurativo.  Le\u00a0coperture assicurative\u00a0incluse sono gratuite e valide per tutti i partecipanti al soggiorno, dal momento della prenotazione fino al check-out.  Dalla prenotazione al check-in |Garanzia annullamento \u2013 Rimborso fino al 100% dell\u2019importo pagato: Il rimborso in caso di cancellazione \u00e8 valido per eventi imprevisti, come malattia (pandemica inclusa\/COVID-19 incluso), degenza, infortunio, annullamento ferie, licenziamento o nuova assunzione.  Dal check-in al check-out | Assistenza durante il soggiorno: Dall\u2019arrivo alla partenza potrai usufruire di assistenza sanitaria, garanzia bagaglio, furto ed assistenza stradale.  Prima di prenotare leggi il Fascicolo delle Coperture\u00a0CLICCANDO QUI  Viaggi con BeSafe Rate in tutta sicurezza e senza costi extra!    Besafe Rate Politica di Cancellazione  La tariffa Besafe Rate garantisce la cancellazione per eventi imprevisti e offre il rimborso fino al 100% del totale soggiorno in conformit\u00e0 con il regolamento della Polizza Assicurativa applicata al momento della prenotazione.   Besafe Rate Politica di Pagamento  L\u2019intero ammontare del vostro soggiorno sar\u00e0 prelevato al momento della prenotazione.  La tariffa \u00e8 comprensiva di IVA 10%. Nella tariffa non \u00e8 inclusa la tassa di soggiorno.","robots":{"index":"index","follow":"follow","max-snippet":"max-snippet:-1","max-image-preview":"max-image-preview:large","max-video-preview":"max-video-preview:-1"},"canonical":"https:\/\/www.executivehotelsiena.com\/fr\/tarif-besafe-le-tarif-prepaye-avec-assurance-incluse\/","og_locale":"fr_FR","og_type":"article","og_title":"Tarif Besafe: le tarif pr\u00e9pay\u00e9 avec Assurance incluse - Executive Hotel Siena","og_description":"La tariffa che protegge te e i tuoi cari da eventi imprevisti garantendoti il\u00a0rimborso fino al 100%\u00a0in caso di cancellazione e assistenza durante il soggiorno per tutte le causali previste dal\u00a0Fascicolo Assicurativo.  Le\u00a0coperture assicurative\u00a0incluse sono gratuite e valide per tutti i partecipanti al soggiorno, dal momento della prenotazione fino al check-out.  Dalla prenotazione al check-in |Garanzia annullamento \u2013 Rimborso fino al 100% dell\u2019importo pagato: Il rimborso in caso di cancellazione \u00e8 valido per eventi imprevisti, come malattia (pandemica inclusa\/COVID-19 incluso), degenza, infortunio, annullamento ferie, licenziamento o nuova assunzione.  Dal check-in al check-out | Assistenza durante il soggiorno: Dall\u2019arrivo alla partenza potrai usufruire di assistenza sanitaria, garanzia bagaglio, furto ed assistenza stradale.  Prima di prenotare leggi il Fascicolo delle Coperture\u00a0CLICCANDO QUI  Viaggi con BeSafe Rate in tutta sicurezza e senza costi extra!    Besafe Rate Politica di Cancellazione  La tariffa Besafe Rate garantisce la cancellazione per eventi imprevisti e offre il rimborso fino al 100% del totale soggiorno in conformit\u00e0 con il regolamento della Polizza Assicurativa applicata al momento della prenotazione.   Besafe Rate Politica di Pagamento  L\u2019intero ammontare del vostro soggiorno sar\u00e0 prelevato al momento della prenotazione.  La tariffa \u00e8 comprensiva di IVA 10%. Nella tariffa non \u00e8 inclusa la tassa di soggiorno.","og_url":"https:\/\/www.executivehotelsiena.com\/fr\/tarif-besafe-le-tarif-prepaye-avec-assurance-incluse\/","og_site_name":"Executive Hotel Siena","article_modified_time":"2021-07-13T08:11:21+00:00","og_image":[{"url":"https:\/\/executivesiena.ms.decms.eu\/wp-content\/uploads\/sites\/311\/2021\/06\/41-300x300.jpg","type":"","width":"","height":""}],"twitter_card":"summary_large_image","twitter_misc":{"Dur\u00e9e de lecture estim\u00e9e":"1 minute"},"schema":{"@context":"https:\/\/schema.org","@graph":[{"@type":"WebPage","@id":"https:\/\/www.executivehotelsiena.com\/fr\/tarif-besafe-le-tarif-prepaye-avec-assurance-incluse\/","url":"https:\/\/www.executivehotelsiena.com\/fr\/tarif-besafe-le-tarif-prepaye-avec-assurance-incluse\/","name":"Tarif Besafe: le tarif pr\u00e9pay\u00e9 avec Assurance incluse - Executive Hotel Siena","isPartOf":{"@id":"https:\/\/www.executivehotelsiena.com\/fr\/#website"},"primaryImageOfPage":{"@id":"https:\/\/www.executivehotelsiena.com\/fr\/tarif-besafe-le-tarif-prepaye-avec-assurance-incluse\/#primaryimage"},"image":{"@id":"https:\/\/www.executivehotelsiena.com\/fr\/tarif-besafe-le-tarif-prepaye-avec-assurance-incluse\/#primaryimage"},"thumbnailUrl":"https:\/\/executivesiena.ms.decms.eu\/wp-content\/uploads\/sites\/311\/2021\/06\/41-300x300.jpg","datePublished":"2021-06-21T09:51:10+00:00","dateModified":"2021-07-13T08:11:21+00:00","description":"La tariffa che protegge te e i tuoi cari da eventi imprevisti garantendoti il\u00a0rimborso fino al 100%\u00a0in caso di cancellazione e assistenza durante il soggiorno per tutte le causali previste dal\u00a0Fascicolo Assicurativo. Le\u00a0coperture assicurative\u00a0incluse sono gratuite e valide per tutti i partecipanti al soggiorno, dal momento della prenotazione fino al check-out. Dalla prenotazione al check-in |Garanzia annullamento \u2013 Rimborso fino al 100% dell\u2019importo pagato: Il rimborso in caso di cancellazione \u00e8 valido per eventi imprevisti, come malattia (pandemica inclusa\/COVID-19 incluso), degenza, infortunio, annullamento ferie, licenziamento o nuova assunzione. Dal check-in al check-out | Assistenza durante il soggiorno: Dall\u2019arrivo alla partenza potrai usufruire di assistenza sanitaria, garanzia bagaglio, furto ed assistenza stradale. Prima di prenotare leggi il Fascicolo delle Coperture\u00a0CLICCANDO QUI Viaggi con BeSafe Rate in tutta sicurezza e senza costi extra! Besafe Rate Politica di Cancellazione La tariffa Besafe Rate garantisce la cancellazione per eventi imprevisti e offre il rimborso fino al 100% del totale soggiorno in conformit\u00e0 con il regolamento della Polizza Assicurativa applicata al momento della prenotazione. \u2022 Besafe Rate Politica di Pagamento L\u2019intero ammontare del vostro soggiorno sar\u00e0 prelevato al momento della prenotazione. La tariffa \u00e8 comprensiva di IVA 10%. Nella tariffa non \u00e8 inclusa la tassa di soggiorno.","breadcrumb":{"@id":"https:\/\/www.executivehotelsiena.com\/fr\/tarif-besafe-le-tarif-prepaye-avec-assurance-incluse\/#breadcrumb"},"inLanguage":"fr-FR","potentialAction":[{"@type":"ReadAction","target":["https:\/\/www.executivehotelsiena.com\/fr\/tarif-besafe-le-tarif-prepaye-avec-assurance-incluse\/"]}]},{"@type":"ImageObject","inLanguage":"fr-FR","@id":"https:\/\/www.executivehotelsiena.com\/fr\/tarif-besafe-le-tarif-prepaye-avec-assurance-incluse\/#primaryimage","url":"https:\/\/executivesiena.ms.decms.eu\/wp-content\/uploads\/sites\/311\/2021\/06\/41-300x300.jpg","contentUrl":"https:\/\/executivesiena.ms.decms.eu\/wp-content\/uploads\/sites\/311\/2021\/06\/41-300x300.jpg"},{"@type":"BreadcrumbList","@id":"https:\/\/www.executivehotelsiena.com\/fr\/tarif-besafe-le-tarif-prepaye-avec-assurance-incluse\/#breadcrumb","itemListElement":[{"@type":"ListItem","position":1,"name":"Home","item":"https:\/\/www.executivehotelsiena.com\/fr\/"},{"@type":"ListItem","position":2,"name":"Tarif Besafe: le tarif pr\u00e9pay\u00e9 avec Assurance incluse"}]},{"@type":"WebSite","@id":"https:\/\/www.executivehotelsiena.com\/fr\/#website","url":"https:\/\/www.executivehotelsiena.com\/fr\/","name":"Executive Hotel Siena","description":"Just another ms.decms.eu site","potentialAction":[{"@type":"SearchAction","target":{"@type":"EntryPoint","urlTemplate":"https:\/\/www.executivehotelsiena.com\/fr\/?s={search_term_string}"},"query-input":{"@type":"PropertyValueSpecification","valueRequired":true,"valueName":"search_term_string"}}],"inLanguage":"fr-FR"}]}},"acf":[],"_links":{"self":[{"href":"https:\/\/www.executivehotelsiena.com\/fr\/wp-json\/wp\/v2\/pages\/233","targetHints":{"allow":["GET"]}}],"collection":[{"href":"https:\/\/www.executivehotelsiena.com\/fr\/wp-json\/wp\/v2\/pages"}],"about":[{"href":"https:\/\/www.executivehotelsiena.com\/fr\/wp-json\/wp\/v2\/types\/page"}],"author":[{"embeddable":true,"href":"https:\/\/www.executivehotelsiena.com\/fr\/wp-json\/wp\/v2\/users\/6"}],"replies":[{"embeddable":true,"href":"https:\/\/www.executivehotelsiena.com\/fr\/wp-json\/wp\/v2\/comments?post=233"}],"version-history":[{"count":0,"href":"https:\/\/www.executivehotelsiena.com\/fr\/wp-json\/wp\/v2\/pages\/233\/revisions"}],"wp:attachment":[{"href":"https:\/\/www.executivehotelsiena.com\/fr\/wp-json\/wp\/v2\/media?parent=233"}],"curies":[{"name":"wp","href":"https:\/\/api.w.org\/{rel}","templated":true}]}}