{"id":237,"date":"2021-06-07T12:41:16","date_gmt":"2021-06-07T12:41:16","guid":{"rendered":"https:\/\/executivesiena.ms.decms.eu\/sample-page\/"},"modified":"2024-09-03T13:35:05","modified_gmt":"2024-09-03T13:35:05","slug":"sample-page","status":"publish","type":"page","link":"https:\/\/www.executivehotelsiena.com\/fr\/","title":{"rendered":"Bienvenue"},"content":{"rendered":"\r\n<p>L\u2019<b>H\u00f4tel Executive<\/b> est un h\u00f4tel 4 \u00e9toiles moderne situ\u00e9 dans le quartier r\u00e9sidentiel de Scacciapensieri, \u00e0 proximit\u00e9 de l\u2019universit\u00e9 et du centre des congr\u00e8s du nouveau p\u00f4le hospitalier Santa Maria alle Scotte. Il est proche de la gare ferroviaire et facilement accessible depuis le centre historique de Sienne.<\/p>\r\n<p>L\u2019emplacement particuli\u00e8rement calme de l\u2019<b>H\u00f4tel Executive<\/b> en fait un point de d\u00e9part id\u00e9al pour d\u00e9couvrir les charmes de la ville de Sienne, avec ses ruelles et ses palais nobiliaires magiques ainsi que les sites uniques des environs\u00a0: la r\u00e9gion du Chianti, San Gimignano, Pienza, Montalcino, ainsi que la ville de Florence qui est toute proche. Notre professionnalisme et notre sens de l\u2019accueil sont au service de notre client\u00e8le.<\/p>\r\n","protected":false},"excerpt":{"rendered":"<p>L\u2019H\u00f4tel Executive est un h\u00f4tel 4 \u00e9toiles moderne situ\u00e9 dans le quartier r\u00e9sidentiel de Scacciapensieri, \u00e0 proximit\u00e9 de l\u2019universit\u00e9 et du centre des congr\u00e8s du nouveau p\u00f4le hospitalier Santa Maria alle Scotte. Il est proche de la gare ferroviaire et facilement accessible depuis le centre historique de Sienne. L\u2019emplacement particuli\u00e8rement calme de l\u2019H\u00f4tel Executive en [&hellip;]<\/p>\n","protected":false},"author":119,"featured_media":0,"parent":0,"menu_order":0,"comment_status":"closed","ping_status":"closed","template":"","meta":{"footnotes":""},"class_list":["post-237","page","type-page","status-publish","hentry"],"yoast_head":"<!-- This site is optimized with the Yoast SEO plugin v26.9 - https:\/\/yoast.com\/product\/yoast-seo-wordpress\/ -->\n<title>Hotel Executive Siena - 300 metri dall&#039;ospedale - 10 minuti dal centro<\/title>\n<meta name=\"description\" content=\"Hotel Executive, 4 stelle a 300 metri dall&#039;ospedale di Siena e a pochi minuti dal centro storico. Parcheggio gratuito e ristorante interno.\" \/>\n<meta name=\"robots\" content=\"index, follow, max-snippet:-1, max-image-preview:large, max-video-preview:-1\" \/>\n<link rel=\"canonical\" href=\"https:\/\/www.executivehotelsiena.com\/fr\/\" \/>\n<meta property=\"og:locale\" content=\"fr_FR\" \/>\n<meta property=\"og:type\" content=\"article\" \/>\n<meta property=\"og:title\" content=\"Hotel Executive Siena - 300 metri dall&#039;ospedale - 10 minuti dal centro\" \/>\n<meta property=\"og:description\" content=\"Hotel Executive, 4 stelle a 300 metri dall&#039;ospedale di Siena e a pochi minuti dal centro storico. Parcheggio gratuito e ristorante interno.\" \/>\n<meta property=\"og:url\" content=\"https:\/\/www.executivehotelsiena.com\/fr\/\" \/>\n<meta property=\"og:site_name\" content=\"Executive Hotel Siena\" \/>\n<meta property=\"article:modified_time\" content=\"2024-09-03T13:35:05+00:00\" \/>\n<meta name=\"twitter:card\" content=\"summary_large_image\" \/>\n<meta name=\"twitter:label1\" content=\"Dur\u00e9e de lecture estim\u00e9e\" \/>\n\t<meta name=\"twitter:data1\" content=\"1 minute\" \/>\n<script type=\"application\/ld+json\" class=\"yoast-schema-graph\">{\"@context\":\"https:\/\/schema.org\",\"@graph\":[{\"@type\":\"WebPage\",\"@id\":\"https:\/\/www.executivehotelsiena.com\/fr\/\",\"url\":\"https:\/\/www.executivehotelsiena.com\/fr\/\",\"name\":\"Hotel Executive Siena - 300 metri dall'ospedale - 10 minuti dal centro\",\"isPartOf\":{\"@id\":\"https:\/\/www.executivehotelsiena.com\/fr\/#website\"},\"datePublished\":\"2021-06-07T12:41:16+00:00\",\"dateModified\":\"2024-09-03T13:35:05+00:00\",\"description\":\"Hotel Executive, 4 stelle a 300 metri dall'ospedale di Siena e a pochi minuti dal centro storico. Parcheggio gratuito e ristorante interno.\",\"breadcrumb\":{\"@id\":\"https:\/\/www.executivehotelsiena.com\/fr\/#breadcrumb\"},\"inLanguage\":\"fr-FR\",\"potentialAction\":[{\"@type\":\"ReadAction\",\"target\":[\"https:\/\/www.executivehotelsiena.com\/fr\/\"]}]},{\"@type\":\"BreadcrumbList\",\"@id\":\"https:\/\/www.executivehotelsiena.com\/fr\/#breadcrumb\",\"itemListElement\":[{\"@type\":\"ListItem\",\"position\":1,\"name\":\"Home\",\"item\":\"https:\/\/www.executivehotelsiena.com\/fr\/\"},{\"@type\":\"ListItem\",\"position\":2,\"name\":\"Bienvenue\"}]},{\"@type\":\"WebSite\",\"@id\":\"https:\/\/www.executivehotelsiena.com\/fr\/#website\",\"url\":\"https:\/\/www.executivehotelsiena.com\/fr\/\",\"name\":\"Executive Hotel Siena\",\"description\":\"Just another ms.decms.eu site\",\"potentialAction\":[{\"@type\":\"SearchAction\",\"target\":{\"@type\":\"EntryPoint\",\"urlTemplate\":\"https:\/\/www.executivehotelsiena.com\/fr\/?s={search_term_string}\"},\"query-input\":{\"@type\":\"PropertyValueSpecification\",\"valueRequired\":true,\"valueName\":\"search_term_string\"}}],\"inLanguage\":\"fr-FR\"}]}<\/script>\n<!-- \/ Yoast SEO plugin. -->","yoast_head_json":{"title":"Hotel Executive Siena - 300 metri dall'ospedale - 10 minuti dal centro","description":"Hotel Executive, 4 stelle a 300 metri dall'ospedale di Siena e a pochi minuti dal centro storico. Parcheggio gratuito e ristorante interno.","robots":{"index":"index","follow":"follow","max-snippet":"max-snippet:-1","max-image-preview":"max-image-preview:large","max-video-preview":"max-video-preview:-1"},"canonical":"https:\/\/www.executivehotelsiena.com\/fr\/","og_locale":"fr_FR","og_type":"article","og_title":"Hotel Executive Siena - 300 metri dall'ospedale - 10 minuti dal centro","og_description":"Hotel Executive, 4 stelle a 300 metri dall'ospedale di Siena e a pochi minuti dal centro storico. Parcheggio gratuito e ristorante interno.","og_url":"https:\/\/www.executivehotelsiena.com\/fr\/","og_site_name":"Executive Hotel Siena","article_modified_time":"2024-09-03T13:35:05+00:00","twitter_card":"summary_large_image","twitter_misc":{"Dur\u00e9e de lecture estim\u00e9e":"1 minute"},"schema":{"@context":"https:\/\/schema.org","@graph":[{"@type":"WebPage","@id":"https:\/\/www.executivehotelsiena.com\/fr\/","url":"https:\/\/www.executivehotelsiena.com\/fr\/","name":"Hotel Executive Siena - 300 metri dall'ospedale - 10 minuti dal centro","isPartOf":{"@id":"https:\/\/www.executivehotelsiena.com\/fr\/#website"},"datePublished":"2021-06-07T12:41:16+00:00","dateModified":"2024-09-03T13:35:05+00:00","description":"Hotel Executive, 4 stelle a 300 metri dall'ospedale di Siena e a pochi minuti dal centro storico. Parcheggio gratuito e ristorante interno.","breadcrumb":{"@id":"https:\/\/www.executivehotelsiena.com\/fr\/#breadcrumb"},"inLanguage":"fr-FR","potentialAction":[{"@type":"ReadAction","target":["https:\/\/www.executivehotelsiena.com\/fr\/"]}]},{"@type":"BreadcrumbList","@id":"https:\/\/www.executivehotelsiena.com\/fr\/#breadcrumb","itemListElement":[{"@type":"ListItem","position":1,"name":"Home","item":"https:\/\/www.executivehotelsiena.com\/fr\/"},{"@type":"ListItem","position":2,"name":"Bienvenue"}]},{"@type":"WebSite","@id":"https:\/\/www.executivehotelsiena.com\/fr\/#website","url":"https:\/\/www.executivehotelsiena.com\/fr\/","name":"Executive Hotel Siena","description":"Just another ms.decms.eu site","potentialAction":[{"@type":"SearchAction","target":{"@type":"EntryPoint","urlTemplate":"https:\/\/www.executivehotelsiena.com\/fr\/?s={search_term_string}"},"query-input":{"@type":"PropertyValueSpecification","valueRequired":true,"valueName":"search_term_string"}}],"inLanguage":"fr-FR"}]}},"acf":[],"_links":{"self":[{"href":"https:\/\/www.executivehotelsiena.com\/fr\/wp-json\/wp\/v2\/pages\/237","targetHints":{"allow":["GET"]}}],"collection":[{"href":"https:\/\/www.executivehotelsiena.com\/fr\/wp-json\/wp\/v2\/pages"}],"about":[{"href":"https:\/\/www.executivehotelsiena.com\/fr\/wp-json\/wp\/v2\/types\/page"}],"author":[{"embeddable":true,"href":"https:\/\/www.executivehotelsiena.com\/fr\/wp-json\/wp\/v2\/users\/119"}],"replies":[{"embeddable":true,"href":"https:\/\/www.executivehotelsiena.com\/fr\/wp-json\/wp\/v2\/comments?post=237"}],"version-history":[{"count":0,"href":"https:\/\/www.executivehotelsiena.com\/fr\/wp-json\/wp\/v2\/pages\/237\/revisions"}],"wp:attachment":[{"href":"https:\/\/www.executivehotelsiena.com\/fr\/wp-json\/wp\/v2\/media?parent=237"}],"curies":[{"name":"wp","href":"https:\/\/api.w.org\/{rel}","templated":true}]}}