{"id":323,"date":"2021-06-21T13:39:09","date_gmt":"2021-06-21T13:39:09","guid":{"rendered":"https:\/\/executivesiena.ms.decms.eu\/camera-tripla\/"},"modified":"2021-08-11T14:02:37","modified_gmt":"2021-08-11T14:02:37","slug":"chambre-triple","status":"publish","type":"page","link":"https:\/\/www.executivehotelsiena.com\/fr\/chambres\/chambre-triple\/","title":{"rendered":"Chambre Triple"},"content":{"rendered":"<p>Chambre triple de 22 m\u00e8tres carr\u00e9s finement meubl\u00e9e et \u00e9quip\u00e9e de tout le confort.<\/p>\n<p>1 lit double ou 2 lits simples + 1 lit simple.<\/p>\n<p>Chambre adapt\u00e9e pour trois adultes ou pour les familles de deux adultes et un enfant.<br \/>\nLe lit b\u00e9b\u00e9 est fourni gratuitement pour les familles avec enfants de moins de 3 ans. Parquet, douche et service de courtoisie avec th\u00e9 et tisanes<\/p>\n","protected":false},"excerpt":{"rendered":"<p>Chambre triple de 22 m\u00e8tres carr\u00e9s finement meubl\u00e9e et \u00e9quip\u00e9e de tout le confort. 1 lit double ou 2 lits simples + 1 lit simple. Chambre adapt\u00e9e pour trois adultes ou pour les familles de deux adultes et un enfant. Le lit b\u00e9b\u00e9 est fourni gratuitement pour les familles avec enfants de moins de 3 [&hellip;]<\/p>\n","protected":false},"author":6,"featured_media":0,"parent":189,"menu_order":13,"comment_status":"closed","ping_status":"closed","template":"template-single-room.php","meta":{"footnotes":""},"class_list":["post-323","page","type-page","status-publish","hentry"],"yoast_head":"<!-- This site is optimized with the Yoast SEO plugin v26.9 - https:\/\/yoast.com\/product\/yoast-seo-wordpress\/ -->\n<title>Chambre Triple - Executive Hotel Siena<\/title>\n<meta name=\"description\" content=\"Chambre triple de 22 m\u00e8tres carr\u00e9s finement meubl\u00e9e et \u00e9quip\u00e9e de tout le confort.  1 lit double ou 2 lits simples + 1 lit simple.  Chambre adapt\u00e9e pour trois adultes ou pour les familles de deux adultes et un enfant. Le lit b\u00e9b\u00e9 est fourni gratuitement pour les familles avec enfants de moins de 3 ans. Parquet, douche et service de courtoisie avec th\u00e9 et tisanes\" \/>\n<meta name=\"robots\" content=\"index, follow, max-snippet:-1, max-image-preview:large, max-video-preview:-1\" \/>\n<link rel=\"canonical\" href=\"https:\/\/www.executivehotelsiena.com\/fr\/chambres\/chambre-triple\/\" \/>\n<meta property=\"og:locale\" content=\"fr_FR\" \/>\n<meta property=\"og:type\" content=\"article\" \/>\n<meta property=\"og:title\" content=\"Chambre Triple - Executive Hotel Siena\" \/>\n<meta property=\"og:description\" content=\"Chambre triple de 22 m\u00e8tres carr\u00e9s finement meubl\u00e9e et \u00e9quip\u00e9e de tout le confort.  1 lit double ou 2 lits simples + 1 lit simple.  Chambre adapt\u00e9e pour trois adultes ou pour les familles de deux adultes et un enfant. Le lit b\u00e9b\u00e9 est fourni gratuitement pour les familles avec enfants de moins de 3 ans. Parquet, douche et service de courtoisie avec th\u00e9 et tisanes\" \/>\n<meta property=\"og:url\" content=\"https:\/\/www.executivehotelsiena.com\/fr\/chambres\/chambre-triple\/\" \/>\n<meta property=\"og:site_name\" content=\"Executive Hotel Siena\" \/>\n<meta property=\"article:modified_time\" content=\"2021-08-11T14:02:37+00:00\" \/>\n<meta name=\"twitter:card\" content=\"summary_large_image\" \/>\n<script type=\"application\/ld+json\" class=\"yoast-schema-graph\">{\"@context\":\"https:\/\/schema.org\",\"@graph\":[{\"@type\":\"WebPage\",\"@id\":\"https:\/\/www.executivehotelsiena.com\/fr\/chambres\/chambre-triple\/\",\"url\":\"https:\/\/www.executivehotelsiena.com\/fr\/chambres\/chambre-triple\/\",\"name\":\"Chambre Triple - Executive Hotel Siena\",\"isPartOf\":{\"@id\":\"https:\/\/www.executivehotelsiena.com\/fr\/#website\"},\"datePublished\":\"2021-06-21T13:39:09+00:00\",\"dateModified\":\"2021-08-11T14:02:37+00:00\",\"description\":\"Chambre triple de 22 m\u00e8tres carr\u00e9s finement meubl\u00e9e et \u00e9quip\u00e9e de tout le confort. 1 lit double ou 2 lits simples + 1 lit simple. Chambre adapt\u00e9e pour trois adultes ou pour les familles de deux adultes et un enfant. Le lit b\u00e9b\u00e9 est fourni gratuitement pour les familles avec enfants de moins de 3 ans. Parquet, douche et service de courtoisie avec th\u00e9 et tisanes\",\"breadcrumb\":{\"@id\":\"https:\/\/www.executivehotelsiena.com\/fr\/chambres\/chambre-triple\/#breadcrumb\"},\"inLanguage\":\"fr-FR\",\"potentialAction\":[{\"@type\":\"ReadAction\",\"target\":[\"https:\/\/www.executivehotelsiena.com\/fr\/chambres\/chambre-triple\/\"]}]},{\"@type\":\"BreadcrumbList\",\"@id\":\"https:\/\/www.executivehotelsiena.com\/fr\/chambres\/chambre-triple\/#breadcrumb\",\"itemListElement\":[{\"@type\":\"ListItem\",\"position\":1,\"name\":\"Home\",\"item\":\"https:\/\/www.executivehotelsiena.com\/fr\/\"},{\"@type\":\"ListItem\",\"position\":2,\"name\":\"Chambres\",\"item\":\"https:\/\/www.executivehotelsiena.com\/fr\/chambres\/\"},{\"@type\":\"ListItem\",\"position\":3,\"name\":\"Chambre Triple\"}]},{\"@type\":\"WebSite\",\"@id\":\"https:\/\/www.executivehotelsiena.com\/fr\/#website\",\"url\":\"https:\/\/www.executivehotelsiena.com\/fr\/\",\"name\":\"Executive Hotel Siena\",\"description\":\"Just another ms.decms.eu site\",\"potentialAction\":[{\"@type\":\"SearchAction\",\"target\":{\"@type\":\"EntryPoint\",\"urlTemplate\":\"https:\/\/www.executivehotelsiena.com\/fr\/?s={search_term_string}\"},\"query-input\":{\"@type\":\"PropertyValueSpecification\",\"valueRequired\":true,\"valueName\":\"search_term_string\"}}],\"inLanguage\":\"fr-FR\"}]}<\/script>\n<!-- \/ Yoast SEO plugin. -->","yoast_head_json":{"title":"Chambre Triple - Executive Hotel Siena","description":"Chambre triple de 22 m\u00e8tres carr\u00e9s finement meubl\u00e9e et \u00e9quip\u00e9e de tout le confort.  1 lit double ou 2 lits simples + 1 lit simple.  Chambre adapt\u00e9e pour trois adultes ou pour les familles de deux adultes et un enfant. Le lit b\u00e9b\u00e9 est fourni gratuitement pour les familles avec enfants de moins de 3 ans. Parquet, douche et service de courtoisie avec th\u00e9 et tisanes","robots":{"index":"index","follow":"follow","max-snippet":"max-snippet:-1","max-image-preview":"max-image-preview:large","max-video-preview":"max-video-preview:-1"},"canonical":"https:\/\/www.executivehotelsiena.com\/fr\/chambres\/chambre-triple\/","og_locale":"fr_FR","og_type":"article","og_title":"Chambre Triple - Executive Hotel Siena","og_description":"Chambre triple de 22 m\u00e8tres carr\u00e9s finement meubl\u00e9e et \u00e9quip\u00e9e de tout le confort.  1 lit double ou 2 lits simples + 1 lit simple.  Chambre adapt\u00e9e pour trois adultes ou pour les familles de deux adultes et un enfant. Le lit b\u00e9b\u00e9 est fourni gratuitement pour les familles avec enfants de moins de 3 ans. Parquet, douche et service de courtoisie avec th\u00e9 et tisanes","og_url":"https:\/\/www.executivehotelsiena.com\/fr\/chambres\/chambre-triple\/","og_site_name":"Executive Hotel Siena","article_modified_time":"2021-08-11T14:02:37+00:00","twitter_card":"summary_large_image","schema":{"@context":"https:\/\/schema.org","@graph":[{"@type":"WebPage","@id":"https:\/\/www.executivehotelsiena.com\/fr\/chambres\/chambre-triple\/","url":"https:\/\/www.executivehotelsiena.com\/fr\/chambres\/chambre-triple\/","name":"Chambre Triple - Executive Hotel Siena","isPartOf":{"@id":"https:\/\/www.executivehotelsiena.com\/fr\/#website"},"datePublished":"2021-06-21T13:39:09+00:00","dateModified":"2021-08-11T14:02:37+00:00","description":"Chambre triple de 22 m\u00e8tres carr\u00e9s finement meubl\u00e9e et \u00e9quip\u00e9e de tout le confort. 1 lit double ou 2 lits simples + 1 lit simple. Chambre adapt\u00e9e pour trois adultes ou pour les familles de deux adultes et un enfant. Le lit b\u00e9b\u00e9 est fourni gratuitement pour les familles avec enfants de moins de 3 ans. Parquet, douche et service de courtoisie avec th\u00e9 et tisanes","breadcrumb":{"@id":"https:\/\/www.executivehotelsiena.com\/fr\/chambres\/chambre-triple\/#breadcrumb"},"inLanguage":"fr-FR","potentialAction":[{"@type":"ReadAction","target":["https:\/\/www.executivehotelsiena.com\/fr\/chambres\/chambre-triple\/"]}]},{"@type":"BreadcrumbList","@id":"https:\/\/www.executivehotelsiena.com\/fr\/chambres\/chambre-triple\/#breadcrumb","itemListElement":[{"@type":"ListItem","position":1,"name":"Home","item":"https:\/\/www.executivehotelsiena.com\/fr\/"},{"@type":"ListItem","position":2,"name":"Chambres","item":"https:\/\/www.executivehotelsiena.com\/fr\/chambres\/"},{"@type":"ListItem","position":3,"name":"Chambre Triple"}]},{"@type":"WebSite","@id":"https:\/\/www.executivehotelsiena.com\/fr\/#website","url":"https:\/\/www.executivehotelsiena.com\/fr\/","name":"Executive Hotel Siena","description":"Just another ms.decms.eu site","potentialAction":[{"@type":"SearchAction","target":{"@type":"EntryPoint","urlTemplate":"https:\/\/www.executivehotelsiena.com\/fr\/?s={search_term_string}"},"query-input":{"@type":"PropertyValueSpecification","valueRequired":true,"valueName":"search_term_string"}}],"inLanguage":"fr-FR"}]}},"acf":[],"_links":{"self":[{"href":"https:\/\/www.executivehotelsiena.com\/fr\/wp-json\/wp\/v2\/pages\/323","targetHints":{"allow":["GET"]}}],"collection":[{"href":"https:\/\/www.executivehotelsiena.com\/fr\/wp-json\/wp\/v2\/pages"}],"about":[{"href":"https:\/\/www.executivehotelsiena.com\/fr\/wp-json\/wp\/v2\/types\/page"}],"author":[{"embeddable":true,"href":"https:\/\/www.executivehotelsiena.com\/fr\/wp-json\/wp\/v2\/users\/6"}],"replies":[{"embeddable":true,"href":"https:\/\/www.executivehotelsiena.com\/fr\/wp-json\/wp\/v2\/comments?post=323"}],"version-history":[{"count":0,"href":"https:\/\/www.executivehotelsiena.com\/fr\/wp-json\/wp\/v2\/pages\/323\/revisions"}],"up":[{"embeddable":true,"href":"https:\/\/www.executivehotelsiena.com\/fr\/wp-json\/wp\/v2\/pages\/189"}],"wp:attachment":[{"href":"https:\/\/www.executivehotelsiena.com\/fr\/wp-json\/wp\/v2\/media?parent=323"}],"curies":[{"name":"wp","href":"https:\/\/api.w.org\/{rel}","templated":true}]}}