{"id":385,"date":"2021-06-29T14:22:30","date_gmt":"2021-06-29T14:22:30","guid":{"rendered":"https:\/\/executivesiena.ms.decms.eu\/biking-blog-siena\/a-che-velocita-posso-viaggiare-con-la-mia-e-bike\/"},"modified":"2021-06-29T14:23:03","modified_gmt":"2021-06-29T14:23:03","slug":"a-che-velocita-posso-viaggiare-con-la-mia-e-bike","status":"publish","type":"page","link":"https:\/\/www.executivehotelsiena.com\/fr\/biking-blog-siena\/a-che-velocita-posso-viaggiare-con-la-mia-e-bike\/","title":{"rendered":"A che velocit\u00e0 posso viaggiare con la mia e-bike?"},"content":{"rendered":"<p>In una e-Bike a pedalata assistita il motore elettrico aiuta a pedalare, con un grado di assistenza che pu\u00f2 essere regolato per adattarsi all&rsquo;utente. Ma affinch\u00e9 questo tipo di e-bike sia legalmente considerato una bicicletta convenzionale (Direttiva europea 2002\/24 \/ CE e ISO 4210: 1996) e non necessiti di assicurazione o carta, \u00e8 necessario soddisfare alcuni requisiti di base:<\/p>\n<p>Fornire assistenza solo durante la pedalata. Cio\u00e8, il motore elettrico non funziona se non si pedala.<br \/>\nTale assistenza elettrica viene interrotta a una velocit\u00e0 di 25 km \/ h.<br \/>\nIl motore non supera i 250 W di potenza<br \/>\nNon superare i 25 km \/ h di velocit\u00e0 assistita<br \/>\nPertanto, la bicicletta elettrica con motore incorporato, da considerarsi come tale, non pu\u00f2 superare i 25 km \/ ora di velocit\u00e0 massima con assistenza alla pedalata (per legge, \u00e8 consentita una tolleranza del 10%, il che significa che in In realt\u00e0 il supporto del motore verr\u00e0 tagliato prima di 27,5 km \/ h). Per cui deve incorporare un meccanismo per fermare l&rsquo;assistenza del motore per raggiungere questa velocit\u00e0.<\/p>\n<p>Se la tua e-Bike pu\u00f2 superare i 25 km \/ h senza scollegare l&rsquo;assistenza per la pedalata, diventa automaticamente un ciclomotore e richiede la registrazione, proteggila e hai una patente di guida per poter guidare con essa su strade pubbliche.<\/p>\n<p>Naturalmente, con una e-Bike a pedalata assistita, puoi superare quella velocit\u00e0, ma solo con la forza delle gambe del guidatore o con l&rsquo;aiuto della gravit\u00e0 o del vento. Certo, in citt\u00e0 non \u00e8 necessario andare molto pi\u00f9 velocemente. Ad esempio, la velocit\u00e0 media di circolazione a Madrid \u00e8 di 24 km \/ h, che \u00e8 ridotta a 9 km \/ h al centro e non varia solo nelle altre citt\u00e0. Cio\u00e8, la velocit\u00e0 massima della tua bici elettrica non sar\u00e0 un inconveniente per i viaggi in citt\u00e0.<\/p>\n","protected":false},"excerpt":{"rendered":"<p>In una e-Bike a pedalata assistita il motore elettrico aiuta a pedalare, con un grado di assistenza che pu\u00f2 essere regolato per adattarsi all&rsquo;utente. Ma affinch\u00e9 questo tipo di e-bike sia legalmente considerato una bicicletta convenzionale (Direttiva europea 2002\/24 \/ CE e ISO 4210: 1996) e non necessiti di assicurazione o carta, \u00e8 necessario soddisfare [&hellip;]<\/p>\n","protected":false},"author":6,"featured_media":0,"parent":368,"menu_order":102,"comment_status":"closed","ping_status":"closed","template":"","meta":{"footnotes":""},"class_list":["post-385","page","type-page","status-publish","hentry"],"yoast_head":"<!-- This site is optimized with the Yoast SEO plugin v26.9 - https:\/\/yoast.com\/product\/yoast-seo-wordpress\/ -->\n<title>A che velocit\u00e0 posso viaggiare con la mia e-bike? - Executive Hotel Siena<\/title>\n<meta name=\"description\" content=\"In una e-Bike a pedalata assistita il motore elettrico aiuta a pedalare, con un grado di assistenza che pu\u00f2 essere regolato per adattarsi all&#039;utente. Ma affinch\u00e9 questo tipo di e-bike sia legalmente considerato una bicicletta convenzionale (Direttiva europea 2002\/24 \/ CE e ISO 4210: 1996) e non necessiti di assicurazione o carta, \u00e8 necessario soddisfare alcuni requisiti di base:  Fornire assistenza solo durante la pedalata\" \/>\n<meta name=\"robots\" content=\"index, follow, max-snippet:-1, max-image-preview:large, max-video-preview:-1\" \/>\n<link rel=\"canonical\" href=\"https:\/\/www.executivehotelsiena.com\/fr\/biking-blog-siena\/a-che-velocita-posso-viaggiare-con-la-mia-e-bike\/\" \/>\n<meta property=\"og:locale\" content=\"fr_FR\" \/>\n<meta property=\"og:type\" content=\"article\" \/>\n<meta property=\"og:title\" content=\"A che velocit\u00e0 posso viaggiare con la mia e-bike? - Executive Hotel Siena\" \/>\n<meta property=\"og:description\" content=\"In una e-Bike a pedalata assistita il motore elettrico aiuta a pedalare, con un grado di assistenza che pu\u00f2 essere regolato per adattarsi all&#039;utente. Ma affinch\u00e9 questo tipo di e-bike sia legalmente considerato una bicicletta convenzionale (Direttiva europea 2002\/24 \/ CE e ISO 4210: 1996) e non necessiti di assicurazione o carta, \u00e8 necessario soddisfare alcuni requisiti di base:  Fornire assistenza solo durante la pedalata\" \/>\n<meta property=\"og:url\" content=\"https:\/\/www.executivehotelsiena.com\/fr\/biking-blog-siena\/a-che-velocita-posso-viaggiare-con-la-mia-e-bike\/\" \/>\n<meta property=\"og:site_name\" content=\"Executive Hotel Siena\" \/>\n<meta property=\"article:modified_time\" content=\"2021-06-29T14:23:03+00:00\" \/>\n<meta name=\"twitter:card\" content=\"summary_large_image\" \/>\n<meta name=\"twitter:label1\" content=\"Dur\u00e9e de lecture estim\u00e9e\" \/>\n\t<meta name=\"twitter:data1\" content=\"1 minute\" \/>\n<script type=\"application\/ld+json\" class=\"yoast-schema-graph\">{\"@context\":\"https:\/\/schema.org\",\"@graph\":[{\"@type\":\"WebPage\",\"@id\":\"https:\/\/www.executivehotelsiena.com\/fr\/biking-blog-siena\/a-che-velocita-posso-viaggiare-con-la-mia-e-bike\/\",\"url\":\"https:\/\/www.executivehotelsiena.com\/fr\/biking-blog-siena\/a-che-velocita-posso-viaggiare-con-la-mia-e-bike\/\",\"name\":\"A che velocit\u00e0 posso viaggiare con la mia e-bike? - Executive Hotel Siena\",\"isPartOf\":{\"@id\":\"https:\/\/www.executivehotelsiena.com\/fr\/#website\"},\"datePublished\":\"2021-06-29T14:22:30+00:00\",\"dateModified\":\"2021-06-29T14:23:03+00:00\",\"description\":\"In una e-Bike a pedalata assistita il motore elettrico aiuta a pedalare, con un grado di assistenza che pu\u00f2 essere regolato per adattarsi all'utente. Ma affinch\u00e9 questo tipo di e-bike sia legalmente considerato una bicicletta convenzionale (Direttiva europea 2002\/24 \/ CE e ISO 4210: 1996) e non necessiti di assicurazione o carta, \u00e8 necessario soddisfare alcuni requisiti di base: Fornire assistenza solo durante la pedalata\",\"breadcrumb\":{\"@id\":\"https:\/\/www.executivehotelsiena.com\/fr\/biking-blog-siena\/a-che-velocita-posso-viaggiare-con-la-mia-e-bike\/#breadcrumb\"},\"inLanguage\":\"fr-FR\",\"potentialAction\":[{\"@type\":\"ReadAction\",\"target\":[\"https:\/\/www.executivehotelsiena.com\/fr\/biking-blog-siena\/a-che-velocita-posso-viaggiare-con-la-mia-e-bike\/\"]}]},{\"@type\":\"BreadcrumbList\",\"@id\":\"https:\/\/www.executivehotelsiena.com\/fr\/biking-blog-siena\/a-che-velocita-posso-viaggiare-con-la-mia-e-bike\/#breadcrumb\",\"itemListElement\":[{\"@type\":\"ListItem\",\"position\":1,\"name\":\"Home\",\"item\":\"https:\/\/www.executivehotelsiena.com\/fr\/\"},{\"@type\":\"ListItem\",\"position\":2,\"name\":\"Siena Biking Blog\",\"item\":\"https:\/\/www.executivehotelsiena.com\/fr\/biking-blog-siena\/\"},{\"@type\":\"ListItem\",\"position\":3,\"name\":\"A che velocit\u00e0 posso viaggiare con la mia e-bike?\"}]},{\"@type\":\"WebSite\",\"@id\":\"https:\/\/www.executivehotelsiena.com\/fr\/#website\",\"url\":\"https:\/\/www.executivehotelsiena.com\/fr\/\",\"name\":\"Executive Hotel Siena\",\"description\":\"Just another ms.decms.eu site\",\"potentialAction\":[{\"@type\":\"SearchAction\",\"target\":{\"@type\":\"EntryPoint\",\"urlTemplate\":\"https:\/\/www.executivehotelsiena.com\/fr\/?s={search_term_string}\"},\"query-input\":{\"@type\":\"PropertyValueSpecification\",\"valueRequired\":true,\"valueName\":\"search_term_string\"}}],\"inLanguage\":\"fr-FR\"}]}<\/script>\n<!-- \/ Yoast SEO plugin. -->","yoast_head_json":{"title":"A che velocit\u00e0 posso viaggiare con la mia e-bike? - Executive Hotel Siena","description":"In una e-Bike a pedalata assistita il motore elettrico aiuta a pedalare, con un grado di assistenza che pu\u00f2 essere regolato per adattarsi all'utente. Ma affinch\u00e9 questo tipo di e-bike sia legalmente considerato una bicicletta convenzionale (Direttiva europea 2002\/24 \/ CE e ISO 4210: 1996) e non necessiti di assicurazione o carta, \u00e8 necessario soddisfare alcuni requisiti di base:  Fornire assistenza solo durante la pedalata","robots":{"index":"index","follow":"follow","max-snippet":"max-snippet:-1","max-image-preview":"max-image-preview:large","max-video-preview":"max-video-preview:-1"},"canonical":"https:\/\/www.executivehotelsiena.com\/fr\/biking-blog-siena\/a-che-velocita-posso-viaggiare-con-la-mia-e-bike\/","og_locale":"fr_FR","og_type":"article","og_title":"A che velocit\u00e0 posso viaggiare con la mia e-bike? - Executive Hotel Siena","og_description":"In una e-Bike a pedalata assistita il motore elettrico aiuta a pedalare, con un grado di assistenza che pu\u00f2 essere regolato per adattarsi all'utente. Ma affinch\u00e9 questo tipo di e-bike sia legalmente considerato una bicicletta convenzionale (Direttiva europea 2002\/24 \/ CE e ISO 4210: 1996) e non necessiti di assicurazione o carta, \u00e8 necessario soddisfare alcuni requisiti di base:  Fornire assistenza solo durante la pedalata","og_url":"https:\/\/www.executivehotelsiena.com\/fr\/biking-blog-siena\/a-che-velocita-posso-viaggiare-con-la-mia-e-bike\/","og_site_name":"Executive Hotel Siena","article_modified_time":"2021-06-29T14:23:03+00:00","twitter_card":"summary_large_image","twitter_misc":{"Dur\u00e9e de lecture estim\u00e9e":"1 minute"},"schema":{"@context":"https:\/\/schema.org","@graph":[{"@type":"WebPage","@id":"https:\/\/www.executivehotelsiena.com\/fr\/biking-blog-siena\/a-che-velocita-posso-viaggiare-con-la-mia-e-bike\/","url":"https:\/\/www.executivehotelsiena.com\/fr\/biking-blog-siena\/a-che-velocita-posso-viaggiare-con-la-mia-e-bike\/","name":"A che velocit\u00e0 posso viaggiare con la mia e-bike? - Executive Hotel Siena","isPartOf":{"@id":"https:\/\/www.executivehotelsiena.com\/fr\/#website"},"datePublished":"2021-06-29T14:22:30+00:00","dateModified":"2021-06-29T14:23:03+00:00","description":"In una e-Bike a pedalata assistita il motore elettrico aiuta a pedalare, con un grado di assistenza che pu\u00f2 essere regolato per adattarsi all'utente. Ma affinch\u00e9 questo tipo di e-bike sia legalmente considerato una bicicletta convenzionale (Direttiva europea 2002\/24 \/ CE e ISO 4210: 1996) e non necessiti di assicurazione o carta, \u00e8 necessario soddisfare alcuni requisiti di base: Fornire assistenza solo durante la pedalata","breadcrumb":{"@id":"https:\/\/www.executivehotelsiena.com\/fr\/biking-blog-siena\/a-che-velocita-posso-viaggiare-con-la-mia-e-bike\/#breadcrumb"},"inLanguage":"fr-FR","potentialAction":[{"@type":"ReadAction","target":["https:\/\/www.executivehotelsiena.com\/fr\/biking-blog-siena\/a-che-velocita-posso-viaggiare-con-la-mia-e-bike\/"]}]},{"@type":"BreadcrumbList","@id":"https:\/\/www.executivehotelsiena.com\/fr\/biking-blog-siena\/a-che-velocita-posso-viaggiare-con-la-mia-e-bike\/#breadcrumb","itemListElement":[{"@type":"ListItem","position":1,"name":"Home","item":"https:\/\/www.executivehotelsiena.com\/fr\/"},{"@type":"ListItem","position":2,"name":"Siena Biking Blog","item":"https:\/\/www.executivehotelsiena.com\/fr\/biking-blog-siena\/"},{"@type":"ListItem","position":3,"name":"A che velocit\u00e0 posso viaggiare con la mia e-bike?"}]},{"@type":"WebSite","@id":"https:\/\/www.executivehotelsiena.com\/fr\/#website","url":"https:\/\/www.executivehotelsiena.com\/fr\/","name":"Executive Hotel Siena","description":"Just another ms.decms.eu site","potentialAction":[{"@type":"SearchAction","target":{"@type":"EntryPoint","urlTemplate":"https:\/\/www.executivehotelsiena.com\/fr\/?s={search_term_string}"},"query-input":{"@type":"PropertyValueSpecification","valueRequired":true,"valueName":"search_term_string"}}],"inLanguage":"fr-FR"}]}},"acf":[],"_links":{"self":[{"href":"https:\/\/www.executivehotelsiena.com\/fr\/wp-json\/wp\/v2\/pages\/385","targetHints":{"allow":["GET"]}}],"collection":[{"href":"https:\/\/www.executivehotelsiena.com\/fr\/wp-json\/wp\/v2\/pages"}],"about":[{"href":"https:\/\/www.executivehotelsiena.com\/fr\/wp-json\/wp\/v2\/types\/page"}],"author":[{"embeddable":true,"href":"https:\/\/www.executivehotelsiena.com\/fr\/wp-json\/wp\/v2\/users\/6"}],"replies":[{"embeddable":true,"href":"https:\/\/www.executivehotelsiena.com\/fr\/wp-json\/wp\/v2\/comments?post=385"}],"version-history":[{"count":0,"href":"https:\/\/www.executivehotelsiena.com\/fr\/wp-json\/wp\/v2\/pages\/385\/revisions"}],"up":[{"embeddable":true,"href":"https:\/\/www.executivehotelsiena.com\/fr\/wp-json\/wp\/v2\/pages\/368"}],"wp:attachment":[{"href":"https:\/\/www.executivehotelsiena.com\/fr\/wp-json\/wp\/v2\/media?parent=385"}],"curies":[{"name":"wp","href":"https:\/\/api.w.org\/{rel}","templated":true}]}}