{"id":417,"date":"2021-07-01T11:58:09","date_gmt":"2021-07-01T11:58:09","guid":{"rendered":"https:\/\/executivesiena.ms.decms.eu\/?page_id=417"},"modified":"2022-09-02T09:39:22","modified_gmt":"2022-09-02T09:39:22","slug":"offre-speciale-utilisation-de-jour","status":"publish","type":"page","link":"https:\/\/www.executivehotelsiena.com\/fr\/offre-speciale\/offre-speciale-utilisation-de-jour\/","title":{"rendered":"Offre sp\u00e9ciale UTILISATION DE JOUR"},"content":{"rendered":"<p>Offre sp\u00e9ciale UTILISATION DE JOUR<\/p>\n<ul>\n<li>Relax apr\u00e8s un long voyage ?<\/li>\n<li>Une douche avant une r\u00e9union importante ?<\/li>\n<li>Une rencontre amoureuse ?<\/li>\n<li>Un rendez-vous d&rsquo;affaires ?<\/li>\n<\/ul>\n<p>Avec cette formule sp\u00e9ciale nous vous offrons la possibilit\u00e9 de s\u00e9journer dans notre h\u00f4tel en journ\u00e9e, sans nuit\u00e9e, avec un forfait de 65\u20ac par jour, entre 10h et 17h.<\/p>\n<p>La r\u00e9servation de votre Day Use est tr\u00e8s simple, il suffit de contacter directement l&rsquo;h\u00f4tel et de v\u00e9rifier les disponibilit\u00e9s.<\/p>\n<p>Vous pouvez \u00e9galement ajouter des extras en chambre comme une bouteille de vin, une bo\u00eete de chocolats, un bouquet de fleurs ou profiter de notre service bar et restauration avec room service.<\/p>\n<p>Aucune carte de cr\u00e9dit demand\u00e9e, aucun pr\u00e9paiement, solde au d\u00e9part et annulation gratuite<\/p>\n<p><strong>Comment r\u00e9server?<\/strong><\/p>\n<ul>\n<li>En \u00e9crivant \u00e0 <a href=\"mailto:info@executivehotelsiena.com\" target=\"_blank\" rel=\"noopener\">info@executivehotelsiena.com<\/a><\/li>\n<li>WhatsApp au +393311902914<\/li>\n<li>Facebook Messenger en acc\u00e9dant \u00e0 notre page <a href=\"www.facebook.com\/executivesiena\/\" target=\"_blank\" rel=\"noopener\">www.facebook.com\/executivesiena\/<\/a><\/li>\n<li>En appelant le +39577331210<\/li>\n<\/ul>\n","protected":false},"excerpt":{"rendered":"<p>Offre sp\u00e9ciale UTILISATION DE JOUR Relax apr\u00e8s un long voyage ? Une douche avant une r\u00e9union importante ? Une rencontre amoureuse ? Un rendez-vous d&rsquo;affaires ? Avec cette formule sp\u00e9ciale nous vous offrons la possibilit\u00e9 de s\u00e9journer dans notre h\u00f4tel en journ\u00e9e, sans nuit\u00e9e, avec un forfait de 65\u20ac par jour, entre 10h et 17h. [&hellip;]<\/p>\n","protected":false},"author":6,"featured_media":0,"parent":213,"menu_order":36,"comment_status":"closed","ping_status":"closed","template":"template-default-2.php","meta":{"footnotes":""},"class_list":["post-417","page","type-page","status-publish","hentry"],"yoast_head":"<!-- This site is optimized with the Yoast SEO plugin v26.9 - https:\/\/yoast.com\/product\/yoast-seo-wordpress\/ -->\n<title>Offre sp\u00e9ciale UTILISATION DE JOUR - Executive Hotel Siena<\/title>\n<meta name=\"description\" content=\"Offre sp\u00e9ciale UTILISATION DE JOUR   Relax apr\u00e8s un long voyage ?  Une douche avant une r\u00e9union importante ?  Une rencontre amoureuse ?  Un rendez-vous d&#039;affaires ?  Avec cette formule sp\u00e9ciale nous vous offrons la possibilit\u00e9 de s\u00e9journer dans notre h\u00f4tel en journ\u00e9e, sans nuit\u00e9e, avec un forfait de 65\u20ac par jour, entre 10h et 17h.  La r\u00e9servation de votre Day Use est tr\u00e8s simple, il suffit de contacter directement l&#039;h\u00f4tel et de v\u00e9rifier les disponibilit\u00e9s.  Vous pouvez \u00e9galement ajouter des extras en chambre comme une bouteille de vin, une bo\u00eete de chocolats, un bouquet de fleurs ou profiter de notre service bar et restauration avec room service.  Aucune carte de cr\u00e9dit demand\u00e9e, aucun pr\u00e9paiement, solde au d\u00e9part et annulation gratuite  Comment r\u00e9server?   En \u00e9crivant \u00e0 info@executivehotelsiena.com  WhatsApp au +393311902914  Facebook Messenger en acc\u00e9dant \u00e0 notre page www.facebook.com\/executivesiena\/  En appelant le +39577331210 .\" \/>\n<meta name=\"robots\" content=\"index, follow, max-snippet:-1, max-image-preview:large, max-video-preview:-1\" \/>\n<link rel=\"canonical\" href=\"https:\/\/www.executivehotelsiena.com\/fr\/offre-speciale\/offre-speciale-utilisation-de-jour\/\" \/>\n<meta property=\"og:locale\" content=\"fr_FR\" \/>\n<meta property=\"og:type\" content=\"article\" \/>\n<meta property=\"og:title\" content=\"Offre sp\u00e9ciale UTILISATION DE JOUR - Executive Hotel Siena\" \/>\n<meta property=\"og:description\" content=\"Offre sp\u00e9ciale UTILISATION DE JOUR   Relax apr\u00e8s un long voyage ?  Une douche avant une r\u00e9union importante ?  Une rencontre amoureuse ?  Un rendez-vous d&#039;affaires ?  Avec cette formule sp\u00e9ciale nous vous offrons la possibilit\u00e9 de s\u00e9journer dans notre h\u00f4tel en journ\u00e9e, sans nuit\u00e9e, avec un forfait de 65\u20ac par jour, entre 10h et 17h.  La r\u00e9servation de votre Day Use est tr\u00e8s simple, il suffit de contacter directement l&#039;h\u00f4tel et de v\u00e9rifier les disponibilit\u00e9s.  Vous pouvez \u00e9galement ajouter des extras en chambre comme une bouteille de vin, une bo\u00eete de chocolats, un bouquet de fleurs ou profiter de notre service bar et restauration avec room service.  Aucune carte de cr\u00e9dit demand\u00e9e, aucun pr\u00e9paiement, solde au d\u00e9part et annulation gratuite  Comment r\u00e9server?   En \u00e9crivant \u00e0 info@executivehotelsiena.com  WhatsApp au +393311902914  Facebook Messenger en acc\u00e9dant \u00e0 notre page www.facebook.com\/executivesiena\/  En appelant le +39577331210 .\" \/>\n<meta property=\"og:url\" content=\"https:\/\/www.executivehotelsiena.com\/fr\/offre-speciale\/offre-speciale-utilisation-de-jour\/\" \/>\n<meta property=\"og:site_name\" content=\"Executive Hotel Siena\" \/>\n<meta property=\"article:modified_time\" content=\"2022-09-02T09:39:22+00:00\" \/>\n<meta name=\"twitter:card\" content=\"summary_large_image\" \/>\n<meta name=\"twitter:label1\" content=\"Dur\u00e9e de lecture estim\u00e9e\" \/>\n\t<meta name=\"twitter:data1\" content=\"1 minute\" \/>\n<script type=\"application\/ld+json\" class=\"yoast-schema-graph\">{\"@context\":\"https:\/\/schema.org\",\"@graph\":[{\"@type\":\"WebPage\",\"@id\":\"https:\/\/www.executivehotelsiena.com\/fr\/offre-speciale\/offre-speciale-utilisation-de-jour\/\",\"url\":\"https:\/\/www.executivehotelsiena.com\/fr\/offre-speciale\/offre-speciale-utilisation-de-jour\/\",\"name\":\"Offre sp\u00e9ciale UTILISATION DE JOUR - Executive Hotel Siena\",\"isPartOf\":{\"@id\":\"https:\/\/www.executivehotelsiena.com\/fr\/#website\"},\"datePublished\":\"2021-07-01T11:58:09+00:00\",\"dateModified\":\"2022-09-02T09:39:22+00:00\",\"description\":\"Offre sp\u00e9ciale UTILISATION DE JOUR \u2022 Relax apr\u00e8s un long voyage ? \u2022 Une douche avant une r\u00e9union importante ? \u2022 Une rencontre amoureuse ? \u2022 Un rendez-vous d'affaires ? Avec cette formule sp\u00e9ciale nous vous offrons la possibilit\u00e9 de s\u00e9journer dans notre h\u00f4tel en journ\u00e9e, sans nuit\u00e9e, avec un forfait de 65\u20ac par jour, entre 10h et 17h. La r\u00e9servation de votre Day Use est tr\u00e8s simple, il suffit de contacter directement l'h\u00f4tel et de v\u00e9rifier les disponibilit\u00e9s. Vous pouvez \u00e9galement ajouter des extras en chambre comme une bouteille de vin, une bo\u00eete de chocolats, un bouquet de fleurs ou profiter de notre service bar et restauration avec room service. Aucune carte de cr\u00e9dit demand\u00e9e, aucun pr\u00e9paiement, solde au d\u00e9part et annulation gratuite Comment r\u00e9server? \u2022 En \u00e9crivant \u00e0 info@executivehotelsiena.com \u2022 WhatsApp au +393311902914 \u2022 Facebook Messenger en acc\u00e9dant \u00e0 notre page www.facebook.com\/executivesiena\/ \u2022 En appelant le +39577331210 .\",\"breadcrumb\":{\"@id\":\"https:\/\/www.executivehotelsiena.com\/fr\/offre-speciale\/offre-speciale-utilisation-de-jour\/#breadcrumb\"},\"inLanguage\":\"fr-FR\",\"potentialAction\":[{\"@type\":\"ReadAction\",\"target\":[\"https:\/\/www.executivehotelsiena.com\/fr\/offre-speciale\/offre-speciale-utilisation-de-jour\/\"]}]},{\"@type\":\"BreadcrumbList\",\"@id\":\"https:\/\/www.executivehotelsiena.com\/fr\/offre-speciale\/offre-speciale-utilisation-de-jour\/#breadcrumb\",\"itemListElement\":[{\"@type\":\"ListItem\",\"position\":1,\"name\":\"Home\",\"item\":\"https:\/\/www.executivehotelsiena.com\/fr\/\"},{\"@type\":\"ListItem\",\"position\":2,\"name\":\"Offre sp\u00e9ciale\",\"item\":\"https:\/\/www.executivehotelsiena.com\/fr\/offre-speciale\/\"},{\"@type\":\"ListItem\",\"position\":3,\"name\":\"Offre sp\u00e9ciale UTILISATION DE JOUR\"}]},{\"@type\":\"WebSite\",\"@id\":\"https:\/\/www.executivehotelsiena.com\/fr\/#website\",\"url\":\"https:\/\/www.executivehotelsiena.com\/fr\/\",\"name\":\"Executive Hotel Siena\",\"description\":\"Just another ms.decms.eu site\",\"potentialAction\":[{\"@type\":\"SearchAction\",\"target\":{\"@type\":\"EntryPoint\",\"urlTemplate\":\"https:\/\/www.executivehotelsiena.com\/fr\/?s={search_term_string}\"},\"query-input\":{\"@type\":\"PropertyValueSpecification\",\"valueRequired\":true,\"valueName\":\"search_term_string\"}}],\"inLanguage\":\"fr-FR\"}]}<\/script>\n<!-- \/ Yoast SEO plugin. -->","yoast_head_json":{"title":"Offre sp\u00e9ciale UTILISATION DE JOUR - Executive Hotel Siena","description":"Offre sp\u00e9ciale UTILISATION DE JOUR   Relax apr\u00e8s un long voyage ?  Une douche avant une r\u00e9union importante ?  Une rencontre amoureuse ?  Un rendez-vous d'affaires ?  Avec cette formule sp\u00e9ciale nous vous offrons la possibilit\u00e9 de s\u00e9journer dans notre h\u00f4tel en journ\u00e9e, sans nuit\u00e9e, avec un forfait de 65\u20ac par jour, entre 10h et 17h.  La r\u00e9servation de votre Day Use est tr\u00e8s simple, il suffit de contacter directement l'h\u00f4tel et de v\u00e9rifier les disponibilit\u00e9s.  Vous pouvez \u00e9galement ajouter des extras en chambre comme une bouteille de vin, une bo\u00eete de chocolats, un bouquet de fleurs ou profiter de notre service bar et restauration avec room service.  Aucune carte de cr\u00e9dit demand\u00e9e, aucun pr\u00e9paiement, solde au d\u00e9part et annulation gratuite  Comment r\u00e9server?   En \u00e9crivant \u00e0 info@executivehotelsiena.com  WhatsApp au +393311902914  Facebook Messenger en acc\u00e9dant \u00e0 notre page www.facebook.com\/executivesiena\/  En appelant le +39577331210 .","robots":{"index":"index","follow":"follow","max-snippet":"max-snippet:-1","max-image-preview":"max-image-preview:large","max-video-preview":"max-video-preview:-1"},"canonical":"https:\/\/www.executivehotelsiena.com\/fr\/offre-speciale\/offre-speciale-utilisation-de-jour\/","og_locale":"fr_FR","og_type":"article","og_title":"Offre sp\u00e9ciale UTILISATION DE JOUR - Executive Hotel Siena","og_description":"Offre sp\u00e9ciale UTILISATION DE JOUR   Relax apr\u00e8s un long voyage ?  Une douche avant une r\u00e9union importante ?  Une rencontre amoureuse ?  Un rendez-vous d'affaires ?  Avec cette formule sp\u00e9ciale nous vous offrons la possibilit\u00e9 de s\u00e9journer dans notre h\u00f4tel en journ\u00e9e, sans nuit\u00e9e, avec un forfait de 65\u20ac par jour, entre 10h et 17h.  La r\u00e9servation de votre Day Use est tr\u00e8s simple, il suffit de contacter directement l'h\u00f4tel et de v\u00e9rifier les disponibilit\u00e9s.  Vous pouvez \u00e9galement ajouter des extras en chambre comme une bouteille de vin, une bo\u00eete de chocolats, un bouquet de fleurs ou profiter de notre service bar et restauration avec room service.  Aucune carte de cr\u00e9dit demand\u00e9e, aucun pr\u00e9paiement, solde au d\u00e9part et annulation gratuite  Comment r\u00e9server?   En \u00e9crivant \u00e0 info@executivehotelsiena.com  WhatsApp au +393311902914  Facebook Messenger en acc\u00e9dant \u00e0 notre page www.facebook.com\/executivesiena\/  En appelant le +39577331210 .","og_url":"https:\/\/www.executivehotelsiena.com\/fr\/offre-speciale\/offre-speciale-utilisation-de-jour\/","og_site_name":"Executive Hotel Siena","article_modified_time":"2022-09-02T09:39:22+00:00","twitter_card":"summary_large_image","twitter_misc":{"Dur\u00e9e de lecture estim\u00e9e":"1 minute"},"schema":{"@context":"https:\/\/schema.org","@graph":[{"@type":"WebPage","@id":"https:\/\/www.executivehotelsiena.com\/fr\/offre-speciale\/offre-speciale-utilisation-de-jour\/","url":"https:\/\/www.executivehotelsiena.com\/fr\/offre-speciale\/offre-speciale-utilisation-de-jour\/","name":"Offre sp\u00e9ciale UTILISATION DE JOUR - Executive Hotel Siena","isPartOf":{"@id":"https:\/\/www.executivehotelsiena.com\/fr\/#website"},"datePublished":"2021-07-01T11:58:09+00:00","dateModified":"2022-09-02T09:39:22+00:00","description":"Offre sp\u00e9ciale UTILISATION DE JOUR \u2022 Relax apr\u00e8s un long voyage ? \u2022 Une douche avant une r\u00e9union importante ? \u2022 Une rencontre amoureuse ? \u2022 Un rendez-vous d'affaires ? Avec cette formule sp\u00e9ciale nous vous offrons la possibilit\u00e9 de s\u00e9journer dans notre h\u00f4tel en journ\u00e9e, sans nuit\u00e9e, avec un forfait de 65\u20ac par jour, entre 10h et 17h. La r\u00e9servation de votre Day Use est tr\u00e8s simple, il suffit de contacter directement l'h\u00f4tel et de v\u00e9rifier les disponibilit\u00e9s. Vous pouvez \u00e9galement ajouter des extras en chambre comme une bouteille de vin, une bo\u00eete de chocolats, un bouquet de fleurs ou profiter de notre service bar et restauration avec room service. Aucune carte de cr\u00e9dit demand\u00e9e, aucun pr\u00e9paiement, solde au d\u00e9part et annulation gratuite Comment r\u00e9server? \u2022 En \u00e9crivant \u00e0 info@executivehotelsiena.com \u2022 WhatsApp au +393311902914 \u2022 Facebook Messenger en acc\u00e9dant \u00e0 notre page www.facebook.com\/executivesiena\/ \u2022 En appelant le +39577331210 .","breadcrumb":{"@id":"https:\/\/www.executivehotelsiena.com\/fr\/offre-speciale\/offre-speciale-utilisation-de-jour\/#breadcrumb"},"inLanguage":"fr-FR","potentialAction":[{"@type":"ReadAction","target":["https:\/\/www.executivehotelsiena.com\/fr\/offre-speciale\/offre-speciale-utilisation-de-jour\/"]}]},{"@type":"BreadcrumbList","@id":"https:\/\/www.executivehotelsiena.com\/fr\/offre-speciale\/offre-speciale-utilisation-de-jour\/#breadcrumb","itemListElement":[{"@type":"ListItem","position":1,"name":"Home","item":"https:\/\/www.executivehotelsiena.com\/fr\/"},{"@type":"ListItem","position":2,"name":"Offre sp\u00e9ciale","item":"https:\/\/www.executivehotelsiena.com\/fr\/offre-speciale\/"},{"@type":"ListItem","position":3,"name":"Offre sp\u00e9ciale UTILISATION DE JOUR"}]},{"@type":"WebSite","@id":"https:\/\/www.executivehotelsiena.com\/fr\/#website","url":"https:\/\/www.executivehotelsiena.com\/fr\/","name":"Executive Hotel Siena","description":"Just another ms.decms.eu site","potentialAction":[{"@type":"SearchAction","target":{"@type":"EntryPoint","urlTemplate":"https:\/\/www.executivehotelsiena.com\/fr\/?s={search_term_string}"},"query-input":{"@type":"PropertyValueSpecification","valueRequired":true,"valueName":"search_term_string"}}],"inLanguage":"fr-FR"}]}},"acf":[],"_links":{"self":[{"href":"https:\/\/www.executivehotelsiena.com\/fr\/wp-json\/wp\/v2\/pages\/417","targetHints":{"allow":["GET"]}}],"collection":[{"href":"https:\/\/www.executivehotelsiena.com\/fr\/wp-json\/wp\/v2\/pages"}],"about":[{"href":"https:\/\/www.executivehotelsiena.com\/fr\/wp-json\/wp\/v2\/types\/page"}],"author":[{"embeddable":true,"href":"https:\/\/www.executivehotelsiena.com\/fr\/wp-json\/wp\/v2\/users\/6"}],"replies":[{"embeddable":true,"href":"https:\/\/www.executivehotelsiena.com\/fr\/wp-json\/wp\/v2\/comments?post=417"}],"version-history":[{"count":0,"href":"https:\/\/www.executivehotelsiena.com\/fr\/wp-json\/wp\/v2\/pages\/417\/revisions"}],"up":[{"embeddable":true,"href":"https:\/\/www.executivehotelsiena.com\/fr\/wp-json\/wp\/v2\/pages\/213"}],"wp:attachment":[{"href":"https:\/\/www.executivehotelsiena.com\/fr\/wp-json\/wp\/v2\/media?parent=417"}],"curies":[{"name":"wp","href":"https:\/\/api.w.org\/{rel}","templated":true}]}}