{"id":438,"date":"2021-07-02T14:18:44","date_gmt":"2021-07-02T14:18:44","guid":{"rendered":"https:\/\/executivesiena.ms.decms.eu\/7-percorsi\/"},"modified":"2021-07-16T12:53:14","modified_gmt":"2021-07-16T12:53:14","slug":"7-parcours-en-7-jours","status":"publish","type":"page","link":"https:\/\/www.executivehotelsiena.com\/fr\/7-parcours-en-7-jours\/","title":{"rendered":"7 parcours en 7 jours"},"content":{"rendered":"<p><img loading=\"lazy\" decoding=\"async\" class=\"alignnone size-medium wp-image-488\" src=\"http:\/\/www.executivehotelsiena.com\/wp-content\/uploads\/sites\/311\/2021\/07\/Progetto-senza-titolo-300x300.png\" alt=\"\" width=\"300\" height=\"300\" srcset=\"https:\/\/www.executivehotelsiena.com\/wp-content\/uploads\/sites\/311\/2021\/07\/Progetto-senza-titolo-300x300.png 300w, https:\/\/www.executivehotelsiena.com\/wp-content\/uploads\/sites\/311\/2021\/07\/Progetto-senza-titolo-150x150.png 150w, https:\/\/www.executivehotelsiena.com\/wp-content\/uploads\/sites\/311\/2021\/07\/Progetto-senza-titolo-200x200.png 200w, https:\/\/www.executivehotelsiena.com\/wp-content\/uploads\/sites\/311\/2021\/07\/Progetto-senza-titolo.png 500w\" sizes=\"auto, (max-width: 300px) 100vw, 300px\" \/><\/p>\n<p>Le territoire autour de Sienne est riche en sentiers de randonn\u00e9e qui offrent des paysages et des \u00e9motions de toutes sortes, gr\u00e2ce \u00e0 un territoire qui a pr\u00e9serv\u00e9 la texture agricole traditionnelle et maintenu l&rsquo;harmonie entre l&rsquo;homme et la nature.<\/p>\n<p>Sienne est en effet \u00e0 l&rsquo;avant-garde de la proposition de tourisme durable \u00e0 travers la diffusion de la marche lente et consciente, visant \u00e0 promouvoir la sant\u00e9 physique et mentale de la personne.<\/p>\n<p>Vous trouverez ci-dessous notre proposition de 7 itin\u00e9raires de randonn\u00e9e adapt\u00e9s aux randonneurs seuls et aux familles avec enfants. 7 itin\u00e9raires en 7 jours pour profiter au maximum du magnifique paysage qui entoure la ville de Sienne.<\/p>\n","protected":false},"excerpt":{"rendered":"<p>Le territoire autour de Sienne est riche en sentiers de randonn\u00e9e qui offrent des paysages et des \u00e9motions de toutes sortes, gr\u00e2ce \u00e0 un territoire qui a pr\u00e9serv\u00e9 la texture agricole traditionnelle et maintenu l&rsquo;harmonie entre l&rsquo;homme et la nature. Sienne est en effet \u00e0 l&rsquo;avant-garde de la proposition de tourisme durable \u00e0 travers la [&hellip;]<\/p>\n","protected":false},"author":6,"featured_media":0,"parent":0,"menu_order":60,"comment_status":"closed","ping_status":"closed","template":"template-default-2.php","meta":{"footnotes":""},"class_list":["post-438","page","type-page","status-publish","hentry"],"yoast_head":"<!-- This site is optimized with the Yoast SEO plugin v26.9 - https:\/\/yoast.com\/product\/yoast-seo-wordpress\/ -->\n<title>7 parcours en 7 jours - Executive Hotel Siena<\/title>\n<meta name=\"description\" content=\"Le territoire autour de Sienne est riche en sentiers de randonn\u00e9e qui offrent des paysages et des \u00e9motions de toutes sortes, gr\u00e2ce \u00e0 un territoire qui a pr\u00e9serv\u00e9 la texture agricole traditionnelle et maintenu l&#039;harmonie entre l&#039;homme et la nature.  Sienne est en effet \u00e0 l&#039;avant-garde de la proposition de tourisme durable \u00e0 travers la diffusion de la marche lente et consciente, visant \u00e0 promouvoir la sant\u00e9 physique et mentale de la personne.  Vous trouverez ci-dessous notre proposition de 7 itin\u00e9raires de randonn\u00e9e adapt\u00e9s aux randonneurs seuls et aux familles avec enfants. 7 itin\u00e9raires en 7 jours pour profiter au maximum du magnifique paysage qui entoure la ville de Sienne.\" \/>\n<meta name=\"robots\" content=\"index, follow, max-snippet:-1, max-image-preview:large, max-video-preview:-1\" \/>\n<link rel=\"canonical\" href=\"https:\/\/www.executivehotelsiena.com\/fr\/7-parcours-en-7-jours\/\" \/>\n<meta property=\"og:locale\" content=\"fr_FR\" \/>\n<meta property=\"og:type\" content=\"article\" \/>\n<meta property=\"og:title\" content=\"7 parcours en 7 jours - Executive Hotel Siena\" \/>\n<meta property=\"og:description\" content=\"Le territoire autour de Sienne est riche en sentiers de randonn\u00e9e qui offrent des paysages et des \u00e9motions de toutes sortes, gr\u00e2ce \u00e0 un territoire qui a pr\u00e9serv\u00e9 la texture agricole traditionnelle et maintenu l&#039;harmonie entre l&#039;homme et la nature.  Sienne est en effet \u00e0 l&#039;avant-garde de la proposition de tourisme durable \u00e0 travers la diffusion de la marche lente et consciente, visant \u00e0 promouvoir la sant\u00e9 physique et mentale de la personne.  Vous trouverez ci-dessous notre proposition de 7 itin\u00e9raires de randonn\u00e9e adapt\u00e9s aux randonneurs seuls et aux familles avec enfants. 7 itin\u00e9raires en 7 jours pour profiter au maximum du magnifique paysage qui entoure la ville de Sienne.\" \/>\n<meta property=\"og:url\" content=\"https:\/\/www.executivehotelsiena.com\/fr\/7-parcours-en-7-jours\/\" \/>\n<meta property=\"og:site_name\" content=\"Executive Hotel Siena\" \/>\n<meta property=\"article:modified_time\" content=\"2021-07-16T12:53:14+00:00\" \/>\n<meta property=\"og:image\" content=\"http:\/\/www.executivehotelsiena.com\/wp-content\/uploads\/sites\/311\/2021\/07\/Progetto-senza-titolo-300x300.png\" \/>\n<meta name=\"twitter:card\" content=\"summary_large_image\" \/>\n<meta name=\"twitter:label1\" content=\"Dur\u00e9e de lecture estim\u00e9e\" \/>\n\t<meta name=\"twitter:data1\" content=\"1 minute\" \/>\n<script type=\"application\/ld+json\" class=\"yoast-schema-graph\">{\"@context\":\"https:\/\/schema.org\",\"@graph\":[{\"@type\":\"WebPage\",\"@id\":\"https:\/\/www.executivehotelsiena.com\/fr\/7-parcours-en-7-jours\/\",\"url\":\"https:\/\/www.executivehotelsiena.com\/fr\/7-parcours-en-7-jours\/\",\"name\":\"7 parcours en 7 jours - Executive Hotel Siena\",\"isPartOf\":{\"@id\":\"https:\/\/www.executivehotelsiena.com\/fr\/#website\"},\"primaryImageOfPage\":{\"@id\":\"https:\/\/www.executivehotelsiena.com\/fr\/7-parcours-en-7-jours\/#primaryimage\"},\"image\":{\"@id\":\"https:\/\/www.executivehotelsiena.com\/fr\/7-parcours-en-7-jours\/#primaryimage\"},\"thumbnailUrl\":\"http:\/\/www.executivehotelsiena.com\/wp-content\/uploads\/sites\/311\/2021\/07\/Progetto-senza-titolo-300x300.png\",\"datePublished\":\"2021-07-02T14:18:44+00:00\",\"dateModified\":\"2021-07-16T12:53:14+00:00\",\"description\":\"Le territoire autour de Sienne est riche en sentiers de randonn\u00e9e qui offrent des paysages et des \u00e9motions de toutes sortes, gr\u00e2ce \u00e0 un territoire qui a pr\u00e9serv\u00e9 la texture agricole traditionnelle et maintenu l'harmonie entre l'homme et la nature. Sienne est en effet \u00e0 l'avant-garde de la proposition de tourisme durable \u00e0 travers la diffusion de la marche lente et consciente, visant \u00e0 promouvoir la sant\u00e9 physique et mentale de la personne. Vous trouverez ci-dessous notre proposition de 7 itin\u00e9raires de randonn\u00e9e adapt\u00e9s aux randonneurs seuls et aux familles avec enfants. 7 itin\u00e9raires en 7 jours pour profiter au maximum du magnifique paysage qui entoure la ville de Sienne.\",\"breadcrumb\":{\"@id\":\"https:\/\/www.executivehotelsiena.com\/fr\/7-parcours-en-7-jours\/#breadcrumb\"},\"inLanguage\":\"fr-FR\",\"potentialAction\":[{\"@type\":\"ReadAction\",\"target\":[\"https:\/\/www.executivehotelsiena.com\/fr\/7-parcours-en-7-jours\/\"]}]},{\"@type\":\"ImageObject\",\"inLanguage\":\"fr-FR\",\"@id\":\"https:\/\/www.executivehotelsiena.com\/fr\/7-parcours-en-7-jours\/#primaryimage\",\"url\":\"http:\/\/www.executivehotelsiena.com\/wp-content\/uploads\/sites\/311\/2021\/07\/Progetto-senza-titolo-300x300.png\",\"contentUrl\":\"http:\/\/www.executivehotelsiena.com\/wp-content\/uploads\/sites\/311\/2021\/07\/Progetto-senza-titolo-300x300.png\"},{\"@type\":\"BreadcrumbList\",\"@id\":\"https:\/\/www.executivehotelsiena.com\/fr\/7-parcours-en-7-jours\/#breadcrumb\",\"itemListElement\":[{\"@type\":\"ListItem\",\"position\":1,\"name\":\"Home\",\"item\":\"https:\/\/www.executivehotelsiena.com\/fr\/\"},{\"@type\":\"ListItem\",\"position\":2,\"name\":\"7 parcours en 7 jours\"}]},{\"@type\":\"WebSite\",\"@id\":\"https:\/\/www.executivehotelsiena.com\/fr\/#website\",\"url\":\"https:\/\/www.executivehotelsiena.com\/fr\/\",\"name\":\"Executive Hotel Siena\",\"description\":\"Just another ms.decms.eu site\",\"potentialAction\":[{\"@type\":\"SearchAction\",\"target\":{\"@type\":\"EntryPoint\",\"urlTemplate\":\"https:\/\/www.executivehotelsiena.com\/fr\/?s={search_term_string}\"},\"query-input\":{\"@type\":\"PropertyValueSpecification\",\"valueRequired\":true,\"valueName\":\"search_term_string\"}}],\"inLanguage\":\"fr-FR\"}]}<\/script>\n<!-- \/ Yoast SEO plugin. -->","yoast_head_json":{"title":"7 parcours en 7 jours - Executive Hotel Siena","description":"Le territoire autour de Sienne est riche en sentiers de randonn\u00e9e qui offrent des paysages et des \u00e9motions de toutes sortes, gr\u00e2ce \u00e0 un territoire qui a pr\u00e9serv\u00e9 la texture agricole traditionnelle et maintenu l'harmonie entre l'homme et la nature.  Sienne est en effet \u00e0 l'avant-garde de la proposition de tourisme durable \u00e0 travers la diffusion de la marche lente et consciente, visant \u00e0 promouvoir la sant\u00e9 physique et mentale de la personne.  Vous trouverez ci-dessous notre proposition de 7 itin\u00e9raires de randonn\u00e9e adapt\u00e9s aux randonneurs seuls et aux familles avec enfants. 7 itin\u00e9raires en 7 jours pour profiter au maximum du magnifique paysage qui entoure la ville de Sienne.","robots":{"index":"index","follow":"follow","max-snippet":"max-snippet:-1","max-image-preview":"max-image-preview:large","max-video-preview":"max-video-preview:-1"},"canonical":"https:\/\/www.executivehotelsiena.com\/fr\/7-parcours-en-7-jours\/","og_locale":"fr_FR","og_type":"article","og_title":"7 parcours en 7 jours - Executive Hotel Siena","og_description":"Le territoire autour de Sienne est riche en sentiers de randonn\u00e9e qui offrent des paysages et des \u00e9motions de toutes sortes, gr\u00e2ce \u00e0 un territoire qui a pr\u00e9serv\u00e9 la texture agricole traditionnelle et maintenu l'harmonie entre l'homme et la nature.  Sienne est en effet \u00e0 l'avant-garde de la proposition de tourisme durable \u00e0 travers la diffusion de la marche lente et consciente, visant \u00e0 promouvoir la sant\u00e9 physique et mentale de la personne.  Vous trouverez ci-dessous notre proposition de 7 itin\u00e9raires de randonn\u00e9e adapt\u00e9s aux randonneurs seuls et aux familles avec enfants. 7 itin\u00e9raires en 7 jours pour profiter au maximum du magnifique paysage qui entoure la ville de Sienne.","og_url":"https:\/\/www.executivehotelsiena.com\/fr\/7-parcours-en-7-jours\/","og_site_name":"Executive Hotel Siena","article_modified_time":"2021-07-16T12:53:14+00:00","og_image":[{"url":"http:\/\/www.executivehotelsiena.com\/wp-content\/uploads\/sites\/311\/2021\/07\/Progetto-senza-titolo-300x300.png","type":"","width":"","height":""}],"twitter_card":"summary_large_image","twitter_misc":{"Dur\u00e9e de lecture estim\u00e9e":"1 minute"},"schema":{"@context":"https:\/\/schema.org","@graph":[{"@type":"WebPage","@id":"https:\/\/www.executivehotelsiena.com\/fr\/7-parcours-en-7-jours\/","url":"https:\/\/www.executivehotelsiena.com\/fr\/7-parcours-en-7-jours\/","name":"7 parcours en 7 jours - Executive Hotel Siena","isPartOf":{"@id":"https:\/\/www.executivehotelsiena.com\/fr\/#website"},"primaryImageOfPage":{"@id":"https:\/\/www.executivehotelsiena.com\/fr\/7-parcours-en-7-jours\/#primaryimage"},"image":{"@id":"https:\/\/www.executivehotelsiena.com\/fr\/7-parcours-en-7-jours\/#primaryimage"},"thumbnailUrl":"http:\/\/www.executivehotelsiena.com\/wp-content\/uploads\/sites\/311\/2021\/07\/Progetto-senza-titolo-300x300.png","datePublished":"2021-07-02T14:18:44+00:00","dateModified":"2021-07-16T12:53:14+00:00","description":"Le territoire autour de Sienne est riche en sentiers de randonn\u00e9e qui offrent des paysages et des \u00e9motions de toutes sortes, gr\u00e2ce \u00e0 un territoire qui a pr\u00e9serv\u00e9 la texture agricole traditionnelle et maintenu l'harmonie entre l'homme et la nature. Sienne est en effet \u00e0 l'avant-garde de la proposition de tourisme durable \u00e0 travers la diffusion de la marche lente et consciente, visant \u00e0 promouvoir la sant\u00e9 physique et mentale de la personne. Vous trouverez ci-dessous notre proposition de 7 itin\u00e9raires de randonn\u00e9e adapt\u00e9s aux randonneurs seuls et aux familles avec enfants. 7 itin\u00e9raires en 7 jours pour profiter au maximum du magnifique paysage qui entoure la ville de Sienne.","breadcrumb":{"@id":"https:\/\/www.executivehotelsiena.com\/fr\/7-parcours-en-7-jours\/#breadcrumb"},"inLanguage":"fr-FR","potentialAction":[{"@type":"ReadAction","target":["https:\/\/www.executivehotelsiena.com\/fr\/7-parcours-en-7-jours\/"]}]},{"@type":"ImageObject","inLanguage":"fr-FR","@id":"https:\/\/www.executivehotelsiena.com\/fr\/7-parcours-en-7-jours\/#primaryimage","url":"http:\/\/www.executivehotelsiena.com\/wp-content\/uploads\/sites\/311\/2021\/07\/Progetto-senza-titolo-300x300.png","contentUrl":"http:\/\/www.executivehotelsiena.com\/wp-content\/uploads\/sites\/311\/2021\/07\/Progetto-senza-titolo-300x300.png"},{"@type":"BreadcrumbList","@id":"https:\/\/www.executivehotelsiena.com\/fr\/7-parcours-en-7-jours\/#breadcrumb","itemListElement":[{"@type":"ListItem","position":1,"name":"Home","item":"https:\/\/www.executivehotelsiena.com\/fr\/"},{"@type":"ListItem","position":2,"name":"7 parcours en 7 jours"}]},{"@type":"WebSite","@id":"https:\/\/www.executivehotelsiena.com\/fr\/#website","url":"https:\/\/www.executivehotelsiena.com\/fr\/","name":"Executive Hotel Siena","description":"Just another ms.decms.eu site","potentialAction":[{"@type":"SearchAction","target":{"@type":"EntryPoint","urlTemplate":"https:\/\/www.executivehotelsiena.com\/fr\/?s={search_term_string}"},"query-input":{"@type":"PropertyValueSpecification","valueRequired":true,"valueName":"search_term_string"}}],"inLanguage":"fr-FR"}]}},"acf":[],"_links":{"self":[{"href":"https:\/\/www.executivehotelsiena.com\/fr\/wp-json\/wp\/v2\/pages\/438","targetHints":{"allow":["GET"]}}],"collection":[{"href":"https:\/\/www.executivehotelsiena.com\/fr\/wp-json\/wp\/v2\/pages"}],"about":[{"href":"https:\/\/www.executivehotelsiena.com\/fr\/wp-json\/wp\/v2\/types\/page"}],"author":[{"embeddable":true,"href":"https:\/\/www.executivehotelsiena.com\/fr\/wp-json\/wp\/v2\/users\/6"}],"replies":[{"embeddable":true,"href":"https:\/\/www.executivehotelsiena.com\/fr\/wp-json\/wp\/v2\/comments?post=438"}],"version-history":[{"count":0,"href":"https:\/\/www.executivehotelsiena.com\/fr\/wp-json\/wp\/v2\/pages\/438\/revisions"}],"wp:attachment":[{"href":"https:\/\/www.executivehotelsiena.com\/fr\/wp-json\/wp\/v2\/media?parent=438"}],"curies":[{"name":"wp","href":"https:\/\/api.w.org\/{rel}","templated":true}]}}