{"id":630,"date":"2025-10-03T09:26:57","date_gmt":"2025-10-03T09:26:57","guid":{"rendered":"https:\/\/www.executivehotelsiena.com\/?page_id=630"},"modified":"2025-10-03T14:06:37","modified_gmt":"2025-10-03T14:06:37","slug":"services","status":"publish","type":"page","link":"https:\/\/www.executivehotelsiena.com\/fr\/services\/","title":{"rendered":"Services"},"content":{"rendered":"<p>\u00c0 l\u2019Executive Hotel Siena, chaque d\u00e9tail est pens\u00e9 pour vous offrir confort, praticit\u00e9 et une touche d\u2019exclusivit\u00e9.<\/p>\n<p>Des plaisirs de la table aux services qui facilitent votre s\u00e9jour, vous trouverez tout ce dont vous avez besoin pour vivre une exp\u00e9rience sans souci dans une atmosph\u00e8re raffin\u00e9e et accueillante.<\/p>\n","protected":false},"excerpt":{"rendered":"<p>\u00c0 l\u2019Executive Hotel Siena, chaque d\u00e9tail est pens\u00e9 pour vous offrir confort, praticit\u00e9 et une touche d\u2019exclusivit\u00e9. Des plaisirs de la table aux services qui facilitent votre s\u00e9jour, vous trouverez tout ce dont vous avez besoin pour vivre une exp\u00e9rience sans souci dans une atmosph\u00e8re raffin\u00e9e et accueillante.<\/p>\n","protected":false},"author":699,"featured_media":0,"parent":0,"menu_order":110,"comment_status":"closed","ping_status":"closed","template":"template-default-3.php","meta":{"footnotes":""},"class_list":["post-630","page","type-page","status-publish","hentry"],"yoast_head":"<!-- This site is optimized with the Yoast SEO plugin v26.9 - https:\/\/yoast.com\/product\/yoast-seo-wordpress\/ -->\n<title>Services - Executive Hotel Siena<\/title>\n<meta name=\"description\" content=\"\u00c0 l\u2019Executive Hotel Siena, chaque d\u00e9tail est pens\u00e9 pour vous offrir confort, praticit\u00e9 et une touche d\u2019exclusivit\u00e9.  Des plaisirs de la table aux services qui facilitent votre s\u00e9jour, vous trouverez tout ce dont vous avez besoin pour vivre une exp\u00e9rience sans souci dans une atmosph\u00e8re raffin\u00e9e et accueillante..\" \/>\n<meta name=\"robots\" content=\"index, follow, max-snippet:-1, max-image-preview:large, max-video-preview:-1\" \/>\n<link rel=\"canonical\" href=\"https:\/\/www.executivehotelsiena.com\/fr\/services\/\" \/>\n<meta property=\"og:locale\" content=\"fr_FR\" \/>\n<meta property=\"og:type\" content=\"article\" \/>\n<meta property=\"og:title\" content=\"Services - Executive Hotel Siena\" \/>\n<meta property=\"og:description\" content=\"\u00c0 l\u2019Executive Hotel Siena, chaque d\u00e9tail est pens\u00e9 pour vous offrir confort, praticit\u00e9 et une touche d\u2019exclusivit\u00e9.  Des plaisirs de la table aux services qui facilitent votre s\u00e9jour, vous trouverez tout ce dont vous avez besoin pour vivre une exp\u00e9rience sans souci dans une atmosph\u00e8re raffin\u00e9e et accueillante..\" \/>\n<meta property=\"og:url\" content=\"https:\/\/www.executivehotelsiena.com\/fr\/services\/\" \/>\n<meta property=\"og:site_name\" content=\"Executive Hotel Siena\" \/>\n<meta property=\"article:modified_time\" content=\"2025-10-03T14:06:37+00:00\" \/>\n<meta name=\"twitter:card\" content=\"summary_large_image\" \/>\n<meta name=\"twitter:label1\" content=\"Dur\u00e9e de lecture estim\u00e9e\" \/>\n\t<meta name=\"twitter:data1\" content=\"1 minute\" \/>\n<script type=\"application\/ld+json\" class=\"yoast-schema-graph\">{\"@context\":\"https:\/\/schema.org\",\"@graph\":[{\"@type\":\"WebPage\",\"@id\":\"https:\/\/www.executivehotelsiena.com\/fr\/services\/\",\"url\":\"https:\/\/www.executivehotelsiena.com\/fr\/services\/\",\"name\":\"Services - Executive Hotel Siena\",\"isPartOf\":{\"@id\":\"https:\/\/www.executivehotelsiena.com\/fr\/#website\"},\"datePublished\":\"2025-10-03T09:26:57+00:00\",\"dateModified\":\"2025-10-03T14:06:37+00:00\",\"description\":\"\u00c0 l\u2019Executive Hotel Siena, chaque d\u00e9tail est pens\u00e9 pour vous offrir confort, praticit\u00e9 et une touche d\u2019exclusivit\u00e9. Des plaisirs de la table aux services qui facilitent votre s\u00e9jour, vous trouverez tout ce dont vous avez besoin pour vivre une exp\u00e9rience sans souci dans une atmosph\u00e8re raffin\u00e9e et accueillante..\",\"breadcrumb\":{\"@id\":\"https:\/\/www.executivehotelsiena.com\/fr\/services\/#breadcrumb\"},\"inLanguage\":\"fr-FR\",\"potentialAction\":[{\"@type\":\"ReadAction\",\"target\":[\"https:\/\/www.executivehotelsiena.com\/fr\/services\/\"]}]},{\"@type\":\"BreadcrumbList\",\"@id\":\"https:\/\/www.executivehotelsiena.com\/fr\/services\/#breadcrumb\",\"itemListElement\":[{\"@type\":\"ListItem\",\"position\":1,\"name\":\"Home\",\"item\":\"https:\/\/www.executivehotelsiena.com\/fr\/\"},{\"@type\":\"ListItem\",\"position\":2,\"name\":\"Services\"}]},{\"@type\":\"WebSite\",\"@id\":\"https:\/\/www.executivehotelsiena.com\/fr\/#website\",\"url\":\"https:\/\/www.executivehotelsiena.com\/fr\/\",\"name\":\"Executive Hotel Siena\",\"description\":\"Just another ms.decms.eu site\",\"potentialAction\":[{\"@type\":\"SearchAction\",\"target\":{\"@type\":\"EntryPoint\",\"urlTemplate\":\"https:\/\/www.executivehotelsiena.com\/fr\/?s={search_term_string}\"},\"query-input\":{\"@type\":\"PropertyValueSpecification\",\"valueRequired\":true,\"valueName\":\"search_term_string\"}}],\"inLanguage\":\"fr-FR\"}]}<\/script>\n<!-- \/ Yoast SEO plugin. -->","yoast_head_json":{"title":"Services - Executive Hotel Siena","description":"\u00c0 l\u2019Executive Hotel Siena, chaque d\u00e9tail est pens\u00e9 pour vous offrir confort, praticit\u00e9 et une touche d\u2019exclusivit\u00e9.  Des plaisirs de la table aux services qui facilitent votre s\u00e9jour, vous trouverez tout ce dont vous avez besoin pour vivre une exp\u00e9rience sans souci dans une atmosph\u00e8re raffin\u00e9e et accueillante..","robots":{"index":"index","follow":"follow","max-snippet":"max-snippet:-1","max-image-preview":"max-image-preview:large","max-video-preview":"max-video-preview:-1"},"canonical":"https:\/\/www.executivehotelsiena.com\/fr\/services\/","og_locale":"fr_FR","og_type":"article","og_title":"Services - Executive Hotel Siena","og_description":"\u00c0 l\u2019Executive Hotel Siena, chaque d\u00e9tail est pens\u00e9 pour vous offrir confort, praticit\u00e9 et une touche d\u2019exclusivit\u00e9.  Des plaisirs de la table aux services qui facilitent votre s\u00e9jour, vous trouverez tout ce dont vous avez besoin pour vivre une exp\u00e9rience sans souci dans une atmosph\u00e8re raffin\u00e9e et accueillante..","og_url":"https:\/\/www.executivehotelsiena.com\/fr\/services\/","og_site_name":"Executive Hotel Siena","article_modified_time":"2025-10-03T14:06:37+00:00","twitter_card":"summary_large_image","twitter_misc":{"Dur\u00e9e de lecture estim\u00e9e":"1 minute"},"schema":{"@context":"https:\/\/schema.org","@graph":[{"@type":"WebPage","@id":"https:\/\/www.executivehotelsiena.com\/fr\/services\/","url":"https:\/\/www.executivehotelsiena.com\/fr\/services\/","name":"Services - Executive Hotel Siena","isPartOf":{"@id":"https:\/\/www.executivehotelsiena.com\/fr\/#website"},"datePublished":"2025-10-03T09:26:57+00:00","dateModified":"2025-10-03T14:06:37+00:00","description":"\u00c0 l\u2019Executive Hotel Siena, chaque d\u00e9tail est pens\u00e9 pour vous offrir confort, praticit\u00e9 et une touche d\u2019exclusivit\u00e9. Des plaisirs de la table aux services qui facilitent votre s\u00e9jour, vous trouverez tout ce dont vous avez besoin pour vivre une exp\u00e9rience sans souci dans une atmosph\u00e8re raffin\u00e9e et accueillante..","breadcrumb":{"@id":"https:\/\/www.executivehotelsiena.com\/fr\/services\/#breadcrumb"},"inLanguage":"fr-FR","potentialAction":[{"@type":"ReadAction","target":["https:\/\/www.executivehotelsiena.com\/fr\/services\/"]}]},{"@type":"BreadcrumbList","@id":"https:\/\/www.executivehotelsiena.com\/fr\/services\/#breadcrumb","itemListElement":[{"@type":"ListItem","position":1,"name":"Home","item":"https:\/\/www.executivehotelsiena.com\/fr\/"},{"@type":"ListItem","position":2,"name":"Services"}]},{"@type":"WebSite","@id":"https:\/\/www.executivehotelsiena.com\/fr\/#website","url":"https:\/\/www.executivehotelsiena.com\/fr\/","name":"Executive Hotel Siena","description":"Just another ms.decms.eu site","potentialAction":[{"@type":"SearchAction","target":{"@type":"EntryPoint","urlTemplate":"https:\/\/www.executivehotelsiena.com\/fr\/?s={search_term_string}"},"query-input":{"@type":"PropertyValueSpecification","valueRequired":true,"valueName":"search_term_string"}}],"inLanguage":"fr-FR"}]}},"acf":[],"_links":{"self":[{"href":"https:\/\/www.executivehotelsiena.com\/fr\/wp-json\/wp\/v2\/pages\/630","targetHints":{"allow":["GET"]}}],"collection":[{"href":"https:\/\/www.executivehotelsiena.com\/fr\/wp-json\/wp\/v2\/pages"}],"about":[{"href":"https:\/\/www.executivehotelsiena.com\/fr\/wp-json\/wp\/v2\/types\/page"}],"author":[{"embeddable":true,"href":"https:\/\/www.executivehotelsiena.com\/fr\/wp-json\/wp\/v2\/users\/699"}],"replies":[{"embeddable":true,"href":"https:\/\/www.executivehotelsiena.com\/fr\/wp-json\/wp\/v2\/comments?post=630"}],"version-history":[{"count":0,"href":"https:\/\/www.executivehotelsiena.com\/fr\/wp-json\/wp\/v2\/pages\/630\/revisions"}],"wp:attachment":[{"href":"https:\/\/www.executivehotelsiena.com\/fr\/wp-json\/wp\/v2\/media?parent=630"}],"curies":[{"name":"wp","href":"https:\/\/api.w.org\/{rel}","templated":true}]}}